{"id":53024,"date":"2026-03-18T23:54:07","date_gmt":"2026-03-18T23:54:07","guid":{"rendered":"https:\/\/soydeaqui.ddns.net\/pachuca\/index.php\/producto\/localizador-vehicular-avanzado-3g-vehiculos-pesados-lectura-de-puerto-canbus-sensores-de-combustible-rfid-anti-jammer\/"},"modified":"2026-03-18T23:54:19","modified_gmt":"2026-03-18T23:54:19","slug":"localizador-vehicular-avanzado-3g-vehiculos-pesados-lectura-de-puerto-canbus-sensores-de-combustible-rfid-anti-jammer","status":"publish","type":"product","link":"https:\/\/soydeaqui.ddns.net\/pachuca\/index.php\/producto\/localizador-vehicular-avanzado-3g-vehiculos-pesados-lectura-de-puerto-canbus-sensores-de-combustible-rfid-anti-jammer\/","title":{"rendered":"Localizador Vehicular Avanzado 3G \/ Vehiculos Pesados \/ Lectura de Puerto CANbus \/ Sensores de combustible \/ RFID \/ Anti Jammer"},"content":{"rendered":"<div style='width: 100%; max-width: 1200px; margin: 0 auto; font-family: sans-serif; line-height: 1.6; color: inherit; background-color: transparent;'> <!-- Imagen principal --> <\/p>\n<div style='position: relative; width: 100%; margin-bottom: 30px;'>\n<div style='background-image: url('https:\/\/ftp3.syscom.mx\/usuarios\/fotos\/PRO43G\/160606-truck-dark-optimized.jpg'); background-position: center; background-repeat: no-repeat; background-size: contain; width: 100%; height: 400px; border-radius: 10px; border: 1px solid rgba(150&comma;150&comma;150&comma;0.3);'><\/div>\n<\/p><\/div>\n<p> <!-- Descripci\u00f3n general --> <\/p>\n<div style='margin-bottom: 30px;'>\n<h2 style='font-size: 28px; color: inherit; border-bottom: 2px solid currentColor; padding-bottom: 8px; margin: 0 0 20px 0; opacity: 0.85; font-weight: 600; text-align: center;'>Dise\u00f1ado Para Veh\u00edculos Pesados<\/h2>\n<p style='font-size: 16px; color: inherit; margin-bottom: 15px;'>El dispositivo PRO43G es un rastreador GPS para veh\u00edculos pesados. Se ha dise\u00f1ado para rastrear y monitorear veh\u00edculos y puede leer datos de los protocolos est\u00e1ndares de CANbus como FMS&comma; J1708 y J1939.<\/p>\n<p style='font-size: 16px; color: inherit; margin-bottom: 15px;'>Una de las principales caracter\u00edsticas de este dispositivo&comma; es la protecci\u00f3n contra interferencias (Jammer)&comma; el cual al ser detectado puede activar un paro de motor autom\u00e1tico&comma; el tiempo de detecci\u00f3n es ajustable a diferentes situaciones.<\/p>\n<p style='font-size: 16px; color: inherit; margin-bottom: 15px;'>El dispositivo utiliza redes GSM tambi\u00e9n admite UMTS (3G).<\/p>\n<\/p><\/div>\n<p> <!-- Caracter\u00edsticas principales --> <\/p>\n<div style='margin-bottom: 30px;'>\n<h3 style='font-size: 24px; color: inherit; border-bottom: 2px solid currentColor; padding-bottom: 8px; margin: 0 0 20px 0; opacity: 0.85; font-weight: 600;'>Caracter\u00edsticas<\/h3>\n<ul style='padding-left: 20px; font-size: 15px; color: inherit;'>\n<li style='margin-bottom: 8px;'>Datos de GPS y aceler\u00f3metro en tiempo real<\/li>\n<li style='margin-bottom: 8px;'>Seguimiento de comportamiento de conductores (conducci\u00f3n ecol\u00f3gica)<\/li>\n<li style='margin-bottom: 8px;'>Lectura de datos CANbus (FMS&comma; J1939 y J1708)<\/li>\n<li style='margin-bottom: 8px;'>Seguimiento de temperatura Identificaci\u00f3n y registro de conductores<\/li>\n<li style='margin-bottom: 8px;'>Bloqueo de ignici\u00f3n a distancia<\/li>\n<li style='margin-bottom: 8px;'>Seguimiento de combustible<\/li>\n<li style='margin-bottom: 8px;'>Geozonas internas<\/li>\n<li style='margin-bottom: 8px;'>Detecci\u00f3n de interferencia<\/li>\n<li style='margin-bottom: 8px;'>Configuraci\u00f3n y alertas v\u00eda SMS<\/li>\n<li style='margin-bottom: 8px;'>Admite sensores adicionales<\/li>\n<\/ul><\/div>\n<p> <!-- Segunda imagen --> <\/p>\n<div style='position: relative; width: 100%; margin-bottom: 30px;'>\n<div style='background-image: url('https:\/\/ftp3.syscom.mx\/usuarios\/fotos\/PRO43G\/160606-partnership-with-sixt.png'); background-position: center; background-repeat: no-repeat; background-size: cover; width: 100%; height: 400px; border-radius: 10px; border: 1px solid rgba(150&comma;150&comma;150&comma;0.3);'><\/div>\n<\/p><\/div>\n<p> <!-- Imagen destacada --> <\/p>\n<div style='margin-bottom: 30px;'> <img style='width: 100%; height: auto; border: 1px solid rgba(150&comma;150&comma;150&comma;0.3); border-radius: 8px;' src='https:\/\/ftp3.syscom.mx\/usuarios\/fotos\/PRO43G\/160606-anotaci\u00f3n_2020-04-07_172554.png' alt='Diagrama del PRO43G'> <\/div>\n<p> <!-- Tarjetas de especificaciones --> <\/p>\n<div style='display: grid; grid-template-columns: repeat(auto-fill&comma; minmax(280px&comma; 1fr)); gap: 25px; margin-bottom: 30px;'> <!-- Tarjeta 1 --> <\/p>\n<div style='border: 1px solid rgba(150&comma; 150&comma; 150&comma; 0.3); border-radius: 8px; overflow: hidden; display: flex; flex-direction: column;'>\n<div style='padding: 15px; background-color: rgba(98&comma; 169&comma; 241&comma; 0.1); border-bottom: 1px solid rgba(150&comma;150&comma;150&comma;0.2); font-weight: bold; font-size: 18px; color: inherit;'>Especificaciones<\/div>\n<div style='padding: 15px; color: inherit;'>\n<ul style='padding-left: 20px; margin: 0; font-size: 14px; list-style-type: disc;'>\n<li style='margin-bottom: 6px;'>Antenas GSM interna<\/li>\n<li style='margin-bottom: 6px;'>Antena GNSS externa<\/li>\n<li style='margin-bottom: 6px;'>Audio 2 v\u00edas (requiere RuptelaPTT)<\/li>\n<li style='margin-bottom: 6px;'>Puerto CANbus<\/li>\n<li style='margin-bottom: 6px;'>Puerto RS485<\/li>\n<li style='margin-bottom: 6px;'>2 Puertos RS232<\/li>\n<li style='margin-bottom: 6px;'>4 entradas digitales<\/li>\n<li style='margin-bottom: 6px;'>2 salidas digitales<\/li>\n<li style='margin-bottom: 6px;'>2 entradas anal\u00f3gicas<\/li>\n<li style='margin-bottom: 6px;'>Detecci\u00f3n de Jammer<\/li>\n<li style='margin-bottom: 6px;'>Geocercas internas<\/li>\n<li style='margin-bottom: 6px;'>Aceler\u00f3metro<\/li>\n<li style='margin-bottom: 6px;'>Compatible con GPS&comma; GLONASS y GALILEO<\/li>\n<li style='margin-bottom: 6px;'>Seguimiento de ubicaci\u00f3n&comma; historial&comma; kilometraje y velocidad de veh\u00edculos<\/li>\n<li style='margin-bottom: 6px;'>Bloqueo de ignici\u00f3n a distancia<\/li>\n<li style='margin-bottom: 6px;'>Geozonas internas<\/li>\n<li style='margin-bottom: 6px;'>Admite sensores adicionales<\/li>\n<\/ul><\/div>\n<\/p><\/div>\n<p> <!-- Tarjeta 2 --> <\/p>\n<div style='border: 1px solid rgba(150&comma; 150&comma; 150&comma; 0.3); border-radius: 8px; overflow: hidden; display: flex; flex-direction: column;'>\n<div style='padding: 15px; background-color: rgba(98&comma; 169&comma; 241&comma; 0.1); border-bottom: 1px solid rgba(150&comma;150&comma;150&comma;0.2); font-weight: bold; font-size: 18px; color: inherit;'>Caracter\u00edsticas<\/div>\n<div style='padding: 15px; color: inherit;'>\n<ul style='padding-left: 20px; margin: 0; font-size: 14px; list-style-type: disc;'>\n<li style='margin-bottom: 6px;'>Compatible con EpcomGPS<\/li>\n<li style='margin-bottom: 6px;'>Sensores de combustible<\/li>\n<li style='margin-bottom: 6px;'>Sensores de temperatura<\/li>\n<li style='margin-bottom: 6px;'>EcoDriving<\/li>\n<li style='margin-bottom: 6px;'>Registro de conductores<\/li>\n<li style='margin-bottom: 6px;'>Reporte por tiempo&comma; distancia y giro<\/li>\n<li style='margin-bottom: 6px;'>Compatible con lector RFID (RuptelaRFID1wire)<\/li>\n<li style='margin-bottom: 6px;'>Configuraci\u00f3n por SMS<\/li>\n<li style='margin-bottom: 6px;'>Bot\u00f3n de p\u00e1nico<\/li>\n<li style='margin-bottom: 6px;'>Alarma de impacto o volcadura<\/li>\n<li style='margin-bottom: 6px;'>Alarma por exceso de velocidad<\/li>\n<li style='margin-bottom: 6px;'>Eventos personalizables<\/li>\n<li style='margin-bottom: 6px;'>Dimensiones 111 x 75 x 25 mm<\/li>\n<li style='margin-bottom: 6px;'><strong>NO INCLUYE CABLE DE PROGRAMACI\u00d3N<\/strong><\/li>\n<\/ul><\/div>\n<\/p><\/div>\n<p> <!-- Tarjeta 3 --> <\/p>\n<div style='border: 1px solid rgba(150&comma; 150&comma; 150&comma; 0.3); border-radius: 8px; overflow: hidden; display: flex; flex-direction: column;'>\n<div style='padding: 15px; background-color: rgba(98&comma; 169&comma; 241&comma; 0.1); border-bottom: 1px solid rgba(150&comma;150&comma;150&comma;0.2); font-weight: bold; font-size: 18px; color: inherit;'>Datos T\u00e9cnicos<\/div>\n<div style='padding: 15px; color: inherit;'>\n<h4 style='margin-top: 0; margin-bottom: 10px; font-size: 16px; font-weight: 600; color: inherit; opacity: 0.85;'>Temperatura<\/h4>\n<ul style='padding-left: 20px; margin: 0 0 15px 0; font-size: 14px; list-style-type: disc;'>\n<li style='margin-bottom: 6px;'>Rango de operaci\u00f3n: -35 a +70 \u00b0C<\/li>\n<li style='margin-bottom: 6px;'>Almacenamiento: -40 a +70 \u00b0C<\/li>\n<li style='margin-bottom: 6px;'>Carga de bater\u00eda: 0 a +45 \u00b0C<\/li>\n<li style='margin-bottom: 6px;'>Descarga de bater\u00eda: -20 a +60 \u00b0C<\/li>\n<li style='margin-bottom: 6px;'>Almacenamiento de bater\u00eda: 20 a +70 \u00b0C<\/li>\n<li style='margin-bottom: 6px;'>Humedad relativa: 5% a 95% sin condensaci\u00f3n<\/li>\n<\/ul>\n<h4 style='margin-top: 0; margin-bottom: 10px; font-size: 16px; font-weight: 600; color: inherit; opacity: 0.85;'>Especificaciones el\u00e9ctricas<\/h4>\n<ul style='padding-left: 20px; margin: 0 0 15px 0; font-size: 14px; list-style-type: disc;'>\n<li style='margin-bottom: 6px;'>Rango de alimentaci\u00f3n: 10 \u00f7 32 VDC<\/li>\n<li style='margin-bottom: 6px;'>Voltaje de alimentaci\u00f3n: 12\/24VDC<\/li>\n<li style='margin-bottom: 6px;'>Voltaje m\u00e1ximo: 72 V @ 0.1s<\/li>\n<li style='margin-bottom: 6px;'>Corriente m\u00e1xima: 350 mA @ 12VDC<\/li>\n<li style='margin-bottom: 6px;'>Bater\u00eda interna: LiPo 3.7 V 1050mAh<\/li>\n<\/ul>\n<h4 style='margin-top: 0; margin-bottom: 10px; font-size: 16px; font-weight: 600; color: inherit; opacity: 0.85;'>Protecciones<\/h4>\n<ul style='padding-left: 20px; margin: 0; font-size: 14px; list-style-type: disc;'>\n<li style='margin-bottom: 6px;'>Protecci\u00f3n de bater\u00eda y 1-Wire contra cortocircuitos<\/li>\n<li style='margin-bottom: 6px;'>Protecci\u00f3n contra polaridad inversa<\/li>\n<li style='margin-bottom: 6px;'>Protecci\u00f3n de USB<\/li>\n<li style='margin-bottom: 6px;'>Protecci\u00f3n de carga de bater\u00eda<\/li>\n<\/ul><\/div>\n<\/p><\/div>\n<\/p><\/div>\n<p> <!-- Separador final --> <\/p>\n<hr style='border: 0; border-top: 1px solid rgba(150&comma; 150&comma; 150&comma; 0.3); margin: 30px 0;'> <\/div>\n","protected":false},"excerpt":{"rendered":"<p>Localizador Vehicular Avanzado 3G \/ Vehiculos Pesados \/ Lectura de Puerto CANbus \/ Sensores de combustible \/ RFID \/ Anti Jammer<\/p>\n","protected":false},"featured_media":53023,"comment_status":"open","ping_status":"closed","template":"","meta":[],"product_brand":[],"product_cat":[1346,1388],"product_tag":[1350,1349,1351,1389],"class_list":{"0":"post-53024","1":"product","2":"type-product","3":"status-publish","4":"has-post-thumbnail","6":"product_cat-iot","7":"product_cat-trackers-gps","8":"product_tag-gps-y-telematica","9":"product_tag-iot","10":"product_tag-ruptela","11":"product_tag-trackers-gps","13":"first","14":"outofstock","15":"sale","16":"shipping-taxable","17":"purchasable","18":"product-type-simple"},"_links":{"self":[{"href":"https:\/\/soydeaqui.ddns.net\/pachuca\/index.php\/wp-json\/wp\/v2\/product\/53024","targetHints":{"allow":["GET"]}}],"collection":[{"href":"https:\/\/soydeaqui.ddns.net\/pachuca\/index.php\/wp-json\/wp\/v2\/product"}],"about":[{"href":"https:\/\/soydeaqui.ddns.net\/pachuca\/index.php\/wp-json\/wp\/v2\/types\/product"}],"replies":[{"embeddable":true,"href":"https:\/\/soydeaqui.ddns.net\/pachuca\/index.php\/wp-json\/wp\/v2\/comments?post=53024"}],"wp:featuredmedia":[{"embeddable":true,"href":"https:\/\/soydeaqui.ddns.net\/pachuca\/index.php\/wp-json\/wp\/v2\/media\/53023"}],"wp:attachment":[{"href":"https:\/\/soydeaqui.ddns.net\/pachuca\/index.php\/wp-json\/wp\/v2\/media?parent=53024"}],"wp:term":[{"taxonomy":"product_brand","embeddable":true,"href":"https:\/\/soydeaqui.ddns.net\/pachuca\/index.php\/wp-json\/wp\/v2\/product_brand?post=53024"},{"taxonomy":"product_cat","embeddable":true,"href":"https:\/\/soydeaqui.ddns.net\/pachuca\/index.php\/wp-json\/wp\/v2\/product_cat?post=53024"},{"taxonomy":"product_tag","embeddable":true,"href":"https:\/\/soydeaqui.ddns.net\/pachuca\/index.php\/wp-json\/wp\/v2\/product_tag?post=53024"}],"curies":[{"name":"wp","href":"https:\/\/api.w.org\/{rel}","templated":true}]}}