{"id":53005,"date":"2026-03-18T23:53:25","date_gmt":"2026-03-18T23:53:25","guid":{"rendered":"https:\/\/soydeaqui.ddns.net\/pachuca\/index.php\/producto\/barra-de-luces-led-de-46-rojo-azul-de-132-leds-sirena-bocina-y-controlador-incluido-ideal-para-equipar-unidades-de-seguridad-publica\/"},"modified":"2026-03-18T23:53:28","modified_gmt":"2026-03-18T23:53:28","slug":"barra-de-luces-led-de-46-rojo-azul-de-132-leds-sirena-bocina-y-controlador-incluido-ideal-para-equipar-unidades-de-seguridad-publica","status":"publish","type":"product","link":"https:\/\/soydeaqui.ddns.net\/pachuca\/index.php\/producto\/barra-de-luces-led-de-46-rojo-azul-de-132-leds-sirena-bocina-y-controlador-incluido-ideal-para-equipar-unidades-de-seguridad-publica\/","title":{"rendered":"Barra de luces LED de 46&#8243; Rojo\/Azul , De 132 LEDs, Sirena, Bocina y Controlador Incluido, Ideal para Equipar Unidades de Seguridad Publica"},"content":{"rendered":"<div style='width: 100%; max-width: 1200px; margin: 0 auto; font-family: sans-serif; line-height: 1.6; color: inherit; background-color: transparent;'> <!-- Secci\u00f3n principal --> <\/p>\n<div style='display: flex; flex-wrap: wrap; gap: 30px; margin-bottom: 30px;'>\n<div style='flex: 1 1 300px; min-width: 280px;'>\n<h3 style='font-size: 22px; border-bottom: 2px solid currentColor; padding-bottom: 5px; margin-top: 0; color: inherit; opacity: 0.8;'>Descripci\u00f3n General<\/h3>\n<p style='font-size: 15px; color: inherit; margin-top: 10px; margin-bottom: 10px;'>Barra de luces EPCOM Industrial Ultra Brillante<\/p>\n<p style='font-size: 15px; color: inherit; margin-top: 10px; margin-bottom: 10px;'>La torreta EPCOM Industrial es una barra de luces vers\u00e1til&comma; potente y de bajo perfil; adecuada para una gama amplia de veh\u00edculos como Seguridad P\u00fablica&comma; etc.<\/p>\n<\/p><\/div>\n<\/p><\/div>\n<p> <!-- Secci\u00f3n de caracter\u00edsticas --> <\/p>\n<div style='display: flex; flex-wrap: wrap; gap: 30px; margin-bottom: 30px;'>\n<div style='flex: 1 1 300px; min-width: 280px;'>\n<h3 style='font-size: 22px; border-bottom: 2px solid currentColor; padding-bottom: 5px; margin-top: 0; color: inherit; opacity: 0.8;'>Caracter\u00edsticas<\/h3>\n<ul style='padding-left: 20px; font-size: 15px; color: inherit; margin-top: 15px; margin-bottom: 15px;'>\n<li style='margin-bottom: 5px;'><strong>Director de tr\u00e1fico<\/strong> (Interconstruido Rojo\/Azul)<\/li>\n<li style='margin-bottom: 5px;'>Luces LEDs con certificaci\u00f3n SAE CLASS I<\/li>\n<li style='margin-bottom: 5px;'>132 LEDs @ 3 W c\/u<\/li>\n<li style='margin-bottom: 5px;'>45 Patrones de Destello<\/li>\n<li style='margin-bottom: 5px;'>Luces de Penetraci\u00f3n<\/li>\n<li style='margin-bottom: 5px;'>Luces Callejoneras<\/li>\n<li style='margin-bottom: 5px;'>Chasis de aluminio<\/li>\n<li style='margin-bottom: 5px;'>Domos y base de policarbonato<\/li>\n<li style='margin-bottom: 5px;'>LEDs \u00faltima generaci\u00f3n<\/li>\n<li style='margin-bottom: 5px;'>Longitud 46&#8217;&comma; Altura 4&#8242; y Ancho 13&#8242;<\/li>\n<li style='margin-bottom: 5px;'>Rango de temperatura: -40 a 70 \u00b0C<\/li>\n<li style='margin-bottom: 5px;'>Montaje de gancho<\/li>\n<li style='margin-bottom: 5px;'>4 m de cable<\/li>\n<li style='margin-bottom: 5px;'><strong>Incluye controlador<\/strong><\/li>\n<li style='margin-bottom: 5px;'><strong>Incluye Bocina<\/strong><\/li>\n<li style='margin-bottom: 5px;'><strong>Incluye Sirena<\/strong><\/li>\n<\/ul><\/div>\n<\/p><\/div>\n<p> <!-- Secci\u00f3n de especificaciones t\u00e9cnicas --> <\/p>\n<div style='display: flex; flex-wrap: wrap; gap: 30px; margin-bottom: 30px;'>\n<div style='flex: 1 1 300px; min-width: 280px;'>\n<h3 style='font-size: 22px; border-bottom: 2px solid currentColor; padding-bottom: 5px; margin-top: 0; color: inherit; opacity: 0.8;'>Especificaciones T\u00e9cnicas<\/h3>\n<ul style='padding-left: 20px; font-size: 15px; color: inherit; margin-top: 15px; margin-bottom: 15px;'>\n<li style='margin-bottom: 5px;'><strong>Volatje:<\/strong> 12-24 Vcc<\/li>\n<li style='margin-bottom: 5px;'><strong>Consumo:<\/strong> 11 Amp<\/li>\n<li style='margin-bottom: 5px;'><strong>Dimensiones:<\/strong> 46&#8242; x 4.2&#8242; x 11&#8242; (Ancho x Altura x Profundidad)<\/li>\n<\/ul><\/div>\n<\/p><\/div>\n<p> <!-- Separador --> <\/p>\n<hr style='border: 0; border-top: 1px solid rgba(150&comma; 150&comma; 150&comma; 0.3); margin: 30px 0;'> <\/div>\n","protected":false},"excerpt":{"rendered":"<p>Barra de luces LED de 46&#8243; Rojo\/Azul , De 132 LEDs, Sirena, Bocina y Controlador Incluido, Ideal para Equipar Unidades de Seguridad Publica<\/p>\n","protected":false},"featured_media":53004,"comment_status":"open","ping_status":"closed","template":"","meta":[],"product_brand":[],"product_cat":[1358],"product_tag":[1356,1237,1359],"class_list":{"0":"post-53005","1":"product","2":"type-product","3":"status-publish","4":"has-post-thumbnail","6":"product_cat-rojo-azul","7":"product_tag-barras-de-luz-torretas-vehiculares","8":"product_tag-epcom-industrial-signaling","9":"product_tag-rojo-azul","11":"first","12":"outofstock","13":"sale","14":"shipping-taxable","15":"purchasable","16":"product-type-simple"},"_links":{"self":[{"href":"https:\/\/soydeaqui.ddns.net\/pachuca\/index.php\/wp-json\/wp\/v2\/product\/53005","targetHints":{"allow":["GET"]}}],"collection":[{"href":"https:\/\/soydeaqui.ddns.net\/pachuca\/index.php\/wp-json\/wp\/v2\/product"}],"about":[{"href":"https:\/\/soydeaqui.ddns.net\/pachuca\/index.php\/wp-json\/wp\/v2\/types\/product"}],"replies":[{"embeddable":true,"href":"https:\/\/soydeaqui.ddns.net\/pachuca\/index.php\/wp-json\/wp\/v2\/comments?post=53005"}],"wp:featuredmedia":[{"embeddable":true,"href":"https:\/\/soydeaqui.ddns.net\/pachuca\/index.php\/wp-json\/wp\/v2\/media\/53004"}],"wp:attachment":[{"href":"https:\/\/soydeaqui.ddns.net\/pachuca\/index.php\/wp-json\/wp\/v2\/media?parent=53005"}],"wp:term":[{"taxonomy":"product_brand","embeddable":true,"href":"https:\/\/soydeaqui.ddns.net\/pachuca\/index.php\/wp-json\/wp\/v2\/product_brand?post=53005"},{"taxonomy":"product_cat","embeddable":true,"href":"https:\/\/soydeaqui.ddns.net\/pachuca\/index.php\/wp-json\/wp\/v2\/product_cat?post=53005"},{"taxonomy":"product_tag","embeddable":true,"href":"https:\/\/soydeaqui.ddns.net\/pachuca\/index.php\/wp-json\/wp\/v2\/product_tag?post=53005"}],"curies":[{"name":"wp","href":"https:\/\/api.w.org\/{rel}","templated":true}]}}