{"id":53000,"date":"2026-03-18T23:53:16","date_gmt":"2026-03-18T23:53:16","guid":{"rendered":"https:\/\/soydeaqui.ddns.net\/pachuca\/index.php\/producto\/faro-buscador-7040-lumenes-color-negro-uso-rudo-multifuncional-luz-clara\/"},"modified":"2026-03-18T23:53:23","modified_gmt":"2026-03-18T23:53:23","slug":"faro-buscador-7040-lumenes-color-negro-uso-rudo-multifuncional-luz-clara","status":"publish","type":"product","link":"https:\/\/soydeaqui.ddns.net\/pachuca\/index.php\/producto\/faro-buscador-7040-lumenes-color-negro-uso-rudo-multifuncional-luz-clara\/","title":{"rendered":"Faro Buscador, 7040 l\u00famenes, Color Negro, Uso Rudo, Multifuncional, Luz Clara"},"content":{"rendered":"<div style='width: 100%; max-width: 1200px; margin: 0 auto; font-family: sans-serif; line-height: 1.6; color: inherit; background-color: transparent;'> <!-- Descripci\u00f3n principal --> <\/p>\n<div style='margin-bottom: 30px;'>\n<h2 style='font-size: 20px; margin-top: 0; color: inherit; opacity: 0.9;'>FARO BUSCADOR MULTIFUNCIONAL<\/h2>\n<p style='font-size: 15px; color: inherit;'>El EW3010 ofrece una rotaci\u00f3n continua de 360\u00b0&comma; un rango de inclinaci\u00f3n de 135 grados y cuenta con un controlador joystick integrado en el tablero opcional. El foco tambi\u00e9n tiene una configuraci\u00f3n de inicio que devuelve autom\u00e1ticamente la luz a su posici\u00f3n original al apagar el dispositivo. La carcasa de resina ASA hace que el EW3010\/3011 sea resistente a la corrosi\u00f3n&comma; a los rayos UV y a los impactos y tambi\u00e9n cuenta con \u00f3pticas reflectantes con patente en tr\u00e1mite.<\/p>\n<\/p><\/div>\n<p> <!-- Caracter\u00edsticas --> <\/p>\n<div style='display: flex; flex-wrap: wrap; gap: 30px; margin-bottom: 30px;'>\n<div style='flex: 1 1 300px; min-width: 280px;'>\n<h3 style='font-size: 18px; border-bottom: 2px solid currentColor; padding-bottom: 5px; margin-top: 0; color: inherit; opacity: 0.8;'>Caracter\u00edsticas<\/h3>\n<ul style='padding-left: 20px; font-size: 15px; color: inherit;'>\n<li style='margin-bottom: 5px;'>10 LED de 5 watts<\/li>\n<li style='margin-bottom: 5px;'>Montaje permanente<\/li>\n<li style='margin-bottom: 5px;'>Rotaci\u00f3n de 360\u00b0 con rango de inclinaci\u00f3n de 90\u00b0<\/li>\n<li style='margin-bottom: 5px;'><strong>L\u00e1mpara de disipaci\u00f3n t\u00e9rmica de aluminio<\/strong><\/li>\n<li style='margin-bottom: 5px;'>Carcasa de policarbonato color Negro<\/li>\n<li style='margin-bottom: 5px;'><strong>5 A\u00f1os de garant\u00eda<\/strong><\/li>\n<li style='margin-bottom: 5px;'><strong>Protecci\u00f3n IP68<\/strong><\/li>\n<li style='margin-bottom: 5px;'>Uso Rudo<\/li>\n<li style='margin-bottom: 5px;'>Luz Clara<\/li>\n<li style='margin-bottom: 5px;'>Opci\u00f3n para montaje magn\u00e9tico con accesorio EZ3016<\/li>\n<li style='margin-bottom: 5px;'>Certificaciones: CE&comma; UKCA&comma; R10&comma; RoHS<\/li>\n<\/ul><\/div>\n<\/p><\/div>\n<p> <!-- Especificaciones t\u00e9cnicas --> <\/p>\n<div style='display: flex; flex-wrap: wrap; gap: 20px; margin-bottom: 30px;'>\n<div style='flex: 1 1 250px; border: 1px solid rgba(150&comma; 150&comma; 150&comma; 0.4); border-radius: 8px; overflow: hidden; display: flex; flex-direction: column;'>\n<div style='padding: 15px; border-bottom: 1px solid rgba(150&comma; 150&comma; 150&comma; 0.2); font-weight: bold; font-size: 18px; color: inherit;'>Especificaciones t\u00e9cnicas<\/div>\n<div style='padding: 15px; color: inherit;'>\n<ul style='padding-left: 20px; margin: 0; font-size: 14px; list-style-type: disc;'>\n<li style='margin-bottom: 5px;'>Voltage: 12-24 Vcc<\/li>\n<li style='margin-bottom: 5px;'>Consumo: 2.7 Amp m\u00e1x<\/li>\n<li style='margin-bottom: 5px;'>Lumens: 7&comma;040<\/li>\n<li style='margin-bottom: 5px;'>Dimensiones: 7.2&#8242; x 5.5&#8242; x 6.5&#8242; (Ancho x Alto x Profundidad)<\/li>\n<\/ul><\/div>\n<\/p><\/div>\n<\/p><\/div>\n<p> <!-- Contenido adicional --> <\/p>\n<div style='margin-bottom: 30px;'>\n<h3 style='font-size: 18px; border-bottom: 2px solid currentColor; padding-bottom: 5px; margin-top: 0; color: inherit; opacity: 0.8;'>Contenido adicional<\/h3>\n<ul style='padding-left: 20px; font-size: 15px; color: inherit;'>\n<li style='margin-bottom: 5px;'><strong>Incluye control remoto<\/strong> para el control inal\u00e1mbrico del faro buscador<\/li>\n<\/ul><\/div>\n<p> <!-- Separador --> <\/p>\n<hr style='border: 0; border-top: 1px solid rgba(150&comma; 150&comma; 150&comma; 0.3); margin: 30px 0;'> <\/div>\n","protected":false},"excerpt":{"rendered":"<p>Faro Buscador, 7040 l\u00famenes, Color Negro, Uso Rudo, Multifuncional, Luz Clara<\/p>\n","protected":false},"featured_media":52999,"comment_status":"open","ping_status":"closed","template":"","meta":[],"product_brand":[],"product_cat":[1379],"product_tag":[950,502,500],"class_list":{"0":"post-53000","1":"product","2":"type-product","3":"status-publish","4":"has-post-thumbnail","6":"product_cat-ambar-estrobos-burbujas-vehiculares","7":"product_tag-ambar","8":"product_tag-ecco","9":"product_tag-estrobos-burbujas-vehiculares","11":"first","12":"instock","13":"sale","14":"shipping-taxable","15":"purchasable","16":"product-type-simple"},"_links":{"self":[{"href":"https:\/\/soydeaqui.ddns.net\/pachuca\/index.php\/wp-json\/wp\/v2\/product\/53000","targetHints":{"allow":["GET"]}}],"collection":[{"href":"https:\/\/soydeaqui.ddns.net\/pachuca\/index.php\/wp-json\/wp\/v2\/product"}],"about":[{"href":"https:\/\/soydeaqui.ddns.net\/pachuca\/index.php\/wp-json\/wp\/v2\/types\/product"}],"replies":[{"embeddable":true,"href":"https:\/\/soydeaqui.ddns.net\/pachuca\/index.php\/wp-json\/wp\/v2\/comments?post=53000"}],"wp:featuredmedia":[{"embeddable":true,"href":"https:\/\/soydeaqui.ddns.net\/pachuca\/index.php\/wp-json\/wp\/v2\/media\/52999"}],"wp:attachment":[{"href":"https:\/\/soydeaqui.ddns.net\/pachuca\/index.php\/wp-json\/wp\/v2\/media?parent=53000"}],"wp:term":[{"taxonomy":"product_brand","embeddable":true,"href":"https:\/\/soydeaqui.ddns.net\/pachuca\/index.php\/wp-json\/wp\/v2\/product_brand?post=53000"},{"taxonomy":"product_cat","embeddable":true,"href":"https:\/\/soydeaqui.ddns.net\/pachuca\/index.php\/wp-json\/wp\/v2\/product_cat?post=53000"},{"taxonomy":"product_tag","embeddable":true,"href":"https:\/\/soydeaqui.ddns.net\/pachuca\/index.php\/wp-json\/wp\/v2\/product_tag?post=53000"}],"curies":[{"name":"wp","href":"https:\/\/api.w.org\/{rel}","templated":true}]}}