{"id":52970,"date":"2026-03-18T23:52:16","date_gmt":"2026-03-18T23:52:16","guid":{"rendered":"https:\/\/soydeaqui.ddns.net\/pachuca\/index.php\/producto\/rastreador-vehicular-3g-magnetico-para-contenedores-u-oculto-en-vehiculo-con-bateria-de-larga-duracion\/"},"modified":"2026-03-18T23:52:17","modified_gmt":"2026-03-18T23:52:17","slug":"rastreador-vehicular-3g-magnetico-para-contenedores-u-oculto-en-vehiculo-con-bateria-de-larga-duracion","status":"publish","type":"product","link":"https:\/\/soydeaqui.ddns.net\/pachuca\/index.php\/producto\/rastreador-vehicular-3g-magnetico-para-contenedores-u-oculto-en-vehiculo-con-bateria-de-larga-duracion\/","title":{"rendered":"Rastreador vehicular 3G magn\u00e9tico para contenedores u oculto en veh\u00edculo, con bater\u00eda de larga duraci\u00f3n"},"content":{"rendered":"<div style='width: 100%; max-width: 1200px; margin: 0 auto; font-family: sans-serif; line-height: 1.6; color: inherit;'>\n<div style='display: flex; flex-wrap: wrap; gap: 30px; margin-bottom: 30px;'>\n<div style='flex: 1 1 300px; min-width: 280px;'>\n<h3 style='font-size: 22px; border-bottom: 2px solid currentColor; padding-bottom: 5px; margin-top: 0; color: inherit; opacity: 0.8;'>Documentaci\u00f3n<\/h3>\n<ul style='padding-left: 20px; font-size: 15px; color: inherit;'>\n<li style='margin-bottom: 5px;'><a href='https:\/\/www.syscom.mx\/singlepage\/concox' style='color: #0070c0; text-decoration: underline;'><strong>Pagina de ayuda Concox (Dar clic aqui)<\/strong><\/a><\/li>\n<li style='margin-bottom: 5px;'><a href='https:\/\/www.syscom.mx\/producto\/EXPERTGPS-SYSCOM-75217.html' style='color: #0070c0; text-decoration: underline;'><strong>\u00bfQuieres certificarte en dispositivos Concox? (Dar clic aqui)<\/strong><\/a><\/li>\n<\/ul><\/div>\n<\/p><\/div>\n<div style='display: flex; flex-wrap: wrap; gap: 30px; margin-bottom: 30px;'>\n<div style='flex: 1 1 300px; min-width: 280px;'>\n<h3 style='font-size: 22px; border-bottom: 2px solid currentColor; padding-bottom: 5px; margin-top: 0; color: inherit; opacity: 0.8;'>Descripci\u00f3n<\/h3>\n<p style='font-size: 15px; color: inherit;'>Localizador vehicular 3G Con antenas internas<\/p>\n<p style='font-size: 15px; color: inherit;'>Concox AT6 es un rastreador inteligente con tecnolog\u00eda de red 3G&comma; con antena satelital y antena GSM internas&comma; no requiere instalaci\u00f3n ya que se adhiere al veh\u00edculo por medio de imanes industriales integrados en su estructura&comma; lo hacen perfecto para la remolques&comma; ya que tiene una bater\u00eda de gran durabilidad&comma; tambi\u00e9n tiene micr\u00f3fono integrado&comma; con el que podr\u00e1 monitorear la voz&comma; esto lo hace especial para llevar un control de la flota.<\/p>\n<\/p><\/div>\n<\/p><\/div>\n<div style='display: flex; flex-wrap: wrap; gap: 30px; margin-bottom: 30px;'>\n<div style='flex: 1 1 300px; min-width: 280px;'>\n<h3 style='font-size: 22px; border-bottom: 2px solid currentColor; padding-bottom: 5px; margin-top: 0; color: inherit; opacity: 0.8;'>Caracter\u00edsticas<\/h3>\n<ul style='padding-left: 20px; font-size: 15px; color: inherit;'>\n<li style='margin-bottom: 5px;'>Magneto industrial<\/li>\n<li style='margin-bottom: 5px;'>Monitoreo de voz<\/li>\n<li style='margin-bottom: 5px;'>Bater\u00eda de litio de larga duraci\u00f3n<\/li>\n<li style='margin-bottom: 5px;'>Alerta por manipulaci\u00f3n<\/li>\n<li style='margin-bottom: 5px;'>Bot\u00f3n de encendido<\/li>\n<li style='margin-bottom: 5px;'>IP65<\/li>\n<li style='margin-bottom: 5px;'>Memoria de 32 Mb<\/li>\n<li style='margin-bottom: 5px;'>Programaci\u00f3n por cable y\/o SMS<\/li>\n<li style='margin-bottom: 5px;'>(No incluye cable de programaci\u00f3n&comma; el modelo es AT6USB)<\/li>\n<li style='margin-bottom: 5px;'>Cargador incluido (Input 100-240v 50\/60Hz 0.3A Output 5V 2000mA)<\/li>\n<li style='margin-bottom: 5px;'>Utiliza un SIM de datos tama\u00f1o est\u00e1ndar<\/li>\n<li style='margin-bottom: 5px;'>No incluye cable de programaci\u00f3n<\/li>\n<\/ul><\/div>\n<\/p><\/div>\n<div style='display: flex; flex-wrap: wrap; gap: 30px; margin-bottom: 30px;'>\n<div style='flex: 1 1 300px; min-width: 280px;'>\n<h3 style='font-size: 22px; border-bottom: 2px solid currentColor; padding-bottom: 5px; margin-top: 0; color: inherit; opacity: 0.8;'>Especificaciones<\/h3>\n<ul style='padding-left: 20px; font-size: 15px; color: inherit;'>\n<li style='margin-bottom: 5px;'>Bater\u00eda de pol\u00edmero de litio 10000 mAh \/ 3.7V<\/li>\n<li style='margin-bottom: 5px;'>Dimensiones 108.0 x 61.0 x 30.0 mm<\/li>\n<li style='margin-bottom: 5px;'>Frecuencias GSM: 850\/900\/1800\/1900 MHz WCDMA: 850\/900\/1900\/2100 MHz<\/li>\n<li style='margin-bottom: 5px;'>Peso 286g<\/li>\n<\/ul><\/div>\n<\/p><\/div>\n<div style='display: flex; flex-wrap: wrap; gap: 30px; margin-bottom: 30px;'>\n<div style='flex: 1 1 300px; min-width: 280px;'>\n<h3 style='font-size: 22px; border-bottom: 2px solid currentColor; padding-bottom: 5px; margin-top: 0; color: inherit; opacity: 0.8;'>Conexi\u00f3n<\/h3>\n<ul style='padding-left: 20px; font-size: 15px; color: inherit;'>\n<li style='margin-bottom: 5px;'>TRACKSOLIDPRO<\/li>\n<li style='margin-bottom: 5px;'>IP: 47.89.58.215<\/li>\n<li style='margin-bottom: 5px;'>Puerto para AT6: 21102<\/li>\n<li style='margin-bottom: 5px;'>EPCOMGPS<\/li>\n<li style='margin-bottom: 5px;'>IP: 193.193.165.165<\/li>\n<li style='margin-bottom: 5px;'>Puerto para AT6: 21852<\/li>\n<\/ul><\/div>\n<\/p><\/div>\n<div style='display: flex; flex-wrap: wrap; gap: 30px; margin-bottom: 30px;'>\n<div style='flex: 1 1 300px; min-width: 280px;'>\n<h3 style='font-size: 22px; border-bottom: 2px solid currentColor; padding-bottom: 5px; margin-top: 0; color: inherit; opacity: 0.8;'>Notas<\/h3>\n<p style='font-size: 15px; color: inherit;'>En el area de descargas encontraras las herramientas necesarias para configurar el GPS. <strong>Nota:<\/strong> Si tu SIM es multicarrier se configura de manera manual dentro del area de diagnostico.<\/p>\n<\/p><\/div>\n<\/p><\/div>\n<\/p><\/div>\n","protected":false},"excerpt":{"rendered":"<p>Rastreador vehicular 3G magn\u00e9tico para contenedores u oculto en veh\u00edculo, con bater\u00eda de larga duraci\u00f3n<\/p>\n","protected":false},"featured_media":52969,"comment_status":"open","ping_status":"closed","template":"","meta":[],"product_brand":[],"product_cat":[1346,1388],"product_tag":[1350,1349,1420,1389],"class_list":{"0":"post-52970","1":"product","2":"type-product","3":"status-publish","4":"has-post-thumbnail","6":"product_cat-iot","7":"product_cat-trackers-gps","8":"product_tag-gps-y-telematica","9":"product_tag-iot","10":"product_tag-jimiiot","11":"product_tag-trackers-gps","13":"first","14":"outofstock","15":"sale","16":"shipping-taxable","17":"purchasable","18":"product-type-simple"},"_links":{"self":[{"href":"https:\/\/soydeaqui.ddns.net\/pachuca\/index.php\/wp-json\/wp\/v2\/product\/52970","targetHints":{"allow":["GET"]}}],"collection":[{"href":"https:\/\/soydeaqui.ddns.net\/pachuca\/index.php\/wp-json\/wp\/v2\/product"}],"about":[{"href":"https:\/\/soydeaqui.ddns.net\/pachuca\/index.php\/wp-json\/wp\/v2\/types\/product"}],"replies":[{"embeddable":true,"href":"https:\/\/soydeaqui.ddns.net\/pachuca\/index.php\/wp-json\/wp\/v2\/comments?post=52970"}],"wp:featuredmedia":[{"embeddable":true,"href":"https:\/\/soydeaqui.ddns.net\/pachuca\/index.php\/wp-json\/wp\/v2\/media\/52969"}],"wp:attachment":[{"href":"https:\/\/soydeaqui.ddns.net\/pachuca\/index.php\/wp-json\/wp\/v2\/media?parent=52970"}],"wp:term":[{"taxonomy":"product_brand","embeddable":true,"href":"https:\/\/soydeaqui.ddns.net\/pachuca\/index.php\/wp-json\/wp\/v2\/product_brand?post=52970"},{"taxonomy":"product_cat","embeddable":true,"href":"https:\/\/soydeaqui.ddns.net\/pachuca\/index.php\/wp-json\/wp\/v2\/product_cat?post=52970"},{"taxonomy":"product_tag","embeddable":true,"href":"https:\/\/soydeaqui.ddns.net\/pachuca\/index.php\/wp-json\/wp\/v2\/product_tag?post=52970"}],"curies":[{"name":"wp","href":"https:\/\/api.w.org\/{rel}","templated":true}]}}