{"id":52950,"date":"2026-03-18T23:51:43","date_gmt":"2026-03-18T23:51:43","guid":{"rendered":"https:\/\/soydeaqui.ddns.net\/pachuca\/index.php\/producto\/luz-perimetral-12-leds-ultra-brillantes-color-ambar-claro\/"},"modified":"2026-03-18T23:51:44","modified_gmt":"2026-03-18T23:51:44","slug":"luz-perimetral-12-leds-ultra-brillantes-color-ambar-claro","status":"publish","type":"product","link":"https:\/\/soydeaqui.ddns.net\/pachuca\/index.php\/producto\/luz-perimetral-12-leds-ultra-brillantes-color-ambar-claro\/","title":{"rendered":"Luz perimetral , 12 LEDs Ultra Brillantes, color Ambar \/ Claro"},"content":{"rendered":"<div style='width: 100%; max-width: 1200px; margin: 0 auto; font-family: sans-serif; line-height: 1.6; color: inherit; background-color: transparent;'> <!-- Secci\u00f3n de contenido con flex\/grid --> <\/p>\n<div style='display: flex; flex-wrap: wrap; gap: 30px; margin-bottom: 30px;'>\n<div style='flex: 1 1 300px; min-width: 280px;'>\n<h3 style='font-size: 22px; border-bottom: 2px solid currentColor; padding-bottom: 5px; margin-top: 0; color: inherit; opacity: 0.8;'>Luz Auxiliar Serie ED3755<\/h3>\n<p style='font-size: 15px; color: inherit; margin-top: 0; margin-bottom: 15px;'>Luz auxiliar compacta ideal para diversas aplicaciones. Cuenta con LEDs de \u00faltima generaci\u00f3n Ultra Brillosos&comma; los cuales hacen que tengan un excelente desempe\u00f1o y visibilidad.<\/p>\n<h4 style='font-size: 18px; margin-top: 20px; margin-bottom: 10px; color: inherit; opacity: 0.8;'>Caracter\u00edsticas:<\/h4>\n<ul style='padding-left: 20px; font-size: 15px; color: inherit; margin-top: 0; margin-bottom: 15px;'>\n<li style='margin-bottom: 5px;'><strong>12 Poderosos LEDs \u00faltima generaci\u00f3n Ultra Brillantes (6 LEDs Ambar \/ 6 LEDs Claros)<\/strong><\/li>\n<li style='margin-bottom: 5px;'>70 Patrones de destello<\/li>\n<li style='margin-bottom: 5px;'>Bisel negro<\/li>\n<li style='margin-bottom: 5px;'>Capacidad de sincronizar<\/li>\n<li style='margin-bottom: 5px;'>Mica transparente de policarbonato<\/li>\n<li style='margin-bottom: 5px;'>Cumplimiento SAE J595 Clase I<\/li>\n<li style='margin-bottom: 5px;'>Puede ser instalado tanto en exterior como en interior<\/li>\n<li style='margin-bottom: 5px;'>5 A\u00f1os de Garant\u00eda<\/li>\n<\/ul>\n<h4 style='font-size: 18px; margin-top: 20px; margin-bottom: 10px; color: inherit; opacity: 0.8;'>Especificaciones:<\/h4>\n<ul style='padding-left: 20px; font-size: 15px; color: inherit; margin-top: 0; margin-bottom: 15px;'>\n<li style='margin-bottom: 5px;'><strong>Voltaje:<\/strong> 12 &#8211; 24 Vcc<\/li>\n<li style='margin-bottom: 5px;'><strong>Consumo:<\/strong> 0.8 Amp<\/li>\n<li style='margin-bottom: 5px;'><strong>Dimensiones:<\/strong> 6.2&#8242; (157mm) x 0.8&#8242; (20mm) x 1.4&#8242; (35mm)<\/li>\n<\/ul><\/div>\n<\/p><\/div>\n<p> <!-- Separador --> <\/p>\n<hr style='border: 0; border-top: 1px solid rgba(150&comma; 150&comma; 150&comma; 0.3); margin: 30px 0;'> <\/div>\n","protected":false},"excerpt":{"rendered":"<p>Luz perimetral , 12 LEDs Ultra Brillantes, color Ambar \/ Claro<\/p>\n","protected":false},"featured_media":52949,"comment_status":"open","ping_status":"closed","template":"","meta":[],"product_brand":[],"product_cat":[1378],"product_tag":[502,1371,1359],"class_list":{"0":"post-52950","1":"product","2":"type-product","3":"status-publish","4":"has-post-thumbnail","6":"product_cat-rojo-azul-luces-auxiliares-vehiculares","7":"product_tag-ecco","8":"product_tag-luces-auxiliares-vehiculares","9":"product_tag-rojo-azul","11":"first","12":"outofstock","13":"sale","14":"shipping-taxable","15":"purchasable","16":"product-type-simple"},"_links":{"self":[{"href":"https:\/\/soydeaqui.ddns.net\/pachuca\/index.php\/wp-json\/wp\/v2\/product\/52950","targetHints":{"allow":["GET"]}}],"collection":[{"href":"https:\/\/soydeaqui.ddns.net\/pachuca\/index.php\/wp-json\/wp\/v2\/product"}],"about":[{"href":"https:\/\/soydeaqui.ddns.net\/pachuca\/index.php\/wp-json\/wp\/v2\/types\/product"}],"replies":[{"embeddable":true,"href":"https:\/\/soydeaqui.ddns.net\/pachuca\/index.php\/wp-json\/wp\/v2\/comments?post=52950"}],"wp:featuredmedia":[{"embeddable":true,"href":"https:\/\/soydeaqui.ddns.net\/pachuca\/index.php\/wp-json\/wp\/v2\/media\/52949"}],"wp:attachment":[{"href":"https:\/\/soydeaqui.ddns.net\/pachuca\/index.php\/wp-json\/wp\/v2\/media?parent=52950"}],"wp:term":[{"taxonomy":"product_brand","embeddable":true,"href":"https:\/\/soydeaqui.ddns.net\/pachuca\/index.php\/wp-json\/wp\/v2\/product_brand?post=52950"},{"taxonomy":"product_cat","embeddable":true,"href":"https:\/\/soydeaqui.ddns.net\/pachuca\/index.php\/wp-json\/wp\/v2\/product_cat?post=52950"},{"taxonomy":"product_tag","embeddable":true,"href":"https:\/\/soydeaqui.ddns.net\/pachuca\/index.php\/wp-json\/wp\/v2\/product_tag?post=52950"}],"curies":[{"name":"wp","href":"https:\/\/api.w.org\/{rel}","templated":true}]}}