{"id":52947,"date":"2026-03-18T23:51:39","date_gmt":"2026-03-18T23:51:39","guid":{"rendered":"https:\/\/soydeaqui.ddns.net\/pachuca\/index.php\/producto\/luz-direccional-de-3-niveles-rojo-claro\/"},"modified":"2026-03-18T23:51:41","modified_gmt":"2026-03-18T23:51:41","slug":"luz-direccional-de-3-niveles-rojo-claro","status":"publish","type":"product","link":"https:\/\/soydeaqui.ddns.net\/pachuca\/index.php\/producto\/luz-direccional-de-3-niveles-rojo-claro\/","title":{"rendered":"Luz direccional de 3 niveles rojo\/claro"},"content":{"rendered":"<div style='width: 100%; max-width: 1200px; margin: 0 auto; font-family: sans-serif; line-height: 1.6; color: inherit; background-color: transparent;'>\n<div style='display: flex; flex-wrap: wrap; gap: 30px; margin-bottom: 30px;'>\n<div style='flex: 1 1 300px; min-width: 280px;'>\n<h3 style='font-size: 22px; border-bottom: 2px solid currentColor; padding-bottom: 5px; margin-top: 0; color: inherit; opacity: 0.8;'>Descripci\u00f3n<\/h3>\n<p style='font-size: 15px; color: inherit;'> La luz de advertencia LED de \u00e1ngulo amplio de la serie ED3779 proporciona la funcionalidad de una luz de advertencia&comma; permitiendo la llegada segura del veh\u00edculo a la escena&comma; m\u00e1s una luz de trabajo para crear un entorno de trabajo brillante en la escena&comma; todo en un solo paquete. Esta direccional \u00fanica utiliza tres filas de iluminaci\u00f3n para producir una propagaci\u00f3n de iluminaci\u00f3n brillante&comma; fuera de \u00e1ngulo&comma; de 180 grados. Salida de luz clase SAE I&comma; capacidad de sincronizaci\u00f3n y la elecci\u00f3n de 29 patrones de flash para un solo color y 69 patrones de destellos para dos colores&comma; permite la creaci\u00f3n de un sistema de advertencia de dos colores que capta la atenci\u00f3n y requiere la mitad de luces. <\/p>\n<\/p><\/div>\n<\/p><\/div>\n<div style='display: flex; flex-wrap: wrap; gap: 20px; margin-bottom: 30px;'>\n<div style='flex: 1 1 250px; border: 1px solid rgba(150&comma; 150&comma; 150&comma; 0.4); border-radius: 8px; overflow: hidden; display: flex; flex-direction: column;'>\n<div style='padding: 15px; border-bottom: 1px solid rgba(150&comma; 150&comma; 150&comma; 0.2); font-weight: bold; font-size: 18px; color: inherit;'>Caracter\u00edsticas<\/div>\n<div style='padding: 15px; color: inherit;'>\n<ul style='padding-left: 20px; margin: 0; font-size: 14px; list-style-type: disc; color: inherit;'>\n<li style='margin-bottom: 5px; color: inherit;'>Los modelos de un solo color tienen 29 patrones de destello<\/li>\n<li style='margin-bottom: 5px; color: inherit;'>Los modelos de dos colores tienen 69 patrones de destello<\/li>\n<li style='margin-bottom: 5px; color: inherit;'>Se puede sincronizar con las luces de las series ED3766&comma; ED3706&comma; ED3712&comma; ED3701\/2&comma; ED3700 y ED3777 de ECCO<\/li>\n<li style='margin-bottom: 5px; color: inherit;'>Clasificaci\u00f3n IP67 duradera para resistencia al polvo y al agua<\/li>\n<li style='margin-bottom: 5px; color: inherit;'>Ofrece flexibilidad con m\u00faltiples aplicaciones de montaje en superficie<\/li>\n<li style='margin-bottom: 5px; color: inherit;'>Rango de temperatura: -22\u00baF a +122\u00baF (-30\u00baC a +50\u00baC)<\/li>\n<\/ul><\/div>\n<\/p><\/div>\n<div style='flex: 1 1 250px; border: 1px solid rgba(150&comma; 150&comma; 150&comma; 0.4); border-radius: 8px; overflow: hidden; display: flex; flex-direction: column;'>\n<div style='padding: 15px; border-bottom: 1px solid rgba(150&comma; 150&comma; 150&comma; 0.2); font-weight: bold; font-size: 18px; color: inherit;'>Especificaciones T\u00e9cnicas<\/div>\n<div style='padding: 15px; color: inherit;'>\n<ul style='padding-left: 20px; margin: 0; font-size: 14px; list-style-type: disc; color: inherit;'>\n<li style='margin-bottom: 5px; color: inherit;'>Voltage: 12-24 Vcc<\/li>\n<li style='margin-bottom: 5px; color: inherit;'>Consumo: 1.7Amp<\/li>\n<li style='margin-bottom: 5px; color: inherit;'>Dimensiones: 30mm x 130mm x 33mm (Ancho x Alto x Profundidad)<\/li>\n<\/ul><\/div>\n<\/p><\/div>\n<\/p><\/div>\n<hr style='border: 0; border-top: 1px solid rgba(150&comma; 150&comma; 150&comma; 0.3); margin: 30px 0;'> <\/div>\n","protected":false},"excerpt":{"rendered":"<p>Luz direccional de 3 niveles rojo\/claro<\/p>\n","protected":false},"featured_media":52946,"comment_status":"open","ping_status":"closed","template":"","meta":[],"product_brand":[],"product_cat":[1405],"product_tag":[950,1356,502],"class_list":{"0":"post-52947","1":"product","2":"type-product","3":"status-publish","4":"has-post-thumbnail","6":"product_cat-ambar-barras-de-luz-torretas-vehiculares","7":"product_tag-ambar","8":"product_tag-barras-de-luz-torretas-vehiculares","9":"product_tag-ecco","11":"first","12":"outofstock","13":"sale","14":"shipping-taxable","15":"purchasable","16":"product-type-simple"},"_links":{"self":[{"href":"https:\/\/soydeaqui.ddns.net\/pachuca\/index.php\/wp-json\/wp\/v2\/product\/52947","targetHints":{"allow":["GET"]}}],"collection":[{"href":"https:\/\/soydeaqui.ddns.net\/pachuca\/index.php\/wp-json\/wp\/v2\/product"}],"about":[{"href":"https:\/\/soydeaqui.ddns.net\/pachuca\/index.php\/wp-json\/wp\/v2\/types\/product"}],"replies":[{"embeddable":true,"href":"https:\/\/soydeaqui.ddns.net\/pachuca\/index.php\/wp-json\/wp\/v2\/comments?post=52947"}],"wp:featuredmedia":[{"embeddable":true,"href":"https:\/\/soydeaqui.ddns.net\/pachuca\/index.php\/wp-json\/wp\/v2\/media\/52946"}],"wp:attachment":[{"href":"https:\/\/soydeaqui.ddns.net\/pachuca\/index.php\/wp-json\/wp\/v2\/media?parent=52947"}],"wp:term":[{"taxonomy":"product_brand","embeddable":true,"href":"https:\/\/soydeaqui.ddns.net\/pachuca\/index.php\/wp-json\/wp\/v2\/product_brand?post=52947"},{"taxonomy":"product_cat","embeddable":true,"href":"https:\/\/soydeaqui.ddns.net\/pachuca\/index.php\/wp-json\/wp\/v2\/product_cat?post=52947"},{"taxonomy":"product_tag","embeddable":true,"href":"https:\/\/soydeaqui.ddns.net\/pachuca\/index.php\/wp-json\/wp\/v2\/product_tag?post=52947"}],"curies":[{"name":"wp","href":"https:\/\/api.w.org\/{rel}","templated":true}]}}