{"id":52941,"date":"2026-03-18T23:51:32","date_gmt":"2026-03-18T23:51:32","guid":{"rendered":"https:\/\/soydeaqui.ddns.net\/pachuca\/index.php\/producto\/mini-baliza-de-led-color-rojo-montaje-permanente-sae-clase-iii\/"},"modified":"2026-03-18T23:51:33","modified_gmt":"2026-03-18T23:51:33","slug":"mini-baliza-de-led-color-rojo-montaje-permanente-sae-clase-iii","status":"publish","type":"product","link":"https:\/\/soydeaqui.ddns.net\/pachuca\/index.php\/producto\/mini-baliza-de-led-color-rojo-montaje-permanente-sae-clase-iii\/","title":{"rendered":"Mini baliza de LED color rojo montaje permanente SAE Clase III"},"content":{"rendered":"<div style='width: 100%; max-width: 1200px; margin: 0 auto; font-family: sans-serif; line-height: 1.6; color: inherit; background-color: transparent;'>\n<div style='display: flex; flex-wrap: wrap; gap: 30px; margin-bottom: 30px;'>\n<div style='flex: 1 1 300px; min-width: 280px;'>\n<h3 style='font-size: 22px; border-bottom: 2px solid currentColor; padding-bottom: 5px; margin-top: 0; color: inherit; opacity: 0.8;'>Descripci\u00f3n<\/h3>\n<p style='font-size: 15px; margin-bottom: 15px; color: inherit;'>Las balizas LED de la serie 6267 libres de mantenimiento cuentan con tres de los mas nuevos LED y operaci\u00f3n de flash Pulse8&comma; produciendo una se\u00f1al de advertencia ideal para aplicaciones industriales.<\/p>\n<p style='font-size: 15px; margin-bottom: 15px; color: inherit;'>Esta unidad rentable tiene un amplio rango de funcionamiento de 12-80 Vcc&comma; lo que la convierte en la luz perfecta para su uso en veh\u00edculos el\u00e9ctricos. La larga vida \u00fatil sin problemas y las caracter\u00edsticas de bajo consumo de amperios de la tecnolog\u00eda LED hacen de esta una soluci\u00f3n de reemplazo ideal para balizas giratorias o estrobosc\u00f3picas.<\/p>\n<\/p><\/div>\n<\/p><\/div>\n<div style='display: flex; flex-wrap: wrap; gap: 20px; margin-bottom: 30px;'>\n<div style='flex: 1 1 250px; border: 1px solid rgba(150&comma; 150&comma; 150&comma; 0.4); border-radius: 8px; overflow: hidden; display: flex; flex-direction: column;'>\n<div style='padding: 15px; border-bottom: 1px solid rgba(150&comma; 150&comma; 150&comma; 0.2); font-weight: bold; font-size: 18px; color: inherit;'>Caracter\u00edsticas y Beneficios<\/div>\n<div style='padding: 15px; color: inherit;'>\n<ul style='padding-left: 20px; margin: 0; font-size: 14px; list-style-type: disc;'>\n<li style='margin-bottom: 5px; color: inherit;'><strong>12-80 Vcc&comma;<\/strong> 0&comma;12 amperios<\/li>\n<li style='margin-bottom: 5px; color: inherit;'><strong>Operaci\u00f3n de flash Pulse8&comma;<\/strong> 8 flashes por ciclo (70 FPM)<\/li>\n<li style='margin-bottom: 5px; color: inherit;'>La base de nylon reforzado con componentes electr\u00f3nicos sellados con ep\u00f3xico brinda una protecci\u00f3n ambiental superior<\/li>\n<li style='margin-bottom: 5px; color: inherit;'><strong>Lente de policarbonato<\/strong> con rosca<\/li>\n<li style='margin-bottom: 5px; color: inherit;'><strong>Polaridad inversa&comma;<\/strong> pico de voltaje y protecci\u00f3n contra sobretensiones<\/li>\n<li style='margin-bottom: 5px; color: inherit;'><strong>Rango de temperatura:<\/strong> -22 \u00b0F a +122 \u00b0F (-30 \u00b0C a +50 \u00b0C)<\/li>\n<\/ul><\/div>\n<\/p><\/div>\n<div style='flex: 1 1 250px; border: 1px solid rgba(150&comma; 150&comma; 150&comma; 0.4); border-radius: 8px; overflow: hidden; display: flex; flex-direction: column;'>\n<div style='padding: 15px; border-bottom: 1px solid rgba(150&comma; 150&comma; 150&comma; 0.2); font-weight: bold; font-size: 18px; color: inherit;'>Cumple con<\/div>\n<div style='padding: 15px; color: inherit;'>\n<ul style='padding-left: 20px; margin: 0; font-size: 14px; list-style-type: disc;'>\n<li style='margin-bottom: 5px; color: inherit;'>SAE J845 Clase III<\/li>\n<li style='margin-bottom: 5px; color: inherit;'>UL<\/li>\n<li style='margin-bottom: 5px; color: inherit;'>CE<\/li>\n<li style='margin-bottom: 5px; color: inherit;'>R10<\/li>\n<li style='margin-bottom: 5px; color: inherit;'>IP67<\/li>\n<li style='margin-bottom: 5px; color: inherit;'>RoHS<\/li>\n<\/ul><\/div>\n<\/p><\/div>\n<\/p><\/div>\n<hr style='border: 0; border-top: 1px solid rgba(150&comma; 150&comma; 150&comma; 0.3); margin: 30px 0;'> <\/div>\n","protected":false},"excerpt":{"rendered":"<p>Mini baliza de LED color rojo montaje permanente SAE Clase III<\/p>\n","protected":false},"featured_media":52940,"comment_status":"open","ping_status":"closed","template":"","meta":[],"product_brand":[],"product_cat":[499],"product_tag":[502,500,501],"class_list":{"0":"post-52941","1":"product","2":"type-product","3":"status-publish","4":"has-post-thumbnail","6":"product_cat-rojo-azul-verde","7":"product_tag-ecco","8":"product_tag-estrobos-burbujas-vehiculares","9":"product_tag-rojo-azul-verde","11":"first","12":"instock","13":"sale","14":"shipping-taxable","15":"purchasable","16":"product-type-simple"},"_links":{"self":[{"href":"https:\/\/soydeaqui.ddns.net\/pachuca\/index.php\/wp-json\/wp\/v2\/product\/52941","targetHints":{"allow":["GET"]}}],"collection":[{"href":"https:\/\/soydeaqui.ddns.net\/pachuca\/index.php\/wp-json\/wp\/v2\/product"}],"about":[{"href":"https:\/\/soydeaqui.ddns.net\/pachuca\/index.php\/wp-json\/wp\/v2\/types\/product"}],"replies":[{"embeddable":true,"href":"https:\/\/soydeaqui.ddns.net\/pachuca\/index.php\/wp-json\/wp\/v2\/comments?post=52941"}],"wp:featuredmedia":[{"embeddable":true,"href":"https:\/\/soydeaqui.ddns.net\/pachuca\/index.php\/wp-json\/wp\/v2\/media\/52940"}],"wp:attachment":[{"href":"https:\/\/soydeaqui.ddns.net\/pachuca\/index.php\/wp-json\/wp\/v2\/media?parent=52941"}],"wp:term":[{"taxonomy":"product_brand","embeddable":true,"href":"https:\/\/soydeaqui.ddns.net\/pachuca\/index.php\/wp-json\/wp\/v2\/product_brand?post=52941"},{"taxonomy":"product_cat","embeddable":true,"href":"https:\/\/soydeaqui.ddns.net\/pachuca\/index.php\/wp-json\/wp\/v2\/product_cat?post=52941"},{"taxonomy":"product_tag","embeddable":true,"href":"https:\/\/soydeaqui.ddns.net\/pachuca\/index.php\/wp-json\/wp\/v2\/product_tag?post=52941"}],"curies":[{"name":"wp","href":"https:\/\/api.w.org\/{rel}","templated":true}]}}