{"id":52915,"date":"2026-03-18T23:50:46","date_gmt":"2026-03-18T23:50:46","guid":{"rendered":"https:\/\/soydeaqui.ddns.net\/pachuca\/index.php\/producto\/baliza-rotativa-led-color-ambar-sae-clase-i-con-montaje-de-poste\/"},"modified":"2026-03-18T23:50:47","modified_gmt":"2026-03-18T23:50:47","slug":"baliza-rotativa-led-color-ambar-sae-clase-i-con-montaje-de-poste","status":"publish","type":"product","link":"https:\/\/soydeaqui.ddns.net\/pachuca\/index.php\/producto\/baliza-rotativa-led-color-ambar-sae-clase-i-con-montaje-de-poste\/","title":{"rendered":"Baliza rotativa LED color ambar SAE Clase I con montaje de poste"},"content":{"rendered":"<div style='width: 100%; max-width: 1200px; margin: 0 auto; font-family: sans-serif; line-height: 1.6; color: inherit; background-color: transparent;'>\n<div style='display: flex; flex-wrap: wrap; gap: 30px; margin-bottom: 30px;'>\n<div style='flex: 1 1 300px; min-width: 280px;'>\n<h3 style='font-size: 22px; border-bottom: 2px solid currentColor; padding-bottom: 5px; margin-top: 0; color: inherit; opacity: 0.8;'>Descripci\u00f3n<\/h3>\n<p style='font-size: 15px; color: inherit; margin-bottom: 15px;'>La baliza LED de la serie EB7810A de ECCO produce una se\u00f1al de advertencia que es ideal para aplicaciones industriales.<\/p>\n<p style='font-size: 15px; color: inherit; margin-bottom: 15px;'>La larga vida \u00fatil de la tecnolog\u00eda LED&comma; libre de mantenimiento&comma; respaldada por una &comma; hace de esta una soluci\u00f3n de reemplazo perfecta para las balizas estrobosc\u00f3picas existentes.<\/p>\n<p style='font-size: 15px; color: inherit; margin-bottom: 15px;'>Esta luz rentable cuenta con 12 \/ 24 Vcc&comma; lo que la hace ideal para su uso en veh\u00edculos y equipos el\u00e9ctricos.<\/p>\n<\/p><\/div>\n<\/p><\/div>\n<div style='display: flex; flex-wrap: wrap; gap: 20px; margin-bottom: 30px;'>\n<div style='flex: 1 1 250px; border: 1px solid rgba(150&comma; 150&comma; 150&comma; 0.4); border-radius: 8px; overflow: hidden; display: flex; flex-direction: column;'>\n<div style='padding: 15px; border-bottom: 1px solid rgba(150&comma; 150&comma; 150&comma; 0.2); font-weight: bold; font-size: 18px; color: inherit;'>Caracter\u00edsticas<\/div>\n<div style='padding: 15px; color: inherit;'>\n<ul style='padding-left: 20px; margin: 0; font-size: 14px; list-style-type: disc;'>\n<li style='margin-bottom: 5px;'>Baliza de estilo econ\u00f3mico disponible en varios estilos de montaje<\/li>\n<li style='margin-bottom: 5px;'>Modelos DIN dise\u00f1ados para adaptarse a DIN # 72591 (Adaptador para tubo)<\/li>\n<li style='margin-bottom: 5px;'>Base de nylon reforzado y lente de policarbonato.<\/li>\n<li style='margin-bottom: 5px;'>La base de goma modelo Flexi-Base resiste las vibraciones y protege contra impactos menores<\/li>\n<li style='margin-bottom: 5px;'>La lente torcida se asegura con un tornillo de fijaci\u00f3n<\/li>\n<li style='margin-bottom: 5px;'>Rango de temperatura: -40 \u00b0F a + 158 \u00b0F (-40 \u00b0C a + 70 \u00b0C)<\/li>\n<\/ul><\/div>\n<\/p><\/div>\n<div style='flex: 1 1 250px; border: 1px solid rgba(150&comma; 150&comma; 150&comma; 0.4); border-radius: 8px; overflow: hidden; display: flex; flex-direction: column;'>\n<div style='padding: 15px; border-bottom: 1px solid rgba(150&comma; 150&comma; 150&comma; 0.2); font-weight: bold; font-size: 18px; color: inherit;'>Especificaciones<\/div>\n<div style='padding: 15px; color: inherit;'>\n<ul style='padding-left: 20px; margin: 0; font-size: 14px; list-style-type: disc;'>\n<li style='margin-bottom: 5px;'><strong>Ancho:<\/strong> 5.3&#8242;<\/li>\n<li style='margin-bottom: 5px;'><strong>Voltaje:<\/strong> 12 Vcc<\/li>\n<li style='margin-bottom: 5px;'><strong>Patr\u00f3n de destello:<\/strong> Rotativo<\/li>\n<li style='margin-bottom: 5px;'><strong>Aprobaci\u00f3n:<\/strong> SAE J845 Class I&comma; CE&comma; R10&comma; R65<\/li>\n<\/ul><\/div>\n<\/p><\/div>\n<\/p><\/div>\n<hr style='border: 0; border-top: 1px solid rgba(150&comma; 150&comma; 150&comma; 0.3); margin: 30px 0;'> <\/div>\n","protected":false},"excerpt":{"rendered":"<p>Baliza rotativa LED color ambar SAE Clase I con montaje de poste<\/p>\n","protected":false},"featured_media":52914,"comment_status":"open","ping_status":"closed","template":"","meta":[],"product_brand":[],"product_cat":[1379],"product_tag":[950,502,500],"class_list":{"0":"post-52915","1":"product","2":"type-product","3":"status-publish","4":"has-post-thumbnail","6":"product_cat-ambar-estrobos-burbujas-vehiculares","7":"product_tag-ambar","8":"product_tag-ecco","9":"product_tag-estrobos-burbujas-vehiculares","11":"first","12":"outofstock","13":"sale","14":"shipping-taxable","15":"purchasable","16":"product-type-simple"},"_links":{"self":[{"href":"https:\/\/soydeaqui.ddns.net\/pachuca\/index.php\/wp-json\/wp\/v2\/product\/52915","targetHints":{"allow":["GET"]}}],"collection":[{"href":"https:\/\/soydeaqui.ddns.net\/pachuca\/index.php\/wp-json\/wp\/v2\/product"}],"about":[{"href":"https:\/\/soydeaqui.ddns.net\/pachuca\/index.php\/wp-json\/wp\/v2\/types\/product"}],"replies":[{"embeddable":true,"href":"https:\/\/soydeaqui.ddns.net\/pachuca\/index.php\/wp-json\/wp\/v2\/comments?post=52915"}],"wp:featuredmedia":[{"embeddable":true,"href":"https:\/\/soydeaqui.ddns.net\/pachuca\/index.php\/wp-json\/wp\/v2\/media\/52914"}],"wp:attachment":[{"href":"https:\/\/soydeaqui.ddns.net\/pachuca\/index.php\/wp-json\/wp\/v2\/media?parent=52915"}],"wp:term":[{"taxonomy":"product_brand","embeddable":true,"href":"https:\/\/soydeaqui.ddns.net\/pachuca\/index.php\/wp-json\/wp\/v2\/product_brand?post=52915"},{"taxonomy":"product_cat","embeddable":true,"href":"https:\/\/soydeaqui.ddns.net\/pachuca\/index.php\/wp-json\/wp\/v2\/product_cat?post=52915"},{"taxonomy":"product_tag","embeddable":true,"href":"https:\/\/soydeaqui.ddns.net\/pachuca\/index.php\/wp-json\/wp\/v2\/product_tag?post=52915"}],"curies":[{"name":"wp","href":"https:\/\/api.w.org\/{rel}","templated":true}]}}