{"id":52869,"date":"2026-03-18T23:49:26","date_gmt":"2026-03-18T23:49:26","guid":{"rendered":"https:\/\/soydeaqui.ddns.net\/pachuca\/index.php\/producto\/baliza-led-pulse-serie-7960-sae-clase-i-color-ambar\/"},"modified":"2026-03-18T23:49:35","modified_gmt":"2026-03-18T23:49:35","slug":"baliza-led-pulse-serie-7960-sae-clase-i-color-ambar","status":"publish","type":"product","link":"https:\/\/soydeaqui.ddns.net\/pachuca\/index.php\/producto\/baliza-led-pulse-serie-7960-sae-clase-i-color-ambar\/","title":{"rendered":"Baliza LED Pulse\u00ae serie 7960 SAE Clase I color ambar"},"content":{"rendered":"<div style='width: 100%; max-width: 1200px; margin: 0 auto; font-family: sans-serif; line-height: 1.6; color: inherit; background-color: transparent;'> <!-- Secci\u00f3n de descripci\u00f3n --> <\/p>\n<div style='margin-bottom: 30px; font-size: 15px; color: inherit;'>\n<p>Las balizas LED Pulse\u00ae serie 7960 ofrecen una salida de luz SAE Clase I y operaci\u00f3n de flash doble o cu\u00e1druple combinadas con una larga vida \u00fatil sin mantenimiento y de bajo consumo de corriente&comma; haciendo de esta baliza una opci\u00f3n rentable para muchas aplicaciones.<\/p>\n<p>La base de aluminio fundido est\u00e1 recubierta contra la corrosi\u00f3n&comma; los componentes electr\u00f3nicos est\u00e1n encapsulados en epoxi para protecci\u00f3n contra el polvo&comma; la humedad y la vibraci\u00f3n&comma; mientras que la lente de policarbonato roscado permite una selecci\u00f3n f\u00e1cil del modo de flash sin herramientas (a trav\u00e9s de un microinterruptor montado en la placa de circuitos). Reemplaza f\u00e1cilmente las balizas giratorias o estrobosc\u00f3picas antiguas con la \u00faltima tecnolog\u00eda&comma; por lo que no se requiere un mantenimiento continuo.<\/p>\n<\/p><\/div>\n<p> <!-- Secci\u00f3n de caracter\u00edsticas --> <\/p>\n<div style='display: flex; flex-wrap: wrap; gap: 30px; margin-bottom: 30px;'>\n<div style='flex: 1 1 300px; min-width: 280px;'>\n<h3 style='font-size: 22px; border-bottom: 2px solid currentColor; padding-bottom: 5px; margin-top: 0; color: inherit; opacity: 0.8;'>Caracter\u00edsticas<\/h3>\n<ul style='padding-left: 20px; font-size: 15px; color: inherit;'>\n<li style='margin-bottom: 5px;'>Montaje permanente de 3 pernos<\/li>\n<li style='margin-bottom: 5px;'>Color de lente: \u00c1mbar<\/li>\n<li style='margin-bottom: 5px;'>16 LED de 3 W proporcionan una intensidad de flash sin igual<\/li>\n<li style='margin-bottom: 5px;'>11 patrones de flash con control de intensidad alta \/ baja<\/li>\n<li style='margin-bottom: 5px;'>La base de aluminio fundido est\u00e1 recubierta contra la corrosi\u00f3n y dise\u00f1ada para la vibraci\u00f3n Resistencia y disipaci\u00f3n de calor (las versiones de montaje permanente est\u00e1n rellenas con epoxi)<\/li>\n<li style='margin-bottom: 5px;'>Lente de policarbonato con rosca<\/li>\n<li style='margin-bottom: 5px;'>Polaridad inversa&comma; pico de tensi\u00f3n y protecci\u00f3n contra sobretensiones<\/li>\n<li style='margin-bottom: 5px;'>Rango de temperatura: -22 \u00b0F a + 122 \u00b0F (-30 \u00b0C a + 50 \u00b0C)<\/li>\n<\/ul><\/div>\n<\/p><\/div>\n<p> <!-- Separador --> <\/p>\n<hr style='border: 0; border-top: 1px solid rgba(150&comma; 150&comma; 150&comma; 0.3); margin: 30px 0;'> <\/div>\n","protected":false},"excerpt":{"rendered":"<p>Baliza LED Pulse\u00ae serie 7960 SAE Clase I color ambar<\/p>\n","protected":false},"featured_media":52868,"comment_status":"open","ping_status":"closed","template":"","meta":[],"product_brand":[],"product_cat":[1379],"product_tag":[950,502,500],"class_list":{"0":"post-52869","1":"product","2":"type-product","3":"status-publish","4":"has-post-thumbnail","6":"product_cat-ambar-estrobos-burbujas-vehiculares","7":"product_tag-ambar","8":"product_tag-ecco","9":"product_tag-estrobos-burbujas-vehiculares","11":"first","12":"instock","13":"sale","14":"shipping-taxable","15":"purchasable","16":"product-type-simple"},"_links":{"self":[{"href":"https:\/\/soydeaqui.ddns.net\/pachuca\/index.php\/wp-json\/wp\/v2\/product\/52869","targetHints":{"allow":["GET"]}}],"collection":[{"href":"https:\/\/soydeaqui.ddns.net\/pachuca\/index.php\/wp-json\/wp\/v2\/product"}],"about":[{"href":"https:\/\/soydeaqui.ddns.net\/pachuca\/index.php\/wp-json\/wp\/v2\/types\/product"}],"replies":[{"embeddable":true,"href":"https:\/\/soydeaqui.ddns.net\/pachuca\/index.php\/wp-json\/wp\/v2\/comments?post=52869"}],"wp:featuredmedia":[{"embeddable":true,"href":"https:\/\/soydeaqui.ddns.net\/pachuca\/index.php\/wp-json\/wp\/v2\/media\/52868"}],"wp:attachment":[{"href":"https:\/\/soydeaqui.ddns.net\/pachuca\/index.php\/wp-json\/wp\/v2\/media?parent=52869"}],"wp:term":[{"taxonomy":"product_brand","embeddable":true,"href":"https:\/\/soydeaqui.ddns.net\/pachuca\/index.php\/wp-json\/wp\/v2\/product_brand?post=52869"},{"taxonomy":"product_cat","embeddable":true,"href":"https:\/\/soydeaqui.ddns.net\/pachuca\/index.php\/wp-json\/wp\/v2\/product_cat?post=52869"},{"taxonomy":"product_tag","embeddable":true,"href":"https:\/\/soydeaqui.ddns.net\/pachuca\/index.php\/wp-json\/wp\/v2\/product_tag?post=52869"}],"curies":[{"name":"wp","href":"https:\/\/api.w.org\/{rel}","templated":true}]}}