{"id":52860,"date":"2026-03-18T23:49:06","date_gmt":"2026-03-18T23:49:06","guid":{"rendered":"https:\/\/soydeaqui.ddns.net\/pachuca\/index.php\/producto\/luz-de-trabajo-led-ultra-brillosa-1000-lumenes\/"},"modified":"2026-03-18T23:49:22","modified_gmt":"2026-03-18T23:49:22","slug":"luz-de-trabajo-led-ultra-brillosa-1000-lumenes","status":"publish","type":"product","link":"https:\/\/soydeaqui.ddns.net\/pachuca\/index.php\/producto\/luz-de-trabajo-led-ultra-brillosa-1000-lumenes\/","title":{"rendered":"Luz de trabajo LED ultra brillosa, 1000 l\u00famenes"},"content":{"rendered":"<div style='width: 100%; max-width: 1200px; margin: 0 auto; font-family: sans-serif; line-height: 1.6; color: inherit; background-color: transparent;'> <!-- Secci\u00f3n de descripci\u00f3n --> <\/p>\n<div style='margin-bottom: 30px;'>\n<h2 style='font-size: 22px; margin-top: 0; color: inherit; opacity: 0.8; border-bottom: 2px solid currentColor; padding-bottom: 5px; font-weight: bold; text-transform: uppercase; letter-spacing: 0.35px; color: #002e5e;'>Siete LED de 1 Watt<\/h2>\n<p style='font-size: 15px; margin-top: 15px; margin-bottom: 15px; color: inherit;'> La l\u00e1mpara de trabajo EW2110 ofrece una larga expectativa de vida libre de mantenimiento junto con un tama\u00f1o compacto&comma; lo que permite opciones de montaje ilimitadas para instalar y olvidar. Con 1000 l\u00famenes brutos&comma; los haces de inundaci\u00f3n brindan una cobertura efectiva y segura en el \u00e1rea de trabajo del veh\u00edculo. Con un rango de voltaje de 12 a 80&comma; estas l\u00e1mparas de trabajo satisfar\u00e1n todas las necesidades de iluminaci\u00f3n de l\u00e1mparas de trabajo de su veh\u00edculo. <\/p>\n<\/p><\/div>\n<p> <!-- Secci\u00f3n de especificaciones --> <\/p>\n<div style='display: flex; flex-wrap: wrap; gap: 20px; margin-bottom: 30px;'>\n<div style='flex: 1 1 250px; border: 1px solid rgba(150&comma; 150&comma; 150&comma; 0.4); border-radius: 8px; overflow: hidden; display: flex; flex-direction: column;'>\n<div style='padding: 15px; border-bottom: 1px solid rgba(150&comma; 150&comma; 150&comma; 0.2); font-weight: bold; font-size: 18px; color: inherit; background-color: rgba(0&comma; 0&comma; 0&comma; 0.05);'>Especificaciones<\/div>\n<div style='padding: 15px; color: inherit;'>\n<ul style='padding-left: 20px; margin: 0; font-size: 14px; list-style-type: disc; color: inherit;'>\n<li style='margin-bottom: 5px; color: inherit;'><strong style='color: inherit;'>AMPS:<\/strong> 1.8 A<\/li>\n<li style='margin-bottom: 5px; color: inherit;'><strong style='color: inherit;'>Certificaciones:<\/strong> CE&comma; R10&comma; IP67&comma; UL&comma; ROHS<\/li>\n<li style='margin-bottom: 5px; color: inherit;'><strong style='color: inherit;'>Color:<\/strong> WHITE<\/li>\n<li style='margin-bottom: 5px; color: inherit;'><strong style='color: inherit;'>Conector:<\/strong> ESTANDAR<\/li>\n<li style='margin-bottom: 5px; color: inherit;'><strong style='color: inherit;'>Profundidad:<\/strong> 2.1&#8242;<\/li>\n<li style='margin-bottom: 5px; color: inherit;'><strong style='color: inherit;'>Altura:<\/strong> 3.3&#8242;<\/li>\n<li style='margin-bottom: 5px; color: inherit;'><strong style='color: inherit;'>L\u00famenes:<\/strong> 1000<\/li>\n<li style='margin-bottom: 5px; color: inherit;'><strong style='color: inherit;'>Montaje:<\/strong> Fijo<\/li>\n<li style='margin-bottom: 5px; color: inherit;'><strong style='color: inherit;'>Voltaje:<\/strong> 12-80 Vcc<\/li>\n<li style='margin-bottom: 5px; color: inherit;'><strong style='color: inherit;'>Garant\u00eda:<\/strong> 5 YEAR<\/li>\n<li style='margin-bottom: 5px; color: inherit;'><strong style='color: inherit;'>Ancho:<\/strong> 3.3&#8242;<\/li>\n<\/ul><\/div>\n<\/p><\/div>\n<\/p><\/div>\n<p> <!-- Separador --> <\/p>\n<hr style='border: 0; border-top: 1px solid rgba(150&comma; 150&comma; 150&comma; 0.3); margin: 30px 0;'> <\/div>\n","protected":false},"excerpt":{"rendered":"<p>Luz de trabajo LED ultra brillosa, 1000 l\u00famenes<\/p>\n","protected":false},"featured_media":52859,"comment_status":"open","ping_status":"closed","template":"","meta":[],"product_brand":[],"product_cat":[1386],"product_tag":[1387,502,1371],"class_list":{"0":"post-52860","1":"product","2":"type-product","3":"status-publish","4":"has-post-thumbnail","6":"product_cat-claro","7":"product_tag-claro","8":"product_tag-ecco","9":"product_tag-luces-auxiliares-vehiculares","11":"first","12":"instock","13":"sale","14":"shipping-taxable","15":"purchasable","16":"product-type-simple"},"_links":{"self":[{"href":"https:\/\/soydeaqui.ddns.net\/pachuca\/index.php\/wp-json\/wp\/v2\/product\/52860","targetHints":{"allow":["GET"]}}],"collection":[{"href":"https:\/\/soydeaqui.ddns.net\/pachuca\/index.php\/wp-json\/wp\/v2\/product"}],"about":[{"href":"https:\/\/soydeaqui.ddns.net\/pachuca\/index.php\/wp-json\/wp\/v2\/types\/product"}],"replies":[{"embeddable":true,"href":"https:\/\/soydeaqui.ddns.net\/pachuca\/index.php\/wp-json\/wp\/v2\/comments?post=52860"}],"wp:featuredmedia":[{"embeddable":true,"href":"https:\/\/soydeaqui.ddns.net\/pachuca\/index.php\/wp-json\/wp\/v2\/media\/52859"}],"wp:attachment":[{"href":"https:\/\/soydeaqui.ddns.net\/pachuca\/index.php\/wp-json\/wp\/v2\/media?parent=52860"}],"wp:term":[{"taxonomy":"product_brand","embeddable":true,"href":"https:\/\/soydeaqui.ddns.net\/pachuca\/index.php\/wp-json\/wp\/v2\/product_brand?post=52860"},{"taxonomy":"product_cat","embeddable":true,"href":"https:\/\/soydeaqui.ddns.net\/pachuca\/index.php\/wp-json\/wp\/v2\/product_cat?post=52860"},{"taxonomy":"product_tag","embeddable":true,"href":"https:\/\/soydeaqui.ddns.net\/pachuca\/index.php\/wp-json\/wp\/v2\/product_tag?post=52860"}],"curies":[{"name":"wp","href":"https:\/\/api.w.org\/{rel}","templated":true}]}}