{"id":52833,"date":"2026-03-18T23:48:19","date_gmt":"2026-03-18T23:48:19","guid":{"rendered":"https:\/\/soydeaqui.ddns.net\/pachuca\/index.php\/producto\/alarma-de-reversa-inteligente-12-48v-77-97-dba\/"},"modified":"2026-03-18T23:48:30","modified_gmt":"2026-03-18T23:48:30","slug":"alarma-de-reversa-inteligente-12-48v-77-97-dba","status":"publish","type":"product","link":"https:\/\/soydeaqui.ddns.net\/pachuca\/index.php\/producto\/alarma-de-reversa-inteligente-12-48v-77-97-dba\/","title":{"rendered":"Alarma de Reversa Inteligente, 12-48V, 77-97 DBA"},"content":{"rendered":"<div style='width: 100%; max-width: 1200px; margin: 0 auto; font-family: sans-serif; line-height: 1.6; color: inherit; background-color: transparent;'> <!-- Descripci\u00f3n del producto --> <\/p>\n<div style='margin-bottom: 30px;'>\n<p style='font-size: 16px; color: inherit; margin-bottom: 20px;'> Smart Alarm\u00ae de ECCO fue la primera alarma de marcha atr\u00e1s autoajustable del mundo&comma; midiendo constantemente el ruido ambiental y ajustando su nivel de sonido&comma; creando un volumen que es seguro sin ser molesto ni contribuir a la contaminaci\u00f3n ac\u00fastica. Smart Alarms\u00ae elimina la necesidad de un ajuste manual constante y ayuda a prevenir la desconexi\u00f3n intencional de la alarma. El tama\u00f1o compacto y el soporte de montaje universal maximizan las opciones de ubicaci\u00f3n&comma; conexi\u00f3n a tierra autom\u00e1tica con conexiones de terminales de esp\u00e1rrago&comma; sellado con epoxi para protecci\u00f3n contra el polvo&comma; la humedad y las vibraciones. <\/p>\n<\/p><\/div>\n<p> <!-- Especificaciones --> <\/p>\n<div style='display: flex; flex-wrap: wrap; gap: 20px; margin-bottom: 30px;'>\n<div style='flex: 1 1 250px; border: 1px solid rgba(150&comma; 150&comma; 150&comma; 0.4); border-radius: 8px; overflow: hidden; display: flex; flex-direction: column;'>\n<div style='padding: 15px; border-bottom: 1px solid rgba(150&comma; 150&comma; 150&comma; 0.2); font-weight: bold; font-size: 18px; color: inherit;'>eSPECIFICACIONES<\/div>\n<div style='padding: 15px; color: inherit;'>\n<ul style='padding-left: 20px; margin: 0; font-size: 14px; list-style-type: disc;'>\n<li style='margin-bottom: 5px;'><strong>AMPS:<\/strong> 0.2<\/li>\n<li style='margin-bottom: 5px;'><strong>APROBACI\u00d3N:<\/strong> CE&comma; R10&comma; UL<\/li>\n<li style='margin-bottom: 5px;'><strong>DECIBEL:<\/strong> 77-97 DB(A)<\/li>\n<li style='margin-bottom: 5px;'><strong>PROFUNDIDAD:<\/strong> 1.6<\/li>\n<li style='margin-bottom: 5px;'><strong>ALTURA:<\/strong> 2.8<\/li>\n<li style='margin-bottom: 5px;'><strong>MONTAJE:<\/strong> 2 tornillos<\/li>\n<li style='margin-bottom: 5px;'><strong>VOLTAJE:<\/strong> 12-48 V<\/li>\n<li style='margin-bottom: 5px;'><strong>GARANT\u00cdA:<\/strong> 2 A\u00d1OS<\/li>\n<li style='margin-bottom: 5px;'><strong>ANCHO:<\/strong> 4<\/li>\n<\/ul><\/div>\n<\/p><\/div>\n<\/p><\/div>\n<\/p><\/div>\n","protected":false},"excerpt":{"rendered":"<p>Alarma de Reversa Inteligente, 12-48V, 77-97 DBA<\/p>\n","protected":false},"featured_media":52832,"comment_status":"open","ping_status":"closed","template":"","meta":[],"product_brand":[],"product_cat":[1395],"product_tag":[479,502,1393],"class_list":{"0":"post-52833","1":"product","2":"type-product","3":"status-publish","4":"has-post-thumbnail","6":"product_cat-bocinas-sirenas-bocinas-y-controladores-vehiculares","7":"product_tag-bocinas","8":"product_tag-ecco","9":"product_tag-sirenas-bocinas-y-controladores-vehiculares","11":"first","12":"outofstock","13":"sale","14":"shipping-taxable","15":"purchasable","16":"product-type-simple"},"_links":{"self":[{"href":"https:\/\/soydeaqui.ddns.net\/pachuca\/index.php\/wp-json\/wp\/v2\/product\/52833","targetHints":{"allow":["GET"]}}],"collection":[{"href":"https:\/\/soydeaqui.ddns.net\/pachuca\/index.php\/wp-json\/wp\/v2\/product"}],"about":[{"href":"https:\/\/soydeaqui.ddns.net\/pachuca\/index.php\/wp-json\/wp\/v2\/types\/product"}],"replies":[{"embeddable":true,"href":"https:\/\/soydeaqui.ddns.net\/pachuca\/index.php\/wp-json\/wp\/v2\/comments?post=52833"}],"wp:featuredmedia":[{"embeddable":true,"href":"https:\/\/soydeaqui.ddns.net\/pachuca\/index.php\/wp-json\/wp\/v2\/media\/52832"}],"wp:attachment":[{"href":"https:\/\/soydeaqui.ddns.net\/pachuca\/index.php\/wp-json\/wp\/v2\/media?parent=52833"}],"wp:term":[{"taxonomy":"product_brand","embeddable":true,"href":"https:\/\/soydeaqui.ddns.net\/pachuca\/index.php\/wp-json\/wp\/v2\/product_brand?post=52833"},{"taxonomy":"product_cat","embeddable":true,"href":"https:\/\/soydeaqui.ddns.net\/pachuca\/index.php\/wp-json\/wp\/v2\/product_cat?post=52833"},{"taxonomy":"product_tag","embeddable":true,"href":"https:\/\/soydeaqui.ddns.net\/pachuca\/index.php\/wp-json\/wp\/v2\/product_tag?post=52833"}],"curies":[{"name":"wp","href":"https:\/\/api.w.org\/{rel}","templated":true}]}}