{"id":52822,"date":"2026-03-18T23:47:59","date_gmt":"2026-03-18T23:47:59","guid":{"rendered":"https:\/\/soydeaqui.ddns.net\/pachuca\/index.php\/producto\/barra-de-luces-axios-de-39-color-rojo-azul-con-luces-led-de-penetracion-y-2-luces-led-callejoneras\/"},"modified":"2026-03-18T23:48:00","modified_gmt":"2026-03-18T23:48:00","slug":"barra-de-luces-axios-de-39-color-rojo-azul-con-luces-led-de-penetracion-y-2-luces-led-callejoneras","status":"publish","type":"product","link":"https:\/\/soydeaqui.ddns.net\/pachuca\/index.php\/producto\/barra-de-luces-axios-de-39-color-rojo-azul-con-luces-led-de-penetracion-y-2-luces-led-callejoneras\/","title":{"rendered":"Barra de luces AXIOS de 39&#8243; color Rojo\/Azul con luces LED de penetraci\u00f3n y 2 luces LED callejoneras"},"content":{"rendered":"<div style='width: 100%; max-width: 1200px; margin: 0 auto; font-family: sans-serif; line-height: 1.6; color: inherit; background-color: transparent;'> <!-- Secci\u00f3n de descripci\u00f3n --> <\/p>\n<div style='margin-bottom: 30px;'>\n<h2 style='font-size: 24px; margin-top: 0; color: inherit; opacity: 0.9;'>Barra de luces AXIOS Ultra Brillante<\/h2>\n<p>El revolucionario sistema de barra de luces LED Axios\u00ae modular lleva la seguridad y el rendimiento en el trabajo a un nuevo nivel. Elija entre siete de alto rendimiento.<\/p>\n<p>Opciones de iluminaci\u00f3n LED con tecnolog\u00eda exclusiva DropLock \u2122 que ofrecen una colocaci\u00f3n simple de bloqueo por giro pr\u00e1cticamente en cualquier lugar de la barra. El sistema Axios le permite dise\u00f1ar&comma; construir e implementar la soluci\u00f3n definitiva de luz de advertencia.<\/p>\n<p>La conveniencia sin herramientas hace que construir&comma; reconfigurar o actualizar su barra de luces sea r\u00e1pida y f\u00e1cil.<\/p>\n<\/p><\/div>\n<p> <!-- Secci\u00f3n de configuraci\u00f3n --> <\/p>\n<div style='margin-bottom: 30px;'>\n<h3 style='font-size: 22px; border-bottom: 2px solid currentColor; padding-bottom: 5px; margin-top: 0; color: inherit; opacity: 0.8;'>Configuraci\u00f3n<\/h3>\n<p style='margin-bottom: 15px;'><strong>1 m\u00f3dulos delantero con 6 leds en color rojo y 1 m\u00f3dulos delantero con 6 leds en color azul&comma;<\/strong> 2 m\u00f3dulos delanteros con 4 leds c\/u en color blanco como luz de penetraci\u00f3n&comma; 2 m\u00f3dulos traseros con 6 leds c\/u en color rojo y 2 m\u00f3dulos traseros con 6 leds c\/u en color azul&comma; 2 m\u00f3dulos con 4 leds c\/u en color blanco como callejonera&comma; 2 m\u00f3dulos esquineros con 6 leds c\/u en color Rojo y 2 m\u00f3dulos esquineros con 6 leds c\/u en color azul.<\/p>\n<\/p><\/div>\n<p> <!-- Secci\u00f3n de caracter\u00edsticas principales --> <\/p>\n<div style='margin-bottom: 30px;'>\n<h3 style='font-size: 22px; border-bottom: 2px solid currentColor; padding-bottom: 5px; margin-top: 0; color: inherit; opacity: 0.8;'>Caracter\u00edsticas principales<\/h3>\n<ul style='padding-left: 20px; font-size: 15px; color: inherit;'>\n<li style='margin-bottom: 5px;'>48 patrones de destello<\/li>\n<li style='margin-bottom: 5px;'><strong>Director de tr\u00e1fico (Interconstruido Rojo\/Azul)<\/strong><\/li>\n<li style='margin-bottom: 5px;'>M\u00f3dulos con tecnolog\u00eda ICE para mayor visibilidad de luz<\/li>\n<li style='margin-bottom: 5px;'>Completamente configurable<\/li>\n<li style='margin-bottom: 5px;'>Luces de Penetraci\u00f3n<\/li>\n<li style='margin-bottom: 5px;'>Luces Callejoneras<\/li>\n<li style='margin-bottom: 5px;'>Chasis de aluminio<\/li>\n<li style='margin-bottom: 5px;'>Domos y base de policarbonato<\/li>\n<li style='margin-bottom: 5px;'>64 LEDs \u00faltima generaci\u00f3n<\/li>\n<li style='margin-bottom: 5px;'>Longitud 48&#8217;&comma; Altura 2.5\u201d y Ancho 11\u201d<\/li>\n<li style='margin-bottom: 5px;'>Rango de temperatura: -30 a 50 \u00b0C<\/li>\n<li style='margin-bottom: 5px;'>Montaje de gancho<\/li>\n<li style='margin-bottom: 5px;'><strong>Incluye controlador<\/strong><\/li>\n<\/ul><\/div>\n<p> <!-- Secci\u00f3n de especificaciones t\u00e9cnicas --> <\/p>\n<div style='margin-bottom: 30px;'>\n<h3 style='font-size: 22px; border-bottom: 2px solid currentColor; padding-bottom: 5px; margin-top: 0; color: inherit; opacity: 0.8;'>Especificaciones T\u00e9cnicas<\/h3>\n<ul style='padding-left: 20px; font-size: 15px; color: inherit;'>\n<li style='margin-bottom: 5px;'><strong>Voltaje:<\/strong> 12-24 Vcc<\/li>\n<li style='margin-bottom: 5px;'><strong>Consumo:<\/strong> 11 Amp<\/li>\n<li style='margin-bottom: 5px;'><strong>Dimensiones:<\/strong> 48&#8242; x 4.2&#8242; x 11&#8242; (Ancho x Altura x Profundidad)<\/li>\n<\/ul><\/div>\n<p> <!-- Secci\u00f3n de Vantage --> <\/p>\n<div style='margin-bottom: 30px;'>\n<h3 style='font-size: 22px; border-bottom: 2px solid currentColor; padding-bottom: 5px; margin-top: 0; color: inherit; opacity: 0.8;'>VTG48 Series Vantage\u00ae<\/h3>\n<p>Barra de luces LED SAE clase I. Las barras de luz de la serie VTG48 son dispositivos de advertencia vers\u00e1tiles y potentes&comma; adecuados para una variedad de tipos de veh\u00edculos y funciones. Con bases en blanco o negro&comma; la vtg48 ofrece una opci\u00f3n elegante y est\u00e9ticamente agradable para una variedad de veh\u00edculos comerciales y oficiales.<\/p>\n<p>Las barras de luz pueden montarse permanentemente en el veh\u00edculo o montarse con un kit de montaje en el techo opcional. La serie VTG48 presenta un chasis de aluminio duradero&comma; una base de policarbonato y una lente&comma; y tiene un perfil elegante y de bajo perfil&comma; adecuado para muchas aplicaciones de veh\u00edculos.<\/p>\n<p>La serie VTG48 admite tres tipos diferentes de m\u00f3dulos LED (opcional): m\u00f3dulos de advertencia&comma; m\u00f3dulos de frenado&comma; luz de los cuartos-direccionales (Stop-Tail-Turn) y m\u00f3dulos White Callejonera (Alley) \/ Penetraci\u00f3n (Takedown) \/ Luz de trabajo (Worklight).<\/p>\n<\/p><\/div>\n<p> <!-- Secci\u00f3n de caracter\u00edsticas adicionales --> <\/p>\n<div style='margin-bottom: 30px;'>\n<h3 style='font-size: 22px; border-bottom: 2px solid currentColor; padding-bottom: 5px; margin-top: 0; color: inherit; opacity: 0.8;'>Caracter\u00edsticas adicionales<\/h3>\n<ul style='padding-left: 20px; font-size: 15px; color: inherit;'>\n<li style='margin-bottom: 5px;'>Luces LED SAE clase I<\/li>\n<li style='margin-bottom: 5px;'>Director de tr\u00e1fico de seguridad integrado<\/li>\n<li style='margin-bottom: 5px;'>El difusor LED (ICE OPTICS \u00ae) ofrece una apariencia m\u00e1s brillante para una mejor visibilidad<\/li>\n<li style='margin-bottom: 5px;'>48 patrones de destello de barra est\u00e1ndar y 11 patrones de destello del director de seguridad<\/li>\n<li style='margin-bottom: 5px;'>Opciones de color rojo&comma; rojo\/ azul&comma; rojo\/ azul\/ \u00e1mbar<\/li>\n<li style='margin-bottom: 5px;'>Configuraciones personalizables con un plazo de entrega de 2-3 d\u00edas (FoB: Boise ID)<\/li>\n<li style='margin-bottom: 5px;'>Cuatro opciones de longitud: 48 &#8216;&comma; 54&#8217;&comma; 60 &#8216;y 72&#8217;<\/li>\n<li style='margin-bottom: 5px;'>Siete configuraciones de chasis est\u00e1ndar<\/li>\n<li style='margin-bottom: 5px;'>Base blanca (opcional)<\/li>\n<li style='margin-bottom: 5px;'>Chasis de aluminio&comma; base de policarbonato y lente<\/li>\n<li style='margin-bottom: 5px;'>Altura: 2.5 &#8216;&comma; ancho: 11&#8217;<\/li>\n<li style='margin-bottom: 5px;'>Rango de temperatura: -22 \u00b0F a + 122 \u00b0F (-30 \u00b0C a + 50 \u00b0C)<\/li>\n<li style='margin-bottom: 5px;'>Controlador en cabina (plug &#038; play) con funciones de director de seguridad visual (incluido)<\/li>\n<\/ul><\/div>\n<p> <!-- Secci\u00f3n de gu\u00eda de s\u00edmbolos --> <\/p>\n<div style='margin-bottom: 30px;'>\n<h3 style='font-size: 22px; border-bottom: 2px solid currentColor; padding-bottom: 5px; margin-top: 0; color: inherit; opacity: 0.8;'>Gu\u00eda de S\u00edmbolos \/ Caracter\u00edsticas<\/h3>\n<ul style='padding-left: 20px; font-size: 15px; color: inherit;'>\n<li style='margin-bottom: 5px;'>M\u00f3dulos de advertencia LED (opcional)<\/li>\n<li style='margin-bottom: 5px;'>Stop-Tail-Turn &#8211; Par de luces de se\u00f1alizaci\u00f3n LED auxiliares de alto nivel orientadas hacia atr\u00e1s<\/li>\n<li style='margin-bottom: 5px;'>L\u00e1mparas de trabajo &#8211; Par de l\u00e1mparas de trabajo LED orientadas hacia atr\u00e1s (blanco)<\/li>\n<li style='margin-bottom: 5px;'>Alley Lights &#8211; Par de luces de callej\u00f3n LED orientadas hacia ambos lados (en color blanco)<\/li>\n<\/ul><\/div>\n<p> <!-- Secci\u00f3n de im\u00e1genes --> <\/p>\n<div style='margin-bottom: 30px;'>\n<h3 style='font-size: 22px; border-bottom: 2px solid currentColor; padding-bottom: 5px; margin-top: 0; color: inherit; opacity: 0.8;'>Documentaci\u00f3n<\/h3>\n<div style='display: flex; flex-wrap: wrap; gap: 15px; margin-top: 15px;'>\n<div style='flex: 1 1 300px; min-width: 280px;'> <img style='width: 100%; height: auto; border: 1px solid rgba(150&comma;150&comma;150&comma;0.3); border-radius: 8px;' src='http:\/\/172.31.13.99\/usuarios\/sapodaca\/ECCO\/Dim%20Vantage.JPG' alt=''> <\/div>\n<div style='flex: 1 1 300px; min-width: 280px;'> <img style='width: 100%; height: auto; border: 1px solid rgba(150&comma;150&comma;150&comma;0.3); border-radius: 8px;' src='https:\/\/ftp3.syscom.mx\/usuarios\/ftp\/web_img\/VANTAGE.jpg' alt=''> <\/div>\n<\/p><\/div>\n<\/p><\/div>\n<p> <!-- Secci\u00f3n de video --> <\/p>\n<div style='margin-bottom: 30px;'>\n<div style='position: relative; padding-bottom: 56.25%; height: 0; overflow: hidden; margin-bottom: 30px;'>   <\/div>\n<\/p><\/div>\n<\/p><\/div>\n","protected":false},"excerpt":{"rendered":"<p>Barra de luces AXIOS de 39&#8243; color Rojo\/Azul con luces LED de penetraci\u00f3n y 2 luces LED callejoneras<\/p>\n","protected":false},"featured_media":52821,"comment_status":"open","ping_status":"closed","template":"","meta":[],"product_brand":[],"product_cat":[1358],"product_tag":[1356,502,1359],"class_list":{"0":"post-52822","1":"product","2":"type-product","3":"status-publish","4":"has-post-thumbnail","6":"product_cat-rojo-azul","7":"product_tag-barras-de-luz-torretas-vehiculares","8":"product_tag-ecco","9":"product_tag-rojo-azul","11":"first","12":"outofstock","13":"sale","14":"shipping-taxable","15":"purchasable","16":"product-type-simple"},"_links":{"self":[{"href":"https:\/\/soydeaqui.ddns.net\/pachuca\/index.php\/wp-json\/wp\/v2\/product\/52822","targetHints":{"allow":["GET"]}}],"collection":[{"href":"https:\/\/soydeaqui.ddns.net\/pachuca\/index.php\/wp-json\/wp\/v2\/product"}],"about":[{"href":"https:\/\/soydeaqui.ddns.net\/pachuca\/index.php\/wp-json\/wp\/v2\/types\/product"}],"replies":[{"embeddable":true,"href":"https:\/\/soydeaqui.ddns.net\/pachuca\/index.php\/wp-json\/wp\/v2\/comments?post=52822"}],"wp:featuredmedia":[{"embeddable":true,"href":"https:\/\/soydeaqui.ddns.net\/pachuca\/index.php\/wp-json\/wp\/v2\/media\/52821"}],"wp:attachment":[{"href":"https:\/\/soydeaqui.ddns.net\/pachuca\/index.php\/wp-json\/wp\/v2\/media?parent=52822"}],"wp:term":[{"taxonomy":"product_brand","embeddable":true,"href":"https:\/\/soydeaqui.ddns.net\/pachuca\/index.php\/wp-json\/wp\/v2\/product_brand?post=52822"},{"taxonomy":"product_cat","embeddable":true,"href":"https:\/\/soydeaqui.ddns.net\/pachuca\/index.php\/wp-json\/wp\/v2\/product_cat?post=52822"},{"taxonomy":"product_tag","embeddable":true,"href":"https:\/\/soydeaqui.ddns.net\/pachuca\/index.php\/wp-json\/wp\/v2\/product_tag?post=52822"}],"curies":[{"name":"wp","href":"https:\/\/api.w.org\/{rel}","templated":true}]}}