{"id":52772,"date":"2026-03-18T23:46:24","date_gmt":"2026-03-18T23:46:24","guid":{"rendered":"https:\/\/soydeaqui.ddns.net\/pachuca\/index.php\/producto\/luz-led-de-advertencia-peatonal-de-punto-azul-para-montacargas-y-vehiculos\/"},"modified":"2026-03-18T23:46:42","modified_gmt":"2026-03-18T23:46:42","slug":"luz-led-de-advertencia-peatonal-de-punto-azul-para-montacargas-y-vehiculos","status":"publish","type":"product","link":"https:\/\/soydeaqui.ddns.net\/pachuca\/index.php\/producto\/luz-led-de-advertencia-peatonal-de-punto-azul-para-montacargas-y-vehiculos\/","title":{"rendered":"Luz LED de advertencia peatonal de punto azul para montacargas y vehiculos"},"content":{"rendered":"<div style='width: 100%; max-width: 1200px; margin: 0 auto; font-family: sans-serif; line-height: 1.6; color: inherit; background-color: transparent;'>\n<div style='display: flex; flex-wrap: wrap; gap: 30px; margin-bottom: 30px;'>\n<div style='flex: 1 1 300px; min-width: 280px;'>\n<h3 style='font-size: 22px; border-bottom: 2px solid currentColor; padding-bottom: 5px; margin-top: 0; color: inherit; opacity: 0.8;'>LUZ PREVENTIVA PARA MONTACARGAS SERIE EW2002<\/h3>\n<p style='font-size: 15px; color: inherit; margin-bottom: 15px;'>Esta luz est\u00e1 destinada a complementar una luz de advertencia de 360\u00ba proyectando un punto de advertencia azul en el suelo&comma; en la parte delantera o trasera del veh\u00edculo. Esta caracter\u00edstica de seguridad adicional es especialmente \u00fatil cuando hay rincones ciegos (es decir&comma; estanter\u00edas de almacenes) y es probable que la vean peatones que no prestan mucha atenci\u00f3n a su entorno.<\/p>\n<div style='margin-top: 20px;'>\n<h4 style='font-size: 18px; margin-top: 0; margin-bottom: 10px; color: inherit; opacity: 0.9;'>Caracter\u00edsticas<\/h4>\n<ul style='padding-left: 20px; font-size: 15px; color: inherit; list-style-type: disc;'>\n<li style='margin-bottom: 5px;'>Lente de policarbonato<\/li>\n<li style='margin-bottom: 5px;'>Carcasa de aluminio<\/li>\n<li style='margin-bottom: 5px;'>Protecci\u00f3n IP67<\/li>\n<li style='margin-bottom: 5px;'>Resistente a da\u00f1os por impacto y vibraci\u00f3n<\/li>\n<li style='margin-bottom: 5px;'>3 A\u00f1os de garant\u00eda<\/li>\n<\/ul><\/div>\n<div style='margin-top: 20px;'>\n<h4 style='font-size: 18px; margin-top: 0; margin-bottom: 10px; color: inherit; opacity: 0.9;'>Especificaciones t\u00e9cnicas<\/h4>\n<ul style='padding-left: 20px; font-size: 15px; color: inherit; list-style-type: disc;'>\n<li style='margin-bottom: 5px;'><strong>Voltaje:<\/strong> 12 &#8211; 80 Vcc<\/li>\n<li style='margin-bottom: 5px;'><strong>Consumo:<\/strong> 1 Amp m\u00e1x<\/li>\n<li style='margin-bottom: 5px;'><strong>Dimensiones:<\/strong> 4.7&#8242; x 4.1&#8242; x 2.6&#8242; (Ancho x Alto x Profundidad)<\/li>\n<\/ul><\/div>\n<\/p><\/div>\n<div style='flex: 1 1 300px; min-width: 280px; display: flex; flex-direction: column; gap: 15px;'> <img style='width: 100%; height: auto; border: 1px solid rgba(150&comma;150&comma;150&comma;0.3); border-radius: 8px;' src='http:\/\/ftp3.syscom.mx\/usuarios\/abelg\/ECCO\/ew2002b.JPG' alt=''> <img style='width: 100%; height: auto; border: 1px solid rgba(150&comma;150&comma;150&comma;0.3); border-radius: 8px;' src='http:\/\/ftp3.syscom.mx\/usuarios\/abelg\/ECCO\/ew2002b2.JPG' alt=''> <img style='width: 100%; height: auto; border: 1px solid rgba(150&comma;150&comma;150&comma;0.3); border-radius: 8px;' src='http:\/\/ftp3.syscom.mx\/usuarios\/abelg\/ECCO\/ew2002b3.JPG' alt=''> <\/div>\n<\/p><\/div>\n<\/p><\/div>\n","protected":false},"excerpt":{"rendered":"<p>Luz LED de advertencia peatonal de punto azul para montacargas y vehiculos<\/p>\n","protected":false},"featured_media":52771,"comment_status":"open","ping_status":"closed","template":"","meta":[],"product_brand":[],"product_cat":[1378],"product_tag":[502,1371,1359],"class_list":{"0":"post-52772","1":"product","2":"type-product","3":"status-publish","4":"has-post-thumbnail","6":"product_cat-rojo-azul-luces-auxiliares-vehiculares","7":"product_tag-ecco","8":"product_tag-luces-auxiliares-vehiculares","9":"product_tag-rojo-azul","11":"first","12":"instock","13":"sale","14":"shipping-taxable","15":"purchasable","16":"product-type-simple"},"_links":{"self":[{"href":"https:\/\/soydeaqui.ddns.net\/pachuca\/index.php\/wp-json\/wp\/v2\/product\/52772","targetHints":{"allow":["GET"]}}],"collection":[{"href":"https:\/\/soydeaqui.ddns.net\/pachuca\/index.php\/wp-json\/wp\/v2\/product"}],"about":[{"href":"https:\/\/soydeaqui.ddns.net\/pachuca\/index.php\/wp-json\/wp\/v2\/types\/product"}],"replies":[{"embeddable":true,"href":"https:\/\/soydeaqui.ddns.net\/pachuca\/index.php\/wp-json\/wp\/v2\/comments?post=52772"}],"wp:featuredmedia":[{"embeddable":true,"href":"https:\/\/soydeaqui.ddns.net\/pachuca\/index.php\/wp-json\/wp\/v2\/media\/52771"}],"wp:attachment":[{"href":"https:\/\/soydeaqui.ddns.net\/pachuca\/index.php\/wp-json\/wp\/v2\/media?parent=52772"}],"wp:term":[{"taxonomy":"product_brand","embeddable":true,"href":"https:\/\/soydeaqui.ddns.net\/pachuca\/index.php\/wp-json\/wp\/v2\/product_brand?post=52772"},{"taxonomy":"product_cat","embeddable":true,"href":"https:\/\/soydeaqui.ddns.net\/pachuca\/index.php\/wp-json\/wp\/v2\/product_cat?post=52772"},{"taxonomy":"product_tag","embeddable":true,"href":"https:\/\/soydeaqui.ddns.net\/pachuca\/index.php\/wp-json\/wp\/v2\/product_tag?post=52772"}],"curies":[{"name":"wp","href":"https:\/\/api.w.org\/{rel}","templated":true}]}}