{"id":52757,"date":"2026-03-18T23:45:56","date_gmt":"2026-03-18T23:45:56","guid":{"rendered":"https:\/\/soydeaqui.ddns.net\/pachuca\/index.php\/producto\/luz-para-interior-led-circular-5-5-12-24-vcc-blanca\/"},"modified":"2026-03-18T23:45:56","modified_gmt":"2026-03-18T23:45:56","slug":"luz-para-interior-led-circular-5-5-12-24-vcc-blanca","status":"publish","type":"product","link":"https:\/\/soydeaqui.ddns.net\/pachuca\/index.php\/producto\/luz-para-interior-led-circular-5-5-12-24-vcc-blanca\/","title":{"rendered":"Luz para Interior LED Circular, 5.5&#8243;, 12-24 Vcc, blanca"},"content":{"rendered":"<div style='width: 100%; max-width: 1200px; margin: 0 auto; font-family: sans-serif; line-height: 1.6; color: inherit; background-color: transparent;'> <!-- Descripci\u00f3n principal --> <\/p>\n<div style='margin-bottom: 30px;'>\n<p style='font-size: 16px; margin: 0 0 20px; color: inherit;'> Estas luces de cortes\u00eda circulares conmutadas de 5&comma;5&#8242; son perfectas para la iluminaci\u00f3n del compartimiento de pasajeros&comma; la cabina dormitorio y el compartimiento interior peque\u00f1o. <\/p>\n<\/p><\/div>\n<p> <!-- Especificaciones --> <\/p>\n<div style='display: flex; flex-wrap: wrap; gap: 20px; margin-bottom: 30px;'>\n<div style='flex: 1 1 250px; border: 1px solid rgba(150&comma; 150&comma; 150&comma; 0.4); border-radius: 8px; overflow: hidden; display: flex; flex-direction: column;'>\n<div style='padding: 15px; border-bottom: 1px solid rgba(150&comma; 150&comma; 150&comma; 0.2); font-weight: bold; font-size: 18px; color: inherit; background-color: rgba(200&comma; 200&comma; 200&comma; 0.1);'>ESPECIFICACIONES<\/div>\n<div style='padding: 15px; color: inherit;'>\n<ul style='padding-left: 20px; margin: 0; font-size: 14px; list-style-type: disc;'>\n<li style='margin-bottom: 8px;'><strong>AMPS:<\/strong> 0.4A<\/li>\n<li style='margin-bottom: 8px;'><strong>CERTIFICACIONES:<\/strong> CE&comma; ROHS<\/li>\n<li style='margin-bottom: 8px;'><strong>PROFUNDIDAD:<\/strong> 0.7&#8242;<\/li>\n<li style='margin-bottom: 8px;'><strong>LUMENES:<\/strong> 425<\/li>\n<li style='margin-bottom: 8px;'><strong>MONTAJE:<\/strong> Fijo<\/li>\n<li style='margin-bottom: 8px;'><strong>VOLTAJE:<\/strong> 12-24 Vcc<\/li>\n<li style='margin-bottom: 8px;'><strong>GARANTIA:<\/strong> 5 A\u00d1OS<\/li>\n<li style='margin-bottom: 8px;'><strong>ANCHO:<\/strong> 5.5&#8242;<\/li>\n<\/ul><\/div>\n<\/p><\/div>\n<\/p><\/div>\n<p> <!-- Separador --> <\/p>\n<hr style='border: 0; border-top: 1px solid rgba(150&comma; 150&comma; 150&comma; 0.3); margin: 30px 0;'> <\/div>\n","protected":false},"excerpt":{"rendered":"<p>Luz para Interior LED Circular, 5.5&#8243;, 12-24 Vcc, blanca<\/p>\n","protected":false},"featured_media":52756,"comment_status":"open","ping_status":"closed","template":"","meta":[],"product_brand":[],"product_cat":[1365],"product_tag":[1366,502,1367],"class_list":{"0":"post-52757","1":"product","2":"type-product","3":"status-publish","4":"has-post-thumbnail","6":"product_cat-ver-todas","7":"product_tag-barras-de-luz-para-interior-vehiculares","8":"product_tag-ecco","9":"product_tag-ver-todas","11":"first","12":"instock","13":"sale","14":"shipping-taxable","15":"purchasable","16":"product-type-simple"},"_links":{"self":[{"href":"https:\/\/soydeaqui.ddns.net\/pachuca\/index.php\/wp-json\/wp\/v2\/product\/52757","targetHints":{"allow":["GET"]}}],"collection":[{"href":"https:\/\/soydeaqui.ddns.net\/pachuca\/index.php\/wp-json\/wp\/v2\/product"}],"about":[{"href":"https:\/\/soydeaqui.ddns.net\/pachuca\/index.php\/wp-json\/wp\/v2\/types\/product"}],"replies":[{"embeddable":true,"href":"https:\/\/soydeaqui.ddns.net\/pachuca\/index.php\/wp-json\/wp\/v2\/comments?post=52757"}],"wp:featuredmedia":[{"embeddable":true,"href":"https:\/\/soydeaqui.ddns.net\/pachuca\/index.php\/wp-json\/wp\/v2\/media\/52756"}],"wp:attachment":[{"href":"https:\/\/soydeaqui.ddns.net\/pachuca\/index.php\/wp-json\/wp\/v2\/media?parent=52757"}],"wp:term":[{"taxonomy":"product_brand","embeddable":true,"href":"https:\/\/soydeaqui.ddns.net\/pachuca\/index.php\/wp-json\/wp\/v2\/product_brand?post=52757"},{"taxonomy":"product_cat","embeddable":true,"href":"https:\/\/soydeaqui.ddns.net\/pachuca\/index.php\/wp-json\/wp\/v2\/product_cat?post=52757"},{"taxonomy":"product_tag","embeddable":true,"href":"https:\/\/soydeaqui.ddns.net\/pachuca\/index.php\/wp-json\/wp\/v2\/product_tag?post=52757"}],"curies":[{"name":"wp","href":"https:\/\/api.w.org\/{rel}","templated":true}]}}