{"id":52743,"date":"2026-03-18T23:45:30","date_gmt":"2026-03-18T23:45:30","guid":{"rendered":"https:\/\/soydeaqui.ddns.net\/pachuca\/index.php\/producto\/localizador-vehicular-3g-lectura-de-obd-combustible-temperatura-rpm-ideal-para-vehiculos-ligeros-anti-jammer-conexion-rapida-con-arnesobd\/"},"modified":"2026-03-18T23:45:41","modified_gmt":"2026-03-18T23:45:41","slug":"localizador-vehicular-3g-lectura-de-obd-combustible-temperatura-rpm-ideal-para-vehiculos-ligeros-anti-jammer-conexion-rapida-con-arnesobd","status":"publish","type":"product","link":"https:\/\/soydeaqui.ddns.net\/pachuca\/index.php\/producto\/localizador-vehicular-3g-lectura-de-obd-combustible-temperatura-rpm-ideal-para-vehiculos-ligeros-anti-jammer-conexion-rapida-con-arnesobd\/","title":{"rendered":"Localizador Vehicular 3G \/ Lectura de OBD (Combustible, Temperatura, RPM) \/ Ideal para Vehiculos Ligeros \/ Anti Jammer \/ Conexi\u00f3n rapida con ARNESOBD"},"content":{"rendered":"<div style='width: 100%; max-width: 1200px; margin: 0 auto; font-family: sans-serif; line-height: 1.6; color: inherit; background-color: transparent;'> <!-- Imagen parallax --> <\/p>\n<div style='width: 100%; height: 0; padding-bottom: 56.25%; position: relative; overflow: hidden; border-radius: 10px; margin-bottom: 30px;'>\n<div style='position: absolute; top: 0; left: 0; width: 100%; height: 100%; background-image: url(https:\/\/ftp3.syscom.mx\/usuarios\/fotos\/TCO4LCV3G\/161368-traffic-1772399_1920.jpg); background-position: center; background-repeat: no-repeat; background-size: contain;'><\/div>\n<p> <img style='width: 50%; height: auto; position: absolute; top: 50%; left: 50%; transform: translate(-50%&comma; -50%); opacity: 0;' src='https:\/\/ftp3.syscom.mx\/usuarios\/ftp\/single_page\/kenwood_nx3000\/img_fondo_logos.png' alt='Logo overlay'> <\/div>\n<p> <!-- Descripci\u00f3n principal --> <\/p>\n<div style='margin-bottom: 30px;'>\n<h2 style='font-size: 28px; font-weight: bold; text-align: center; color: inherit; margin-top: 0; margin-bottom: 20px;'>Dise\u00f1ado Para Vehiculos Ligeros<\/h2>\n<p style='font-size: 16px; color: inherit; margin-bottom: 15px;'>El rastreador GPS FM-Tco4 LCV est\u00e1 especialmente dise\u00f1ado para veh\u00edculos comerciales livianos.<\/p>\n<p style='font-size: 16px; color: inherit; margin-bottom: 15px;'>FM-Tco4 LCV es un rastreador de veh\u00edculos de alto rendimiento&comma; que puede leer datos espec\u00edficos del fabricante a trav\u00e9s del puerto OBDII. Tambi\u00e9n puede leer datos de CANbus (LCV)&comma; tiene interfaces RS232 \/ RS485 y funciona con redes 2G y 3G. El proceso de instalaci\u00f3n de FM-Tco4 LCV es r\u00e1pido y simple cuando se realiza con el arn\u00e9s OBDII(ARNESOBD NO INCLUIDO). Construido de acuerdo con altos est\u00e1ndares profesionales&comma; el FM-Tco4 LCV viene con una tasa de calidad del 99.9%<\/p>\n<\/p><\/div>\n<p> <!-- Caracter\u00edsticas principales --> <\/p>\n<div style='margin-bottom: 30px;'>\n<h3 style='font-size: 24px; border-bottom: 2px solid currentColor; padding-bottom: 5px; margin-top: 0; color: inherit; opacity: 0.8;'>Caracter\u00edsticas<\/h3>\n<ul style='padding-left: 20px; font-size: 15px; color: inherit; list-style-type: disc;'>\n<li style='margin-bottom: 5px;'>GSM (2G) y conectividad UMTS (3G)<\/li>\n<li style='margin-bottom: 5px;'>Lectura CANbus (LCV)<\/li>\n<li style='margin-bottom: 5px;'>Par\u00e1metros v\u00eda puerto OBDII<\/li>\n<li style='margin-bottom: 5px;'>Antena externa<\/li>\n<li style='margin-bottom: 5px;'>Bater\u00eda integrada (Duraci\u00f3n depende de la programaci\u00f3n aplicada)<\/li>\n<li style='margin-bottom: 5px;'>2x RS232<\/li>\n<li style='margin-bottom: 5px;'>1x RS485<\/li>\n<li style='margin-bottom: 5px;'>4x entradas digitales<\/li>\n<li style='margin-bottom: 5px;'>2x entradas anal\u00f3gicas<\/li>\n<li style='margin-bottom: 5px;'>2x salidas digitales<\/li>\n<li style='margin-bottom: 5px;'>Interfaz de 1 Wire<\/li>\n<li style='margin-bottom: 5px;'>Cobector Mini USB<\/li>\n<li style='margin-bottom: 5px;'>3 LEDs indicadores de estados<\/li>\n<li style='margin-bottom: 5px;'>Modos de sue\u00f1o y sue\u00f1o profundo<\/li>\n<li style='margin-bottom: 5px;'>Aceler\u00f3metro<\/li>\n<li style='margin-bottom: 5px;'>Fuente de alimentaci\u00f3n 10 a 32 V DC<\/li>\n<li style='margin-bottom: 5px;'>Comandos y configuraci\u00f3n v\u00eda SMS<\/li>\n<li style='margin-bottom: 5px;'>Detecci\u00f3n de interferencia<\/li>\n<li style='margin-bottom: 5px;'>Tama\u00f1o 111 x 75 x 25 mm<\/li>\n<li style='margin-bottom: 5px;'><strong>2 a\u00f1os de garant\u00eda<\/strong><\/li>\n<li style='margin-bottom: 5px;'><strong>Cable de programaci\u00f3n no incluido<\/strong><\/li>\n<\/ul><\/div>\n<p> <!-- Segunda imagen parallax --> <\/p>\n<div style='width: 100%; height: 0; padding-bottom: 56.25%; position: relative; overflow: hidden; border-radius: 10px; margin-bottom: 30px;'>\n<div style='position: absolute; top: 0; left: 0; width: 100%; height: 100%; background-image: url(https:\/\/ftp3.syscom.mx\/usuarios\/fotos\/TCO4LCV3G\/161368-consumo-combustible-carretera-ciudad-5.jpg); background-position: center; background-repeat: no-repeat; background-size: cover;'><\/div>\n<p> <img style='width: 50%; height: auto; position: absolute; top: 50%; left: 50%; transform: translate(-50%&comma; -50%); opacity: 0;' src='https:\/\/ftp3.syscom.mx\/usuarios\/ftp\/single_page\/kenwood_nx3000\/img_fondo_logos.png' alt='Logo overlay'> <\/div>\n<p> <!-- Imagen de especificaciones --> <\/p>\n<div style='margin-bottom: 30px;'> <img style='width: 100%; height: auto; border: 1px solid rgba(150&comma;150&comma;150&comma;0.3); border-radius: 8px;' src='https:\/\/ftp3.syscom.mx\/usuarios\/fotos\/TCO4LCV3G\/161368-imagen3.jpg' alt='Imagen del producto'> <\/div>\n<p> <!-- Secci\u00f3n de especificaciones en grid --> <\/p>\n<div style='display: grid; grid-template-columns: repeat(auto-fit&comma; minmax(280px&comma; 1fr)); gap: 20px; margin-bottom: 30px;'> <!-- Especificaciones 1 --> <\/p>\n<div style='border: 1px solid rgba(150&comma; 150&comma; 150&comma; 0.4); border-radius: 8px; overflow: hidden; display: flex; flex-direction: column;'>\n<div style='padding: 15px; border-bottom: 1px solid rgba(150&comma; 150&comma; 150&comma; 0.2); font-weight: bold; font-size: 18px; color: inherit;'>Especificaciones<\/div>\n<div style='padding: 15px; color: inherit;'>\n<ul style='padding-left: 20px; margin: 0; font-size: 14px; list-style-type: disc;'>\n<li style='margin-bottom: 5px;'>Antenas GSM interna<\/li>\n<li style='margin-bottom: 5px;'>Antena GNSS externa<\/li>\n<li style='margin-bottom: 5px;'>Audio 2 vias (requiere RuptelaPTT)<\/li>\n<li style='margin-bottom: 5px;'>Puerto CANbus<\/li>\n<li style='margin-bottom: 5px;'>Puerto RS485<\/li>\n<li style='margin-bottom: 5px;'>2 Puertos RS232<\/li>\n<li style='margin-bottom: 5px;'>4 entradas digitales<\/li>\n<li style='margin-bottom: 5px;'>2 salidas digitales<\/li>\n<li style='margin-bottom: 5px;'>2 entradas an\u00e1logas<\/li>\n<li style='margin-bottom: 5px;'>Detecci\u00f3n de Jammer<\/li>\n<li style='margin-bottom: 5px;'>Geocercas internas<\/li>\n<li style='margin-bottom: 5px;'>Acelerometro<\/li>\n<li style='margin-bottom: 5px;'>Compatible con GPS&comma; GLONASS y GALILEO<\/li>\n<li style='margin-bottom: 5px;'>Seguimiento de ubicaci\u00f3n&comma; historial&comma; kilometraje y velocidad de veh\u00edculos<\/li>\n<li style='margin-bottom: 5px;'>Bloqueo de ignici\u00f3n a distancia<\/li>\n<li style='margin-bottom: 5px;'>Geozonas internas<\/li>\n<li style='margin-bottom: 5px;'>Admite sensores adicionales<\/li>\n<\/ul><\/div>\n<\/p><\/div>\n<p> <!-- Caracter\u00edsticas --> <\/p>\n<div style='border: 1px solid rgba(150&comma; 150&comma; 150&comma; 0.4); border-radius: 8px; overflow: hidden; display: flex; flex-direction: column;'>\n<div style='padding: 15px; border-bottom: 1px solid rgba(150&comma; 150&comma; 150&comma; 0.2); font-weight: bold; font-size: 18px; color: inherit;'>Caracter\u00edsticas<\/div>\n<div style='padding: 15px; color: inherit;'>\n<ul style='padding-left: 20px; margin: 0; font-size: 14px; list-style-type: disc;'>\n<li style='margin-bottom: 5px;'>Compatible con EpcomGPS<\/li>\n<li style='margin-bottom: 5px;'>Sensores de combustible<\/li>\n<li style='margin-bottom: 5px;'>Sensores de temperatura<\/li>\n<li style='margin-bottom: 5px;'>EcoDriving<\/li>\n<li style='margin-bottom: 5px;'>Registro de conductores<\/li>\n<li style='margin-bottom: 5px;'>Reporte por tiempo&comma; distancia y giro<\/li>\n<li style='margin-bottom: 5px;'>Compatible con lector RFID (RuptelaRFID1wire)<\/li>\n<li style='margin-bottom: 5px;'>Configuraci\u00f3n por SMS<\/li>\n<li style='margin-bottom: 5px;'>Bot\u00f3n de p\u00e1nico<\/li>\n<li style='margin-bottom: 5px;'>Alarma de impacto o volcadura<\/li>\n<li style='margin-bottom: 5px;'>Alarma por exceso de velocidad<\/li>\n<li style='margin-bottom: 5px;'>Eventos personalizables<\/li>\n<li style='margin-bottom: 5px;'>Dimensiones 111 x 75 x 25 mm<\/li>\n<li style='margin-bottom: 5px;'><strong>NO INCLUYE CABLE DE PROGRAMACI\u00d6N<\/strong><\/li>\n<\/ul><\/div>\n<\/p><\/div>\n<p> <!-- Datos t\u00e9cnicos --> <\/p>\n<div style='border: 1px solid rgba(150&comma; 150&comma; 150&comma; 0.4); border-radius: 8px; overflow: hidden; display: flex; flex-direction: column;'>\n<div style='padding: 15px; border-bottom: 1px solid rgba(150&comma; 150&comma; 150&comma; 0.2); font-weight: bold; font-size: 18px; color: inherit;'>Datos T\u00e9cnicos<\/div>\n<div style='padding: 15px; color: inherit;'>\n<h4 style='font-size: 16px; margin-top: 0; margin-bottom: 10px; color: inherit;'>Temperatura<\/h4>\n<ul style='padding-left: 20px; margin: 0; font-size: 14px; list-style-type: disc;'>\n<li style='margin-bottom: 5px;'>Rango de operaci\u00f3n: -35 a +70 \u00b0C<\/li>\n<li style='margin-bottom: 5px;'>Almacenamiento: -40 a +70 \u00b0C<\/li>\n<li style='margin-bottom: 5px;'>Carga de bater\u00eda: 0 a +45 \u00b0C<\/li>\n<li style='margin-bottom: 5px;'>Descarga de bater\u00eda: -20 a +60 \u00b0C<\/li>\n<li style='margin-bottom: 5px;'>Almacenamiento de bater\u00eda: 20 a +70 \u00b0C<\/li>\n<li style='margin-bottom: 5px;'>Humedad relativa: 5% a 95% sin condensaci\u00f3n<\/li>\n<\/ul>\n<h4 style='font-size: 16px; margin-top: 20px; margin-bottom: 10px; color: inherit;'>Especificaciones el\u00e9ctricas<\/h4>\n<ul style='padding-left: 20px; margin: 0; font-size: 14px; list-style-type: disc;'>\n<li style='margin-bottom: 5px;'>Rango de alimentaci\u00f3n: 10 \u00f7 32 VDC<\/li>\n<li style='margin-bottom: 5px;'>Voltaje de alimentaci\u00f3n: 12\/24VDC<\/li>\n<li style='margin-bottom: 5px;'>Voltaje m\u00e1ximo: 72 V @ 0.1s<\/li>\n<li style='margin-bottom: 5px;'>Corriente m\u00e1xima: 350 mA @ 12VDC<\/li>\n<li style='margin-bottom: 5px;'>Bater\u00eda interna: LiPo 3.7 V 1050mAh<\/li>\n<\/ul>\n<h4 style='font-size: 16px; margin-top: 20px; margin-bottom: 10px; color: inherit;'>Protecciones<\/h4>\n<ul style='padding-left: 20px; margin: 0; font-size: 14px; list-style-type: disc;'>\n<li style='margin-bottom: 5px;'>Protecci\u00f3n de bater\u00eda y 1-Wire contra cortocircuitos<\/li>\n<li style='margin-bottom: 5px;'>Protecci\u00f3n contra polaridad inversa<\/li>\n<li style='margin-bottom: 5px;'>Protecci\u00f3n de USB<\/li>\n<li style='margin-bottom: 5px;'>Protecci\u00f3n de carga de bater\u00eda<\/li>\n<\/ul><\/div>\n<\/p><\/div>\n<\/p><\/div>\n<p> <!-- Separador --> <\/p>\n<hr style='border: 0; border-top: 1px solid rgba(150&comma; 150&comma; 150&comma; 0.3); margin: 30px 0;'> <\/div>\n","protected":false},"excerpt":{"rendered":"<p>Localizador Vehicular 3G \/ Lectura de OBD (Combustible, Temperatura, RPM) \/ Ideal para Vehiculos Ligeros \/ Anti Jammer \/ Conexi\u00f3n rapida con ARNESOBD<\/p>\n","protected":false},"featured_media":52742,"comment_status":"open","ping_status":"closed","template":"","meta":[],"product_brand":[],"product_cat":[1346,1388],"product_tag":[1350,1349,1351,1389],"class_list":{"0":"post-52743","1":"product","2":"type-product","3":"status-publish","4":"has-post-thumbnail","6":"product_cat-iot","7":"product_cat-trackers-gps","8":"product_tag-gps-y-telematica","9":"product_tag-iot","10":"product_tag-ruptela","11":"product_tag-trackers-gps","13":"first","14":"outofstock","15":"sale","16":"shipping-taxable","17":"purchasable","18":"product-type-simple"},"_links":{"self":[{"href":"https:\/\/soydeaqui.ddns.net\/pachuca\/index.php\/wp-json\/wp\/v2\/product\/52743","targetHints":{"allow":["GET"]}}],"collection":[{"href":"https:\/\/soydeaqui.ddns.net\/pachuca\/index.php\/wp-json\/wp\/v2\/product"}],"about":[{"href":"https:\/\/soydeaqui.ddns.net\/pachuca\/index.php\/wp-json\/wp\/v2\/types\/product"}],"replies":[{"embeddable":true,"href":"https:\/\/soydeaqui.ddns.net\/pachuca\/index.php\/wp-json\/wp\/v2\/comments?post=52743"}],"wp:featuredmedia":[{"embeddable":true,"href":"https:\/\/soydeaqui.ddns.net\/pachuca\/index.php\/wp-json\/wp\/v2\/media\/52742"}],"wp:attachment":[{"href":"https:\/\/soydeaqui.ddns.net\/pachuca\/index.php\/wp-json\/wp\/v2\/media?parent=52743"}],"wp:term":[{"taxonomy":"product_brand","embeddable":true,"href":"https:\/\/soydeaqui.ddns.net\/pachuca\/index.php\/wp-json\/wp\/v2\/product_brand?post=52743"},{"taxonomy":"product_cat","embeddable":true,"href":"https:\/\/soydeaqui.ddns.net\/pachuca\/index.php\/wp-json\/wp\/v2\/product_cat?post=52743"},{"taxonomy":"product_tag","embeddable":true,"href":"https:\/\/soydeaqui.ddns.net\/pachuca\/index.php\/wp-json\/wp\/v2\/product_tag?post=52743"}],"curies":[{"name":"wp","href":"https:\/\/api.w.org\/{rel}","templated":true}]}}