{"id":52740,"date":"2026-03-18T23:45:26","date_gmt":"2026-03-18T23:45:26","guid":{"rendered":"https:\/\/soydeaqui.ddns.net\/pachuca\/index.php\/producto\/pequeno-rastreador-gps-2g-con-bluetooth-y-bateria-de-respaldo\/"},"modified":"2026-03-18T23:45:28","modified_gmt":"2026-03-18T23:45:28","slug":"pequeno-rastreador-gps-2g-con-bluetooth-y-bateria-de-respaldo","status":"publish","type":"product","link":"https:\/\/soydeaqui.ddns.net\/pachuca\/index.php\/producto\/pequeno-rastreador-gps-2g-con-bluetooth-y-bateria-de-respaldo\/","title":{"rendered":"Peque\u00f1o Rastreador GPS 2G con Bluetooth y Bater\u00eda de Respaldo"},"content":{"rendered":"<div style='width: 100%; max-width: 1200px; margin: 0 auto; font-family: sans-serif; line-height: 1.6; color: inherit; background-color: transparent;'> <!-- Header con imagen y t\u00edtulo --> <\/p>\n<div style='display: flex; flex-direction: column; align-items: center; text-align: center; margin-bottom: 30px;'> <img style='width: 100%; max-width: 800px; height: auto; border: 1px solid rgba(150&comma;150&comma;150&comma;0.3); border-radius: 8px;' src='https:\/\/ftp3.syscom.mx\/usuarios\/fotos\/FMB920\/162306-fmb920_2.png' alt='Peque\u00f1o e Inteligente Rastreador 2G con Bluetooth y Bateria Interna'> <span style='color: inherit; font-size: 24px; font-weight: bold; margin-top: 15px;'>Peque\u00f1o e Inteligente Rastreador 2G con Bluetooth y Bateria Interna.<\/span> <\/div>\n<p> <!-- Descripci\u00f3n principal --> <\/p>\n<div style='margin-bottom: 30px;'>\n<p style='font-size: 15px; line-height: 1.6; color: inherit; text-align: justify;'>El FMB920 es un rastreador compacto e inteligente con conectividad Bluetooth&comma; antenas internas GNSS y GSM de alta ganancia y bater\u00eda de respaldo integrada. Est\u00e1 dise\u00f1ado para el seguimiento de veh\u00edculos ligeros en aplicaciones como telem\u00e1tica de seguros&comma; alquiler de autom\u00f3viles&comma; recuperaci\u00f3n de autom\u00f3viles robados&comma; servicios de seguridad p\u00fablica&comma; transporte de entrega&comma; taxi y muchos m\u00e1s. Las entradas \/ salidas ampl\u00edan los escenarios de uso del dispositivo. La entrada digital se puede usar para el monitoreo del estado del bot\u00f3n de encendido&comma; puerta o alarma. La inmovilizaci\u00f3n remota del veh\u00edculo se puede lograr utilizando la salida digital FMB920.<\/p>\n<p style='font-size: 15px; line-height: 1.6; color: inherit; text-align: justify;'><strong>Compatible con sensores de Temperatura ELA y de combustible Escort.<\/strong><\/p>\n<p style='font-size: 15px; line-height: 1.6; color: inherit; text-align: justify;'><strong>Requiere SIM tama\u00f1o micro&comma; compatible con MICROSIM30M2M y MICSIM25GPS.<\/strong><\/p>\n<p style='text-align: center; font-size: 15px; line-height: 1.6; color: inherit;'><strong>**El tiempo de respaldo de la bater\u00eda varia dependiendo de la programaci\u00f3n.<\/strong><\/p>\n<\/p><\/div>\n<p> <!-- Nota importante --> <\/p>\n<div style='background-color: #f29d12; padding: 15px; border-radius: 8px; margin-bottom: 30px;'>\n<p style='font-size: 14px; color: #1f1f1f; margin: 0;'><strong>Nota importante:<\/strong> Se sugiere configurar tiempos de reporte de cada minuto cuando el motor est\u00e9 encendido o detecte movimiento&comma; y cada 20 minutos cuando el motor est\u00e9 apagado o detenido. <strong>\u201cEsto ayudar\u00e1 a mantener un consumo de datos moderado\u201d<\/strong><\/p>\n<\/p><\/div>\n<p> <!-- Secci\u00f3n de caracter\u00edsticas en 3 columnas --> <\/p>\n<div style='display: flex; flex-wrap: wrap; gap: 30px; margin-bottom: 30px;'> <!-- Caracter\u00edsticas 1 --> <\/p>\n<div style='flex: 1 1 300px; min-width: 280px;'>\n<h3 style='font-size: 20px; border-bottom: 2px solid currentColor; padding-bottom: 5px; margin-top: 0; color: inherit; opacity: 0.8;'>Caracter\u00edsticas Principales<\/h3>\n<ul style='padding-left: 20px; font-size: 14px; color: inherit; list-style-type: disc;'>\n<li style='margin-bottom: 5px;'>Antenas GNSS y GSM internas<\/li>\n<li style='margin-bottom: 5px;'>1 Conexion Mini USB para programaci\u00f3n compatible con PLUSB<\/li>\n<li style='margin-bottom: 5px;'>1 Entrada digital<\/li>\n<li style='margin-bottom: 5px;'>1 Salidas digital<\/li>\n<li style='margin-bottom: 5px;'>1 Entradas an\u00e1loga<\/li>\n<li style='margin-bottom: 5px;'>Geocercas internas<\/li>\n<li style='margin-bottom: 5px;'>Acelerometro<\/li>\n<li style='margin-bottom: 5px;'>Compatible con GPS&comma; GLONASS y GALILEO<\/li>\n<li style='margin-bottom: 5px;'>Seguimiento de ubicaci\u00f3n&comma; historial&comma; kilometraje y velocidad de veh\u00edculos<\/li>\n<li style='margin-bottom: 5px;'>Bloqueo de ignici\u00f3n a distancia<\/li>\n<li style='margin-bottom: 5px;'>Bluetooth 4.0 + LE<\/li>\n<li style='margin-bottom: 5px;'>Admite sensores adicionales<\/li>\n<\/ul><\/div>\n<p> <!-- Caracter\u00edsticas 2 --> <\/p>\n<div style='flex: 1 1 300px; min-width: 280px;'>\n<h3 style='font-size: 20px; border-bottom: 2px solid currentColor; padding-bottom: 5px; margin-top: 0; color: inherit; opacity: 0.8;'>Aplicaciones<\/h3>\n<ul style='padding-left: 20px; font-size: 14px; color: inherit; list-style-type: disc;'>\n<li style='margin-bottom: 5px;'>Compatible con EpcomGPS<\/li>\n<li style='margin-bottom: 5px;'>Sensores de combustible<\/li>\n<li style='margin-bottom: 5px;'>Sensores de temperatura<\/li>\n<li style='margin-bottom: 5px;'>EcoDriving<\/li>\n<li style='margin-bottom: 5px;'>Reporte por tiempo&comma; distancia y giro<\/li>\n<li style='margin-bottom: 5px;'>Configuraci\u00f3n por SMS<\/li>\n<li style='margin-bottom: 5px;'>Bot\u00f3n de p\u00e1nico<\/li>\n<li style='margin-bottom: 5px;'>Alarma de impacto o volcadura<\/li>\n<li style='margin-bottom: 5px;'>Alarma por exceso de velocidad<\/li>\n<li style='margin-bottom: 5px;'>Eventos personalizables<\/li>\n<li style='margin-bottom: 5px;'>Dimensiones 79 x 43 x 12 mm<\/li>\n<\/ul><\/div>\n<p> <!-- Especificaciones --> <\/p>\n<div style='flex: 1 1 300px; min-width: 280px;'>\n<h3 style='font-size: 20px; border-bottom: 2px solid currentColor; padding-bottom: 5px; margin-top: 0; color: inherit; opacity: 0.8;'>Especificaciones T\u00e9cnicas<\/h3>\n<ul style='padding-left: 20px; font-size: 14px; color: inherit; list-style-type: disc;'>\n<li style='margin-bottom: 5px;'><strong>Temperatura de operaci\u00f3n:<\/strong> -40 a +85 \u00b0C<\/li>\n<li style='margin-bottom: 5px;'><strong>Temperatura de almacenamiento:<\/strong> -40 a +85 \u00b0C<\/li>\n<li style='margin-bottom: 5px;'><strong>Carga de bater\u00eda:<\/strong> 0 a +45 \u00b0C<\/li>\n<li style='margin-bottom: 5px;'><strong>Descarga de bater\u00eda:<\/strong> -20 a +60 \u00b0C<\/li>\n<li style='margin-bottom: 5px;'><strong>Almacenamiento con bater\u00eda:<\/strong> -20 a +45 \u00b0C<\/li>\n<li style='margin-bottom: 5px;'><strong>Humedad relativa:<\/strong> 5 % a 95 % sin condensaci\u00f3n<\/li>\n<li style='margin-bottom: 5px;'><strong>Rango de alimentaci\u00f3n:<\/strong> 6 \u00f7 30 V DC<\/li>\n<li style='margin-bottom: 5px;'><strong>Corriente m\u00e1xima:<\/strong> 25 mA @ 12 V DC<\/li>\n<li style='margin-bottom: 5px;'><strong>Bater\u00eda interna:<\/strong> Li-Ion 3.7 V 170 mAh<\/li>\n<\/ul><\/div>\n<\/p><\/div>\n<p> <!-- Separador final --> <\/p>\n<hr style='border: 0; border-top: 1px solid rgba(150&comma; 150&comma; 150&comma; 0.3); margin: 30px 0;'> <\/div>\n","protected":false},"excerpt":{"rendered":"<p>Peque\u00f1o Rastreador GPS 2G con Bluetooth y Bater\u00eda de Respaldo<\/p>\n","protected":false},"featured_media":52739,"comment_status":"open","ping_status":"closed","template":"","meta":[],"product_brand":[],"product_cat":[1346,1388],"product_tag":[1350,1349,1430,1389],"class_list":{"0":"post-52740","1":"product","2":"type-product","3":"status-publish","4":"has-post-thumbnail","6":"product_cat-iot","7":"product_cat-trackers-gps","8":"product_tag-gps-y-telematica","9":"product_tag-iot","10":"product_tag-teltonika","11":"product_tag-trackers-gps","13":"first","14":"outofstock","15":"sale","16":"shipping-taxable","17":"purchasable","18":"product-type-simple"},"_links":{"self":[{"href":"https:\/\/soydeaqui.ddns.net\/pachuca\/index.php\/wp-json\/wp\/v2\/product\/52740","targetHints":{"allow":["GET"]}}],"collection":[{"href":"https:\/\/soydeaqui.ddns.net\/pachuca\/index.php\/wp-json\/wp\/v2\/product"}],"about":[{"href":"https:\/\/soydeaqui.ddns.net\/pachuca\/index.php\/wp-json\/wp\/v2\/types\/product"}],"replies":[{"embeddable":true,"href":"https:\/\/soydeaqui.ddns.net\/pachuca\/index.php\/wp-json\/wp\/v2\/comments?post=52740"}],"wp:featuredmedia":[{"embeddable":true,"href":"https:\/\/soydeaqui.ddns.net\/pachuca\/index.php\/wp-json\/wp\/v2\/media\/52739"}],"wp:attachment":[{"href":"https:\/\/soydeaqui.ddns.net\/pachuca\/index.php\/wp-json\/wp\/v2\/media?parent=52740"}],"wp:term":[{"taxonomy":"product_brand","embeddable":true,"href":"https:\/\/soydeaqui.ddns.net\/pachuca\/index.php\/wp-json\/wp\/v2\/product_brand?post=52740"},{"taxonomy":"product_cat","embeddable":true,"href":"https:\/\/soydeaqui.ddns.net\/pachuca\/index.php\/wp-json\/wp\/v2\/product_cat?post=52740"},{"taxonomy":"product_tag","embeddable":true,"href":"https:\/\/soydeaqui.ddns.net\/pachuca\/index.php\/wp-json\/wp\/v2\/product_tag?post=52740"}],"curies":[{"name":"wp","href":"https:\/\/api.w.org\/{rel}","templated":true}]}}