{"id":52733,"date":"2026-03-18T23:45:14","date_gmt":"2026-03-18T23:45:14","guid":{"rendered":"https:\/\/soydeaqui.ddns.net\/pachuca\/index.php\/producto\/torreta-legend-lpx-con-tecnologia-led-solaris-roc-78-leds-con-montaje-de-gacho\/"},"modified":"2026-03-18T23:45:15","modified_gmt":"2026-03-18T23:45:15","slug":"torreta-legend-lpx-con-tecnologia-led-solaris-roc-78-leds-con-montaje-de-gacho","status":"publish","type":"product","link":"https:\/\/soydeaqui.ddns.net\/pachuca\/index.php\/producto\/torreta-legend-lpx-con-tecnologia-led-solaris-roc-78-leds-con-montaje-de-gacho\/","title":{"rendered":"Torreta LEGEND LPX con tecnolog\u00eda LED Solaris \/ Roc. 78 LEDs con montaje de gacho"},"content":{"rendered":"<div style='width: 100%; max-width: 1200px; margin: 0 auto; font-family: sans-serif; line-height: 1.6; color: inherit; background-color: transparent;'>\n<div style='display: flex; flex-wrap: wrap; gap: 30px; margin-bottom: 30px;'>\n<div style='flex: 1 1 300px; min-width: 280px;'>\n<h3 style='font-size: 22px; border-bottom: 2px solid currentColor; padding-bottom: 5px; margin-top: 0; color: inherit; opacity: 0.8;'>Caracter\u00edsticas<\/h3>\n<ul style='padding-left: 20px; font-size: 15px; color: inherit;'>\n<li style='margin-bottom: 5px;'>Torreta de 45&#8217;&comma; con 4 m\u00f3dulos esquineros de 6 LED \u00cc\u0081s c\/u rojo\/ azul en la parte frontal y rojo\/ azul en la parte trasera<\/li>\n<li style='margin-bottom: 5px;'>4 m\u00f3dulos de 4 LED \u00cc\u0081s c\/u rojo\/ azul en la parte frontal<\/li>\n<li style='margin-bottom: 5px;'>6 m\u00f3dulos \u00e1mbar de 4 LED \u00cc\u0081s c\/u en la parte trasera (Signalmaster)<\/li>\n<li style='margin-bottom: 5px;'>2 luces callejoneras (AL LED)<\/li>\n<li style='margin-bottom: 5px;'>2 luces de penetraci\u00f3n (TD LED)<\/li>\n<li style='margin-bottom: 5px;'>Montaje de gancho<\/li>\n<\/ul><\/div>\n<div style='flex: 1 1 300px; min-width: 280px;'>\n<h3 style='font-size: 22px; border-bottom: 2px solid currentColor; padding-bottom: 5px; margin-top: 0; color: inherit; opacity: 0.8;'>Caracter\u00edsticas T\u00e9cnicas<\/h3>\n<ul style='padding-left: 20px; font-size: 15px; color: inherit;'>\n<li style='margin-bottom: 5px;'><strong>Tecnolog\u00eda ROC:<\/strong> Elimina el 85% del cableado interno<\/li>\n<li style='margin-bottom: 5px;'><strong>Sistema de cableado:<\/strong> Positivo&comma; negativo y conector RS-485<\/li>\n<li style='margin-bottom: 5px;'><strong>\u00c1ngulos de iluminaci\u00f3n:<\/strong> 360\u00ba y 90\u00ba en \u00e1ngulos cr\u00edticos<\/li>\n<li style='margin-bottom: 5px;'><strong>Capacidad Signalmaster:<\/strong> Control de tr\u00e1fico interconstru\u00eddo (requiere controlador 660-000 \u00f3 ICS-2010)<\/li>\n<li style='margin-bottom: 5px;'><strong>Modos de operaci\u00f3n:<\/strong> 3 modos con hasta 26 patrones de destellos preprogramados<\/li>\n<\/ul><\/div>\n<div style='flex: 1 1 300px; min-width: 280px;'>\n<h3 style='font-size: 22px; border-bottom: 2px solid currentColor; padding-bottom: 5px; margin-top: 0; color: inherit; opacity: 0.8;'>Caracter\u00edsticas Adicionales<\/h3>\n<ul style='padding-left: 20px; font-size: 15px; color: inherit;'>\n<li style='margin-bottom: 5px;'><strong>Luces ajustables:<\/strong> Callejoneras y de penetraci\u00f3n<\/li>\n<li style='margin-bottom: 5px;'><strong>Intensidad ajustable:<\/strong> De luz<\/li>\n<li style='margin-bottom: 5px;'><strong>Incluye:<\/strong> M\u00f3dulo interface<\/li>\n<li style='margin-bottom: 5px;'><strong>Requiere:<\/strong> Controlador&comma; sirena y bocina<\/li>\n<li style='margin-bottom: 5px;'><strong>Operaci\u00f3n:<\/strong> Con voltaje regulado<\/li>\n<li style='margin-bottom: 5px;'><strong>Garant\u00eda:<\/strong> 5 a\u00f1os<\/li>\n<\/ul><\/div>\n<\/p><\/div>\n<div style='display: flex; flex-wrap: wrap; gap: 30px; margin-bottom: 30px;'>\n<div style='flex: 1 1 300px; min-width: 280px;'>\n<h3 style='font-size: 22px; border-bottom: 2px solid currentColor; padding-bottom: 5px; margin-top: 0; color: inherit; opacity: 0.8;'>Notas Importantes<\/h3>\n<ul style='padding-left: 20px; font-size: 15px; color: inherit;'>\n<li style='margin-bottom: 5px;'>Dise\u00f1o de bajo perfil con iluminaci\u00f3n lineal<\/li>\n<li style='margin-bottom: 5px;'>Sistema de cableado positivo&comma; negativo y conector RS-485 que simplifica la instalaci\u00f3n<\/li>\n<li style='margin-bottom: 5px;'>F\u00e1cil configuraci\u00f3n de luces<\/li>\n<li style='margin-bottom: 5px;'>Excelente visibilidad en todas las direcciones<\/li>\n<\/ul><\/div>\n<\/p><\/div>\n<div style='display: flex; flex-wrap: wrap; gap: 30px; margin-bottom: 30px;'>\n<div style='flex: 1 1 300px; min-width: 280px;'>\n<h3 style='font-size: 22px; border-bottom: 2px solid currentColor; padding-bottom: 5px; margin-top: 0; color: inherit; opacity: 0.8;'>Enlaces<\/h3>\n<ul style='padding-left: 20px; font-size: 15px; color: inherit;'>\n<li style='margin-bottom: 5px;'><a style='color: inherit; text-decoration: underline;' href='mailto:ventasespeciales@syscom.mx?Subject=Asesoria%20en%20Proyecto&#038;body=Por%20favor&comma;%20comparta%20sus%20dudas%20y%20preguntas%20para%20apoyarle%20de%20forma%20directa.' target='_blank'>Solicitar asesor\u00eda en proyecto<\/a><\/li>\n<\/ul><\/div>\n<\/p><\/div>\n<div style='display: flex; flex-wrap: wrap; gap: 30px; margin-bottom: 30px;'>\n<div style='flex: 1 1 100%;'> <a href='mailto:ventasespeciales@syscom.mx?Subject=Asesoria%20en%20Proyecto&#038;body=Por%20favor&comma;%20comparta%20sus%20dudas%20y%20preguntas%20para%20apoyarle%20de%20forma%20directa.' target='_blank'> <img style='width: 100%; height: auto; border: 1px solid rgba(150&comma;150&comma;150&comma;0.3); border-radius: 8px;' src='http:\/\/148.223.3.142\/archivos\/vportillo\/downloads\/banner_torretas_federal2.gif' alt='Banner Torretas Federal'> <\/a> <\/div>\n<\/p><\/div>\n<\/p><\/div>\n","protected":false},"excerpt":{"rendered":"<p>Torreta LEGEND LPX con tecnolog\u00eda LED Solaris \/ Roc. 78 LEDs con montaje de gacho<\/p>\n","protected":false},"featured_media":52732,"comment_status":"open","ping_status":"closed","template":"","meta":[],"product_brand":[],"product_cat":[1358],"product_tag":[1356,1360,1359],"class_list":{"0":"post-52733","1":"product","2":"type-product","3":"status-publish","4":"has-post-thumbnail","6":"product_cat-rojo-azul","7":"product_tag-barras-de-luz-torretas-vehiculares","8":"product_tag-federal-signal","9":"product_tag-rojo-azul","11":"first","12":"outofstock","13":"sale","14":"shipping-taxable","15":"purchasable","16":"product-type-simple"},"_links":{"self":[{"href":"https:\/\/soydeaqui.ddns.net\/pachuca\/index.php\/wp-json\/wp\/v2\/product\/52733","targetHints":{"allow":["GET"]}}],"collection":[{"href":"https:\/\/soydeaqui.ddns.net\/pachuca\/index.php\/wp-json\/wp\/v2\/product"}],"about":[{"href":"https:\/\/soydeaqui.ddns.net\/pachuca\/index.php\/wp-json\/wp\/v2\/types\/product"}],"replies":[{"embeddable":true,"href":"https:\/\/soydeaqui.ddns.net\/pachuca\/index.php\/wp-json\/wp\/v2\/comments?post=52733"}],"wp:featuredmedia":[{"embeddable":true,"href":"https:\/\/soydeaqui.ddns.net\/pachuca\/index.php\/wp-json\/wp\/v2\/media\/52732"}],"wp:attachment":[{"href":"https:\/\/soydeaqui.ddns.net\/pachuca\/index.php\/wp-json\/wp\/v2\/media?parent=52733"}],"wp:term":[{"taxonomy":"product_brand","embeddable":true,"href":"https:\/\/soydeaqui.ddns.net\/pachuca\/index.php\/wp-json\/wp\/v2\/product_brand?post=52733"},{"taxonomy":"product_cat","embeddable":true,"href":"https:\/\/soydeaqui.ddns.net\/pachuca\/index.php\/wp-json\/wp\/v2\/product_cat?post=52733"},{"taxonomy":"product_tag","embeddable":true,"href":"https:\/\/soydeaqui.ddns.net\/pachuca\/index.php\/wp-json\/wp\/v2\/product_tag?post=52733"}],"curies":[{"name":"wp","href":"https:\/\/api.w.org\/{rel}","templated":true}]}}