{"id":52717,"date":"2026-03-18T23:44:46","date_gmt":"2026-03-18T23:44:46","guid":{"rendered":"https:\/\/soydeaqui.ddns.net\/pachuca\/index.php\/producto\/voucher-mes-de-servicio-para-sim-sim30m2m-25mb\/"},"modified":"2026-03-18T23:44:49","modified_gmt":"2026-03-18T23:44:49","slug":"voucher-mes-de-servicio-para-sim-sim30m2m-25mb","status":"publish","type":"product","link":"https:\/\/soydeaqui.ddns.net\/pachuca\/index.php\/producto\/voucher-mes-de-servicio-para-sim-sim30m2m-25mb\/","title":{"rendered":"(VOUCHER) Mes de Servicio para SIM SIM30M2M (25MB)"},"content":{"rendered":"<div style='width: 100%; max-width: 1200px; margin: 0 auto; font-family: sans-serif; line-height: 1.6; color: inherit; background-color: transparent;'>\n<div style='display: flex; flex-direction: column; align-items: center; margin-bottom: 30px;'> <a href='https:\/\/www.syscom.mx\/panel\/servicios' style='text-decoration: none; color: inherit;'> <img style='width: 100%; max-width: 600px; height: auto; border: 1px solid rgba(150&comma;150&comma;150&comma;0.3); border-radius: 8px;' src='http:\/\/ftp3.syscom.mx\/usuarios\/ftp\/temporal\/administre-986x131%20%281%29.jpg' alt=''> <\/a> <\/p>\n<h2 style='font-size: 20px; margin-top: 20px; margin-bottom: 10px; color: inherit; font-weight: bold; text-align: center;'> NO INCLUYE SIM (aplica en <a href='https:\/\/www.syscom.mx\/principal\/searchcont?route=SIM30M2M-M2M-SERVICES-165632&#038;autodetect=sim30m2m' style='color: inherit; text-decoration: underline;' target='_blank' rel='noopener'>SIM30M2M<\/a> y <a href='https:\/\/www.syscom.mx\/principal\/searchcont?route=MICROSIM30M2M-M2M-SERVICES-190930&#038;autodetect=sim30m2m' style='color: inherit; text-decoration: underline;' target='_blank' rel='noopener'>MICROSIM30M2M<\/a>) <\/h2>\n<\/p><\/div>\n<div style='margin-bottom: 30px;'>\n<p style='font-size: 15px; margin-bottom: 15px; color: inherit;'>Este VOUCHER te proporciona 25MB para usarse en tu SIM30M2M<\/p>\n<p style='font-size: 15px; margin-bottom: 15px; color: inherit;'>Despu\u00e9s de adquirir este servicio&comma; \u00fanicamente agregar el n\u00famero de la factura en su <a href='https:\/\/www.syscom.mx\/panel\/activa_SIM30M2M' style='color: inherit; text-decoration: underline;' target='_blank' rel='noopener'>Panel de usuario.<\/a> <\/p>\n<\/p><\/div>\n<div style='margin-bottom: 30px;'>\n<div style='position: relative; padding-bottom: 56.25%; height: 0; overflow: hidden; margin-bottom: 30px;'>   <\/div>\n<\/p><\/div>\n<div style='margin-bottom: 30px;'>\n<h2 style='font-size: 18px; margin-bottom: 15px; color: inherit; font-weight: normal;'> <small style='color: inherit; font-size: 16px;'>Administraci\u00f3n de servicios todo en l\u00ednea&comma; para iniciar su funcionamiento es necesario m\u00ednimo su primer mes de servicio modelo <a href='https:\/\/www.syscom.mx\/producto\/VOUCHER1M-SYSCOM-165633.html' style='color: inherit; text-decoration: underline;'> <span style='background-color: #ffffff; color: inherit;'>VOUCHER1M<\/span> <\/a> <\/small> <\/h2>\n<p style='font-size: 15px; margin-bottom: 15px; color: inherit;'>Nota: No tiene opci\u00f3n a llamadas ni salida de SMS y MMS<\/p>\n<\/p><\/div>\n<div style='margin-bottom: 30px;'>\n<div style='display: flex; flex-wrap: wrap; gap: 30px;'>\n<div style='flex: 1 1 300px; min-width: 280px;'>\n<p style='font-size: 15px; color: inherit;'>El SIM Multi Carrier de SYSCOM (<strong>TELCEL&comma; ATT y MOVISTAR<\/strong>) es el \u00fanico dise\u00f1ado para aplicaci\u00f3n de IoT (Internet of Things)&comma; GPS&comma; Telem\u00e1tica e Intrusi\u00f3n que es posible de administrarse &#8216;SIN HUMANOS&#8217; para pagos mensuales seguros.<\/p>\n<\/p><\/div>\n<div style='flex: 1 1 300px; min-width: 280px;'>\n<div style='border-left: 5px solid #0091ff; border-radius: 5px; padding: 15px; background-color: #ffffff; box-shadow: 2px 2px 10px rgba(216&comma; 216&comma; 216&comma; 0.4); -webkit-box-shadow: 2px 2px 10px rgba(216&comma; 216&comma; 216&comma; 0.4); color: inherit;'>\n<ul style='padding-left: 20px; margin: 0; font-size: 14px; list-style-type: disc; color: inherit;'>\n<li style='margin-bottom: 8px; color: inherit;'>La activaci\u00f3n de SIM y servicios se realiza todo en l\u00ednea (SIN HUMANOS)&comma; con el costo m\u00e1s bajo del mercado.<\/li>\n<li style='margin-bottom: 8px; color: inherit;'>Solo active el mes que sea necesario dando un solo clic&comma; sin plazo forzoso.<\/li>\n<li style='margin-bottom: 8px; color: inherit;'>Activaci\u00f3n al Instante desde panel de administraci\u00f3n sin costos adicionales.<\/li>\n<li style='margin-bottom: 8px; color: inherit;'>Cuenta con 25 MB mensuales durante 1 mes garantizados.<\/li>\n<li style='margin-bottom: 8px; color: inherit;'>Servicio de 1 mes de servicio o hasta 25MB&comma; lo que suceda primero<\/li>\n<\/ul><\/div>\n<\/p><\/div>\n<\/p><\/div>\n<\/p><\/div>\n<div style='margin-bottom: 30px;'>\n<h3 style='font-size: 18px; margin-bottom: 15px; color: inherit;'> APN:<strong><a href='http:\/\/m2m.tele2.com\/' style='color: inherit; text-decoration: underline;' target='_blank' rel='noopener'>m2m.tele2.com<\/a><\/strong> <strong>sin<\/strong> usuario <strong>ni<\/strong> password <\/h3>\n<h3 style='font-size: 18px; margin-bottom: 15px; color: inherit;'>F\u00e1cil Administraci\u00f3n en solo 3 pasos<\/h3>\n<\/p><\/div>\n<div style='display: flex; flex-wrap: wrap; gap: 30px; margin-bottom: 30px;'>\n<div style='flex: 1 1 300px; min-width: 280px;'>\n<div style='border: 1px solid rgba(150&comma;150&comma;150&comma;0.3); border-radius: 8px; padding: 15px; background-color: rgba(255&comma;255&comma;255&comma;0.05);'>\n<h3 style='font-size: 18px; margin-top: 0; margin-bottom: 10px; color: #0091ff; font-weight: bold;'>Paso 1<\/h3>\n<p style='font-size: 15px; margin-bottom: 15px; color: inherit;'>Adquirir su SIM <a href='principal\/searchcont?route=SIM30M2M-M2M-SERVICES-165632&#038;autodetect=sim30' style='color: inherit; text-decoration: underline;' target='_blank' rel='noopener'>SIM30M2M<\/a> y Mes de Servicio <a href='principal\/searchcont?route=VOUCHER1M-SYSCOM-165633&#038;autodetect=sim30' style='color: inherit; text-decoration: underline;' target='_blank' rel='noopener'>VOUCHER1M<\/a> en l\u00ednea o con su ejecutivo de ventas: <\/p>\n<p> <a href='https:\/\/ftp3.syscom.mx\/usuarios\/ftp\/single_page\/envios\/carrito.jpg' style='display: inline-block; border: 1px solid rgba(150&comma;150&comma;150&comma;0.3);' target='_blank' rel='noopener'> <img style='width: 100%; height: auto; border-radius: 8px;' src='https:\/\/ftp3.syscom.mx\/usuarios\/ftp\/single_page\/envios\/carrito.jpg' alt=''> <\/a> <\/div>\n<\/p><\/div>\n<div style='flex: 1 1 300px; min-width: 280px;'>\n<div style='border: 1px solid rgba(150&comma;150&comma;150&comma;0.3); border-radius: 8px; padding: 15px; background-color: rgba(255&comma;255&comma;255&comma;0.05);'>\n<h3 style='font-size: 18px; margin-top: 0; margin-bottom: 10px; color: #0091ff; font-weight: bold;'>Paso 2<\/h3>\n<p style='font-size: 15px; margin-bottom: 15px; color: inherit;'>Tomar el Folio \u00f3 de su Factura:<\/p>\n<p> <a href='https:\/\/ftp3.syscom.mx\/usuarios\/ftp\/single_page\/envios\/facturas.jpg' style='display: inline-block; border: 1px solid rgba(150&comma;150&comma;150&comma;0.3);' target='_blank' rel='noopener'> <img style='width: 100%; height: auto; border-radius: 8px;' src='https:\/\/ftp3.syscom.mx\/usuarios\/ftp\/single_page\/envios\/facturas.jpg' alt=''> <\/a> <\/div>\n<\/p><\/div>\n<\/p><\/div>\n<div style='margin-bottom: 30px;'>\n<div style='flex: 1 1 300px; min-width: 280px;'>\n<div style='border: 1px solid rgba(150&comma;150&comma;150&comma;0.3); border-radius: 8px; padding: 15px; background-color: rgba(255&comma;255&comma;255&comma;0.05);'>\n<h3 style='font-size: 18px; margin-top: 0; margin-bottom: 10px; color: #0091ff; font-weight: bold;'>Paso 3<\/h3>\n<p style='font-size: 15px; margin-bottom: 15px; color: inherit;'>Agregar su Folio de Factura en: <a href='https:\/\/www.syscom.mx\/panel\/activa_SIM30M2M' style='color: inherit; text-decoration: underline; word-break: break-word;' target='_blank' rel='noopener'> https:\/\/www.syscom.mx\/panel\/activa_SIM30M2M <\/a> <\/p>\n<p> <a href='https:\/\/ftp3.syscom.mx\/usuarios\/ftp\/single_page\/envios\/Administrar.jpg' style='display: inline-block; border: 1px solid rgba(150&comma;150&comma;150&comma;0.3);' target='_blank' rel='noopener'> <img style='width: 100%; height: auto; border-radius: 8px;' src='https:\/\/ftp3.syscom.mx\/usuarios\/ftp\/single_page\/envios\/Administrar.jpg' alt=''> <\/a> <\/div>\n<\/p><\/div>\n<\/p><\/div>\n<hr style='border: 0; border-top: 1px solid rgba(150&comma; 150&comma; 150&comma; 0.3); margin: 30px 0;'> <\/div>\n","protected":false},"excerpt":{"rendered":"<p>(VOUCHER) Mes de Servicio para SIM SIM30M2M (25MB)<\/p>\n","protected":false},"featured_media":52716,"comment_status":"open","ping_status":"closed","template":"","meta":[],"product_brand":[],"product_cat":[1348,1346],"product_tag":[93,1350,1349,188],"class_list":{"0":"post-52717","1":"product","2":"type-product","3":"status-publish","4":"has-post-thumbnail","6":"product_cat-accesorios-gps-y-telematica","7":"product_cat-iot","8":"product_tag-accesorios","9":"product_tag-gps-y-telematica","10":"product_tag-iot","11":"product_tag-m2m-services","13":"first","14":"instock","15":"sale","16":"shipping-taxable","17":"purchasable","18":"product-type-simple"},"_links":{"self":[{"href":"https:\/\/soydeaqui.ddns.net\/pachuca\/index.php\/wp-json\/wp\/v2\/product\/52717","targetHints":{"allow":["GET"]}}],"collection":[{"href":"https:\/\/soydeaqui.ddns.net\/pachuca\/index.php\/wp-json\/wp\/v2\/product"}],"about":[{"href":"https:\/\/soydeaqui.ddns.net\/pachuca\/index.php\/wp-json\/wp\/v2\/types\/product"}],"replies":[{"embeddable":true,"href":"https:\/\/soydeaqui.ddns.net\/pachuca\/index.php\/wp-json\/wp\/v2\/comments?post=52717"}],"wp:featuredmedia":[{"embeddable":true,"href":"https:\/\/soydeaqui.ddns.net\/pachuca\/index.php\/wp-json\/wp\/v2\/media\/52716"}],"wp:attachment":[{"href":"https:\/\/soydeaqui.ddns.net\/pachuca\/index.php\/wp-json\/wp\/v2\/media?parent=52717"}],"wp:term":[{"taxonomy":"product_brand","embeddable":true,"href":"https:\/\/soydeaqui.ddns.net\/pachuca\/index.php\/wp-json\/wp\/v2\/product_brand?post=52717"},{"taxonomy":"product_cat","embeddable":true,"href":"https:\/\/soydeaqui.ddns.net\/pachuca\/index.php\/wp-json\/wp\/v2\/product_cat?post=52717"},{"taxonomy":"product_tag","embeddable":true,"href":"https:\/\/soydeaqui.ddns.net\/pachuca\/index.php\/wp-json\/wp\/v2\/product_tag?post=52717"}],"curies":[{"name":"wp","href":"https:\/\/api.w.org\/{rel}","templated":true}]}}