{"id":52705,"date":"2026-03-18T23:44:24","date_gmt":"2026-03-18T23:44:24","guid":{"rendered":"https:\/\/soydeaqui.ddns.net\/pachuca\/index.php\/producto\/ultravoice-uvri-b-controlador-de-12-vcc-con-autodiagnostico-y-amplificador-opcional-de-100w\/"},"modified":"2026-03-18T23:44:27","modified_gmt":"2026-03-18T23:44:27","slug":"ultravoice-uvri-b-controlador-de-12-vcc-con-autodiagnostico-y-amplificador-opcional-de-100w","status":"publish","type":"product","link":"https:\/\/soydeaqui.ddns.net\/pachuca\/index.php\/producto\/ultravoice-uvri-b-controlador-de-12-vcc-con-autodiagnostico-y-amplificador-opcional-de-100w\/","title":{"rendered":"UltraVoice\u00ae UVRI-B: Controlador de 12 VCC con Autodiagn\u00f3stico y Amplificador Opcional de 100W"},"content":{"rendered":"<div style='width: 100%; max-width: 1200px; margin: 0 auto; font-family: sans-serif; line-height: 1.6; color: inherit; background-color: transparent;'>\n<div style='display: flex; flex-direction: column; gap: 30px;'>\n<div style='flex: 1 1 auto;'>\n<p style='font-size: 15px; color: inherit; margin: 0 0 15px 0; text-align: justify;'>El <strong style='color: inherit; opacity: 0.9;'>Controlador de Interfaz Remota UltraVoice\u00ae (UVRI-B)<\/strong>&comma; dise\u00f1ado para uso en interiores&comma; es un componente esencial que establece un enlace de comunicaci\u00f3n cr\u00edtico entre una ubicaci\u00f3n aislada y el Sistema de Alerta y Notificaci\u00f3n Commander\u00ae de Federal Signal. Su objetivo primordial es crear un sistema de notificaci\u00f3n masiva totalmente integrado para ambientes interiores y exteriores&comma; permitiendo a los agentes de seguridad p\u00fablica expandir y centralizar sus capacidades de alerta. El UVRI-B se distingue por su extrema flexibilidad en las comunicaciones&comma; contando con una <strong style='color: inherit; opacity: 0.9;'>interfaz IP integrada<\/strong> de serie&comma; a la que se le pueden a\u00f1adir opciones de radio (VHF\/UHF) o comunicaci\u00f3n celular. Para garantizar la seguridad de las alertas&comma; utiliza m\u00e9todos de transferencia de datos digitales seguros mediante <strong style='color: inherit; opacity: 0.9;'>cifrado de 128 o 256 bits<\/strong>.<\/p>\n<p style='font-size: 15px; color: inherit; margin: 0 0 15px 0; text-align: justify;'>En el \u00e1mbito de la mensajer\u00eda&comma; el UVRI-B es una potencia&comma; capaz de almacenar <strong style='color: inherit; opacity: 0.9;'>m\u00e1s de 4&comma;000 mensajes de voz\/tono<\/strong> en su tarjeta SD extra\u00edble&comma; e incluye las <strong style='color: inherit; opacity: 0.9;'>siete (7) se\u00f1ales de advertencia<\/strong> de sirena instaladas de f\u00e1brica. La unidad opera con una fuente de alimentaci\u00f3n dual (12 VCC y 120\/240 VCA) y cuenta con una bater\u00eda de respaldo de 12 VCC. Para el control en el sitio&comma; el UVRI-B proporciona una interfaz de usuario local con botones para ocho funciones de activaci\u00f3n y un micr\u00f3fono para anuncios de voz en vivo. Aunque viene con un amplificador y altavoz integrados de 2 vatios&comma; se puede equipar con un <strong style='color: inherit; opacity: 0.9;'>amplificador opcional de 100 vatios<\/strong> para manejar altavoces distribuidos y proporcionar una cobertura de audio interior significativamente mayor.<\/p>\n<p style='font-size: 15px; color: inherit; margin: 0 0 15px 0; text-align: justify;'>El dise\u00f1o del UVRI-B est\u00e1 pensado para una integraci\u00f3n exhaustiva. Ofrece <strong style='color: inherit; opacity: 0.9;'>salidas de rel\u00e9<\/strong> para el control de dispositivos externos (como dispositivos visuales o cerraduras de puertas)&comma; <strong style='color: inherit; opacity: 0.9;'>ocho entradas<\/strong> para la activaci\u00f3n de alertas externas&comma; una interfaz de panel de incendios y una salida de audio para sistemas de megafon\u00eda (PA). Para asegurar la m\u00e1xima confiabilidad&comma; el controlador realiza un <strong style='color: inherit; opacity: 0.9;'>autodiagn\u00f3stico continuo<\/strong> con informes detallados sobre componentes clave (alimentaci\u00f3n de CA&comma; voltaje de la bater\u00eda&comma; intrusi\u00f3n&comma; etc.) al punto de control. Adem\u00e1s&comma; puede configurarse para la <strong style='color: inherit; opacity: 0.9;'>monitorizaci\u00f3n del ruido ambiental<\/strong> mediante un micr\u00f3fono externo&comma; permitiendo el ajuste autom\u00e1tico del nivel de sonido. Este sistema cuenta con el listado <strong style='color: inherit; opacity: 0.9;'>UL\/cUL<\/strong> y la aprobaci\u00f3n <strong style='color: inherit; opacity: 0.9;'>CSFM<\/strong>&comma; certificando su fiabilidad para aplicaciones de misi\u00f3n cr\u00edtica.<\/p>\n<\/p><\/div>\n<div style='flex: 1 1 auto;'> <img style='width: 100%; height: auto; border: 1px solid rgba(150&comma;150&comma;150&comma;0.3); border-radius: 8px;' src='https:\/\/www.fedsig.com\/sites\/default\/files\/news\/UltraVoice%20.jpeg' alt='Controlador UltraVoice\u00ae UVRI-B'> <\/div>\n<\/p><\/div>\n<div style='margin: 30px 0;'>\n<h3 style='font-size: 22px; border-bottom: 2px solid currentColor; padding-bottom: 5px; margin-top: 0; color: inherit; opacity: 0.8;'>Caracter\u00edsticas Principales<\/h3>\n<ul style='padding-left: 20px; font-size: 15px; color: inherit; list-style-type: disc;'>\n<li style='margin-bottom: 5px;'>7 se\u00f1ales de advertencia integradas<\/li>\n<li style='margin-bottom: 5px;'>Uso en interiores<\/li>\n<li style='margin-bottom: 5px;'>Comunicaciones flexibles: est\u00e1ndar IP\/radio o celular opcional<\/li>\n<li style='margin-bottom: 5px;'>Funcionamiento a 12 VCC y 120\/240 VCA con bater\u00eda de respaldo de 12 VCC<\/li>\n<li style='margin-bottom: 5px;'>Siete tonos de sirena instalados de f\u00e1brica<\/li>\n<li style='margin-bottom: 5px;'>Tarjeta SD extra\u00edble para almacenamiento local de mensajes de voz\/tono<\/li>\n<li style='margin-bottom: 5px;'>Capacidad para almacenar m\u00e1s de 4000 mensajes de voz\/tono<\/li>\n<li style='margin-bottom: 5px;'>Interfaz IP integrada con mensajes de voz y tono descargables<\/li>\n<li style='margin-bottom: 5px;'>Amplificador y altavoz de 2 vatios integrados<\/li>\n<li style='margin-bottom: 5px;'>Amplificador opcional de 100 Watts<\/li>\n<li style='margin-bottom: 5px;'>Salidas de rel\u00e9 para el control de dispositivos externos&comma; como dispositivos visuales y cerraduras de puertas<\/li>\n<li style='margin-bottom: 5px;'>Ocho entradas para la activaci\u00f3n de alertas o alarmas<\/li>\n<li style='margin-bottom: 5px;'>Salida de audio para interfaz de megafon\u00eda<\/li>\n<li style='margin-bottom: 5px;'>Interfaz de panel de incendios<\/li>\n<li style='margin-bottom: 5px;'>Autodiagn\u00f3stico con informes para los principales componentes del sistema<\/li>\n<li style='margin-bottom: 5px;'>Opciones de cifrado seguro de 128 y 256 bits<\/li>\n<li style='margin-bottom: 5px;'>Acceso a micr\u00f3fono local<\/li>\n<li style='margin-bottom: 5px;'>Se puede configurar para la monitorizaci\u00f3n del ruido ambiental con un micr\u00f3fono externo<\/li>\n<li style='margin-bottom: 5px;'>Listado por UL y cUL<\/li>\n<li style='margin-bottom: 5px;'>Aprobado por CSFM<\/li>\n<\/ul><\/div>\n<div style='margin: 30px 0;'>\n<h3 style='font-size: 22px; border-bottom: 2px solid currentColor; padding-bottom: 5px; margin-top: 0; color: inherit; opacity: 0.8;'>Especificaciones<\/h3>\n<div style='display: flex; flex-direction: column; gap: 15px;'>\n<div style='border: 1px solid rgba(150&comma;150&comma;150&comma;0.3); border-radius: 8px; padding: 15px; background-color: rgba(150&comma;150&comma;150&comma;0.05);'>\n<div style='display: flex; flex-wrap: wrap; justify-content: space-between; padding: 8px 0; border-bottom: 1px solid rgba(150&comma;150&comma;150&comma;0.2);'>\n<div style='flex: 1 1 300px; min-width: 200px; font-weight: 600; color: inherit; opacity: 0.8;'>Rango de temperatura de funcionamiento<\/div>\n<div style='flex: 1 1 300px; min-width: 200px; color: inherit;'>-30\u00b0C a +65\u00b0C<\/div>\n<\/p><\/div>\n<div style='display: flex; flex-wrap: wrap; justify-content: space-between; padding: 8px 0; border-bottom: 1px solid rgba(150&comma;150&comma;150&comma;0.2);'>\n<div style='flex: 1 1 300px; min-width: 200px; font-weight: 600; color: inherit; opacity: 0.8;'>Rango de humedad<\/div>\n<div style='flex: 1 1 300px; min-width: 200px; color: inherit;'>0-98% sin condensaci\u00f3n<\/div>\n<\/p><\/div>\n<div style='display: flex; flex-wrap: wrap; justify-content: space-between; padding: 8px 0; border-bottom: 1px solid rgba(150&comma;150&comma;150&comma;0.2);'>\n<div style='flex: 1 1 300px; min-width: 200px; font-weight: 600; color: inherit; opacity: 0.8;'>Voltaje de entrada (nominal)<\/div>\n<div style='flex: 1 1 300px; min-width: 200px; color: inherit;'>120\/240 VCA<\/div>\n<\/p><\/div>\n<div style='display: flex; flex-wrap: wrap; justify-content: space-between; padding: 8px 0; border-bottom: 1px solid rgba(150&comma;150&comma;150&comma;0.2);'>\n<div style='flex: 1 1 300px; min-width: 200px; font-weight: 600; color: inherit; opacity: 0.8;'>Voltaje de la bater\u00eda<\/div>\n<div style='flex: 1 1 300px; min-width: 200px; color: inherit;'>14 VCC&comma; 13&comma;7 voltios (nom.)<\/div>\n<\/p><\/div>\n<div style='display: flex; flex-wrap: wrap; justify-content: space-between; padding: 8px 0; border-bottom: 1px solid rgba(150&comma;150&comma;150&comma;0.2);'>\n<div style='flex: 1 1 300px; min-width: 200px; font-weight: 600; color: inherit; opacity: 0.8;'>Corriente de la bater\u00eda<\/div>\n<div style='flex: 1 1 300px; min-width: 200px; color: inherit;'>&lt; 260 mA corriente en espera | &lt; 300 mA durante una funci\u00f3n | &lt; 7A durante la transmisi\u00f3n de radio<\/div>\n<\/p><\/div>\n<div style='display: flex; flex-wrap: wrap; justify-content: space-between; padding: 8px 0; border-bottom: 1px solid rgba(150&comma;150&comma;150&comma;0.2);'>\n<div style='flex: 1 1 300px; min-width: 200px; font-weight: 600; color: inherit; opacity: 0.8;'>Tiempo de espera<\/div>\n<div style='flex: 1 1 300px; min-width: 200px; color: inherit;'>Hasta 45 horas con transceptor Vertex<\/div>\n<\/p><\/div>\n<div style='display: flex; flex-wrap: wrap; justify-content: space-between; padding: 8px 0; border-bottom: 1px solid rgba(150&comma;150&comma;150&comma;0.2);'>\n<div style='flex: 1 1 300px; min-width: 200px; font-weight: 600; color: inherit; opacity: 0.8;'>Tarjeta UVRI-B de salida de audio (Q20000253)<\/div>\n<div style='flex: 1 1 300px; min-width: 200px; color: inherit;'>10\/25 Vrms<\/div>\n<\/p><\/div>\n<div style='display: flex; flex-wrap: wrap; justify-content: space-between; padding: 8px 0;'>\n<div style='flex: 1 1 300px; min-width: 200px; font-weight: 600; color: inherit; opacity: 0.8;'>Amplificador opcional de salida de audio (Q20000324)<\/div>\n<div style='flex: 1 1 300px; min-width: 200px; color: inherit;'>100 Watts<\/div>\n<\/p><\/div>\n<\/p><\/div>\n<\/p><\/div>\n<\/p><\/div>\n<\/p><\/div>\n","protected":false},"excerpt":{"rendered":"<p>UltraVoice\u00ae UVRI-B: Controlador de 12 VCC con Autodiagn\u00f3stico y Amplificador Opcional de 100W<\/p>\n","protected":false},"featured_media":52704,"comment_status":"open","ping_status":"closed","template":"","meta":[],"product_brand":[],"product_cat":[1429],"product_tag":[1419,552,1414],"class_list":{"0":"post-52705","1":"product","2":"type-product","3":"status-publish","4":"has-post-thumbnail","6":"product_cat-controladores-luces-bocinas-para-la-industria-y-edificios","7":"product_tag-controladores","8":"product_tag-federal-signal-industrial","9":"product_tag-luces-bocinas-para-la-industria-y-edificios","11":"first","12":"outofstock","13":"sale","14":"shipping-taxable","15":"purchasable","16":"product-type-simple"},"_links":{"self":[{"href":"https:\/\/soydeaqui.ddns.net\/pachuca\/index.php\/wp-json\/wp\/v2\/product\/52705","targetHints":{"allow":["GET"]}}],"collection":[{"href":"https:\/\/soydeaqui.ddns.net\/pachuca\/index.php\/wp-json\/wp\/v2\/product"}],"about":[{"href":"https:\/\/soydeaqui.ddns.net\/pachuca\/index.php\/wp-json\/wp\/v2\/types\/product"}],"replies":[{"embeddable":true,"href":"https:\/\/soydeaqui.ddns.net\/pachuca\/index.php\/wp-json\/wp\/v2\/comments?post=52705"}],"wp:featuredmedia":[{"embeddable":true,"href":"https:\/\/soydeaqui.ddns.net\/pachuca\/index.php\/wp-json\/wp\/v2\/media\/52704"}],"wp:attachment":[{"href":"https:\/\/soydeaqui.ddns.net\/pachuca\/index.php\/wp-json\/wp\/v2\/media?parent=52705"}],"wp:term":[{"taxonomy":"product_brand","embeddable":true,"href":"https:\/\/soydeaqui.ddns.net\/pachuca\/index.php\/wp-json\/wp\/v2\/product_brand?post=52705"},{"taxonomy":"product_cat","embeddable":true,"href":"https:\/\/soydeaqui.ddns.net\/pachuca\/index.php\/wp-json\/wp\/v2\/product_cat?post=52705"},{"taxonomy":"product_tag","embeddable":true,"href":"https:\/\/soydeaqui.ddns.net\/pachuca\/index.php\/wp-json\/wp\/v2\/product_tag?post=52705"}],"curies":[{"name":"wp","href":"https:\/\/api.w.org\/{rel}","templated":true}]}}