{"id":527,"date":"2026-03-18T05:40:32","date_gmt":"2026-03-18T05:40:32","guid":{"rendered":"https:\/\/soydeaqui.ddns.net\/pachuca\/index.php\/producto\/radar-de-deteccion-de-caidas-deteccion-de-personas-localizacion-de-objetivo-wifi-compatible-con-hikcentral-professional-rango-de-deteccion-5-metros-x-4-metros\/"},"modified":"2026-03-18T05:40:32","modified_gmt":"2026-03-18T05:40:32","slug":"radar-de-deteccion-de-caidas-deteccion-de-personas-localizacion-de-objetivo-wifi-compatible-con-hikcentral-professional-rango-de-deteccion-5-metros-x-4-metros","status":"publish","type":"product","link":"https:\/\/soydeaqui.ddns.net\/pachuca\/index.php\/producto\/radar-de-deteccion-de-caidas-deteccion-de-personas-localizacion-de-objetivo-wifi-compatible-con-hikcentral-professional-rango-de-deteccion-5-metros-x-4-metros\/","title":{"rendered":"Radar de Detecci\u00f3n de Ca\u00eddas \/ Detecci\u00f3n de Personas \/ Localizaci\u00f3n de Objetivo \/ WiFi \/ Compatible con HikCentral Professional \/ Rango de Detecci\u00f3n 5 Metros x 4 Metros"},"content":{"rendered":"<div style='width: 100%; max-width: 1200px; margin: 0 auto; font-family: sans-serif; line-height: 1.6; color: inherit; background-color: transparent;'>\n<p style='text-align: center;'><span><img style='width: 100%; max-width: 400px; height: auto; border: 1px solid rgba(150&comma;150&comma;150&comma;0.3); border-radius: 8px;' src='https:\/\/ftp3.syscom.mx\/usuarios\/jsosa\/HIKVISION\/imagenes\/logo\/hikvision%20see%20far.png' alt='Logo Hikvision' \/><\/span><\/p>\n<div style='display: flex; flex-wrap: wrap; gap: 30px; margin-top: 30px; margin-bottom: 30px;'>\n<div style='flex: 1 1 300px; min-width: 280px;'>\n<h3 style='font-size: 22px; border-bottom: 2px solid currentColor; padding-bottom: 5px; margin-top: 0; color: inherit; opacity: 0.8;'>Caracter\u00edsticas Principales:<\/h3>\n<ul style='padding-left: 20px; font-size: 15px; color: inherit;'>\n<li style='margin-bottom: 5px;'><span style='color: inherit;'>Sin divulgaci\u00f3n de privacidad<\/span><\/li>\n<li style='margin-bottom: 5px;'><span style='color: inherit;'>Detecci\u00f3n de postura sin contacto<\/span><\/li>\n<li style='margin-bottom: 5px;'><span style='color: inherit;'>Alta precisi\u00f3n de detecci\u00f3n y baja tasa de falsas alarmas<\/span><\/li>\n<li style='margin-bottom: 5px;'><span style='color: inherit;'>Detecci\u00f3n de personas y no personas en el \u00e1rea<\/span><\/li>\n<li style='margin-bottom: 5px;'><span style='color: inherit;'>Admite la localizaci\u00f3n del objetivo y la transmisi\u00f3n de la ubicaci\u00f3n<\/span><\/li>\n<li style='margin-bottom: 5px;'><span style='color: inherit;'>Admite la transmisi\u00f3n de datos a Hikcentral Professional mediante protocolo OTAP<\/span><\/li>\n<\/ul><\/div>\n<div style='flex: 1 1 300px; min-width: 280px;'>\n<h3 style='font-size: 22px; border-bottom: 2px solid currentColor; padding-bottom: 5px; margin-top: 0; color: inherit; opacity: 0.8;'>Caracter\u00edsticas F\u00edsicas y El\u00e9ctricas:<\/h3>\n<ul style='padding-left: 20px; font-size: 15px; color: inherit;'>\n<li style='margin-bottom: 5px;'><span style='color: inherit;'>Rango de frecuencia: 60 a 63 GHz<\/span><\/li>\n<li style='margin-bottom: 5px;'><span style='color: inherit;'>Rango de detecci\u00f3n: 5m x 4m<\/span><\/li>\n<li style='margin-bottom: 5px;'><span style='color: inherit;'>Altura de instalaci\u00f3n: 2m<\/span><\/li>\n<li style='margin-bottom: 5px;'><span style='color: inherit;'>WiFi<\/span><\/li>\n<li style='margin-bottom: 5px;'><span style='color: inherit;'>Puerto Ethernet RJ45 10\/100 Mbps<\/span><\/li>\n<li style='margin-bottom: 5px;'><span style='color: inherit;'>Alimentaci\u00f3n: 5 VCD&comma; 2A USB Tipo C \/ POE 802.3af<\/span><\/li>\n<li style='margin-bottom: 5px;'><span style='color: inherit;'>Consumo: 10 W<\/span><\/li>\n<li style='margin-bottom: 5px;'><span style='color: inherit;'>Dimensiones: \u00d890mm x 81mm<\/span><\/li>\n<li style='margin-bottom: 5px;'><span style='color: inherit;'>Peso: 130g<\/span><\/li>\n<\/ul><\/div>\n<\/p><\/div>\n<hr style='border: 0; border-top: 1px solid rgba(150&comma; 150&comma; 150&comma; 0.3); margin: 30px 0;'>\n<div style='margin-bottom: 30px;'>\n<h3 style='font-size: 22px; border-bottom: 2px solid currentColor; padding-bottom: 5px; margin-top: 0; color: inherit; opacity: 0.8;'>Caracter\u00edsticas Destacadas:<\/h3>\n<p style='color: inherit; text-align: justify;'>Puede haber varias razones por las que un paciente puede estar inestable al estar de pie&comma; como la edad y la desorientaci\u00f3n. Mediante el uso de tecnolog\u00eda de sensores e inteligencia artificial&comma; la soluci\u00f3n puede detectar si una persona se cae&comma; por la forma en que se mueve. Esto se puede avisar de inmediato al personal de atenci\u00f3n&comma; para que pueda tomar medidas de inmediato.<\/p>\n<\/p><\/div>\n<hr style='border: 0; border-top: 1px solid rgba(150&comma; 150&comma; 150&comma; 0.3); margin: 30px 0;'>\n<div style='margin-bottom: 30px;'>\n<h3 style='font-size: 22px; border-bottom: 2px solid currentColor; padding-bottom: 5px; margin-top: 0; color: inherit; opacity: 0.8;'>Licencias HikCentral Professional:<\/h3>\n<ul style='padding-left: 20px; font-size: 15px; color: inherit;'>\n<li style='margin-bottom: 5px; text-align: justify;'><strong style='color: inherit;'>HC-P-VSS-B\/0C &#8211;<\/strong> <span style='color: inherit;'>HikCentral Professional \/ Licencia Base de Videovigilancia (HikCentral-P-VSS\/Base)<\/span><\/li>\n<li style='margin-bottom: 5px; text-align: justify;'><strong style='color: inherit;'>HC-P-HEALTHRADAR\/1U &#8211;<\/strong> <span style='color: inherit;'>HikCentral Professional \/ Licencia A\u00f1ade 1 Radar de Ca\u00edda o Radar de Cuidados Auxiliares (HikCentral-P-HealthCareRadar-1Unit)<\/span><\/li>\n<\/ul><\/div>\n<hr style='border: 0; border-top: 1px solid rgba(150&comma; 150&comma; 150&comma; 0.3); margin: 30px 0;'>\n<div style='margin-bottom: 30px;'> <img style='width: 100%; height: auto; border: 1px solid rgba(150&comma;150&comma;150&comma;0.3); border-radius: 8px;' src='https:\/\/ftp3.syscom.mx\/usuarios\/yalvarado\/hikvision\/HEALTHCARE\/HEALTHCARE.png' alt='SOLUCIONES INTELIGENTES QUE ASEGURAN LA SALUD Y OPTIMIZAN LA ATENCI\u00d3N'> <\/div>\n<div style='margin-bottom: 30px;'>\n<h3 style='font-size: 18px; margin-top: 0; margin-bottom: 20px; color: inherit; text-align: center;'><strong>SOLUCIONES INTELIGENTES QUE ASEGURAN LA SALUD Y OPTIMIZAN LA ATENCI\u00d3N<\/strong><\/h3>\n<p style='color: inherit;'>Las soluciones de Hikvision para el cuidado de la salud est\u00e1n dise\u00f1adas para crear un entorno sanitario m\u00e1s seguro y eficiente para todos. Siempre tenemos en cuenta las siguientes ideas al adaptar productos y sistemas para centros sanitarios.<\/p>\n<\/p><\/div>\n<div style='display: flex; flex-wrap: wrap; gap: 30px; margin-bottom: 30px;'>\n<div style='flex: 1 1 300px; min-width: 280px;'>\n<h4 style='font-size: 16px; margin-top: 0; color: inherit;'><strong>Permitiendo una protecci\u00f3n integral<\/strong><\/h4>\n<p style='color: inherit; text-align: justify;'>Los centros sanitarios necesitan una seguridad integral en cada rinc\u00f3n. Restringir el acceso a determinadas zonas y detectar riesgos e incidentes lo antes posible son fundamentales para garantizar la seguridad de las instalaciones sanitarias en todo momento.<\/p>\n<\/p><\/div>\n<div style='flex: 1 1 300px; min-width: 280px;'> <img style='width: 100%; height: auto; border: 1px solid rgba(150&comma;150&comma;150&comma;0.3); border-radius: 8px;' src='https:\/\/ftp3.syscom.mx\/usuarios\/yalvarado\/hikvision\/HEALTHCARE\/Healthcare-solutions-media1.jpg' alt='Healthcare-solutions-media1'> <\/div>\n<\/p><\/div>\n<div style='display: flex; flex-wrap: wrap; gap: 30px; margin-bottom: 30px;'>\n<div style='flex: 1 1 300px; min-width: 280px;'> <img style='width: 100%; height: auto; border: 1px solid rgba(150&comma;150&comma;150&comma;0.3); border-radius: 8px;' src='https:\/\/ftp3.syscom.mx\/usuarios\/yalvarado\/hikvision\/HEALTHCARE\/Healthcare-solutions-media2.jpg' alt='Healthcare-solutions-media2'> <\/div>\n<div style='flex: 1 1 300px; min-width: 280px;'>\n<h4 style='font-size: 16px; margin-top: 0; color: inherit;'><strong>Mejora la sensaci\u00f3n de seguridad<\/strong><\/h4>\n<p style='color: inherit; text-align: justify;'>Todos deben sentirse seguros&comma; protegidos y respetados mientras se encuentran en un centro de atenci\u00f3n m\u00e9dica. Esto no solo beneficiar\u00e1 a quienes reciben atenci\u00f3n&comma; sino que tambi\u00e9n ayudar\u00e1 a crear un entorno de trabajo positivo para los cuidadores que se dedican a brindar atenci\u00f3n de calidad.<\/p>\n<\/p><\/div>\n<\/p><\/div>\n<div style='display: flex; flex-wrap: wrap; gap: 30px; margin-bottom: 30px;'>\n<div style='flex: 1 1 300px; min-width: 280px;'>\n<h4 style='font-size: 16px; margin-top: 0; color: inherit;'><strong>Ofreciendo productos con alta adaptabilidad<\/strong><\/h4>\n<p style='color: inherit; text-align: justify;'>Los productos AloT de Hikvision son f\u00e1cilmente accesibles y gestionables por el software Hikcentral Professional. Los centros de salud no necesitan renovar sistemas para aprovechar las tecnolog\u00edas del futuro de Hikvision.<\/p>\n<\/p><\/div>\n<div style='flex: 1 1 300px; min-width: 280px;'> <img style='width: 100%; height: auto; border: 1px solid rgba(150&comma;150&comma;150&comma;0.3); border-radius: 8px;' src='https:\/\/ftp3.syscom.mx\/usuarios\/yalvarado\/hikvision\/HEALTHCARE\/elder-care-radar.jpg' alt='elder-care-radar'> <\/div>\n<\/p><\/div>\n<\/p><\/div>\n","protected":false},"excerpt":{"rendered":"<p>Radar de Detecci\u00f3n de Ca\u00eddas \/ Detecci\u00f3n de Personas \/ Localizaci\u00f3n de Objetivo \/ WiFi \/ Compatible con HikCentral Professional \/ Rango de Detecci\u00f3n 5 Metros x 4 Metros<\/p>\n","protected":false},"featured_media":526,"comment_status":"open","ping_status":"closed","template":"","meta":[],"product_brand":[],"product_cat":[18],"product_tag":[19,54,20],"class_list":{"0":"post-527","1":"product","2":"type-product","3":"status-publish","4":"has-post-thumbnail","6":"product_cat-movimiento-para-interior","7":"product_tag-detectores-sensores","8":"product_tag-hikvision","9":"product_tag-movimiento-para-interior","11":"first","12":"instock","13":"sale","14":"shipping-taxable","15":"purchasable","16":"product-type-simple"},"_links":{"self":[{"href":"https:\/\/soydeaqui.ddns.net\/pachuca\/index.php\/wp-json\/wp\/v2\/product\/527","targetHints":{"allow":["GET"]}}],"collection":[{"href":"https:\/\/soydeaqui.ddns.net\/pachuca\/index.php\/wp-json\/wp\/v2\/product"}],"about":[{"href":"https:\/\/soydeaqui.ddns.net\/pachuca\/index.php\/wp-json\/wp\/v2\/types\/product"}],"replies":[{"embeddable":true,"href":"https:\/\/soydeaqui.ddns.net\/pachuca\/index.php\/wp-json\/wp\/v2\/comments?post=527"}],"wp:featuredmedia":[{"embeddable":true,"href":"https:\/\/soydeaqui.ddns.net\/pachuca\/index.php\/wp-json\/wp\/v2\/media\/526"}],"wp:attachment":[{"href":"https:\/\/soydeaqui.ddns.net\/pachuca\/index.php\/wp-json\/wp\/v2\/media?parent=527"}],"wp:term":[{"taxonomy":"product_brand","embeddable":true,"href":"https:\/\/soydeaqui.ddns.net\/pachuca\/index.php\/wp-json\/wp\/v2\/product_brand?post=527"},{"taxonomy":"product_cat","embeddable":true,"href":"https:\/\/soydeaqui.ddns.net\/pachuca\/index.php\/wp-json\/wp\/v2\/product_cat?post=527"},{"taxonomy":"product_tag","embeddable":true,"href":"https:\/\/soydeaqui.ddns.net\/pachuca\/index.php\/wp-json\/wp\/v2\/product_tag?post=527"}],"curies":[{"name":"wp","href":"https:\/\/api.w.org\/{rel}","templated":true}]}}