{"id":52690,"date":"2026-03-18T23:43:59","date_gmt":"2026-03-18T23:43:59","guid":{"rendered":"https:\/\/soydeaqui.ddns.net\/pachuca\/index.php\/producto\/luces-estroboscopicas-para-lugares-peligrosos-electraray-homologado-ul-y-cul-para-clase-i-division-2-grupos-a-b-c-y-d-clase-ii-division-2-grupos-f-y-g-clase-iii-12-24-vcd-color-amba\/"},"modified":"2026-03-18T23:44:00","modified_gmt":"2026-03-18T23:44:00","slug":"luces-estroboscopicas-para-lugares-peligrosos-electraray-homologado-ul-y-cul-para-clase-i-division-2-grupos-a-b-c-y-d-clase-ii-division-2-grupos-f-y-g-clase-iii-12-24-vcd-color-amba","status":"publish","type":"product","link":"https:\/\/soydeaqui.ddns.net\/pachuca\/index.php\/producto\/luces-estroboscopicas-para-lugares-peligrosos-electraray-homologado-ul-y-cul-para-clase-i-division-2-grupos-a-b-c-y-d-clase-ii-division-2-grupos-f-y-g-clase-iii-12-24-vcd-color-amba\/","title":{"rendered":"Luces estrobosc\u00f3picas para lugares peligrosos Electraray\u00ae , Homologado UL y cUL para Clase I, Divisi\u00f3n 2, Grupos A, B, C y D; Clase II, Divisi\u00f3n 2, Grupos F y G; Clase III , 12-24 VCD, color \u00c1mbar, parpadeo predeterminado"},"content":{"rendered":"<div style='width: 100%; max-width: 1200px; margin: 0 auto; font-family: sans-serif; line-height: 1.6; color: inherit; background-color: transparent;'>\n<div style='display: flex; flex-wrap: wrap; gap: 30px; margin-bottom: 30px;'>\n<div style='flex: 1 1 300px; min-width: 280px;'>\n<h3 style='font-size: 22px; border-bottom: 2px solid currentColor; padding-bottom: 5px; margin-top: 0; color: inherit; opacity: 0.8;'>Descripci\u00f3n general<\/h3>\n<p style='font-size: 15px; color: inherit; margin-bottom: 15px;'>La luz estrobosc\u00f3pica para lugares peligrosos Electraray\u00ae Modelo 225XST de Federal Signal proporciona 80 destellos de alta intensidad por minuto. Esta luz de advertencia est\u00e1 disponible en 12-24 VCD&comma; 24 VCD&comma; 120 VCA y 240 VCA.<\/p>\n<p style='font-size: 15px; color: inherit; margin-bottom: 15px;'>El modelo 225XST ha sido certificado por UL por cumplir con los requisitos de estanqueidad al agua y resistencia a la corrosi\u00f3n del tipo 4X; construido seg\u00fan IP66 (en orientaci\u00f3n domo hacia arriba). Esta luz de advertencia para \u00e1reas peligrosas tiene una base recubierta de poliuretano negro y la lente Fresnel interna est\u00e1 disponible en seis colores (incluido el magenta). La c\u00fapula exterior de policarbonato transparente se puede quitar r\u00e1pidamente para acceder f\u00e1cilmente para inspeccionar la unidad o cambiar la l\u00e1mpara. El 225XST tiene una candela efectiva de 240 y una candela m\u00e1xima de 580.000.<\/p>\n<p style='font-size: 15px; color: inherit; margin-bottom: 15px;'>El 225XST-I de 24 VCD cuenta con un dise\u00f1o de PCB que limita la entrada de voltaje que proporciona una mayor compatibilidad con los sistemas de control de automatizaci\u00f3n de f\u00e1brica y menos interferencia el\u00e9ctrica con dispositivos sensibles a la entrada de corriente.<\/p>\n<p style='font-size: 15px; color: inherit; margin-bottom: 15px;'>El 225XST est\u00e1 listado por UL y certificado por CSA para Clase I&comma; Divisi\u00f3n 2&comma; Grupos A&comma; B&comma; C y D; Clase II&comma; Divisi\u00f3n 2&comma; Grupos F y G; y Clase III.<\/p>\n<p style='font-size: 15px; color: inherit; margin-bottom: 15px;'>El modelo 225XST es ideal para atm\u00f3sferas h\u00famedas y corrosivas como las que se encuentran en las industrias de procesamiento de alimentos&comma; o en cualquier lugar donde se necesite una se\u00f1al visual.<\/p>\n<p style='font-size: 15px; color: inherit; margin-bottom: 15px;'>La asequible luz de advertencia estrobosc\u00f3pica Electraray\u00ae de Federal Signal est\u00e1 dise\u00f1ada espec\u00edficamente para su uso en lugares peligrosos o donde hay materiales corrosivos presentes.<\/p>\n<\/p><\/div>\n<\/p><\/div>\n<div style='display: flex; flex-wrap: wrap; gap: 20px; margin-bottom: 30px;'>\n<div style='flex: 1 1 250px; border: 1px solid rgba(150&comma; 150&comma; 150&comma; 0.4); border-radius: 8px; overflow: hidden; display: flex; flex-direction: column;'>\n<div style='padding: 15px; border-bottom: 1px solid rgba(150&comma; 150&comma; 150&comma; 0.2); font-weight: bold; font-size: 18px; color: inherit;'>Especificaciones<\/div>\n<div style='padding: 15px; color: inherit;'>\n<ul style='padding-left: 20px; margin: 0; font-size: 14px; list-style-type: disc;'>\n<li style='margin-bottom: 5px;'>Modelos 225XST disponibles en 12-24VCD&comma; 24VCD&comma; 120VAC y 240VAC<\/li>\n<li style='margin-bottom: 5px;'>5&comma;000 horas de Luz LED de alta intensidad estrobosc\u00f3pica<\/li>\n<li style='margin-bottom: 5px;'>Montaje en tubo NPT de 1\/2 pulgada<\/li>\n<li style='margin-bottom: 5px;'>Uso en interior y exterior<\/li>\n<li style='margin-bottom: 5px;'>Tipo 4X&comma; gabinete IP66 (orientaci\u00f3n del domo hacia arriba)<\/li>\n<li style='margin-bottom: 5px;'>Listado UL y cUL y certificado CSA<\/li>\n<li style='margin-bottom: 5px;'>Montaje en Tuber\u00eda NPT de 1\/2&#8242;<\/li>\n<li style='margin-bottom: 5px;'>Vida \u00fatil: 10&comma;000 horas<\/li>\n<li style='margin-bottom: 5px;'>Fuente de luz de tubo estrobosc\u00f3pico<\/li>\n<li style='margin-bottom: 5px;'>Temperatura de operaci\u00f3n de -40\u00b0C a 40\u00b0C<\/li>\n<li style='margin-bottom: 5px;'>Altura 190.5 mm<\/li>\n<li style='margin-bottom: 5px;'>Di\u00e1metro 139.7 mm<\/li>\n<\/ul><\/div>\n<\/p><\/div>\n<\/p><\/div>\n<hr style='border: 0; border-top: 1px solid rgba(150&comma; 150&comma; 150&comma; 0.3); margin: 30px 0;'> <\/div>\n","protected":false},"excerpt":{"rendered":"<p>Luces estrobosc\u00f3picas para lugares peligrosos Electraray\u00ae , Homologado UL y cUL para Clase I, Divisi\u00f3n 2, Grupos A, B, C y D; Clase II, Divisi\u00f3n 2, Grupos F y G; Clase III , 12-24 VCD, color \u00c1mbar, parpadeo predeterminado<\/p>\n","protected":false},"featured_media":52689,"comment_status":"open","ping_status":"closed","template":"","meta":[],"product_brand":[],"product_cat":[1416],"product_tag":[552,1414,1417],"class_list":{"0":"post-52690","1":"product","2":"type-product","3":"status-publish","4":"has-post-thumbnail","6":"product_cat-luces-para-la-industria-y-edificios","7":"product_tag-federal-signal-industrial","8":"product_tag-luces-bocinas-para-la-industria-y-edificios","9":"product_tag-luces-para-la-industria-y-edificios","11":"first","12":"outofstock","13":"sale","14":"shipping-taxable","15":"purchasable","16":"product-type-simple"},"_links":{"self":[{"href":"https:\/\/soydeaqui.ddns.net\/pachuca\/index.php\/wp-json\/wp\/v2\/product\/52690","targetHints":{"allow":["GET"]}}],"collection":[{"href":"https:\/\/soydeaqui.ddns.net\/pachuca\/index.php\/wp-json\/wp\/v2\/product"}],"about":[{"href":"https:\/\/soydeaqui.ddns.net\/pachuca\/index.php\/wp-json\/wp\/v2\/types\/product"}],"replies":[{"embeddable":true,"href":"https:\/\/soydeaqui.ddns.net\/pachuca\/index.php\/wp-json\/wp\/v2\/comments?post=52690"}],"wp:featuredmedia":[{"embeddable":true,"href":"https:\/\/soydeaqui.ddns.net\/pachuca\/index.php\/wp-json\/wp\/v2\/media\/52689"}],"wp:attachment":[{"href":"https:\/\/soydeaqui.ddns.net\/pachuca\/index.php\/wp-json\/wp\/v2\/media?parent=52690"}],"wp:term":[{"taxonomy":"product_brand","embeddable":true,"href":"https:\/\/soydeaqui.ddns.net\/pachuca\/index.php\/wp-json\/wp\/v2\/product_brand?post=52690"},{"taxonomy":"product_cat","embeddable":true,"href":"https:\/\/soydeaqui.ddns.net\/pachuca\/index.php\/wp-json\/wp\/v2\/product_cat?post=52690"},{"taxonomy":"product_tag","embeddable":true,"href":"https:\/\/soydeaqui.ddns.net\/pachuca\/index.php\/wp-json\/wp\/v2\/product_tag?post=52690"}],"curies":[{"name":"wp","href":"https:\/\/api.w.org\/{rel}","templated":true}]}}