{"id":52685,"date":"2026-03-18T23:43:48","date_gmt":"2026-03-18T23:43:48","guid":{"rendered":"https:\/\/soydeaqui.ddns.net\/pachuca\/index.php\/producto\/altavoz-tactil-no-amplificado-de-100-w-para-interior-exterior-para-voz-y-tono-de-alta-potencia-para-ubicaciones-peligrosas\/"},"modified":"2026-03-18T23:43:49","modified_gmt":"2026-03-18T23:43:49","slug":"altavoz-tactil-no-amplificado-de-100-w-para-interior-exterior-para-voz-y-tono-de-alta-potencia-para-ubicaciones-peligrosas","status":"publish","type":"product","link":"https:\/\/soydeaqui.ddns.net\/pachuca\/index.php\/producto\/altavoz-tactil-no-amplificado-de-100-w-para-interior-exterior-para-voz-y-tono-de-alta-potencia-para-ubicaciones-peligrosas\/","title":{"rendered":"Altavoz t\u00e1ctil no amplificado de 100 W para interior\/exterior para voz y tono de alta potencia para ubicaciones peligrosas"},"content":{"rendered":"<div style='width: 100%; max-width: 1200px; margin: 0 auto; font-family: sans-serif; line-height: 1.6; color: inherit; background-color: transparent;'> <!-- Secci\u00f3n de descripci\u00f3n --> <\/p>\n<div style='margin-bottom: 30px;'>\n<h3 style='font-size: 22px; border-bottom: 2px solid currentColor; padding-bottom: 5px; margin-top: 0; color: inherit; opacity: 0.8;'>Funciones<\/h3>\n<p style='margin: 15px 0; font-size: 15px; color: inherit; text-align: justify;'>La l\u00ednea de productos Directional Speaker Array (DSA) de Federal Signal ahora incluye un altavoz no amplificado de 100 W para ubicaciones peligrosas&comma; modelo DSA1X. El DSA1X proporciona tomas variables para 100&comma; 55&comma; 32 o 18 W para su uso en una variedad de aplicaciones. Se puede alimentar desde un controlador Ultra-Voice o cualquier amplificador de 25\/70 V.<\/p>\n<p style='margin: 15px 0; font-size: 15px; color: inherit; text-align: justify;'>El DSA1X incluye herrajes de acero inoxidable para montaje en pared o techo; tambi\u00e9n est\u00e1n disponibles soportes de montaje en poste grandes o peque\u00f1os opcionales y un exclusivo deflector de sonido omnidireccional.<\/p>\n<p style='margin: 15px 0; font-size: 15px; color: inherit; text-align: justify;'>Combine varios DSA1X con un controlador UV para crear un sistema de notificaci\u00f3n masiva integrado dentro de un entorno de ubicaci\u00f3n peligrosa. El DSA1X se puede combinar con altavoces DSA1X adicionales para un sistema de notificaci\u00f3n en toda la planta. Con una potencia m\u00e1xima de 100 W&comma; el altavoz DSA1X satisface las necesidades de los clientes de un altavoz de voz y\/o tono rentable. Este altavoz es una soluci\u00f3n ideal para los sistemas de notificaci\u00f3n existentes en los que existe falta de cobertura y se requiere un dise\u00f1o peque\u00f1o y compacto.<\/p>\n<\/p><\/div>\n<p> <!-- Secci\u00f3n de especificaciones --> <\/p>\n<div style='display: flex; flex-wrap: wrap; gap: 20px; margin-bottom: 30px;'>\n<div style='flex: 1 1 250px; border: 1px solid rgba(150&comma; 150&comma; 150&comma; 0.4); border-radius: 8px; overflow: hidden; display: flex; flex-direction: column;'>\n<div style='padding: 15px; border-bottom: 1px solid rgba(150&comma; 150&comma; 150&comma; 0.2); font-weight: bold; font-size: 18px; color: inherit;'>Caracter\u00edsticas t\u00e9cnicas<\/div>\n<div style='padding: 15px; color: inherit;'>\n<ul style='padding-left: 20px; margin: 0; font-size: 14px; list-style-type: disc;'>\n<li style='margin-bottom: 5px;'><strong>Temperatura de funcionamiento:<\/strong> -40 \u00cc\u0160F a 150 \u00cc\u0160F (-40 \u00cc\u0160C a 66 \u00cc\u0160C)<\/li>\n<li style='margin-bottom: 5px;'><strong>Tama\u00f1o:<\/strong> 7 pulgadas x 9 pulgadas 10 pulgadas (178 mm x 229 mm x 254 mm)<\/li>\n<li style='margin-bottom: 5px;'><strong>Nivel m\u00e1ximo de presi\u00f3n sonora @100 W:<\/strong> 103 dB (\u00b1 2 dB) @ 100&#8217;&comma; 120 dB (\u00b1 2 dB) @ 10&#8217;&comma; 130 dB (\u00b1 2 dB) @ 1 m<\/li>\n<li style='margin-bottom: 5px;'><strong>Opciones de montaje:<\/strong> Pared o poste<\/li>\n<li style='margin-bottom: 5px;'><strong>Tomas de entrada:<\/strong> 25 V y 70 V<\/li>\n<li style='margin-bottom: 5px;'><strong>Salidas disponibles:<\/strong> 100 W&comma; 55 W&comma; 32 W y 18 W<\/li>\n<li style='margin-bottom: 5px;'><strong>SPL @ 55 W:<\/strong> 117 db @ 10&#8217;&comma; 127 db @ 1 m<\/li>\n<li style='margin-bottom: 5px;'><strong>SPL @ 32 W:<\/strong> 114 db @ 10&#8217;&comma; 124 db @ 1 m<\/li>\n<li style='margin-bottom: 5px;'><strong>SPL @ 18 W:<\/strong> 111 db @ 10&#8217;&comma; 121 db @ 1 m<\/li>\n<\/ul><\/div>\n<\/p><\/div>\n<\/p><\/div>\n<p> <!-- Separador --> <\/p>\n<hr style='border: 0; border-top: 1px solid rgba(150&comma; 150&comma; 150&comma; 0.3); margin: 30px 0;'> <\/div>\n","protected":false},"excerpt":{"rendered":"<p>Altavoz t\u00e1ctil no amplificado de 100 W para interior\/exterior para voz y tono de alta potencia para ubicaciones peligrosas<\/p>\n","protected":false},"featured_media":52684,"comment_status":"open","ping_status":"closed","template":"","meta":[],"product_brand":[],"product_cat":[1413],"product_tag":[1415,552,1414],"class_list":{"0":"post-52685","1":"product","2":"type-product","3":"status-publish","4":"has-post-thumbnail","6":"product_cat-bocinas-de-alerta-y-notificacion-masiva","7":"product_tag-bocinas-de-alerta-y-notificacion-masiva","8":"product_tag-federal-signal-industrial","9":"product_tag-luces-bocinas-para-la-industria-y-edificios","11":"first","12":"outofstock","13":"sale","14":"shipping-taxable","15":"purchasable","16":"product-type-simple"},"_links":{"self":[{"href":"https:\/\/soydeaqui.ddns.net\/pachuca\/index.php\/wp-json\/wp\/v2\/product\/52685","targetHints":{"allow":["GET"]}}],"collection":[{"href":"https:\/\/soydeaqui.ddns.net\/pachuca\/index.php\/wp-json\/wp\/v2\/product"}],"about":[{"href":"https:\/\/soydeaqui.ddns.net\/pachuca\/index.php\/wp-json\/wp\/v2\/types\/product"}],"replies":[{"embeddable":true,"href":"https:\/\/soydeaqui.ddns.net\/pachuca\/index.php\/wp-json\/wp\/v2\/comments?post=52685"}],"wp:featuredmedia":[{"embeddable":true,"href":"https:\/\/soydeaqui.ddns.net\/pachuca\/index.php\/wp-json\/wp\/v2\/media\/52684"}],"wp:attachment":[{"href":"https:\/\/soydeaqui.ddns.net\/pachuca\/index.php\/wp-json\/wp\/v2\/media?parent=52685"}],"wp:term":[{"taxonomy":"product_brand","embeddable":true,"href":"https:\/\/soydeaqui.ddns.net\/pachuca\/index.php\/wp-json\/wp\/v2\/product_brand?post=52685"},{"taxonomy":"product_cat","embeddable":true,"href":"https:\/\/soydeaqui.ddns.net\/pachuca\/index.php\/wp-json\/wp\/v2\/product_cat?post=52685"},{"taxonomy":"product_tag","embeddable":true,"href":"https:\/\/soydeaqui.ddns.net\/pachuca\/index.php\/wp-json\/wp\/v2\/product_tag?post=52685"}],"curies":[{"name":"wp","href":"https:\/\/api.w.org\/{rel}","templated":true}]}}