{"id":52683,"date":"2026-03-18T23:43:46","date_gmt":"2026-03-18T23:43:46","guid":{"rendered":"https:\/\/soydeaqui.ddns.net\/pachuca\/index.php\/producto\/certificacion-basica-de-equipos-ruptela-con-plataforma-epcomgps\/"},"modified":"2026-03-18T23:43:46","modified_gmt":"2026-03-18T23:43:46","slug":"certificacion-basica-de-equipos-ruptela-con-plataforma-epcomgps","status":"publish","type":"product","link":"https:\/\/soydeaqui.ddns.net\/pachuca\/index.php\/producto\/certificacion-basica-de-equipos-ruptela-con-plataforma-epcomgps\/","title":{"rendered":"Certificaci\u00f3n B\u00e1sica de Equipos Ruptela con Plataforma EPCOMGPS"},"content":{"rendered":"<div style='width: 100%; max-width: 1200px; margin: 0 auto; font-family: sans-serif; line-height: 1.6; color: inherit; background-color: transparent;'>\n<div style='display: flex; flex-wrap: wrap; gap: 30px; margin-bottom: 30px;'>\n<div style='flex: 1 1 300px; min-width: 280px;'>\n<h3 style='font-size: 22px; border-bottom: 2px solid currentColor; padding-bottom: 5px; margin-top: 0; color: inherit; opacity: 0.8;'>Descripci\u00f3n<\/h3>\n<p style='font-size: 15px; color: inherit; margin-top: 15px; margin-bottom: 15px;'>En este curso se brindar\u00e1 de conocimientos y herramientas necesarias para desarrollar e implementar soluciones de localizaci\u00f3n vehicular y telem\u00e1tica. Con el fin de que el asistente incursione en esta soluci\u00f3n y reafirmar conocimientos&comma; procedimientos y conocer nuevas funciones de los dispositivos utilizados actualmente.<\/p>\n<p style='font-size: 15px; color: inherit; margin-top: 15px; margin-bottom: 15px;'>El curso es completamente te\u00f3rico con examen de certificaci\u00f3n al finalizar&comma; se tomar\u00e1n en cuenta como criterios de evaluaci\u00f3n la participaci\u00f3n y el examen final.<\/p>\n<\/p><\/div>\n<\/p><\/div>\n<div style='display: flex; flex-wrap: wrap; gap: 30px; margin-bottom: 30px;'>\n<div style='flex: 1 1 300px; min-width: 280px;'>\n<h3 style='font-size: 22px; border-bottom: 2px solid currentColor; padding-bottom: 5px; margin-top: 0; color: inherit; opacity: 0.8;'>Dirigido<\/h3>\n<ul style='padding-left: 20px; font-size: 15px; color: inherit; margin-top: 15px; margin-bottom: 15px;'>\n<li style='margin-bottom: 5px;'>Integradores interesados en comercializar dispositivos de seguimiento satelital y telem\u00e1tica.<\/li>\n<li style='margin-bottom: 5px;'>Integradores interesados en conocer nuevas funciones y accesorios.<\/li>\n<li style='margin-bottom: 5px;'>Integradores interesados en nuevas marcas de plataformas y dispositivos GPS.<\/li>\n<li style='margin-bottom: 5px;'>Personal t\u00e9cnico interesado en programaci\u00f3n de diferentes marcas.<\/li>\n<li style='margin-bottom: 5px;'>Integradores buscando reforzar conocimientos.<\/li>\n<\/ul><\/div>\n<\/p><\/div>\n<div style='display: flex; flex-wrap: wrap; gap: 30px; margin-bottom: 30px;'>\n<div style='flex: 1 1 300px; min-width: 280px;'>\n<h3 style='font-size: 22px; border-bottom: 2px solid currentColor; padding-bottom: 5px; margin-top: 0; color: inherit; opacity: 0.8;'>Objetivo<\/h3>\n<p style='font-size: 15px; color: inherit; margin-top: 15px; margin-bottom: 15px;'>El asistente obtenga informaci\u00f3n valiosa que pueda implementar dia a dia en el crecimiento de su negocio&comma; que se obtenga el conocimiento de programaci\u00f3n de las diferentes marcas ofrecidas en Syscom.<\/p>\n<\/p><\/div>\n<\/p><\/div>\n<div style='display: flex; flex-wrap: wrap; gap: 30px; margin-bottom: 30px;'>\n<div style='flex: 1 1 300px; min-width: 280px;'>\n<h3 style='font-size: 22px; border-bottom: 2px solid currentColor; padding-bottom: 5px; margin-top: 0; color: inherit; opacity: 0.8;'>Requisitos<\/h3>\n<ul style='padding-left: 20px; font-size: 15px; color: inherit; margin-top: 15px; margin-bottom: 15px;'>\n<li style='margin-bottom: 5px;'>Desarmador y pinzas de corte para cableado.<\/li>\n<li style='margin-bottom: 5px;'>Libreta para apuntes<\/li>\n<li style='margin-bottom: 5px;'>Computadora con Windows<\/li>\n<li style='margin-bottom: 5px;'>Conexi\u00f3n a internet.<\/li>\n<li style='margin-bottom: 5px;'>Acceso a numero de cliente y contrase\u00f1a de Syscom.mx<\/li>\n<\/ul><\/div>\n<\/p><\/div>\n<div style='display: flex; flex-wrap: wrap; gap: 30px; margin-bottom: 30px;'>\n<div style='flex: 1 1 300px; min-width: 280px;'>\n<h3 style='font-size: 22px; border-bottom: 2px solid currentColor; padding-bottom: 5px; margin-top: 0; color: inherit; opacity: 0.8;'>Temario<\/h3>\n<div style='margin-top: 15px; font-size: 15px; color: inherit;'> <strong>Duracion<\/strong> <\/p>\n<ul style='padding-left: 20px; margin-top: 10px; margin-bottom: 15px;'>\n<li style='margin-bottom: 5px;'>2 d\u00edas<\/li>\n<\/ul>\n<p> <strong>Conceptos B\u00e1sicos.<\/strong> <\/p>\n<ul style='padding-left: 20px; margin-top: 10px; margin-bottom: 15px;'>\n<li style='margin-bottom: 5px;'>Definici\u00f3n de conceptos.<\/li>\n<li style='margin-bottom: 5px;'>Recomendaci\u00f3n de marcas y modelos.<\/li>\n<li style='margin-bottom: 5px;'>Segmentaci\u00f3n de mercado \u00bfA qui\u00e9n puedo ofrecer el servicio?<\/li>\n<li style='margin-bottom: 5px;'>Requisitos b\u00e1sicos para ofrecer soluci\u00f3n GPS.<\/li>\n<li style='margin-bottom: 5px;'>Requisitos b\u00e1sicos para ofrecer soluci\u00f3n telem\u00e1tica.<\/li>\n<\/ul>\n<p> <strong>Introducci\u00f3n Equipos Ruptela.<\/strong> <\/p>\n<ul style='padding-left: 20px; margin-top: 10px; margin-bottom: 15px;'>\n<li style='margin-bottom: 5px;'>Modelos.<\/li>\n<li style='margin-bottom: 5px;'>Accesorios.<\/li>\n<li style='margin-bottom: 5px;'>Software de programaci\u00f3n.<\/li>\n<\/ul>\n<p> <strong>Programaci\u00f3n b\u00e1sica.<\/strong> <\/p>\n<ul style='padding-left: 20px; margin-top: 10px; margin-bottom: 15px;'>\n<li style='margin-bottom: 5px;'>Programaci\u00f3n de par\u00e1metros b\u00e1sicos<\/li>\n<li style='margin-bottom: 5px;'>Pruebas b\u00e1sicas.<\/li>\n<li style='margin-bottom: 5px;'>Programaci\u00f3n por SMS.<\/li>\n<li style='margin-bottom: 5px;'>Actualizaci\u00f3n de FW.<\/li>\n<li style='margin-bottom: 5px;'>Alarma por desconexi\u00f3n.<\/li>\n<li style='margin-bottom: 5px;'>Soluci\u00f3n de problemas frecuentes.<\/li>\n<\/ul>\n<p> <strong>Introducci\u00f3n EpcomGPS Plataforma de Rastreo Avanzada.<\/strong> <\/p>\n<ul style='padding-left: 20px; margin-top: 10px; margin-bottom: 15px;'>\n<li style='margin-bottom: 5px;'>Crear cuenta EpcomGPS<\/li>\n<li style='margin-bottom: 5px;'>Diferencia entre cuenta seguimiento y cuenta de administraci\u00f3n.<\/li>\n<li style='margin-bottom: 5px;'>Cuentas de usuario.<\/li>\n<li style='margin-bottom: 5px;'>Alta de unidades.<\/li>\n<li style='margin-bottom: 5px;'>Comandos.<\/li>\n<li style='margin-bottom: 5px;'>Notificaciones.<\/li>\n<li style='margin-bottom: 5px;'>Informes.<\/li>\n<li style='margin-bottom: 5px;'>Tareas.<\/li>\n<li style='margin-bottom: 5px;'>Registro de mantenimiento.<\/li>\n<\/ul>\n<p> <strong>Aplicativos EpcomGPS<\/strong> <\/p>\n<p style='margin-top: 15px; margin-bottom: 15px;'><strong>Examen practico.<\/strong><\/p>\n<\/p><\/div>\n<\/p><\/div>\n<\/p><\/div>\n<hr style='border: 0; border-top: 1px solid rgba(150&comma; 150&comma; 150&comma; 0.3); margin: 30px 0;'>\n<div style='display: flex; flex-wrap: wrap; gap: 30px; margin-bottom: 30px;'>\n<div style='flex: 1 1 300px; min-width: 280px;'>\n<h3 style='font-size: 22px; border-bottom: 2px solid currentColor; padding-bottom: 5px; margin-top: 0; color: inherit; opacity: 0.8;'> <\/h3>\n<p style='font-size: 15px; color: inherit; margin-top: 15px; margin-bottom: 15px;'>\n<\/p><\/div>\n<\/p><\/div>\n<\/div>\n","protected":false},"excerpt":{"rendered":"<p>Certificaci\u00f3n B\u00e1sica de Equipos Ruptela con Plataforma EPCOMGPS<\/p>\n","protected":false},"featured_media":52682,"comment_status":"open","ping_status":"closed","template":"","meta":[],"product_brand":[],"product_cat":[1346,1388],"product_tag":[1350,1349,63,1389],"class_list":{"0":"post-52683","1":"product","2":"type-product","3":"status-publish","4":"has-post-thumbnail","6":"product_cat-iot","7":"product_cat-trackers-gps","8":"product_tag-gps-y-telematica","9":"product_tag-iot","10":"product_tag-syscom","11":"product_tag-trackers-gps","13":"first","14":"outofstock","15":"sale","16":"shipping-taxable","17":"purchasable","18":"product-type-simple"},"_links":{"self":[{"href":"https:\/\/soydeaqui.ddns.net\/pachuca\/index.php\/wp-json\/wp\/v2\/product\/52683","targetHints":{"allow":["GET"]}}],"collection":[{"href":"https:\/\/soydeaqui.ddns.net\/pachuca\/index.php\/wp-json\/wp\/v2\/product"}],"about":[{"href":"https:\/\/soydeaqui.ddns.net\/pachuca\/index.php\/wp-json\/wp\/v2\/types\/product"}],"replies":[{"embeddable":true,"href":"https:\/\/soydeaqui.ddns.net\/pachuca\/index.php\/wp-json\/wp\/v2\/comments?post=52683"}],"wp:featuredmedia":[{"embeddable":true,"href":"https:\/\/soydeaqui.ddns.net\/pachuca\/index.php\/wp-json\/wp\/v2\/media\/52682"}],"wp:attachment":[{"href":"https:\/\/soydeaqui.ddns.net\/pachuca\/index.php\/wp-json\/wp\/v2\/media?parent=52683"}],"wp:term":[{"taxonomy":"product_brand","embeddable":true,"href":"https:\/\/soydeaqui.ddns.net\/pachuca\/index.php\/wp-json\/wp\/v2\/product_brand?post=52683"},{"taxonomy":"product_cat","embeddable":true,"href":"https:\/\/soydeaqui.ddns.net\/pachuca\/index.php\/wp-json\/wp\/v2\/product_cat?post=52683"},{"taxonomy":"product_tag","embeddable":true,"href":"https:\/\/soydeaqui.ddns.net\/pachuca\/index.php\/wp-json\/wp\/v2\/product_tag?post=52683"}],"curies":[{"name":"wp","href":"https:\/\/api.w.org\/{rel}","templated":true}]}}