{"id":52663,"date":"2026-03-18T23:43:13","date_gmt":"2026-03-18T23:43:13","guid":{"rendered":"https:\/\/soydeaqui.ddns.net\/pachuca\/index.php\/producto\/altavoz-amplificado-selectone-ul-y-cul-24-vcd-montaje-en-superficie\/"},"modified":"2026-03-18T23:43:14","modified_gmt":"2026-03-18T23:43:14","slug":"altavoz-amplificado-selectone-ul-y-cul-24-vcd-montaje-en-superficie","status":"publish","type":"product","link":"https:\/\/soydeaqui.ddns.net\/pachuca\/index.php\/producto\/altavoz-amplificado-selectone-ul-y-cul-24-vcd-montaje-en-superficie\/","title":{"rendered":"Altavoz amplificado Selectone, UL y cUL, 24 Vcd, montaje en superficie"},"content":{"rendered":"<div style='width: 100%; max-width: 1200px; margin: 0 auto; font-family: sans-serif; line-height: 1.6; color: inherit; background-color: transparent;'>\n<div style='margin-bottom: 30px;'>\n<h3 style='font-size: 22px; border-bottom: 2px solid currentColor; padding-bottom: 5px; margin-top: 0; color: inherit; opacity: 0.8; text-align: center;'>caracteristicas<\/h3>\n<div style='margin-top: 15px;'>\n<p style='margin-bottom: 15px; font-size: 15px; color: inherit;'>El altavoz amplificado SelecTone\u00ae modelo 50GC est\u00e1 dise\u00f1ado para producir tonos n\u00edtidos y claros&comma; mensajes de voz digitales y megafon\u00eda en vivo.<\/p>\n<p style='margin-bottom: 15px; font-size: 15px; color: inherit;'>En el modelo 50GC&comma; se interpone una bocina reentrante corta y plegada entre el diafragma y el espacio de aire circundante. Este dise\u00f1o proporciona una salida de dBa y una respuesta de frecuencia \u00f3ptimas. Cuando se instala con la caja posterior resistente a la intemperie WB&comma; el modelo 50GC es adecuado para uso en exteriores.<\/p>\n<p style='margin-bottom: 15px; font-size: 15px; color: inherit;'>Los altavoces amplificados SelecTone se utilizan individualmente o como parte de un sistema de notificaci\u00f3n de emergencia en toda la planta. El m\u00f3dulo de tono universal modelo UTM con 32 tonos&comma; o el m\u00f3dulo de tono personalizado modelo TM33-SD se conecta a un solo altavoz amplificado SelecTone para uso independiente o a una unidad de comando SelecTone para se\u00f1alizaci\u00f3n en toda la planta.<\/p>\n<p style='margin-bottom: 15px; font-size: 15px; color: inherit;'>Para la se\u00f1alizaci\u00f3n en toda la planta&comma; se instala un juego de conectores en cada altavoz amplificado SelecTone y se conecta a un controlador central. Las unidades de comando SelecTone y los centros de mensajes digitales CommCenter\u00ae transmiten tonos&comma; mensajes de voz&comma; melod\u00edas y megafon\u00eda en vivo a un n\u00famero ilimitado de altavoces amplificados SelecTone.<\/p>\n<p style='margin-bottom: 15px; font-size: 15px; color: inherit;'>El tama\u00f1o compacto y la apariencia atractiva del Modelo 50GC lo hacen ideal para usar en oficinas&comma; pasillos&comma; recepci\u00f3n y \u00e1reas de plantas donde los niveles de ruido ambiental no son excesivamente altos y se desea incluso la dispersi\u00f3n del sonido. La se\u00f1alizaci\u00f3n de emergencia y la paginaci\u00f3n son aplicaciones comunes.<\/p>\n<\/p><\/div>\n<\/p><\/div>\n<hr style='border: 0; border-top: 1px solid rgba(150&comma; 150&comma; 150&comma; 0.3); margin: 30px 0;'>\n<div style='margin-bottom: 30px;'>\n<h3 style='font-size: 22px; border-bottom: 2px solid currentColor; padding-bottom: 5px; margin-top: 0; color: inherit; opacity: 0.8; text-align: center;'>especificaciones<\/h3>\n<div style='margin-top: 15px;'>\n<div style='display: flex; flex-wrap: wrap; gap: 20px;'>\n<div style='flex: 1 1 250px; border: 1px solid rgba(150&comma; 150&comma; 150&comma; 0.4); border-radius: 8px; overflow: hidden; display: flex; flex-direction: column; background-color: rgba(255&comma; 255&comma; 255&comma; 0.05);'>\n<div style='padding: 15px; border-bottom: 1px solid rgba(150&comma; 150&comma; 150&comma; 0.2); font-weight: bold; font-size: 18px; color: inherit;'>Especificaciones Generales<\/div>\n<div style='padding: 15px; color: inherit;'>\n<ul style='padding-left: 20px; margin: 0; font-size: 14px; list-style-type: disc;'>\n<li style='margin-bottom: 5px;'><strong>Temperatura de funcionamiento m\u00ednima:<\/strong> -35 \u00b0C<\/li>\n<li style='margin-bottom: 5px;'><strong>Temperatura de funcionamiento maxima:<\/strong> 66 \u00b0C<\/li>\n<li style='margin-bottom: 5px;'><strong>Peso de env\u00edo:<\/strong> 1 Kg<\/li>\n<li style='margin-bottom: 5px;'><strong>Peso neto:<\/strong> 0.770Kg<\/li>\n<li style='margin-bottom: 5px;'><strong>Altura:<\/strong> 140mm<\/li>\n<li style='margin-bottom: 5px;'><strong>Ancho:<\/strong> 140mm<\/li>\n<li style='margin-bottom: 5px;'><strong>Profundidad:<\/strong> 81mm<\/li>\n<\/ul><\/div>\n<\/p><\/div>\n<\/p><\/div>\n<\/p><\/div>\n<\/p><\/div>\n<\/p><\/div>\n","protected":false},"excerpt":{"rendered":"<p>Altavoz amplificado Selectone, UL y cUL, 24 Vcd, montaje en superficie<\/p>\n","protected":false},"featured_media":52662,"comment_status":"open","ping_status":"closed","template":"","meta":[],"product_brand":[],"product_cat":[1413],"product_tag":[1415,552,1414],"class_list":{"0":"post-52663","1":"product","2":"type-product","3":"status-publish","4":"has-post-thumbnail","6":"product_cat-bocinas-de-alerta-y-notificacion-masiva","7":"product_tag-bocinas-de-alerta-y-notificacion-masiva","8":"product_tag-federal-signal-industrial","9":"product_tag-luces-bocinas-para-la-industria-y-edificios","11":"first","12":"outofstock","13":"sale","14":"shipping-taxable","15":"purchasable","16":"product-type-simple"},"_links":{"self":[{"href":"https:\/\/soydeaqui.ddns.net\/pachuca\/index.php\/wp-json\/wp\/v2\/product\/52663","targetHints":{"allow":["GET"]}}],"collection":[{"href":"https:\/\/soydeaqui.ddns.net\/pachuca\/index.php\/wp-json\/wp\/v2\/product"}],"about":[{"href":"https:\/\/soydeaqui.ddns.net\/pachuca\/index.php\/wp-json\/wp\/v2\/types\/product"}],"replies":[{"embeddable":true,"href":"https:\/\/soydeaqui.ddns.net\/pachuca\/index.php\/wp-json\/wp\/v2\/comments?post=52663"}],"wp:featuredmedia":[{"embeddable":true,"href":"https:\/\/soydeaqui.ddns.net\/pachuca\/index.php\/wp-json\/wp\/v2\/media\/52662"}],"wp:attachment":[{"href":"https:\/\/soydeaqui.ddns.net\/pachuca\/index.php\/wp-json\/wp\/v2\/media?parent=52663"}],"wp:term":[{"taxonomy":"product_brand","embeddable":true,"href":"https:\/\/soydeaqui.ddns.net\/pachuca\/index.php\/wp-json\/wp\/v2\/product_brand?post=52663"},{"taxonomy":"product_cat","embeddable":true,"href":"https:\/\/soydeaqui.ddns.net\/pachuca\/index.php\/wp-json\/wp\/v2\/product_cat?post=52663"},{"taxonomy":"product_tag","embeddable":true,"href":"https:\/\/soydeaqui.ddns.net\/pachuca\/index.php\/wp-json\/wp\/v2\/product_tag?post=52663"}],"curies":[{"name":"wp","href":"https:\/\/api.w.org\/{rel}","templated":true}]}}