{"id":52659,"date":"2026-03-18T23:43:07","date_gmt":"2026-03-18T23:43:07","guid":{"rendered":"https:\/\/soydeaqui.ddns.net\/pachuca\/index.php\/producto\/sirena-de-alarma-general-ul-y-cul-120-vca-cd-roja\/"},"modified":"2026-03-18T23:43:08","modified_gmt":"2026-03-18T23:43:08","slug":"sirena-de-alarma-general-ul-y-cul-120-vca-cd-roja","status":"publish","type":"product","link":"https:\/\/soydeaqui.ddns.net\/pachuca\/index.php\/producto\/sirena-de-alarma-general-ul-y-cul-120-vca-cd-roja\/","title":{"rendered":"Sirena de alarma general, UL y cUL, 120 Vca\/cd, roja"},"content":{"rendered":"<div style='width: 100%; max-width: 1200px; margin: 0 auto; font-family: sans-serif; line-height: 1.6; color: inherit; background-color: transparent;'>\n<div style='display: flex; flex-direction: column; gap: 30px;'>\n<div style='background-color: transparent;'>\n<h3 style='font-size: 22px; border-bottom: 2px solid currentColor; padding-bottom: 5px; margin-top: 0; color: inherit; opacity: 0.8; text-align: center;'>CARACTERISTICAS<\/h3>\n<div style='font-size: 15px; color: inherit; margin-top: 15px;'>\n<p style='margin: 0 0 15px;'>El modelo L es una sirena electromec\u00e1nica de uso general que produce un sonido y una calidad tonal distintivos para aplicaciones industriales. Tiene un tono m\u00e1ximo bajo que proporciona un excelente contraste con el ruido ambiental industrial. Introducido en 1946&comma; el Modelo L todav\u00eda se utiliza hoy en muchas aplicaciones y entornos resistentes y extremos.<\/p>\n<p style='margin: 0 0 15px;'>El motor de potencia fraccionaria del Modelo L impulsa un rotor de aluminio con puerto dentro del estator especialmente dise\u00f1ado para producir un sonido \u00fanico. La carcasa met\u00e1lica del Modelo L est\u00e1 sellada con una capa de polvo rojo para una apariencia atractiva y una resistencia superior a la corrosi\u00f3n. El soporte de montaje giratorio se adapta a instalaciones de montaje en pared y superficie.<\/p>\n<\/p><\/div>\n<\/p><\/div>\n<div style='background-color: transparent;'>\n<h3 style='font-size: 22px; border-bottom: 2px solid currentColor; padding-bottom: 5px; margin-top: 0; color: inherit; opacity: 0.8; text-align: center;'>ESPECIFICACIONES<\/h3>\n<div style='margin-top: 15px;'>\n<div style='display: flex; flex-wrap: wrap; gap: 20px;'>\n<div style='flex: 1 1 250px; border: 1px solid rgba(150&comma; 150&comma; 150&comma; 0.4); border-radius: 8px; overflow: hidden; display: flex; flex-direction: column;'>\n<div style='padding: 15px; border-bottom: 1px solid rgba(150&comma; 150&comma; 150&comma; 0.2); font-weight: bold; font-size: 18px; color: inherit;'>Especificaciones El\u00e9ctricas<\/div>\n<div style='padding: 15px; color: inherit;'>\n<ul style='padding-left: 20px; margin: 0; font-size: 14px; list-style-type: disc;'>\n<li style='margin-bottom: 5px;'><strong>Voltaje:<\/strong> 120VAC\/VDC<\/li>\n<li style='margin-bottom: 5px;'><strong>Corriente de operaci\u00f3n:<\/strong> 1.95 Amps at 120VAC\/VDC<\/li>\n<li style='margin-bottom: 5px;'><strong>Motor:<\/strong> Universal<\/li>\n<li style='margin-bottom: 5px;'><strong>Ciclo de Trabajo:<\/strong> Cinco minutos on\/Cinco minutos off<\/li>\n<\/ul><\/div>\n<\/p><\/div>\n<div style='flex: 1 1 250px; border: 1px solid rgba(150&comma; 150&comma; 150&comma; 0.4); border-radius: 8px; overflow: hidden; display: flex; flex-direction: column;'>\n<div style='padding: 15px; border-bottom: 1px solid rgba(150&comma; 150&comma; 150&comma; 0.2); font-weight: bold; font-size: 18px; color: inherit;'>Caracter\u00edsticas F\u00edsicas<\/div>\n<div style='padding: 15px; color: inherit;'>\n<ul style='padding-left: 20px; margin: 0; font-size: 14px; list-style-type: disc;'>\n<li style='margin-bottom: 5px;'><strong>Montaje:<\/strong> Superficie y Pared<\/li>\n<li style='margin-bottom: 5px;'><strong>Salida de Decibeles:<\/strong> 112 a 3.00 metros \/ 122 a 1.00 metros<\/li>\n<li style='margin-bottom: 5px;'><strong>Frecuencia de respuesta:<\/strong> 700 Hz<\/li>\n<li style='margin-bottom: 5px;'><strong>Clasificaci\u00f3n del Gabinete:<\/strong> Tipo 3R<\/li>\n<\/ul><\/div>\n<\/p><\/div>\n<div style='flex: 1 1 250px; border: 1px solid rgba(150&comma; 150&comma; 150&comma; 0.4); border-radius: 8px; overflow: hidden; display: flex; flex-direction: column;'>\n<div style='padding: 15px; border-bottom: 1px solid rgba(150&comma; 150&comma; 150&comma; 0.2); font-weight: bold; font-size: 18px; color: inherit;'>Dimensiones<\/div>\n<div style='padding: 15px; color: inherit;'>\n<ul style='padding-left: 20px; margin: 0; font-size: 14px; list-style-type: disc;'>\n<li style='margin-bottom: 5px;'><strong>Profundidad:<\/strong> 235.00 mm<\/li>\n<li style='margin-bottom: 5px;'><strong>Ancho:<\/strong> 310.00 mm<\/li>\n<li style='margin-bottom: 5px;'><strong>Alto:<\/strong> 315.00 mm<\/li>\n<\/ul><\/div>\n<\/p><\/div>\n<\/p><\/div>\n<\/p><\/div>\n<\/p><\/div>\n<\/p><\/div>\n<\/p><\/div>\n","protected":false},"excerpt":{"rendered":"<p>Sirena de alarma general, UL y cUL, 120 Vca\/cd, roja<\/p>\n","protected":false},"featured_media":52658,"comment_status":"open","ping_status":"closed","template":"","meta":[],"product_brand":[],"product_cat":[1413],"product_tag":[1415,552,1414],"class_list":{"0":"post-52659","1":"product","2":"type-product","3":"status-publish","4":"has-post-thumbnail","6":"product_cat-bocinas-de-alerta-y-notificacion-masiva","7":"product_tag-bocinas-de-alerta-y-notificacion-masiva","8":"product_tag-federal-signal-industrial","9":"product_tag-luces-bocinas-para-la-industria-y-edificios","11":"first","12":"outofstock","13":"sale","14":"shipping-taxable","15":"purchasable","16":"product-type-simple"},"_links":{"self":[{"href":"https:\/\/soydeaqui.ddns.net\/pachuca\/index.php\/wp-json\/wp\/v2\/product\/52659","targetHints":{"allow":["GET"]}}],"collection":[{"href":"https:\/\/soydeaqui.ddns.net\/pachuca\/index.php\/wp-json\/wp\/v2\/product"}],"about":[{"href":"https:\/\/soydeaqui.ddns.net\/pachuca\/index.php\/wp-json\/wp\/v2\/types\/product"}],"replies":[{"embeddable":true,"href":"https:\/\/soydeaqui.ddns.net\/pachuca\/index.php\/wp-json\/wp\/v2\/comments?post=52659"}],"wp:featuredmedia":[{"embeddable":true,"href":"https:\/\/soydeaqui.ddns.net\/pachuca\/index.php\/wp-json\/wp\/v2\/media\/52658"}],"wp:attachment":[{"href":"https:\/\/soydeaqui.ddns.net\/pachuca\/index.php\/wp-json\/wp\/v2\/media?parent=52659"}],"wp:term":[{"taxonomy":"product_brand","embeddable":true,"href":"https:\/\/soydeaqui.ddns.net\/pachuca\/index.php\/wp-json\/wp\/v2\/product_brand?post=52659"},{"taxonomy":"product_cat","embeddable":true,"href":"https:\/\/soydeaqui.ddns.net\/pachuca\/index.php\/wp-json\/wp\/v2\/product_cat?post=52659"},{"taxonomy":"product_tag","embeddable":true,"href":"https:\/\/soydeaqui.ddns.net\/pachuca\/index.php\/wp-json\/wp\/v2\/product_tag?post=52659"}],"curies":[{"name":"wp","href":"https:\/\/api.w.org\/{rel}","templated":true}]}}