{"id":52580,"date":"2026-03-18T23:40:44","date_gmt":"2026-03-18T23:40:44","guid":{"rendered":"https:\/\/soydeaqui.ddns.net\/pachuca\/index.php\/producto\/alarma-de-reversa-vehicular-12-80-vcc-87-dba\/"},"modified":"2026-03-18T23:40:44","modified_gmt":"2026-03-18T23:40:44","slug":"alarma-de-reversa-vehicular-12-80-vcc-87-dba","status":"publish","type":"product","link":"https:\/\/soydeaqui.ddns.net\/pachuca\/index.php\/producto\/alarma-de-reversa-vehicular-12-80-vcc-87-dba\/","title":{"rendered":"Alarma de reversa vehicular, 12-80 Vcc, 87 dBA"},"content":{"rendered":"<div style='width: 100%; max-width: 1200px; margin: 0 auto; font-family: sans-serif; line-height: 1.6; color: inherit; background-color: transparent;'>\n<div style='display: flex; flex-wrap: wrap; gap: 30px; margin-bottom: 30px;'>\n<div style='flex: 1 1 300px; min-width: 280px;'>\n<h3 style='font-size: 22px; border-bottom: 2px solid currentColor; padding-bottom: 5px; margin-top: 0; color: inherit; opacity: 0.8;'>La alarmas de ECCO<\/h3>\n<p style='font-size: 15px; color: inherit; margin-bottom: 15px;'>Con soporte de montaje universal y de tama\u00f1o compacto maximiza las opciones de ubicaci\u00f3n&comma; conexi\u00f3n autom\u00e1tica a tierra con conexiones de terminales de esp\u00e1rrago&comma; sellado en epoxi para protecci\u00f3n contra el polvo&comma; la humedad y la vibraci\u00f3n.<\/p>\n<p style='font-size: 15px; color: inherit; margin-bottom: 15px;'>La l\u00ednea 500 de alarmas de respaldo m\u00e1s compacta y popular de ECCO&comma; la Serie 500 proporciona una soluci\u00f3n de advertencia rentable con calidad ECCO&comma; confiabilidad y certificaciones SAE. Una carcasa de nylon llena de vidrio con electr\u00f3nica encapsulada en epoxi proporciona una durabilidad excepcional y protecci\u00f3n contra humedad&comma; polvo y vibraciones.<\/p>\n<p style='font-size: 15px; color: inherit; margin-bottom: 15px;'>La serie 500 de ECCO mide el ruido ambiental y ajusta los niveles de sonido&comma; creando un volumen seguro sin ser molesto o contribuir a la contaminaci\u00f3n ac\u00fastica. Las alarmas inteligentes eliminan la necesidad de ajuste manual constante y ayuda a prevenir la desconexi\u00f3n intencional de la alarma. Pregunta tu representante local para cualquier documento de respaldo y certificaciones.<\/p>\n<\/p><\/div>\n<\/p><\/div>\n<div style='display: flex; flex-wrap: wrap; gap: 20px; margin-bottom: 30px;'>\n<div style='flex: 1 1 250px; border: 1px solid rgba(150&comma; 150&comma; 150&comma; 0.4); border-radius: 8px; overflow: hidden; display: flex; flex-direction: column;'>\n<div style='padding: 15px; border-bottom: 1px solid rgba(150&comma; 150&comma; 150&comma; 0.2); font-weight: bold; font-size: 18px; color: inherit;'>Modelos<\/div>\n<div style='padding: 15px; color: inherit;'>\n<p style='margin: 0; font-size: 14px; color: inherit;'>No se especifican modelos en el contenido original<\/p>\n<\/p><\/div>\n<\/p><\/div>\n<div style='flex: 1 1 250px; border: 1px solid rgba(150&comma; 150&comma; 150&comma; 0.4); border-radius: 8px; overflow: hidden; display: flex; flex-direction: column;'>\n<div style='padding: 15px; border-bottom: 1px solid rgba(150&comma; 150&comma; 150&comma; 0.2); font-weight: bold; font-size: 18px; color: inherit;'>Caracter\u00edsticas y Beneficios<\/div>\n<div style='padding: 15px; color: inherit;'>\n<ul style='padding-left: 20px; margin: 0; font-size: 14px; list-style-type: disc; color: inherit;'>\n<li style='margin-bottom: 5px; color: inherit;'>El tama\u00f1o compacto y el soporte de montaje universal maximizan las opciones de ubicaci\u00f3n<\/li>\n<li style='margin-bottom: 5px; color: inherit;'>Auto puesta a tierra (excepto 575)<\/li>\n<li style='margin-bottom: 5px; color: inherit;'>Sellado en epoxi para protecci\u00f3n contra el polvo&comma; la humedad y las vibraciones<\/li>\n<li style='margin-bottom: 5px; color: inherit;'>Rango de temperatura: -40 \u00b0F a + 185 \u00b0F (-40 \u00b0C a + 85 \u00b0C)<\/li>\n<\/ul><\/div>\n<\/p><\/div>\n<\/p><\/div>\n<hr style='border: 0; border-top: 1px solid rgba(150&comma; 150&comma; 150&comma; 0.3); margin: 30px 0;'> <\/div>\n","protected":false},"excerpt":{"rendered":"<p>Alarma de reversa vehicular, 12-80 Vcc, 87 dBA<\/p>\n","protected":false},"featured_media":52579,"comment_status":"open","ping_status":"closed","template":"","meta":[],"product_brand":[],"product_cat":[1395],"product_tag":[479,502,1393],"class_list":{"0":"post-52580","1":"product","2":"type-product","3":"status-publish","4":"has-post-thumbnail","6":"product_cat-bocinas-sirenas-bocinas-y-controladores-vehiculares","7":"product_tag-bocinas","8":"product_tag-ecco","9":"product_tag-sirenas-bocinas-y-controladores-vehiculares","11":"first","12":"instock","13":"sale","14":"shipping-taxable","15":"purchasable","16":"product-type-simple"},"_links":{"self":[{"href":"https:\/\/soydeaqui.ddns.net\/pachuca\/index.php\/wp-json\/wp\/v2\/product\/52580","targetHints":{"allow":["GET"]}}],"collection":[{"href":"https:\/\/soydeaqui.ddns.net\/pachuca\/index.php\/wp-json\/wp\/v2\/product"}],"about":[{"href":"https:\/\/soydeaqui.ddns.net\/pachuca\/index.php\/wp-json\/wp\/v2\/types\/product"}],"replies":[{"embeddable":true,"href":"https:\/\/soydeaqui.ddns.net\/pachuca\/index.php\/wp-json\/wp\/v2\/comments?post=52580"}],"wp:featuredmedia":[{"embeddable":true,"href":"https:\/\/soydeaqui.ddns.net\/pachuca\/index.php\/wp-json\/wp\/v2\/media\/52579"}],"wp:attachment":[{"href":"https:\/\/soydeaqui.ddns.net\/pachuca\/index.php\/wp-json\/wp\/v2\/media?parent=52580"}],"wp:term":[{"taxonomy":"product_brand","embeddable":true,"href":"https:\/\/soydeaqui.ddns.net\/pachuca\/index.php\/wp-json\/wp\/v2\/product_brand?post=52580"},{"taxonomy":"product_cat","embeddable":true,"href":"https:\/\/soydeaqui.ddns.net\/pachuca\/index.php\/wp-json\/wp\/v2\/product_cat?post=52580"},{"taxonomy":"product_tag","embeddable":true,"href":"https:\/\/soydeaqui.ddns.net\/pachuca\/index.php\/wp-json\/wp\/v2\/product_tag?post=52580"}],"curies":[{"name":"wp","href":"https:\/\/api.w.org\/{rel}","templated":true}]}}