{"id":52573,"date":"2026-03-18T23:40:31","date_gmt":"2026-03-18T23:40:31","guid":{"rendered":"https:\/\/soydeaqui.ddns.net\/pachuca\/index.php\/producto\/torreta-legendcon-tecnologia-led-solaris-roc-con-montaje-de-gacho\/"},"modified":"2026-03-18T23:40:32","modified_gmt":"2026-03-18T23:40:32","slug":"torreta-legendcon-tecnologia-led-solaris-roc-con-montaje-de-gacho","status":"publish","type":"product","link":"https:\/\/soydeaqui.ddns.net\/pachuca\/index.php\/producto\/torreta-legendcon-tecnologia-led-solaris-roc-con-montaje-de-gacho\/","title":{"rendered":"Torreta LEGENDcon tecnolog\u00eda LED Solaris \/ Roc. con montaje de gacho"},"content":{"rendered":"<div style='width: 100%; max-width: 1200px; margin: 0 auto; font-family: sans-serif; line-height: 1.6; color: inherit; background-color: transparent;'>\n<div style='display: flex; flex-wrap: wrap; gap: 30px; margin-bottom: 30px;'>\n<div style='flex: 1 1 300px; min-width: 280px;'>\n<h3 style='font-size: 22px; border-bottom: 2px solid currentColor; padding-bottom: 5px; margin-top: 0; color: inherit; opacity: 0.8;'>Caracter\u00edsticas Principales<\/h3>\n<ul style='padding-left: 20px; font-size: 15px; color: inherit;'>\n<li style='margin-bottom: 5px;'>Torreta de 45&#8217;&comma; con 4 m\u00f3dulos esquineros de 6 LED \u00eds c\/u rojo\/ azul en la parte frontal y rojo\/ azul en la parte trasera<\/li>\n<li style='margin-bottom: 5px;'>4 m\u00f3dulos de 4 LED \u00eds c\/u rojo\/ azul en la parte frontal<\/li>\n<li style='margin-bottom: 5px;'>6 m\u00f3dulos \u00e1mbar de 4 LED \u00eds c\/u en la parte trasera (Signalmaster)<\/li>\n<li style='margin-bottom: 5px;'>2 luces callejoneras (AL LED)&comma; 2 luces de penetraci\u00f3n (TD LED)&comma; con montaje de gancho<\/li>\n<li style='margin-bottom: 5px;'>Bajo perfil con dise\u00f1o lineal&comma; excelente iluminaci\u00f3n<\/li>\n<li style='margin-bottom: 5px;'>La tecnolog\u00eda ROC elimina el 85 % del cableado interno de la barra<\/li>\n<li style='margin-bottom: 5px;'>F\u00e1cil configuraci\u00f3n de luces<\/li>\n<li style='margin-bottom: 5px;'>Nuevo sistema de cableado positivo&comma; negativo y conector RS-485 que simplifica la instalaci\u00f3n a una interfaz de conexi\u00f3n<\/li>\n<li style='margin-bottom: 5px;'>Iluminaci\u00f3n de 360\u00ba y 90\u00ba en \u00e1ngulos cr\u00edticos<\/li>\n<li style='margin-bottom: 5px;'>Capacidad de Signalmaster (control de tr\u00e1fico) interconstru\u00eddo (requiere controlador 660-000 \u00f3 ICS-2010)<\/li>\n<li style='margin-bottom: 5px;'>3 modos de operaci\u00f3n y hasta 26 patrones de destellos preprogramados<\/li>\n<li style='margin-bottom: 5px;'>Luces callejoneras y de penetraci\u00f3n ajustables<\/li>\n<li style='margin-bottom: 5px;'>Intensidad de luz ajustable<\/li>\n<li style='margin-bottom: 5px;'>Incluye m\u00f3dulo interface<\/li>\n<li style='margin-bottom: 5px;'>Requiere controlador&comma; sirena y bocina<\/li>\n<li style='margin-bottom: 5px;'>Todos los equipos Federal Signal operan con voltaje regulado<\/li>\n<li style='margin-bottom: 5px;'>5 A\u00f1os de Garant\u00eda<\/li>\n<\/ul><\/div>\n<\/p><\/div>\n<div style='display: flex; flex-wrap: wrap; gap: 30px; margin-bottom: 30px;'>\n<div style='flex: 1 1 300px; min-width: 280px;'>\n<h3 style='font-size: 22px; border-bottom: 2px solid currentColor; padding-bottom: 5px; margin-top: 0; color: inherit; opacity: 0.8;'>Especificaciones<\/h3>\n<ul style='padding-left: 20px; font-size: 15px; color: inherit;'>\n<li style='margin-bottom: 5px;'><strong>Tama\u00f1o:<\/strong> 45&#8242;<\/li>\n<li style='margin-bottom: 5px;'><strong>Tecnolog\u00eda:<\/strong> LED Solaris \/ ROC<\/li>\n<li style='margin-bottom: 5px;'><strong>Tipo de montaje:<\/strong> Gancho<\/li>\n<li style='margin-bottom: 5px;'><strong>Colores:<\/strong> Rojo&comma; Azul&comma; \u00c1mbar<\/li>\n<li style='margin-bottom: 5px;'><strong>\u00c1ngulos de iluminaci\u00f3n:<\/strong> 360\u00ba y 90\u00ba<\/li>\n<li style='margin-bottom: 5px;'><strong>Modos de operaci\u00f3n:<\/strong> 3 modos<\/li>\n<li style='margin-bottom: 5px;'><strong>Patrones de destello:<\/strong> 26 preprogramados<\/li>\n<li style='margin-bottom: 5px;'><strong>Garant\u00eda:<\/strong> 5 a\u00f1os<\/li>\n<\/ul><\/div>\n<\/p><\/div>\n<div style='display: flex; flex-wrap: wrap; gap: 30px; margin-bottom: 30px;'>\n<div style='flex: 1 1 300px; min-width: 280px;'>\n<h3 style='font-size: 22px; border-bottom: 2px solid currentColor; padding-bottom: 5px; margin-top: 0; color: inherit; opacity: 0.8;'>Aplicaciones<\/h3>\n<ul style='padding-left: 20px; font-size: 15px; color: inherit;'>\n<li style='margin-bottom: 5px;'>Veh\u00edculos de emergencia<\/li>\n<li style='margin-bottom: 5px;'>Patrullas<\/li>\n<li style='margin-bottom: 5px;'>Ambulancias<\/li>\n<li style='margin-bottom: 5px;'>Bomberos<\/li>\n<li style='margin-bottom: 5px;'>Veh\u00edculos de seguridad<\/li>\n<li style='margin-bottom: 5px;'>Veh\u00edculos de rescate<\/li>\n<\/ul><\/div>\n<\/p><\/div>\n<div style='display: flex; flex-wrap: wrap; gap: 30px; margin-bottom: 30px;'>\n<div style='flex: 1 1 300px; min-width: 280px;'>\n<h3 style='font-size: 22px; border-bottom: 2px solid currentColor; padding-bottom: 5px; margin-top: 0; color: inherit; opacity: 0.8;'>Accesorios Incluidos<\/h3>\n<ul style='padding-left: 20px; font-size: 15px; color: inherit;'>\n<li style='margin-bottom: 5px;'>M\u00f3dulo interface<\/li>\n<li style='margin-bottom: 5px;'>Luces callejoneras (AL LED)<\/li>\n<li style='margin-bottom: 5px;'>Luces de penetraci\u00f3n (TD LED)<\/li>\n<\/ul><\/div>\n<\/p><\/div>\n<div style='display: flex; flex-wrap: wrap; gap: 30px; margin-bottom: 30px;'>\n<div style='flex: 1 1 300px; min-width: 280px;'>\n<h3 style='font-size: 22px; border-bottom: 2px solid currentColor; padding-bottom: 5px; margin-top: 0; color: inherit; opacity: 0.8;'>Requisitos<\/h3>\n<ul style='padding-left: 20px; font-size: 15px; color: inherit;'>\n<li style='margin-bottom: 5px;'>Controlador (660-000 \u00f3 ICS-2010 para Signalmaster)<\/li>\n<li style='margin-bottom: 5px;'>Sirena<\/li>\n<li style='margin-bottom: 5px;'>Bocina<\/li>\n<\/ul><\/div>\n<\/p><\/div>\n<div style='display: flex; flex-wrap: wrap; gap: 30px; margin-bottom: 30px;'>\n<div style='flex: 1 1 300px; min-width: 280px;'>\n<h3 style='font-size: 22px; border-bottom: 2px solid currentColor; padding-bottom: 5px; margin-top: 0; color: inherit; opacity: 0.8;'>Caracter\u00edsticas T\u00e9cnicas<\/h3>\n<ul style='padding-left: 20px; font-size: 15px; color: inherit;'>\n<li style='margin-bottom: 5px;'><strong>Tecnolog\u00eda LED:<\/strong> Solaris<\/li>\n<li style='margin-bottom: 5px;'><strong>Reducci\u00f3n de cableado:<\/strong> 85% menos gracias a la tecnolog\u00eda ROC<\/li>\n<li style='margin-bottom: 5px;'><strong>Sistema de cableado:<\/strong> Positivo&comma; negativo y conector RS-485<\/li>\n<li style='margin-bottom: 5px;'><strong>Ajustabilidad:<\/strong> Luces y patrones de destello<\/li>\n<li style='margin-bottom: 5px;'><strong>Control:<\/strong> Sistema de control integrado<\/li>\n<\/ul><\/div>\n<\/p><\/div>\n<div style='display: flex; flex-wrap: wrap; gap: 30px; margin-bottom: 30px;'>\n<div style='flex: 1 1 300px; min-width: 280px;'>\n<h3 style='font-size: 22px; border-bottom: 2px solid currentColor; padding-bottom: 5px; margin-top: 0; color: inherit; opacity: 0.8;'>Apoyo T\u00e9cnico<\/h3>\n<p style='font-size: 15px; color: inherit; margin: 0;'>Para soporte t\u00e9cnico y consultas:<\/p>\n<p style='font-size: 15px; color: inherit; margin: 0;'><a style='color: inherit; text-decoration: none; border-bottom: 1px dotted currentColor;' href='mailto:ventasespeciales@syscom.mx?Subject=Asesoria%20en%20Proyecto&#038;body=Por%20favor&comma;%20comparta%20sus%20dudas%20y%20preguntas%20para%20apoyarle%20de%20forma%20directa.' target='_blank'>ventasespeciales@syscom.mx<\/a><\/p>\n<p style='font-size: 15px; color: inherit; margin: 0;'>Asesor\u00eda en proyecto<\/p>\n<\/p><\/div>\n<\/p><\/div>\n<div style='display: flex; flex-wrap: wrap; gap: 30px; margin-bottom: 30px;'>\n<div style='flex: 1 1 300px; min-width: 280px;'> <a style='display: block;' href='mailto:ventasespeciales@syscom.mx?Subject=Asesoria%20en%20Proyecto&#038;body=Por%20favor&comma;%20comparta%20sus%20dudas%20y%20preguntas%20para%20apoyarle%20de%20forma%20directa.' target='_blank'> <img style='width: 100%; height: auto; border: 1px solid rgba(150&comma;150&comma;150&comma;0.3); border-radius: 8px;' src='http:\/\/148.223.3.142\/archivos\/vportillo\/downloads\/banner_torretas_federal2.gif' alt='Banner Federal Signal' \/> <\/a> <\/div>\n<\/p><\/div>\n<\/p><\/div>\n","protected":false},"excerpt":{"rendered":"<p>Torreta LEGENDcon tecnolog\u00eda LED Solaris \/ Roc. con montaje de gacho<\/p>\n","protected":false},"featured_media":32,"comment_status":"open","ping_status":"closed","template":"","meta":[],"product_brand":[],"product_cat":[1358],"product_tag":[1356,1360,1359],"class_list":{"0":"post-52573","1":"product","2":"type-product","3":"status-publish","4":"has-post-thumbnail","6":"product_cat-rojo-azul","7":"product_tag-barras-de-luz-torretas-vehiculares","8":"product_tag-federal-signal","9":"product_tag-rojo-azul","11":"first","12":"outofstock","13":"sale","14":"shipping-taxable","15":"purchasable","16":"product-type-simple"},"_links":{"self":[{"href":"https:\/\/soydeaqui.ddns.net\/pachuca\/index.php\/wp-json\/wp\/v2\/product\/52573","targetHints":{"allow":["GET"]}}],"collection":[{"href":"https:\/\/soydeaqui.ddns.net\/pachuca\/index.php\/wp-json\/wp\/v2\/product"}],"about":[{"href":"https:\/\/soydeaqui.ddns.net\/pachuca\/index.php\/wp-json\/wp\/v2\/types\/product"}],"replies":[{"embeddable":true,"href":"https:\/\/soydeaqui.ddns.net\/pachuca\/index.php\/wp-json\/wp\/v2\/comments?post=52573"}],"wp:featuredmedia":[{"embeddable":true,"href":"https:\/\/soydeaqui.ddns.net\/pachuca\/index.php\/wp-json\/wp\/v2\/media\/32"}],"wp:attachment":[{"href":"https:\/\/soydeaqui.ddns.net\/pachuca\/index.php\/wp-json\/wp\/v2\/media?parent=52573"}],"wp:term":[{"taxonomy":"product_brand","embeddable":true,"href":"https:\/\/soydeaqui.ddns.net\/pachuca\/index.php\/wp-json\/wp\/v2\/product_brand?post=52573"},{"taxonomy":"product_cat","embeddable":true,"href":"https:\/\/soydeaqui.ddns.net\/pachuca\/index.php\/wp-json\/wp\/v2\/product_cat?post=52573"},{"taxonomy":"product_tag","embeddable":true,"href":"https:\/\/soydeaqui.ddns.net\/pachuca\/index.php\/wp-json\/wp\/v2\/product_tag?post=52573"}],"curies":[{"name":"wp","href":"https:\/\/api.w.org\/{rel}","templated":true}]}}