{"id":52548,"date":"2026-03-18T23:39:49","date_gmt":"2026-03-18T23:39:49","guid":{"rendered":"https:\/\/soydeaqui.ddns.net\/pachuca\/index.php\/producto\/soluciones-de-senalizacion-para-vehiculos-de-emergencia-curso-express-syscom\/"},"modified":"2026-03-18T23:39:50","modified_gmt":"2026-03-18T23:39:50","slug":"soluciones-de-senalizacion-para-vehiculos-de-emergencia-curso-express-syscom","status":"publish","type":"product","link":"https:\/\/soydeaqui.ddns.net\/pachuca\/index.php\/producto\/soluciones-de-senalizacion-para-vehiculos-de-emergencia-curso-express-syscom\/","title":{"rendered":"Soluciones de Se\u00f1alizaci\u00f3n para Veh\u00edculos de emergencia &#8211; Curso Express SYSCOM"},"content":{"rendered":"<div style='width: 100%; max-width: 1200px; margin: 0 auto; font-family: sans-serif; line-height: 1.6; color: inherit;'> <!-- Secci\u00f3n principal --> <\/p>\n<div style='margin-bottom: 30px; text-align: center;'>\n<h2 style='font-size: 24px; margin: 0; color: inherit; opacity: 0.9;'>Soluciones de Se\u00f1alizaci\u00f3n para Veh\u00edculos de emergencia<\/h2>\n<div style='margin-top: 10px; font-size: 18px; color: inherit; opacity: 0.8;'>de alta tecnolog\u00eda garantizada<\/div>\n<\/p><\/div>\n<p> <!-- Informaci\u00f3n general --> <\/p>\n<div style='display: flex; flex-wrap: wrap; gap: 30px; margin-bottom: 30px;'>\n<div style='flex: 1 1 300px; min-width: 280px;'>\n<h3 style='font-size: 20px; border-bottom: 2px solid currentColor; padding-bottom: 5px; margin-top: 0; color: inherit; opacity: 0.8;'>Dirigido a<\/h3>\n<p style='font-size: 14px; color: inherit; margin: 0;'> Integradores interesados en dise\u00f1ar y desarrollar proyectos exitosos de sistemas de se\u00f1alizaci\u00f3n audiovisual. <\/p>\n<\/p><\/div>\n<div style='flex: 1 1 300px; min-width: 280px;'>\n<h3 style='font-size: 20px; border-bottom: 2px solid currentColor; padding-bottom: 5px; margin-top: 0; color: inherit; opacity: 0.8;'>Objetivo<\/h3>\n<p style='font-size: 14px; color: inherit; margin: 0;'> El Asistente conocer\u00e1 los conceptos b\u00e1sicos de la Se\u00f1alizaci\u00f3n as\u00ed como las diferentes soluciones en la marca CODE 3 para Veh\u00edculos en Seguridad P\u00fablica&comma; Hospitales&comma; Bomberos. <\/p>\n<\/p><\/div>\n<div style='flex: 1 1 300px; min-width: 280px;'>\n<h3 style='font-size: 20px; border-bottom: 2px solid currentColor; padding-bottom: 5px; margin-top: 0; color: inherit; opacity: 0.8;'>Requisitos<\/h3>\n<p style='font-size: 14px; color: inherit; margin: 0;'> Ser Distribuidor de Syscom <\/p>\n<\/p><\/div>\n<\/p><\/div>\n<p> <!-- Temario --> <\/p>\n<div style='margin-bottom: 30px;'>\n<h3 style='font-size: 20px; border-bottom: 2px solid currentColor; padding-bottom: 5px; margin-top: 0; color: inherit; opacity: 0.8;'>Temario<\/h3>\n<div style='margin-top: 15px;'>\n<ol style='padding-left: 20px; font-size: 14px; color: inherit; margin: 0;'>\n<li style='margin-bottom: 8px;'>Presentaci\u00f3n de empresa <strong>CODE 3<\/strong><\/li>\n<li style='margin-bottom: 8px;'>Tipos de productos y caracter\u00edsticas<\/li>\n<li style='margin-bottom: 8px;'>Herramientas Comerciales<\/li>\n<li style='margin-bottom: 8px;'>Mercados verticales<\/li>\n<li style='margin-bottom: 8px;'>Aplicaciones<\/li>\n<li style='margin-bottom: 8px;'>Casos de exito<\/li>\n<li style='margin-bottom: 8px;'>Promociones<\/li>\n<li style='margin-bottom: 8px;'>Apoyo en Proyectos<\/li>\n<li style='margin-bottom: 8px;'>Presentaci\u00f3n de productos en vivo<\/li>\n<\/ol><\/div>\n<\/p><\/div>\n<\/p><\/div>\n","protected":false},"excerpt":{"rendered":"<p>Soluciones de Se\u00f1alizaci\u00f3n para Veh\u00edculos de emergencia &#8211; Curso Express SYSCOM<\/p>\n","protected":false},"featured_media":32,"comment_status":"open","ping_status":"closed","template":"","meta":[],"product_brand":[],"product_cat":[1358],"product_tag":[1356,1359,63],"class_list":{"0":"post-52548","1":"product","2":"type-product","3":"status-publish","4":"has-post-thumbnail","6":"product_cat-rojo-azul","7":"product_tag-barras-de-luz-torretas-vehiculares","8":"product_tag-rojo-azul","9":"product_tag-syscom","11":"first","12":"outofstock","13":"sale","14":"shipping-taxable","15":"purchasable","16":"product-type-simple"},"_links":{"self":[{"href":"https:\/\/soydeaqui.ddns.net\/pachuca\/index.php\/wp-json\/wp\/v2\/product\/52548","targetHints":{"allow":["GET"]}}],"collection":[{"href":"https:\/\/soydeaqui.ddns.net\/pachuca\/index.php\/wp-json\/wp\/v2\/product"}],"about":[{"href":"https:\/\/soydeaqui.ddns.net\/pachuca\/index.php\/wp-json\/wp\/v2\/types\/product"}],"replies":[{"embeddable":true,"href":"https:\/\/soydeaqui.ddns.net\/pachuca\/index.php\/wp-json\/wp\/v2\/comments?post=52548"}],"wp:featuredmedia":[{"embeddable":true,"href":"https:\/\/soydeaqui.ddns.net\/pachuca\/index.php\/wp-json\/wp\/v2\/media\/32"}],"wp:attachment":[{"href":"https:\/\/soydeaqui.ddns.net\/pachuca\/index.php\/wp-json\/wp\/v2\/media?parent=52548"}],"wp:term":[{"taxonomy":"product_brand","embeddable":true,"href":"https:\/\/soydeaqui.ddns.net\/pachuca\/index.php\/wp-json\/wp\/v2\/product_brand?post=52548"},{"taxonomy":"product_cat","embeddable":true,"href":"https:\/\/soydeaqui.ddns.net\/pachuca\/index.php\/wp-json\/wp\/v2\/product_cat?post=52548"},{"taxonomy":"product_tag","embeddable":true,"href":"https:\/\/soydeaqui.ddns.net\/pachuca\/index.php\/wp-json\/wp\/v2\/product_tag?post=52548"}],"curies":[{"name":"wp","href":"https:\/\/api.w.org\/{rel}","templated":true}]}}