{"id":52538,"date":"2026-03-18T23:39:34","date_gmt":"2026-03-18T23:39:34","guid":{"rendered":"https:\/\/soydeaqui.ddns.net\/pachuca\/index.php\/producto\/localizador-vehicular-4g-3g-2g-wifi\/"},"modified":"2026-03-18T23:39:36","modified_gmt":"2026-03-18T23:39:36","slug":"localizador-vehicular-4g-3g-2g-wifi","status":"publish","type":"product","link":"https:\/\/soydeaqui.ddns.net\/pachuca\/index.php\/producto\/localizador-vehicular-4g-3g-2g-wifi\/","title":{"rendered":"Localizador vehicular 4G -3G- 2G + WIFI"},"content":{"rendered":"<div style='width: 100%; max-width: 1200px; margin: 0 auto; font-family: sans-serif; line-height: 1.6; color: inherit; background-color: transparent;'> <!-- Enlaces de informaci\u00f3n --> <\/p>\n<div style='display: flex; flex-direction: column; gap: 15px; margin-bottom: 30px;'> <a href='https:\/\/www.syscom.mx\/singlepage\/concox' style='color: #0070c0; text-decoration: none; font-size: 16px;'> <strong>Pagina de ayuda Concox (Dar clic aqui)<\/strong> <\/a> <a href='https:\/\/www.syscom.mx\/producto\/EXPERTGPS-SYSCOM-75217.html' style='color: #0070c0; text-decoration: none; font-size: 16px;'> <strong>\u00bfQuieres certificarte en dispositivos Concox? (Dar clic aqui)<\/strong> <\/a> <\/div>\n<p> <!-- Descripci\u00f3n principal --> <\/p>\n<div style='margin-bottom: 30px; font-size: 15px;'>\n<p style='margin: 0 0 15px 0;'>VL01 es un rastreador GPS 4G &#8211; 3G 2G&comma; potente y f\u00e1cil de instalar que le brinda informaci\u00f3n telem\u00e1tica procesable. Adem\u00e1s de las funciones est\u00e1ndar&comma; como la ubicaci\u00f3n GPS y las alertas de geovalla&comma; el JM-VL01 tambi\u00e9n puede actuar como un punto de acceso WiFi. Mejore el rendimiento de su negocio de flotas hoy con la gran cantidad de funciones y la velocidad del rayo JM-VL01.<\/p>\n<p style='margin: 15px 0; font-weight: bold; color: #ff4444;'>Nota: Utiliza SIM tama\u00f1o MICRO para su funcionamiento. Compatible con MICSIM25GPS&comma; no incluye cable de programacion.<\/p>\n<p style='margin: 15px 0; font-weight: bold; color: #ff4444;'>NOTA: Para productos Concox no se recomienda el SIM30M2M&comma; MICSIM30M2M<\/p>\n<\/p><\/div>\n<p> <!-- Secci\u00f3n de especificaciones --> <\/p>\n<div style='display: flex; flex-wrap: wrap; gap: 30px; margin-bottom: 30px;'>\n<div style='flex: 1 1 300px; min-width: 280px;'>\n<h3 style='font-size: 22px; border-bottom: 2px solid currentColor; padding-bottom: 5px; margin-top: 0; color: inherit; opacity: 0.8;'>Frecuencias<\/h3>\n<ul style='padding-left: 20px; font-size: 15px; color: inherit;'>\n<li style='margin-bottom: 5px;'>GSM: 850\/900\/1800\/1900 MHz<\/li>\n<li style='margin-bottom: 5px;'>UMTS: 850\/900\/1900\/2100 MHz (B1 \/ B2 \/ B5 \/ B8)<\/li>\n<li style='margin-bottom: 5px;'>LTE: B1 \/ B2 \/ B3 \/ B4 \/ B5 \/ B7 \/ B8 \/ B28 (VL01-LA)<\/li>\n<li style='margin-bottom: 5px;'>LTE: B2 \/ B4 \/ B5 \/ B7 \/ B12 \/ B66 (VL01-A)<\/li>\n<li style='margin-bottom: 5px;'>LTE: B1 \/ B3 \/ B5 \/ B7 \/ B8 \/ B20 \/ B28A (VL01-E)<\/li>\n<\/ul><\/div>\n<div style='flex: 1 1 300px; min-width: 280px;'>\n<h3 style='font-size: 22px; border-bottom: 2px solid currentColor; padding-bottom: 5px; margin-top: 0; color: inherit; opacity: 0.8;'>Caracter\u00edsticas t\u00e9cnicas<\/h3>\n<ul style='padding-left: 20px; font-size: 15px; color: inherit;'>\n<li style='margin-bottom: 5px;'>Accesorios incluidos: Relay que permite bloqueo de motor y bot\u00f3n de panico SOS<\/li>\n<li style='margin-bottom: 5px;'>Certificaci\u00f3n IP65<\/li>\n<li style='margin-bottom: 5px;'>Memoria 4GB + 4Gb<\/li>\n<li style='margin-bottom: 5px;'>Protocolo RS485<\/li>\n<li style='margin-bottom: 5px;'>Precisi\u00f3n <10 metros<\/li>\n<li style='margin-bottom: 5px;'>Wifi 2&comma;4 GHz<\/li>\n<li style='margin-bottom: 5px;'>Indicador LED GPS (azul)&comma; GSM (verde)&comma; alimentaci\u00f3n (rojo)<\/li>\n<li style='margin-bottom: 5px;'>Bater\u00eda 450 mAh \/ 3&comma;7 V<\/li>\n<li style='margin-bottom: 5px;'>Voltaje \/ corriente de trabajo 12VDC \/ 76mA (12VDC); 38 mA (24 V CC)<\/li>\n<li style='margin-bottom: 5px;'>Temperatura de funcionamiento -20 \u00b0C a 70 \u00b0C<\/li>\n<li style='margin-bottom: 5px;'>Dimensi\u00f3n 113 (largo) * 51 (ancho) * 20 (alto) mm<\/li>\n<li style='margin-bottom: 5px;'>Peso 105g<\/li>\n<\/ul><\/div>\n<\/p><\/div>\n<p> <!-- Tabla de configuraci\u00f3n --> <\/p>\n<div style='margin-bottom: 30px;'>\n<div style='border: 1px solid rgba(150&comma;150&comma;150&comma;0.4); border-radius: 8px; overflow: hidden;'>\n<div style='padding: 15px; background-color: #007bff; color: #fff; font-size: 18px; font-weight: bold;'> Anuncio de Configuraci\u00f3n de Dispositivos de Rastreo <\/div>\n<div style='padding: 15px; background-color: #f9f9f9; font-size: 14px;'> Para dispositivos de rastreo recomendamos la configuraci\u00f3n de 1 minuto con motor encendido o en movimiento y cada 20 minutos con motor apagado o detenido&comma; adem\u00e1s de giros de 25 o 30 grados y la distancia deshabilitada. Esto ayudar\u00e1 a que los paquetes de datos de 20 o 25 MB sean suficientes para un mes&comma; todo depende del tiempo que el veh\u00edculo est\u00e9 en movimiento. Esta tabla es solo informativa y como recomendaci\u00f3n&comma; m\u00e1s no una regla. <\/div>\n<\/p><\/div>\n<\/p><\/div>\n<\/p><\/div>\n","protected":false},"excerpt":{"rendered":"<p>Localizador vehicular 4G -3G- 2G + WIFI<\/p>\n","protected":false},"featured_media":52537,"comment_status":"open","ping_status":"closed","template":"","meta":[],"product_brand":[],"product_cat":[1346,1388],"product_tag":[1350,1349,1420,1389],"class_list":{"0":"post-52538","1":"product","2":"type-product","3":"status-publish","4":"has-post-thumbnail","6":"product_cat-iot","7":"product_cat-trackers-gps","8":"product_tag-gps-y-telematica","9":"product_tag-iot","10":"product_tag-jimiiot","11":"product_tag-trackers-gps","13":"first","14":"instock","15":"sale","16":"shipping-taxable","17":"purchasable","18":"product-type-simple"},"_links":{"self":[{"href":"https:\/\/soydeaqui.ddns.net\/pachuca\/index.php\/wp-json\/wp\/v2\/product\/52538","targetHints":{"allow":["GET"]}}],"collection":[{"href":"https:\/\/soydeaqui.ddns.net\/pachuca\/index.php\/wp-json\/wp\/v2\/product"}],"about":[{"href":"https:\/\/soydeaqui.ddns.net\/pachuca\/index.php\/wp-json\/wp\/v2\/types\/product"}],"replies":[{"embeddable":true,"href":"https:\/\/soydeaqui.ddns.net\/pachuca\/index.php\/wp-json\/wp\/v2\/comments?post=52538"}],"wp:featuredmedia":[{"embeddable":true,"href":"https:\/\/soydeaqui.ddns.net\/pachuca\/index.php\/wp-json\/wp\/v2\/media\/52537"}],"wp:attachment":[{"href":"https:\/\/soydeaqui.ddns.net\/pachuca\/index.php\/wp-json\/wp\/v2\/media?parent=52538"}],"wp:term":[{"taxonomy":"product_brand","embeddable":true,"href":"https:\/\/soydeaqui.ddns.net\/pachuca\/index.php\/wp-json\/wp\/v2\/product_brand?post=52538"},{"taxonomy":"product_cat","embeddable":true,"href":"https:\/\/soydeaqui.ddns.net\/pachuca\/index.php\/wp-json\/wp\/v2\/product_cat?post=52538"},{"taxonomy":"product_tag","embeddable":true,"href":"https:\/\/soydeaqui.ddns.net\/pachuca\/index.php\/wp-json\/wp\/v2\/product_tag?post=52538"}],"curies":[{"name":"wp","href":"https:\/\/api.w.org\/{rel}","templated":true}]}}