{"id":52527,"date":"2026-03-18T23:39:15","date_gmt":"2026-03-18T23:39:15","guid":{"rendered":"https:\/\/soydeaqui.ddns.net\/pachuca\/index.php\/producto\/visera-interior-universal-rojo-azul-con-luces-de-penetracion\/"},"modified":"2026-03-18T23:39:15","modified_gmt":"2026-03-18T23:39:15","slug":"visera-interior-universal-rojo-azul-con-luces-de-penetracion","status":"publish","type":"product","link":"https:\/\/soydeaqui.ddns.net\/pachuca\/index.php\/producto\/visera-interior-universal-rojo-azul-con-luces-de-penetracion\/","title":{"rendered":"Visera Interior Universal Rojo\/Azul con luces de penetraci\u00f3n"},"content":{"rendered":"<div style='width: 100%; max-width: 1200px; margin: 0 auto; font-family: sans-serif; line-height: 1.6; color: inherit; background-color: transparent;'>\n<div style='display: flex; flex-wrap: wrap; gap: 30px; margin-bottom: 30px;'>\n<div style='flex: 1 1 300px; min-width: 280px;'>\n<h3 style='font-size: 22px; border-bottom: 2px solid currentColor; padding-bottom: 5px; margin-top: 0; color: inherit; opacity: 0.8;'>Caracter\u00edsticas principales<\/h3>\n<ul style='padding-left: 20px; font-size: 14px; color: inherit; list-style-type: disc;'>\n<li style='margin-bottom: 5px;'>Supervisor\u00ae Flex de Code 3 est\u00e1 dise\u00f1ado para adaptarse a todos los veh\u00edculos de persecuci\u00f3n policial&comma; veh\u00edculos de servicio especial y muchos otros.<\/li>\n<li style='margin-bottom: 5px;'>La desconexi\u00f3n r\u00e1pida permite a los usuarios instalar el lado del conductor y el pasajero por separado y conectarse entre s\u00ed cuando se completa&comma; lo que hace que la instalaci\u00f3n sea f\u00e1cil y eficiente.<\/li>\n<li style='margin-bottom: 5px;'>Las juntas dise\u00f1adas por expertos minimizan los retrocesos&comma; y se instalan con el hardware de visera existente para que parezca parte del veh\u00edculo contra el interior superior del parabrisas.<\/li>\n<li style='margin-bottom: 5px;'>Est\u00e1 disponible en LED Torus \u2122 multicolor y de un solo color.<\/li>\n<li style='margin-bottom: 5px;'>El modelo de un solo color tiene 19 patrones de flash&comma; y el modelo multicolor tiene 32 secuencias de flash y 12 patrones de flash.<\/li>\n<\/ul><\/div>\n<\/p><\/div>\n<div style='display: flex; flex-wrap: wrap; gap: 30px; margin-bottom: 30px;'>\n<div style='flex: 1 1 300px; min-width: 280px;'>\n<h3 style='font-size: 22px; border-bottom: 2px solid currentColor; padding-bottom: 5px; margin-top: 0; color: inherit; opacity: 0.8;'>Configuraci\u00f3n<\/h3>\n<ul style='padding-left: 20px; font-size: 14px; color: inherit; list-style-type: disc;'>\n<li style='margin-bottom: 5px;'>3 m\u00f3dulos de 18 LEDs color dual en rojo-blanco<\/li>\n<li style='margin-bottom: 5px;'>3 m\u00f3dulos de 18 LEDs color dual en azul-blanco<\/li>\n<\/ul><\/div>\n<\/p><\/div>\n<div style='display: flex; flex-wrap: wrap; gap: 30px; margin-bottom: 30px;'>\n<div style='flex: 1 1 300px; min-width: 280px;'>\n<h3 style='font-size: 22px; border-bottom: 2px solid currentColor; padding-bottom: 5px; margin-top: 0; color: inherit; opacity: 0.8;'>Caracter\u00edsticas t\u00e9cnicas<\/h3>\n<ul style='padding-left: 20px; font-size: 14px; color: inherit; list-style-type: disc;'>\n<li style='margin-bottom: 5px;'>12 VDC&comma; 6.0 Amps&comma; 72 Watts<\/li>\n<li style='margin-bottom: 5px;'>32 patrones de destello (Sencillos) 12 patrones de destello (Dobles)<\/li>\n<li style='margin-bottom: 5px;'>F\u00e1cil instalaci\u00f3n para cualquier veh\u00edculo de b\u00fasqueda o servicios especiales.<\/li>\n<li style='margin-bottom: 5px;'>Minimiza el retroceso de luz con juntas dise\u00f1adas con precisi\u00f3n con protectores laterales ajustables que bloquean la luz<\/li>\n<li style='margin-bottom: 5px;'>No se requiere perforaci\u00f3n para el montaje&comma; contorneado para la instalaci\u00f3n contra el interior superior del parabrisas<\/li>\n<li style='margin-bottom: 5px;'>La longitud del cable entre la unidad y el lado del pasajero es de 18&#8242;<\/li>\n<\/ul><\/div>\n<\/p><\/div>\n<div style='display: flex; flex-wrap: wrap; gap: 20px; margin-bottom: 30px;'>\n<div style='flex: 1 1 250px; border: 1px solid rgba(150&comma; 150&comma; 150&comma; 0.4); border-radius: 8px; overflow: hidden; display: flex; flex-direction: column;'>\n<div style='padding: 15px; border-bottom: 1px solid rgba(150&comma; 150&comma; 150&comma; 0.2); font-weight: bold; font-size: 18px; color: inherit;'>Especificaciones<\/div>\n<div style='padding: 15px; color: inherit;'>\n<ul style='padding-left: 20px; margin: 0; font-size: 14px; list-style-type: disc;'>\n<li style='margin-bottom: 5px;'><strong>AMPS:<\/strong> 6<\/li>\n<li style='margin-bottom: 5px;'><strong>CERTIFICACIONES:<\/strong> SAE J595 (LIGHT OUTPUT ONLY)&comma; CALIFORNIA TITLE 13<\/li>\n<li style='margin-bottom: 5px;'><strong>PROFUNDIDAD:<\/strong> 6.3&#8242;<\/li>\n<li style='margin-bottom: 5px;'><strong>PATRONES DE DESTELLO:<\/strong> 32<\/li>\n<li style='margin-bottom: 5px;'><strong>ALTURA:<\/strong> 2&#8242;<\/li>\n<li style='margin-bottom: 5px;'><strong>VOLTAJE:<\/strong> 12 Vcc<\/li>\n<li style='margin-bottom: 5px;'><strong>GARANT\u00cdA:<\/strong> 5 a\u00f1os<\/li>\n<li style='margin-bottom: 5px;'><strong>WATTS:<\/strong> 72 w<\/li>\n<li style='margin-bottom: 5px;'><strong>ANCHO:<\/strong> 19&#8242;<\/li>\n<\/ul><\/div>\n<\/p><\/div>\n<\/p><\/div>\n<hr style='border: 0; border-top: 1px solid rgba(150&comma; 150&comma; 150&comma; 0.3); margin: 30px 0;'> <\/div>\n","protected":false},"excerpt":{"rendered":"<p>Visera Interior Universal Rojo\/Azul con luces de penetraci\u00f3n<\/p>\n","protected":false},"featured_media":52526,"comment_status":"open","ping_status":"closed","template":"","meta":[],"product_brand":[],"product_cat":[1378],"product_tag":[502,1371,1359],"class_list":{"0":"post-52527","1":"product","2":"type-product","3":"status-publish","4":"has-post-thumbnail","6":"product_cat-rojo-azul-luces-auxiliares-vehiculares","7":"product_tag-ecco","8":"product_tag-luces-auxiliares-vehiculares","9":"product_tag-rojo-azul","11":"first","12":"outofstock","13":"sale","14":"shipping-taxable","15":"purchasable","16":"product-type-simple"},"_links":{"self":[{"href":"https:\/\/soydeaqui.ddns.net\/pachuca\/index.php\/wp-json\/wp\/v2\/product\/52527","targetHints":{"allow":["GET"]}}],"collection":[{"href":"https:\/\/soydeaqui.ddns.net\/pachuca\/index.php\/wp-json\/wp\/v2\/product"}],"about":[{"href":"https:\/\/soydeaqui.ddns.net\/pachuca\/index.php\/wp-json\/wp\/v2\/types\/product"}],"replies":[{"embeddable":true,"href":"https:\/\/soydeaqui.ddns.net\/pachuca\/index.php\/wp-json\/wp\/v2\/comments?post=52527"}],"wp:featuredmedia":[{"embeddable":true,"href":"https:\/\/soydeaqui.ddns.net\/pachuca\/index.php\/wp-json\/wp\/v2\/media\/52526"}],"wp:attachment":[{"href":"https:\/\/soydeaqui.ddns.net\/pachuca\/index.php\/wp-json\/wp\/v2\/media?parent=52527"}],"wp:term":[{"taxonomy":"product_brand","embeddable":true,"href":"https:\/\/soydeaqui.ddns.net\/pachuca\/index.php\/wp-json\/wp\/v2\/product_brand?post=52527"},{"taxonomy":"product_cat","embeddable":true,"href":"https:\/\/soydeaqui.ddns.net\/pachuca\/index.php\/wp-json\/wp\/v2\/product_cat?post=52527"},{"taxonomy":"product_tag","embeddable":true,"href":"https:\/\/soydeaqui.ddns.net\/pachuca\/index.php\/wp-json\/wp\/v2\/product_tag?post=52527"}],"curies":[{"name":"wp","href":"https:\/\/api.w.org\/{rel}","templated":true}]}}