{"id":52515,"date":"2026-03-18T23:38:50","date_gmt":"2026-03-18T23:38:50","guid":{"rendered":"https:\/\/soydeaqui.ddns.net\/pachuca\/index.php\/producto\/localizador-vehicular-avanzado-tecnologia-2g-y-3g-ideal-para-vehiculos-pesados-lectura-de-puerto-canbus-sensores-bluetooth\/"},"modified":"2026-03-18T23:39:02","modified_gmt":"2026-03-18T23:39:02","slug":"localizador-vehicular-avanzado-tecnologia-2g-y-3g-ideal-para-vehiculos-pesados-lectura-de-puerto-canbus-sensores-bluetooth","status":"publish","type":"product","link":"https:\/\/soydeaqui.ddns.net\/pachuca\/index.php\/producto\/localizador-vehicular-avanzado-tecnologia-2g-y-3g-ideal-para-vehiculos-pesados-lectura-de-puerto-canbus-sensores-bluetooth\/","title":{"rendered":"Localizador Vehicular Avanzado, Tecnologia 2G y 3G, Ideal Para Vehiculos Pesados, Lectura de Puerto CANbus \/ Sensores Bluetooth"},"content":{"rendered":"<div style='width: 100%; max-width: 1200px; margin: 0 auto; font-family: sans-serif; line-height: 1.6; color: inherit; background-color: transparent;'>\n<div style='width: 100%; max-width: 1200px; margin: 0 auto; font-family: sans-serif; line-height: 1.6; color: inherit; background-color: transparent;'>\n<div style='position: relative; padding-bottom: 56.25%; height: 0; overflow: hidden; margin-bottom: 30px;'>\n<div style='position: absolute; top: 0; left: 0; width: 100%; height: 100%; background-image: url('https:\/\/ftp3.syscom.mx\/usuarios\/fotos\/PRO43G\/160606-truck-dark-optimized.jpg'); background-position: center; background-repeat: no-repeat; background-size: contain; border-radius: 8px; background-color: rgba(150&comma;150&comma;150&comma;0.1);'><\/div>\n<\/div>\n<p style='margin: 30px 0;'>\n<h3 style='font-size: 22px; border-bottom: 2px solid currentColor; padding-bottom: 5px; margin-top: 0; color: inherit; opacity: 0.8; text-align: center;'>Dise\u00f1ado Para Vehiculos Pesados<\/h3>\n<p style='font-size: 15px; margin-bottom: 20px; text-align: justify; color: inherit;'>El equipo PRO53G es un rastreador GPS avanzado para camiones&comma; autobuses&comma; veh\u00edculos agr\u00edcolas y otras m\u00e1quinas especializadas. Pro5 est\u00e1 dise\u00f1ado para rastrear veh\u00edculos y tareas avanzadas \u2013 lectura de datos del ordenador a bordo (CAN)&comma; seguimiento del comportamiento de los conductores&comma; gesti\u00f3n del combustible&comma; etc.<\/p>\n<\/div>\n<\/div>\n","protected":false},"excerpt":{"rendered":"<p>Localizador Vehicular Avanzado, Tecnologia 2G y 3G, Ideal Para Vehiculos Pesados, Lectura de Puerto CANbus \/ Sensores Bluetooth<\/p>\n","protected":false},"featured_media":52514,"comment_status":"open","ping_status":"closed","template":"","meta":[],"product_brand":[],"product_cat":[1346,1388],"product_tag":[1350,1349,1351,1389],"class_list":{"0":"post-52515","1":"product","2":"type-product","3":"status-publish","4":"has-post-thumbnail","6":"product_cat-iot","7":"product_cat-trackers-gps","8":"product_tag-gps-y-telematica","9":"product_tag-iot","10":"product_tag-ruptela","11":"product_tag-trackers-gps","13":"first","14":"outofstock","15":"sale","16":"shipping-taxable","17":"purchasable","18":"product-type-simple"},"_links":{"self":[{"href":"https:\/\/soydeaqui.ddns.net\/pachuca\/index.php\/wp-json\/wp\/v2\/product\/52515","targetHints":{"allow":["GET"]}}],"collection":[{"href":"https:\/\/soydeaqui.ddns.net\/pachuca\/index.php\/wp-json\/wp\/v2\/product"}],"about":[{"href":"https:\/\/soydeaqui.ddns.net\/pachuca\/index.php\/wp-json\/wp\/v2\/types\/product"}],"replies":[{"embeddable":true,"href":"https:\/\/soydeaqui.ddns.net\/pachuca\/index.php\/wp-json\/wp\/v2\/comments?post=52515"}],"wp:featuredmedia":[{"embeddable":true,"href":"https:\/\/soydeaqui.ddns.net\/pachuca\/index.php\/wp-json\/wp\/v2\/media\/52514"}],"wp:attachment":[{"href":"https:\/\/soydeaqui.ddns.net\/pachuca\/index.php\/wp-json\/wp\/v2\/media?parent=52515"}],"wp:term":[{"taxonomy":"product_brand","embeddable":true,"href":"https:\/\/soydeaqui.ddns.net\/pachuca\/index.php\/wp-json\/wp\/v2\/product_brand?post=52515"},{"taxonomy":"product_cat","embeddable":true,"href":"https:\/\/soydeaqui.ddns.net\/pachuca\/index.php\/wp-json\/wp\/v2\/product_cat?post=52515"},{"taxonomy":"product_tag","embeddable":true,"href":"https:\/\/soydeaqui.ddns.net\/pachuca\/index.php\/wp-json\/wp\/v2\/product_tag?post=52515"}],"curies":[{"name":"wp","href":"https:\/\/api.w.org\/{rel}","templated":true}]}}