{"id":52506,"date":"2026-03-18T23:38:36","date_gmt":"2026-03-18T23:38:36","guid":{"rendered":"https:\/\/soydeaqui.ddns.net\/pachuca\/index.php\/producto\/curso-gps-y-telematica-vehicular-ruptela-epcomgps-avanzado\/"},"modified":"2026-03-18T23:38:37","modified_gmt":"2026-03-18T23:38:37","slug":"curso-gps-y-telematica-vehicular-ruptela-epcomgps-avanzado","status":"publish","type":"product","link":"https:\/\/soydeaqui.ddns.net\/pachuca\/index.php\/producto\/curso-gps-y-telematica-vehicular-ruptela-epcomgps-avanzado\/","title":{"rendered":"Curso GPS y Telem\u00e1tica Vehicular Ruptela EpcomGPS Avanzado"},"content":{"rendered":"<div style='width: 100%; max-width: 1200px; margin: 0 auto; font-family: sans-serif; line-height: 1.6; color: inherit; background-color: transparent;'>\n<div style='display: flex; flex-wrap: wrap; gap: 30px; margin-bottom: 30px;'>\n<div style='flex: 1 1 300px; min-width: 280px;'>\n<h3 style='font-size: 22px; border-bottom: 2px solid currentColor; padding-bottom: 5px; margin-top: 0; color: inherit; opacity: 0.8;'>Descripci\u00f3n<\/h3>\n<p style='font-size: 15px; color: inherit; margin-top: 0;'>Continuaci\u00f3n del curso b\u00e1sico de Ruptela&comma; se abordar\u00e1n campos avanzados como sensores RFID&comma; sensores de temperatura&comma; activaci\u00f3n de salidas digitales por condiciones&comma; funci\u00f3n de Anti Jammer&comma; detecci\u00f3n de impacto&comma; detecci\u00f3n de rollover&comma; detecci\u00f3n de remolcado.<\/p>\n<p style='font-size: 15px; color: inherit; margin-top: 0;'>El curso es completamente te\u00f3rico con examen de certificaci\u00f3n al finalizar&comma; se tomar\u00e1n en cuenta como criterios de evaluaci\u00f3n la participaci\u00f3n y el examen final<\/p>\n<\/div>\n<div style='flex: 1 1 300px; min-width: 280px;'>\n<h3 style='font-size: 22px; border-bottom: 2px solid currentColor; padding-bottom: 5px; margin-top: 0; color: inherit; opacity: 0.8;'>Dirigido a<\/h3>\n<ul style='padding-left: 20px; font-size: 15px; color: inherit; margin-top: 0;'>\n<li style='margin-bottom: 5px;'>Integradores interesados en comercializar dispositivos de seguimiento satelital y telem\u00e1tica.<\/li>\n<li style='margin-bottom: 5px;'>Personal t\u00e9cnico interesado en programaci\u00f3n de diferentes marcas.<\/li>\n<li style='margin-bottom: 5px;'>Integradores interesados en nuevas marcas de plataformas y dispositivos GPS.<\/li>\n<li style='margin-bottom: 5px;'>Integradores interesados en conocer nuevas funciones y accesorios.<\/li>\n<li style='margin-bottom: 5px;'>Integradores buscando reforzar conocimientos.<\/li>\n<\/ul>\n<\/div>\n<div style='flex: 1 1 300px; min-width: 280px;'>\n<h3 style='font-size: 22px; border-bottom: 2px solid currentColor; padding-bottom: 5px; margin-top: 0; color: inherit; opacity: 0.8;'>Objetivo<\/h3>\n<p style='font-size: 15px; color: inherit; margin-top: 0;'>El asistente obtenga informaci\u00f3n valiosa que pueda implementar d\u00eda a d\u00eda en el crecimiento de su negocio&comma; que se obtenga el conocimiento de programaci\u00f3n de las diferentes marcas ofrecidas en Syscom.<\/p>\n<\/div>\n<\/div>\n<div style='display: flex; flex-wrap: wrap; gap: 20px; margin-bottom: 30px;'>\n<div style='flex: 1 1 250px; border: 1px solid rgba(150&comma; 150&comma; 150&comma; 0.4); border-radius: 8px; overflow: hidden; display: flex; flex-direction: column;'>\n<div style='padding: 15px; border-bottom: 1px solid rgba(150&comma; 150&comma; 150&comma; 0.2); font-weight: bold; font-size: 18px; color: inherit;'>Requisitos<\/div>\n<div style='padding: 15px; color: inherit;'>\n<ul style='padding-left: 20px; margin: 0; font-size: 14px; list-style-type: disc;'>\n<li style='margin-bottom: 5px;'><strong>Acreditar certificaci\u00f3n b\u00e1sica de GPS (EXPERTRUPTELABASICO)<\/strong><\/li>\n<li style='margin-bottom: 5px;'>Libreta para apuntes<\/li>\n<li style='margin-bottom: 5px;'>Computadora con Windows<\/li>\n<li style='margin-bottom: 5px;'>Conexi\u00f3n a internet.<\/li>\n<li style='margin-bottom: 5px;'>Descargar el software de programaci\u00f3n: <a href='https:\/\/drive.google.com\/open?id=1vPVCHZhZf-PbS88tovvY_9a0E0l3ni1T' style='color: #0066cc; text-decoration: underline;' target='_blank'>https:\/\/drive.google.com\/open?id=1vPVCHZhZf-PbS88tovvY_9a0E0l3ni1T<\/a><\/li>\n<li style='margin-bottom: 5px;'>Instalar drivers: <a href='http:\/\/ftp3.syscom.mx\/usuarios\/ftp\/2016\/12\/29\/8d9f6\/Drivers_Win7_Win10.zip' style='color: #0066cc; text-decoration: underline;' target='_blank'>http:\/\/ftp3.syscom.mx\/usuarios\/ftp\/2016\/12\/29\/8d9f6\/Drivers_Win7_Win10.zip<\/a><\/li>\n<li style='margin-bottom: 5px;'>Generar cuenta de EpcomGPS en: <a href='https:\/\/syscom.mx\/panel\/servicios' style='color: #0066cc; text-decoration: underline;' target='_blank'>syscom.mx\/panel\/servicios<\/a> (Para generar la cuenta debe al menos tener facturada una licencia).<\/li>\n<\/ul>\n<\/div>\n<\/div>\n<\/div>\n<hr style='border: 0; border-top: 1px solid rgba(150&comma; 150&comma; 150&comma; 0.3); margin: 30px 0;'><\/div>\n","protected":false},"excerpt":{"rendered":"<p>Curso GPS y Telem\u00e1tica Vehicular Ruptela EpcomGPS Avanzado<\/p>\n","protected":false},"featured_media":52505,"comment_status":"open","ping_status":"closed","template":"","meta":[],"product_brand":[],"product_cat":[1346,1388],"product_tag":[1350,1349,63,1389],"class_list":{"0":"post-52506","1":"product","2":"type-product","3":"status-publish","4":"has-post-thumbnail","6":"product_cat-iot","7":"product_cat-trackers-gps","8":"product_tag-gps-y-telematica","9":"product_tag-iot","10":"product_tag-syscom","11":"product_tag-trackers-gps","13":"first","14":"outofstock","15":"sale","16":"shipping-taxable","17":"purchasable","18":"product-type-simple"},"_links":{"self":[{"href":"https:\/\/soydeaqui.ddns.net\/pachuca\/index.php\/wp-json\/wp\/v2\/product\/52506","targetHints":{"allow":["GET"]}}],"collection":[{"href":"https:\/\/soydeaqui.ddns.net\/pachuca\/index.php\/wp-json\/wp\/v2\/product"}],"about":[{"href":"https:\/\/soydeaqui.ddns.net\/pachuca\/index.php\/wp-json\/wp\/v2\/types\/product"}],"replies":[{"embeddable":true,"href":"https:\/\/soydeaqui.ddns.net\/pachuca\/index.php\/wp-json\/wp\/v2\/comments?post=52506"}],"wp:featuredmedia":[{"embeddable":true,"href":"https:\/\/soydeaqui.ddns.net\/pachuca\/index.php\/wp-json\/wp\/v2\/media\/52505"}],"wp:attachment":[{"href":"https:\/\/soydeaqui.ddns.net\/pachuca\/index.php\/wp-json\/wp\/v2\/media?parent=52506"}],"wp:term":[{"taxonomy":"product_brand","embeddable":true,"href":"https:\/\/soydeaqui.ddns.net\/pachuca\/index.php\/wp-json\/wp\/v2\/product_brand?post=52506"},{"taxonomy":"product_cat","embeddable":true,"href":"https:\/\/soydeaqui.ddns.net\/pachuca\/index.php\/wp-json\/wp\/v2\/product_cat?post=52506"},{"taxonomy":"product_tag","embeddable":true,"href":"https:\/\/soydeaqui.ddns.net\/pachuca\/index.php\/wp-json\/wp\/v2\/product_tag?post=52506"}],"curies":[{"name":"wp","href":"https:\/\/api.w.org\/{rel}","templated":true}]}}