{"id":52471,"date":"2026-03-18T23:37:34","date_gmt":"2026-03-18T23:37:34","guid":{"rendered":"https:\/\/soydeaqui.ddns.net\/pachuca\/index.php\/producto\/microsim-de-datos-multicarrier-att-movistar-telcel-activacion-sin-humanos-mensual-de-25-mb-para-gps-iot-telematica-alarma\/"},"modified":"2026-03-18T23:37:36","modified_gmt":"2026-03-18T23:37:36","slug":"microsim-de-datos-multicarrier-att-movistar-telcel-activacion-sin-humanos-mensual-de-25-mb-para-gps-iot-telematica-alarma","status":"publish","type":"product","link":"https:\/\/soydeaqui.ddns.net\/pachuca\/index.php\/producto\/microsim-de-datos-multicarrier-att-movistar-telcel-activacion-sin-humanos-mensual-de-25-mb-para-gps-iot-telematica-alarma\/","title":{"rendered":"MICROSIM de datos Multicarrier (ATT\/Movistar, Telcel) \/ Activacion sin Humanos \/ Mensual de 25 MB \/ Para GPS \/ IOT \/ Telematica \/ Alarma"},"content":{"rendered":"<div style='width: 100%; max-width: 1200px; margin: 0 auto; font-family: sans-serif; line-height: 1.6; color: inherit; background-color: transparent;'> <!-- Video YouTube --> <\/p>\n<div style='position: relative; padding-bottom: 56.25%; height: 0; overflow: hidden; margin-bottom: 30px;'>   <\/div>\n<p> <!-- Descripci\u00f3n principal --> <\/p>\n<div style='margin-bottom: 30px;'>\n<h2 style='font-size: 24px; margin-top: 0; margin-bottom: 10px; color: inherit;'>Sim Card (No incluye datos&comma; es s\u00f3lo pl\u00e1stico del SIM) Ideal para IoT&comma; GPS&comma; Telem\u00e1tica e Intrusi\u00f3n con servicio mensual MICROSIM30M2M<\/h2>\n<p style='font-size: 14px; margin-bottom: 15px; color: inherit;'> <span style='font-size: 14pt; color: inherit;'>COMPATIBLE SOLO CON EQUIPOS QUE ACEPTEN MICRO SIM COMO LOS MODELOS<\/span> <span style='font-size: 14pt; color: inherit;'> <a style='color: inherit; text-decoration: underline; font-weight: 600;' href='https:\/\/www.syscom.mx\/principal\/searchcont?route=MT90G-MEITRACK-161699&#038;autodetect=MT90G' target='_blank' rel='noopener'>MT90G<\/a> <\/span> <span style='font-size: 14pt; color: inherit;'> y <\/span> <span style='font-size: 14pt; color: inherit;'> <a style='color: inherit; text-decoration: underline; font-weight: 600;' href='https:\/\/www.syscom.mx\/principal\/searchcont?route=T366G-MEITRACK-93710&#038;autodetect=T366G' target='_blank' rel='noopener'>T366G y Panel de Alarma AXPRO<\/a> <\/span> <\/p>\n<h3 style='font-size: 18px; font-weight: normal; margin-top: 0; margin-bottom: 10px; color: inherit;'> Administraci\u00f3n de servicios todo en l\u00ednea&comma; para iniciar su funcionamiento es necesario m\u00ednimo su primer mes de servicio modelo <a style='color: inherit; text-decoration: underline;' href='https:\/\/www.syscom.mx\/producto\/VOUCHER1M-SYSCOM-165633.html' target='_blank' rel='noopener'>VOUCHER1M<\/a> <\/h3>\n<p style='font-size: 14px; margin-bottom: 15px; color: inherit;'>Nota: No tiene opci\u00f3n a llamadas ni salida de SMS y MMS<\/p>\n<\/p><\/div>\n<p> <!-- Secci\u00f3n de contenido con flex --> <\/p>\n<div style='display: flex; flex-wrap: wrap; gap: 30px; margin-bottom: 30px;'>\n<div style='flex: 1 1 300px; min-width: 280px;'>\n<p style='font-size: 14px; color: inherit;'> El SIM Multi Carrier de SYSCOM (<strong style='color: inherit;'>TELCEL&comma; ATT y MOVISTAR<\/strong>) es el \u00fanico dise\u00f1ado para aplicaci\u00f3n de IoT (Internet of Things)&comma; GPS&comma; Telem\u00e1tica e Intrusi\u00f3n que es posible de administrarse &#8216;SIN HUMANOS&#8217; para pagos mensuales seguros. <\/p>\n<\/p><\/div>\n<div style='flex: 1 1 300px; min-width: 280px;'>\n<div style='border: 1px solid rgba(150&comma; 150&comma; 150&comma; 0.4); border-left: 5px solid #0091ff; border-radius: 8px; overflow: hidden; box-shadow: 2px 2px 10px rgba(216&comma; 216&comma; 216&comma; 0.4); -webkit-box-shadow: 2px 2px 10px rgba(216&comma; 216&comma; 216&comma; 0.4);'>\n<div style='padding: 15px; background-color: rgba(255&comma;255&comma;255&comma;0.03); font-weight: bold; font-size: 16px; color: inherit; border-bottom: 1px solid rgba(150&comma; 150&comma; 150&comma; 0.2);'>Caracter\u00edsticas<\/div>\n<div style='padding: 15px; color: inherit;'>\n<ul style='padding-left: 20px; margin: 0; font-size: 14px; list-style-type: disc; color: inherit;'>\n<li style='margin-bottom: 5px; color: inherit;'>La activaci\u00f3n de SIM y servicios se realiza todo en l\u00ednea (SIN HUMANOS)&comma; con el costo m\u00e1s bajo del mercado.<\/li>\n<li style='margin-bottom: 5px; color: inherit;'>Solo active el mes que sea necesario dando un solo clic&comma; sin plazo forzoso.<\/li>\n<li style='margin-bottom: 5px; color: inherit;'>Activaci\u00f3n al Instante desde panel de administraci\u00f3n sin costos adicionales.<\/li>\n<li style='margin-bottom: 5px; color: inherit;'>Cuenta con 25 MB mensuales durante 1 mes garantizados.<\/li>\n<li style='margin-bottom: 5px; color: inherit;'><strong style='color: inherit;'>NOTA: para uso Panel de Alarma colocar PIN: 1010<\/strong><\/li>\n<\/ul><\/div>\n<\/p><\/div>\n<\/p><\/div>\n<\/p><\/div>\n<p> <!-- Informaci\u00f3n de APN --> <\/p>\n<div style='margin-bottom: 30px;'>\n<h3 style='font-size: 18px; margin-top: 0; margin-bottom: 15px; color: inherit;'>APN: <a style='color: inherit; text-decoration: underline;' href='http:\/\/m2m.tele2.com\/' target='_blank' rel='noopener'>m2m.tele2.com<\/a> <strong style='color: inherit;'>sin<\/strong> usuario <strong style='color: inherit;'>ni<\/strong> password<\/h3>\n<h3 style='font-size: 18px; margin-top: 0; margin-bottom: 15px; color: inherit;'>F\u00e1cil Administraci\u00f3n en solo 3 pasos<\/h3>\n<\/p><\/div>\n<p> <!-- Pasos de administraci\u00f3n --> <\/p>\n<div style='display: flex; flex-wrap: wrap; gap: 30px; margin-bottom: 30px;'> <!-- Paso 1 --> <\/p>\n<div style='flex: 1 1 300px; min-width: 280px;'>\n<div style='border: 1px solid rgba(150&comma; 150&comma; 150&comma; 0.3); border-radius: 8px; overflow: hidden;'>\n<div style='padding: 15px; border-bottom: 1px solid rgba(150&comma; 150&comma; 150&comma; 0.2); font-weight: bold; font-size: 18px; color: inherit;'>Paso 1<\/div>\n<div style='padding: 15px; color: inherit;'>\n<p style='margin-bottom: 15px; font-size: 14px; color: inherit;'>Adquirir su SIM <a style='color: inherit; text-decoration: underline;' href='principal\/searchcont?route=MICROSIM30M2M-M2M-SERVICES-165632&#038;autodetect=sim30' target='_blank' rel='noopener'>SIM30M2M<\/a> y Mes de Servicio <a style='color: inherit; text-decoration: underline;' href='principal\/searchcont?route=VOUCHER1M-SYSCOM-165633&#038;autodetect=sim30' target='_blank' rel='noopener'>VOUCHER1M<\/a> en l\u00ednea o con su ejecutivo de ventas:<\/p>\n<p> <a href='https:\/\/ftp3.syscom.mx\/usuarios\/ftp\/single_page\/envios\/carrito.jpg' target='_blank' rel='noopener'> <img style='width: 100%; height: auto; border: 1px solid rgba(150&comma;150&comma;150&comma;0.3); border-radius: 8px;' src='https:\/\/ftp3.syscom.mx\/usuarios\/ftp\/single_page\/envios\/carrito.jpg' alt=''> <\/a> <\/div>\n<\/p><\/div>\n<\/p><\/div>\n<p> <!-- Paso 2 --> <\/p>\n<div style='flex: 1 1 300px; min-width: 280px;'>\n<div style='border: 1px solid rgba(150&comma; 150&comma; 150&comma; 0.3); border-radius: 8px; overflow: hidden;'>\n<div style='padding: 15px; border-bottom: 1px solid rgba(150&comma; 150&comma; 150&comma; 0.2); font-weight: bold; font-size: 18px; color: inherit;'>Paso 2<\/div>\n<div style='padding: 15px; color: inherit;'>\n<p style='margin-bottom: 15px; font-size: 14px; color: inherit;'>Tomar el Folio \u00f3 de su Factura:<\/p>\n<p> <a href='https:\/\/ftp3.syscom.mx\/usuarios\/ftp\/single_page\/envios\/facturas.jpg' target='_blank' rel='noopener'> <img style='width: 100%; height: auto; border: 1px solid rgba(150&comma;150&comma;150&comma;0.3); border-radius: 8px;' src='https:\/\/ftp3.syscom.mx\/usuarios\/ftp\/single_page\/envios\/facturas.jpg' alt=''> <\/a> <\/div>\n<\/p><\/div>\n<\/p><\/div>\n<p> <!-- Paso 3 --> <\/p>\n<div style='flex: 1 1 300px; min-width: 280px;'>\n<div style='border: 1px solid rgba(150&comma; 150&comma; 150&comma; 0.3); border-radius: 8px; overflow: hidden;'>\n<div style='padding: 15px; border-bottom: 1px solid rgba(150&comma; 150&comma; 150&comma; 0.2); font-weight: bold; font-size: 18px; color: inherit;'>Paso 3<\/div>\n<div style='padding: 15px; color: inherit;'>\n<p style='margin-bottom: 15px; font-size: 14px; color: inherit;'>Agregar su Folio de Factura en: <a style='color: inherit; text-decoration: underline;' href='https:\/\/www.syscom.mx\/panel\/activa_SIM30M2M' target='_blank' rel='noopener'>https:\/\/www.syscom.mx\/panel\/activa_SIM30M2M<\/a><\/p>\n<p> <a href='https:\/\/ftp3.syscom.mx\/usuarios\/ftp\/single_page\/envios\/Administrar.jpg' target='_blank' rel='noopener'> <img style='width: 100%; height: auto; border: 1px solid rgba(150&comma;150&comma;150&comma;0.3); border-radius: 8px;' src='https:\/\/ftp3.syscom.mx\/usuarios\/ftp\/single_page\/envios\/Administrar.jpg' alt=''> <\/a> <\/div>\n<\/p><\/div>\n<\/p><\/div>\n<\/p><\/div>\n<p> <!-- Separador final --> <\/p>\n<hr style='border: 0; border-top: 1px solid rgba(150&comma; 150&comma; 150&comma; 0.3); margin: 30px 0;'> <\/div>\n","protected":false},"excerpt":{"rendered":"<p>MICROSIM de datos Multicarrier (ATT\/Movistar, Telcel) \/ Activacion sin Humanos \/ Mensual de 25 MB \/ Para GPS \/ IOT \/ Telematica \/ Alarma<\/p>\n","protected":false},"featured_media":52470,"comment_status":"open","ping_status":"closed","template":"","meta":[],"product_brand":[],"product_cat":[1348,1346],"product_tag":[93,1350,1349,188],"class_list":{"0":"post-52471","1":"product","2":"type-product","3":"status-publish","4":"has-post-thumbnail","6":"product_cat-accesorios-gps-y-telematica","7":"product_cat-iot","8":"product_tag-accesorios","9":"product_tag-gps-y-telematica","10":"product_tag-iot","11":"product_tag-m2m-services","13":"first","14":"instock","15":"sale","16":"shipping-taxable","17":"purchasable","18":"product-type-simple"},"_links":{"self":[{"href":"https:\/\/soydeaqui.ddns.net\/pachuca\/index.php\/wp-json\/wp\/v2\/product\/52471","targetHints":{"allow":["GET"]}}],"collection":[{"href":"https:\/\/soydeaqui.ddns.net\/pachuca\/index.php\/wp-json\/wp\/v2\/product"}],"about":[{"href":"https:\/\/soydeaqui.ddns.net\/pachuca\/index.php\/wp-json\/wp\/v2\/types\/product"}],"replies":[{"embeddable":true,"href":"https:\/\/soydeaqui.ddns.net\/pachuca\/index.php\/wp-json\/wp\/v2\/comments?post=52471"}],"wp:featuredmedia":[{"embeddable":true,"href":"https:\/\/soydeaqui.ddns.net\/pachuca\/index.php\/wp-json\/wp\/v2\/media\/52470"}],"wp:attachment":[{"href":"https:\/\/soydeaqui.ddns.net\/pachuca\/index.php\/wp-json\/wp\/v2\/media?parent=52471"}],"wp:term":[{"taxonomy":"product_brand","embeddable":true,"href":"https:\/\/soydeaqui.ddns.net\/pachuca\/index.php\/wp-json\/wp\/v2\/product_brand?post=52471"},{"taxonomy":"product_cat","embeddable":true,"href":"https:\/\/soydeaqui.ddns.net\/pachuca\/index.php\/wp-json\/wp\/v2\/product_cat?post=52471"},{"taxonomy":"product_tag","embeddable":true,"href":"https:\/\/soydeaqui.ddns.net\/pachuca\/index.php\/wp-json\/wp\/v2\/product_tag?post=52471"}],"curies":[{"name":"wp","href":"https:\/\/api.w.org\/{rel}","templated":true}]}}