{"id":52453,"date":"2026-03-18T23:37:03","date_gmt":"2026-03-18T23:37:03","guid":{"rendered":"https:\/\/soydeaqui.ddns.net\/pachuca\/index.php\/producto\/barra-de-luz-de-advertencia-con-8-modulos-ambar-ideal-para-el-direccionamiento-de-trafico-3\/"},"modified":"2026-03-18T23:37:04","modified_gmt":"2026-03-18T23:37:04","slug":"barra-de-luz-de-advertencia-con-8-modulos-ambar-ideal-para-el-direccionamiento-de-trafico-3","status":"publish","type":"product","link":"https:\/\/soydeaqui.ddns.net\/pachuca\/index.php\/producto\/barra-de-luz-de-advertencia-con-8-modulos-ambar-ideal-para-el-direccionamiento-de-trafico-3\/","title":{"rendered":"Barra de Luz de Advertencia con 8 M\u00f3dulos \u00c1mbar, ideal para el direccionamiento de tr\u00e1fico"},"content":{"rendered":"<div style='width: 100%; max-width: 1200px; margin: 0 auto; font-family: sans-serif; line-height: 1.6; color: inherit; background-color: transparent;'>\n<div style='display: flex; flex-wrap: wrap; gap: 30px; margin-bottom: 30px;'>\n<div style='flex: 1 1 300px; min-width: 280px;'>\n<h3 style='font-size: 22px; border-bottom: 2px solid currentColor; padding-bottom: 5px; margin-top: 0; color: inherit; opacity: 0.8;'>Caracter\u00edsticas<\/h3>\n<ul style='padding-left: 20px; font-size: 15px; color: inherit;'>\n<li style='margin-bottom: 5px;'>8 M\u00f3dulos de 4 LED Gen III cada uno<\/li>\n<li style='margin-bottom: 5px;'>Alta Potencia<\/li>\n<li style='margin-bottom: 5px;'>Rendimiento Fiable<\/li>\n<li style='margin-bottom: 5px;'>4 Patrones de Destello<\/li>\n<li style='margin-bottom: 5px;'>Bajo Consumo de Energ\u00eda<\/li>\n<li style='margin-bottom: 5px;'>Carcasa de Aluminio Compacta<\/li>\n<li style='margin-bottom: 5px;'>Incluye bracket de Instalaci\u00f3n<\/li>\n<li style='margin-bottom: 5px;'>Colores: Rojo\/ Azul&comma; \u00c1mbar&comma; Claro<\/li>\n<\/ul><\/div>\n<\/p><\/div>\n<div style='display: flex; flex-wrap: wrap; gap: 20px; margin-bottom: 30px;'>\n<div style='flex: 1 1 250px; border: 1px solid rgba(150&comma; 150&comma; 150&comma; 0.4); border-radius: 8px; overflow: hidden; display: flex; flex-direction: column;'>\n<div style='padding: 15px; border-bottom: 1px solid rgba(150&comma; 150&comma; 150&comma; 0.2); font-weight: bold; font-size: 18px; color: inherit;'>Especificaciones T\u00e9cnicas<\/div>\n<div style='padding: 15px; color: inherit;'>\n<ul style='padding-left: 20px; margin: 0; font-size: 14px; list-style-type: disc;'>\n<li style='margin-bottom: 5px;'><strong>Voltaje:<\/strong> 10 &#8211; 16 Vcc<\/li>\n<li style='margin-bottom: 5px;'><strong>Consumo:<\/strong> 3 A m\u00e1x.<\/li>\n<li style='margin-bottom: 5px;'><strong>Dimensiones:<\/strong> 75 cm X 3.5 cm X 3.6 cm<\/li>\n<\/ul><\/div>\n<\/p><\/div>\n<\/p><\/div>\n<div style='display: flex; flex-wrap: wrap; gap: 20px; margin-bottom: 30px;'>\n<div style='flex: 1 1 300px; min-width: 280px;'>\n<p style='margin-bottom: 20px; color: inherit; font-weight: bold;'>*Pregunte por disponibilidad<\/p>\n<\/p><\/div>\n<\/p><\/div>\n<div style='display: grid; grid-template-columns: repeat(auto-fill&comma; minmax(280px&comma; 1fr)); gap: 20px; margin-bottom: 30px;'>\n<div style='display: flex; justify-content: center; align-items: center;'> <img style='width: 100%; height: auto; border: 1px solid rgba(150&comma;150&comma;150&comma;0.3); border-radius: 8px;' src='http:\/\/ftp3.syscom.mx\/usuarios\/fotos\/XLL1088A\/DSC_0187.png' alt=''> <\/div>\n<div style='display: flex; justify-content: center; align-items: center;'> <img style='width: 100%; height: auto; border: 1px solid rgba(150&comma;150&comma;150&comma;0.3); border-radius: 8px;' src='http:\/\/ftp3.syscom.mx\/usuarios\/fotos\/XLL1088A\/DSC_0277.png' alt=''> <\/div>\n<\/p><\/div>\n<hr style='border: 0; border-top: 1px solid rgba(150&comma; 150&comma; 150&comma; 0.3); margin: 30px 0;'> <\/div>\n","protected":false},"excerpt":{"rendered":"<p>Barra de Luz de Advertencia con 8 M\u00f3dulos \u00c1mbar, ideal para el direccionamiento de tr\u00e1fico<\/p>\n","protected":false},"featured_media":32,"comment_status":"open","ping_status":"closed","template":"","meta":[],"product_brand":[],"product_cat":[948],"product_tag":[950,949,1237],"class_list":{"0":"post-52453","1":"product","2":"type-product","3":"status-publish","4":"has-post-thumbnail","6":"product_cat-ambar","7":"product_tag-ambar","8":"product_tag-barras-directoras-de-trafico-vehiculares","9":"product_tag-epcom-industrial-signaling","11":"first","12":"outofstock","13":"sale","14":"shipping-taxable","15":"purchasable","16":"product-type-simple"},"_links":{"self":[{"href":"https:\/\/soydeaqui.ddns.net\/pachuca\/index.php\/wp-json\/wp\/v2\/product\/52453","targetHints":{"allow":["GET"]}}],"collection":[{"href":"https:\/\/soydeaqui.ddns.net\/pachuca\/index.php\/wp-json\/wp\/v2\/product"}],"about":[{"href":"https:\/\/soydeaqui.ddns.net\/pachuca\/index.php\/wp-json\/wp\/v2\/types\/product"}],"replies":[{"embeddable":true,"href":"https:\/\/soydeaqui.ddns.net\/pachuca\/index.php\/wp-json\/wp\/v2\/comments?post=52453"}],"wp:featuredmedia":[{"embeddable":true,"href":"https:\/\/soydeaqui.ddns.net\/pachuca\/index.php\/wp-json\/wp\/v2\/media\/32"}],"wp:attachment":[{"href":"https:\/\/soydeaqui.ddns.net\/pachuca\/index.php\/wp-json\/wp\/v2\/media?parent=52453"}],"wp:term":[{"taxonomy":"product_brand","embeddable":true,"href":"https:\/\/soydeaqui.ddns.net\/pachuca\/index.php\/wp-json\/wp\/v2\/product_brand?post=52453"},{"taxonomy":"product_cat","embeddable":true,"href":"https:\/\/soydeaqui.ddns.net\/pachuca\/index.php\/wp-json\/wp\/v2\/product_cat?post=52453"},{"taxonomy":"product_tag","embeddable":true,"href":"https:\/\/soydeaqui.ddns.net\/pachuca\/index.php\/wp-json\/wp\/v2\/product_tag?post=52453"}],"curies":[{"name":"wp","href":"https:\/\/api.w.org\/{rel}","templated":true}]}}