{"id":52451,"date":"2026-03-18T23:36:59","date_gmt":"2026-03-18T23:36:59","guid":{"rendered":"https:\/\/soydeaqui.ddns.net\/pachuca\/index.php\/producto\/kit-para-motocicleta-federal-signal-sirena-bocina-de-30-watt-controlador-y-microfono\/"},"modified":"2026-03-18T23:37:00","modified_gmt":"2026-03-18T23:37:00","slug":"kit-para-motocicleta-federal-signal-sirena-bocina-de-30-watt-controlador-y-microfono","status":"publish","type":"product","link":"https:\/\/soydeaqui.ddns.net\/pachuca\/index.php\/producto\/kit-para-motocicleta-federal-signal-sirena-bocina-de-30-watt-controlador-y-microfono\/","title":{"rendered":"Kit Para Motocicleta FEDERAL SIGNAL , Sirena\/Bocina de 30 Watt, Controlador y Micr\u00f3fono"},"content":{"rendered":"<div style='width: 100%; max-width: 1200px; margin: 0 auto; font-family: sans-serif; line-height: 1.6; color: inherit; background-color: transparent;'>\n<div style='display: flex; flex-wrap: wrap; gap: 30px; margin-bottom: 30px;'>\n<div style='flex: 1 1 300px; min-width: 280px;'>\n<h3 style='font-size: 22px; border-bottom: 2px solid currentColor; padding-bottom: 5px; margin-top: 0; color: inherit; opacity: 0.8;'>Kit de Motocicleta Federal Signal<\/h3>\n<p style='font-size: 15px; color: inherit;'>Equipos profesionales especialmente dise\u00f1ados para todas las motocicletas y cuatrimotos del mercado.<\/p>\n<p style='font-size: 15px; color: inherit;'>Incluye Controlador 400423301 y Micr\u00f3fono SCS1000PA con dise\u00f1o ergon\u00f3mico y de f\u00e1cil instalaci\u00f3n para las diferentes motocicletas que hay en el mercado. Su sirena\/bocina SCS1000 compacta en peso y medidas del mercado de 100 Watts emite un sonido n\u00edtido y potente.<\/p>\n<p style='font-size: 15px; color: inherit;'>Federal Signal siempre al servicio de los profesionales de la seguridad y la emergencia.<\/p>\n<\/p><\/div>\n<\/p><\/div>\n<\/p><\/div>\n","protected":false},"excerpt":{"rendered":"<p>Kit Para Motocicleta FEDERAL SIGNAL , Sirena\/Bocina de 30 Watt, Controlador y Micr\u00f3fono<\/p>\n","protected":false},"featured_media":52450,"comment_status":"open","ping_status":"closed","template":"","meta":[],"product_brand":[],"product_cat":[1423],"product_tag":[1428,1382,1424],"class_list":{"0":"post-52451","1":"product","2":"type-product","3":"status-publish","4":"has-post-thumbnail","6":"product_cat-sirenas-bocinas-y-controladores-para-motocicletas","7":"product_tag-federal-signal-vama","8":"product_tag-luces-auxiliares-para-motocicletas","9":"product_tag-sirenas-bocinas-y-controladores-para-motocicletas","11":"first","12":"outofstock","13":"sale","14":"shipping-taxable","15":"purchasable","16":"product-type-simple"},"_links":{"self":[{"href":"https:\/\/soydeaqui.ddns.net\/pachuca\/index.php\/wp-json\/wp\/v2\/product\/52451","targetHints":{"allow":["GET"]}}],"collection":[{"href":"https:\/\/soydeaqui.ddns.net\/pachuca\/index.php\/wp-json\/wp\/v2\/product"}],"about":[{"href":"https:\/\/soydeaqui.ddns.net\/pachuca\/index.php\/wp-json\/wp\/v2\/types\/product"}],"replies":[{"embeddable":true,"href":"https:\/\/soydeaqui.ddns.net\/pachuca\/index.php\/wp-json\/wp\/v2\/comments?post=52451"}],"wp:featuredmedia":[{"embeddable":true,"href":"https:\/\/soydeaqui.ddns.net\/pachuca\/index.php\/wp-json\/wp\/v2\/media\/52450"}],"wp:attachment":[{"href":"https:\/\/soydeaqui.ddns.net\/pachuca\/index.php\/wp-json\/wp\/v2\/media?parent=52451"}],"wp:term":[{"taxonomy":"product_brand","embeddable":true,"href":"https:\/\/soydeaqui.ddns.net\/pachuca\/index.php\/wp-json\/wp\/v2\/product_brand?post=52451"},{"taxonomy":"product_cat","embeddable":true,"href":"https:\/\/soydeaqui.ddns.net\/pachuca\/index.php\/wp-json\/wp\/v2\/product_cat?post=52451"},{"taxonomy":"product_tag","embeddable":true,"href":"https:\/\/soydeaqui.ddns.net\/pachuca\/index.php\/wp-json\/wp\/v2\/product_tag?post=52451"}],"curies":[{"name":"wp","href":"https:\/\/api.w.org\/{rel}","templated":true}]}}