{"id":52431,"date":"2026-03-18T23:36:21","date_gmt":"2026-03-18T23:36:21","guid":{"rendered":"https:\/\/soydeaqui.ddns.net\/pachuca\/index.php\/producto\/luz-de-trabajo-de-uso-rudo-con-luz-diurna-dlr-1600-lumenes-multifuncional\/"},"modified":"2026-03-18T23:36:28","modified_gmt":"2026-03-18T23:36:28","slug":"luz-de-trabajo-de-uso-rudo-con-luz-diurna-dlr-1600-lumenes-multifuncional","status":"publish","type":"product","link":"https:\/\/soydeaqui.ddns.net\/pachuca\/index.php\/producto\/luz-de-trabajo-de-uso-rudo-con-luz-diurna-dlr-1600-lumenes-multifuncional\/","title":{"rendered":"Luz de trabajo de uso rudo, con luz diurna (DLR),  1600 l\u00famenes,  multifuncional"},"content":{"rendered":"<div style='width: 100%; max-width: 1200px; margin: 0 auto; font-family: sans-serif; line-height: 1.6; color: inherit; background-color: transparent;'> <!-- Descripci\u00f3n principal --> <\/p>\n<div style='margin-bottom: 30px;'>\n<p style='font-size: 15px; color: inherit; margin: 0 0 20px;'> La luz de trabajo EW2604 ofrece la \u00faltima tecnolog\u00eda y la luz blanca m\u00e1s brillante para su aplicaci\u00f3n. La luz de acento integrada y el montaje de alta resistencia garantizan la estabilidad y el rendimiento resistente para una variedad de aplicaciones. Este modelo LED ofrece m\u00e1s de 80 000 horas de vida \u00fatil sin mantenimiento&comma; junto con un bajo consumo de amperaje y una ventilaci\u00f3n integrada para evitar el empa\u00f1amiento. <\/p>\n<\/p><\/div>\n<p> <!-- Especificaciones --> <\/p>\n<div style='display: flex; flex-wrap: wrap; gap: 20px; margin-bottom: 30px;'>\n<div style='flex: 1 1 250px; border: 1px solid rgba(150&comma; 150&comma; 150&comma; 0.4); border-radius: 8px; overflow: hidden; display: flex; flex-direction: column;'>\n<div style='padding: 15px; border-bottom: 1px solid rgba(150&comma; 150&comma; 150&comma; 0.2); font-weight: bold; font-size: 18px; color: inherit;'>Especificaciones<\/div>\n<div style='padding: 15px; color: inherit;'>\n<ul style='padding-left: 20px; margin: 0; font-size: 14px; list-style-type: disc;'>\n<li style='margin-bottom: 5px;'><strong>Amperaje:<\/strong> 2.1 A<\/li>\n<li style='margin-bottom: 5px;'><strong>Certificaciones:<\/strong> CE&comma; IP67&comma; ROHS<\/li>\n<li style='margin-bottom: 5px;'><strong>Profundidad:<\/strong> 2.6<\/li>\n<li style='margin-bottom: 5px;'><strong>Altura:<\/strong> 4.3<\/li>\n<li style='margin-bottom: 5px;'><strong>L\u00famenes:<\/strong> 1&comma;600<\/li>\n<li style='margin-bottom: 5px;'><strong>Montaje:<\/strong> Fijo<\/li>\n<li style='margin-bottom: 5px;'><strong>Voltaje:<\/strong> 12-24 Vcc<\/li>\n<li style='margin-bottom: 5px;'><strong>Garant\u00eda:<\/strong> 5 a\u00f1os<\/li>\n<li style='margin-bottom: 5px;'><strong>Ancho:<\/strong> 6.9&#8242;<\/li>\n<\/ul><\/div>\n<\/p><\/div>\n<\/p><\/div>\n<p> <!-- Separador --> <\/p>\n<hr style='border: 0; border-top: 1px solid rgba(150&comma; 150&comma; 150&comma; 0.3); margin: 30px 0;'> <\/div>\n","protected":false},"excerpt":{"rendered":"<p>Luz de trabajo de uso rudo, con luz diurna (DLR),  1600 l\u00famenes,  multifuncional<\/p>\n","protected":false},"featured_media":52430,"comment_status":"open","ping_status":"closed","template":"","meta":[],"product_brand":[],"product_cat":[1379],"product_tag":[950,502,500],"class_list":{"0":"post-52431","1":"product","2":"type-product","3":"status-publish","4":"has-post-thumbnail","6":"product_cat-ambar-estrobos-burbujas-vehiculares","7":"product_tag-ambar","8":"product_tag-ecco","9":"product_tag-estrobos-burbujas-vehiculares","11":"first","12":"instock","13":"sale","14":"shipping-taxable","15":"purchasable","16":"product-type-simple"},"_links":{"self":[{"href":"https:\/\/soydeaqui.ddns.net\/pachuca\/index.php\/wp-json\/wp\/v2\/product\/52431","targetHints":{"allow":["GET"]}}],"collection":[{"href":"https:\/\/soydeaqui.ddns.net\/pachuca\/index.php\/wp-json\/wp\/v2\/product"}],"about":[{"href":"https:\/\/soydeaqui.ddns.net\/pachuca\/index.php\/wp-json\/wp\/v2\/types\/product"}],"replies":[{"embeddable":true,"href":"https:\/\/soydeaqui.ddns.net\/pachuca\/index.php\/wp-json\/wp\/v2\/comments?post=52431"}],"wp:featuredmedia":[{"embeddable":true,"href":"https:\/\/soydeaqui.ddns.net\/pachuca\/index.php\/wp-json\/wp\/v2\/media\/52430"}],"wp:attachment":[{"href":"https:\/\/soydeaqui.ddns.net\/pachuca\/index.php\/wp-json\/wp\/v2\/media?parent=52431"}],"wp:term":[{"taxonomy":"product_brand","embeddable":true,"href":"https:\/\/soydeaqui.ddns.net\/pachuca\/index.php\/wp-json\/wp\/v2\/product_brand?post=52431"},{"taxonomy":"product_cat","embeddable":true,"href":"https:\/\/soydeaqui.ddns.net\/pachuca\/index.php\/wp-json\/wp\/v2\/product_cat?post=52431"},{"taxonomy":"product_tag","embeddable":true,"href":"https:\/\/soydeaqui.ddns.net\/pachuca\/index.php\/wp-json\/wp\/v2\/product_tag?post=52431"}],"curies":[{"name":"wp","href":"https:\/\/api.w.org\/{rel}","templated":true}]}}