{"id":52420,"date":"2026-03-18T23:36:01","date_gmt":"2026-03-18T23:36:01","guid":{"rendered":"https:\/\/soydeaqui.ddns.net\/pachuca\/index.php\/producto\/sensor-de-combustible-ultrasonico-sin-perforar-tanque-se-coloca-abajo-del-tanque\/"},"modified":"2026-03-18T23:36:07","modified_gmt":"2026-03-18T23:36:07","slug":"sensor-de-combustible-ultrasonico-sin-perforar-tanque-se-coloca-abajo-del-tanque","status":"publish","type":"product","link":"https:\/\/soydeaqui.ddns.net\/pachuca\/index.php\/producto\/sensor-de-combustible-ultrasonico-sin-perforar-tanque-se-coloca-abajo-del-tanque\/","title":{"rendered":"Sensor de Combustible Ultras\u00f3nico, SIN PERFORAR TANQUE (se coloca abajo del tanque)"},"content":{"rendered":"<div style='width: 100%; max-width: 1200px; margin: 0 auto; font-family: sans-serif; line-height: 1.6; color: inherit; background-color: transparent;'>\n<div style='display: flex; flex-wrap: wrap; gap: 30px; margin-bottom: 30px;'>\n<div style='flex: 1 1 300px; min-width: 280px;'>\n<h3 style='font-size: 22px; border-bottom: 2px solid currentColor; padding-bottom: 5px; margin-top: 0; color: inherit; opacity: 0.8;'>Descripci\u00f3n<\/h3>\n<p style='font-size: 15px; color: inherit; margin-bottom: 15px; text-align: justify;'> Este sensor se coloca abajo del tanque de combustible&comma; <strong style='color: inherit;'>no se requiere perforar<\/strong> como en otras tecnolog\u00edas. Este es el Sensor m\u00e1s utilizado para llevar control de combustible. <\/p>\n<p style='font-size: 15px; color: inherit; margin-bottom: 15px; text-align: justify;'> Este sensor ultras\u00f3nico es un dispositivo para llevar un control de combustible del veh\u00edculo que est\u00e1 dise\u00f1ado para llevar una mejor gesti\u00f3n de los recursos de la flota de la empresa. <\/p>\n<p style='font-size: 15px; color: inherit; margin-bottom: 15px; text-align: justify;'> Este sensor se puede utilizar para evitar robos de combustible&comma; optimizar el comportamiento de conducci\u00f3n del conductor y la decisi\u00f3n estad\u00edstica auxiliar&comma; entre otras aplicaciones. <\/p>\n<p style='font-size: 15px; color: inherit; margin-bottom: 15px; text-align: justify;'> El sensor est\u00e1 equipado con una sonda ultras\u00f3nica de alta precisi\u00f3n&comma; que puede detectar la cantidad de combustible en el tanque. Los datos de cantidad de combustible se enviar\u00e1n al servidor mediante rastreador GPS&comma; permitiendo crear informes de datos. <\/p>\n<\/p><\/div>\n<\/p><\/div>\n<\/p><\/div>\n","protected":false},"excerpt":{"rendered":"<p>Sensor de Combustible Ultras\u00f3nico, SIN PERFORAR TANQUE (se coloca abajo del tanque)<\/p>\n","protected":false},"featured_media":52419,"comment_status":"open","ping_status":"closed","template":"","meta":[],"product_brand":[],"product_cat":[1348,1346],"product_tag":[93,1350,1349,1420],"class_list":{"0":"post-52420","1":"product","2":"type-product","3":"status-publish","4":"has-post-thumbnail","6":"product_cat-accesorios-gps-y-telematica","7":"product_cat-iot","8":"product_tag-accesorios","9":"product_tag-gps-y-telematica","10":"product_tag-iot","11":"product_tag-jimiiot","13":"first","14":"instock","15":"sale","16":"shipping-taxable","17":"purchasable","18":"product-type-simple"},"_links":{"self":[{"href":"https:\/\/soydeaqui.ddns.net\/pachuca\/index.php\/wp-json\/wp\/v2\/product\/52420","targetHints":{"allow":["GET"]}}],"collection":[{"href":"https:\/\/soydeaqui.ddns.net\/pachuca\/index.php\/wp-json\/wp\/v2\/product"}],"about":[{"href":"https:\/\/soydeaqui.ddns.net\/pachuca\/index.php\/wp-json\/wp\/v2\/types\/product"}],"replies":[{"embeddable":true,"href":"https:\/\/soydeaqui.ddns.net\/pachuca\/index.php\/wp-json\/wp\/v2\/comments?post=52420"}],"wp:featuredmedia":[{"embeddable":true,"href":"https:\/\/soydeaqui.ddns.net\/pachuca\/index.php\/wp-json\/wp\/v2\/media\/52419"}],"wp:attachment":[{"href":"https:\/\/soydeaqui.ddns.net\/pachuca\/index.php\/wp-json\/wp\/v2\/media?parent=52420"}],"wp:term":[{"taxonomy":"product_brand","embeddable":true,"href":"https:\/\/soydeaqui.ddns.net\/pachuca\/index.php\/wp-json\/wp\/v2\/product_brand?post=52420"},{"taxonomy":"product_cat","embeddable":true,"href":"https:\/\/soydeaqui.ddns.net\/pachuca\/index.php\/wp-json\/wp\/v2\/product_cat?post=52420"},{"taxonomy":"product_tag","embeddable":true,"href":"https:\/\/soydeaqui.ddns.net\/pachuca\/index.php\/wp-json\/wp\/v2\/product_tag?post=52420"}],"curies":[{"name":"wp","href":"https:\/\/api.w.org\/{rel}","templated":true}]}}