{"id":52379,"date":"2026-03-18T23:34:49","date_gmt":"2026-03-18T23:34:49","guid":{"rendered":"https:\/\/soydeaqui.ddns.net\/pachuca\/index.php\/producto\/sensor-de-combustible-capacitivo-recortable\/"},"modified":"2026-03-18T23:34:54","modified_gmt":"2026-03-18T23:34:54","slug":"sensor-de-combustible-capacitivo-recortable","status":"publish","type":"product","link":"https:\/\/soydeaqui.ddns.net\/pachuca\/index.php\/producto\/sensor-de-combustible-capacitivo-recortable\/","title":{"rendered":"Sensor de Combustible, Capacitivo Recortable"},"content":{"rendered":"<div style='width: 100%; max-width: 1200px; margin: 0 auto; font-family: sans-serif; line-height: 1.6; color: inherit; background-color: transparent;'> <!-- Imagen principal --> <\/p>\n<div style='width: 100%; margin-bottom: 30px;'> <img style='width: 100%; height: auto; border: 1px solid rgba(150&comma;150&comma;150&comma;0.3); border-radius: 8px; display: block; margin: 0 auto;' src='https:\/\/ftp3.syscom.mx\/usuarios\/fotos\/A54700\/192836-monitoreo_de_combustible_3.png' alt='Sensor de Combustible&comma; Capacitivo Recortable'> <\/div>\n<p> <!-- Contenido principal --> <\/p>\n<div style='width: 100%; margin-bottom: 30px;'>\n<p style='text-align: justify; font-size: 16px; margin: 0 0 15px 0; color: inherit;'> Los rastreadores vehiculares GPS de Meitrack son compatibles con la mayor\u00eda de los sensores de combustible del mercado&comma; incluyendo resistivos&comma; capacitivos y ultras\u00f3nicos. Si un sensor de combustible es conectado al equipo&comma; aparte del posicionamiento los usuarios podr\u00e1n monitorear el nivel de combustible adem\u00e1s de recibir alertas por llenado vaciado y robo del combustible&comma; etc. <\/p>\n<p style='text-align: justify; font-size: 16px; margin: 0 0 15px 0; color: inherit;'> Lo m\u00e1s importante es que tambi\u00e9n se puede obtener reportes de los consumos de combustible a trav\u00e9s de una plataforma de rastreo como EpcomGPS. <\/p>\n<p style='text-align: justify; font-size: 16px; margin: 0 0 15px 0; font-weight: bold; color: inherit;'> &#8212;El sensor A54700 requiere ser calibrado con la herramienta CLS2&#8212; <\/p>\n<p style='text-align: justify; font-size: 16px; margin: 0; color: inherit;'> ******Longitud del cable 5 metros****** <\/p>\n<\/p><\/div>\n<p> <!-- Separador --> <\/p>\n<hr style='border: 0; border-top: 1px solid rgba(150&comma; 150&comma; 150&comma; 0.3); margin: 30px 0;'> <\/div>\n","protected":false},"excerpt":{"rendered":"<p>Sensor de Combustible, Capacitivo Recortable<\/p>\n","protected":false},"featured_media":52378,"comment_status":"open","ping_status":"closed","template":"","meta":[],"product_brand":[],"product_cat":[1348,1346],"product_tag":[93,1350,1349,1390],"class_list":{"0":"post-52379","1":"product","2":"type-product","3":"status-publish","4":"has-post-thumbnail","6":"product_cat-accesorios-gps-y-telematica","7":"product_cat-iot","8":"product_tag-accesorios","9":"product_tag-gps-y-telematica","10":"product_tag-iot","11":"product_tag-meitrack","13":"first","14":"instock","15":"sale","16":"shipping-taxable","17":"purchasable","18":"product-type-simple"},"_links":{"self":[{"href":"https:\/\/soydeaqui.ddns.net\/pachuca\/index.php\/wp-json\/wp\/v2\/product\/52379","targetHints":{"allow":["GET"]}}],"collection":[{"href":"https:\/\/soydeaqui.ddns.net\/pachuca\/index.php\/wp-json\/wp\/v2\/product"}],"about":[{"href":"https:\/\/soydeaqui.ddns.net\/pachuca\/index.php\/wp-json\/wp\/v2\/types\/product"}],"replies":[{"embeddable":true,"href":"https:\/\/soydeaqui.ddns.net\/pachuca\/index.php\/wp-json\/wp\/v2\/comments?post=52379"}],"wp:featuredmedia":[{"embeddable":true,"href":"https:\/\/soydeaqui.ddns.net\/pachuca\/index.php\/wp-json\/wp\/v2\/media\/52378"}],"wp:attachment":[{"href":"https:\/\/soydeaqui.ddns.net\/pachuca\/index.php\/wp-json\/wp\/v2\/media?parent=52379"}],"wp:term":[{"taxonomy":"product_brand","embeddable":true,"href":"https:\/\/soydeaqui.ddns.net\/pachuca\/index.php\/wp-json\/wp\/v2\/product_brand?post=52379"},{"taxonomy":"product_cat","embeddable":true,"href":"https:\/\/soydeaqui.ddns.net\/pachuca\/index.php\/wp-json\/wp\/v2\/product_cat?post=52379"},{"taxonomy":"product_tag","embeddable":true,"href":"https:\/\/soydeaqui.ddns.net\/pachuca\/index.php\/wp-json\/wp\/v2\/product_tag?post=52379"}],"curies":[{"name":"wp","href":"https:\/\/api.w.org\/{rel}","templated":true}]}}