{"id":52336,"date":"2026-03-18T23:33:31","date_gmt":"2026-03-18T23:33:31","guid":{"rendered":"https:\/\/soydeaqui.ddns.net\/pachuca\/index.php\/producto\/primer-ano-de-licencia-para-plataforma-tracksolidpro\/"},"modified":"2026-03-18T23:33:31","modified_gmt":"2026-03-18T23:33:31","slug":"primer-ano-de-licencia-para-plataforma-tracksolidpro","status":"publish","type":"product","link":"https:\/\/soydeaqui.ddns.net\/pachuca\/index.php\/producto\/primer-ano-de-licencia-para-plataforma-tracksolidpro\/","title":{"rendered":"Primer a\u00f1o de licencia para plataforma TracksolidPro"},"content":{"rendered":"<div style='width: 100%; max-width: 1200px; margin: 0 auto; font-family: sans-serif; line-height: 1.6; color: inherit; background-color: transparent;'> <!-- Secci\u00f3n de enlaces importantes --> <\/p>\n<div style='margin-bottom: 30px;'>\n<div style='margin-bottom: 20px;'> <a style='font-size: 18px; font-weight: bold; color: inherit; text-decoration: none; border-bottom: 1px solid rgba(0&comma;112&comma;192&comma;0.3);' href='https:\/\/www.syscom.mx\/singlepage\/tracksolid'> P\u00e1gina de ayuda TracksolidPro (Dar clic aqu\u00ed) <\/a> <\/div>\n<div style='margin-bottom: 20px;'> <a style='font-size: 18px; font-weight: bold; color: inherit; text-decoration: none; border-bottom: 1px solid rgba(0&comma;112&comma;192&comma;0.3);' href='https:\/\/www.syscom.mx\/producto\/EXPERTGPS-SYSCOM-75217.html'> \u00bfQuieres certificarte en dispositivos Concox? (Dar clic aqu\u00ed) <\/a> <\/div>\n<\/p><\/div>\n<p> <!-- Descripci\u00f3n principal --> <\/p>\n<div style='margin-bottom: 30px;'>\n<h2 style='font-size: 22px; border-bottom: 2px solid currentColor; padding-bottom: 5px; margin-top: 0; color: inherit; opacity: 0.8; margin-bottom: 15px;'> TracksolidPro <\/h2>\n<p style='font-size: 16px; margin-bottom: 15px; color: inherit;'> Es una soluci\u00f3n basada en la nube con un conjunto completo de servicios dise\u00f1ados para administraci\u00f3n remota&comma; seguimiento de flotas&comma; seguimiento de activos y un conjunto diverso de aplicaciones verticales. <\/p>\n<p style='font-size: 16px; margin-bottom: 15px; color: inherit;'> Como una soluci\u00f3n lista para usar&comma; TracksolidPro es una plataforma segura&comma; abierta y escalable que juega un papel esencial en la optimizaci\u00f3n de la utilizaci\u00f3n de recursos al permitir la visibilidad y simplificar la administraci\u00f3n. <\/p>\n<\/p><\/div>\n<p> <!-- Informaci\u00f3n t\u00e9cnica --> <\/p>\n<div style='margin-bottom: 30px;'>\n<h3 style='font-size: 20px; border-bottom: 2px solid currentColor; padding-bottom: 5px; margin-top: 0; color: inherit; opacity: 0.8; margin-bottom: 15px;'> Informaci\u00f3n de acceso <\/h3>\n<ul style='padding-left: 20px; font-size: 16px; color: inherit; list-style-type: disc;'>\n<li style='margin-bottom: 10px;'> <strong>Liga de acceso:<\/strong> <a style='color: inherit; text-decoration: none; border-bottom: 1px solid rgba(0&comma;112&comma;192&comma;0.3);' href='https:\/\/www.tracksolidpro.com\/mainFrame'> https:\/\/www.tracksolidpro.com\/mainFrame <\/a> <\/li>\n<li style='margin-bottom: 10px;'><strong>IP:<\/strong> 47.89.58.215<\/li>\n<li style='margin-bottom: 10px;'><strong>Puerto para GT06E:<\/strong> 21100<\/li>\n<li style='margin-bottom: 10px;'><strong>Puerto para AT6:<\/strong> 21102<\/li>\n<\/ul><\/div>\n<p> <!-- Notas importantes --> <\/p>\n<div style='margin-bottom: 30px;'>\n<h3 style='font-size: 20px; border-bottom: 2px solid currentColor; padding-bottom: 5px; margin-top: 0; color: inherit; opacity: 0.8; margin-bottom: 15px;'> Notas importantes <\/h3>\n<ul style='padding-left: 20px; font-size: 16px; color: inherit; list-style-type: disc;'>\n<li style='margin-bottom: 10px;'><strong>Nota:<\/strong> Esta licencia no es cancelable o transferible<\/li>\n<li style='margin-bottom: 10px;'> Para la activaci\u00f3n de licencias favor de enviar correo a <a style='color: inherit; text-decoration: none; border-bottom: 1px solid rgba(0&comma;112&comma;192&comma;0.3);' href='mailto:fernanda.rodriguez@syscom.mx'> licencias@syscom.mx <\/a> incluyendo la factura e IMEI del equipo&comma; el tiempo de activaci\u00f3n despu\u00e9s de enviar el correo es de 24 a 48 horas dependiendo de disponibilidad. <\/li>\n<li style='margin-bottom: 10px;'> <strong>Nota:<\/strong> Confirmar modelo e IMEI antes de enviar el correo&comma; no es posible hacer modificaciones una vez agregado el dispositivo. <\/li>\n<\/ul><\/div>\n<p> <!-- Aviso legal --> <\/p>\n<div style='margin-bottom: 30px;'>\n<h3 style='font-size: 20px; border-bottom: 2px solid currentColor; padding-bottom: 5px; margin-top: 0; color: inherit; opacity: 0.8; margin-bottom: 15px;'> Derecho de Propiedad Intelectual <\/h3>\n<p style='font-size: 16px; color: inherit;'> Esta plataforma de rastreo TracksolidPro (Web y aplicaci\u00f3n m\u00f3vil) que se provee por parte de SYSCOM&comma; est\u00e1 limitada a Leyes de Derechos de Marca y Autor por el grupo JIMI\/CONCOX&comma; por lo cual SYSCOM no se hace responsable de los cambios en los servicios que la parte propietaria realice o en su defecto dejara de realizar&comma; los mantenimientos y correcciones corren por parte de proveedor. <\/p>\n<\/p><\/div>\n<p> <!-- Separador final --> <\/p>\n<hr style='border: 0; border-top: 1px solid rgba(150&comma; 150&comma; 150&comma; 0.3); margin: 30px 0;'> <\/div>\n","protected":false},"excerpt":{"rendered":"<p>Primer a\u00f1o de licencia para plataforma TracksolidPro<\/p>\n","protected":false},"featured_media":52335,"comment_status":"open","ping_status":"closed","template":"","meta":[],"product_brand":[],"product_cat":[1346,1352],"product_tag":[1350,1349,1420,1353],"class_list":{"0":"post-52336","1":"product","2":"type-product","3":"status-publish","4":"has-post-thumbnail","6":"product_cat-iot","7":"product_cat-software","8":"product_tag-gps-y-telematica","9":"product_tag-iot","10":"product_tag-jimiiot","11":"product_tag-software","13":"first","14":"instock","15":"sale","16":"shipping-taxable","17":"purchasable","18":"product-type-simple"},"_links":{"self":[{"href":"https:\/\/soydeaqui.ddns.net\/pachuca\/index.php\/wp-json\/wp\/v2\/product\/52336","targetHints":{"allow":["GET"]}}],"collection":[{"href":"https:\/\/soydeaqui.ddns.net\/pachuca\/index.php\/wp-json\/wp\/v2\/product"}],"about":[{"href":"https:\/\/soydeaqui.ddns.net\/pachuca\/index.php\/wp-json\/wp\/v2\/types\/product"}],"replies":[{"embeddable":true,"href":"https:\/\/soydeaqui.ddns.net\/pachuca\/index.php\/wp-json\/wp\/v2\/comments?post=52336"}],"wp:featuredmedia":[{"embeddable":true,"href":"https:\/\/soydeaqui.ddns.net\/pachuca\/index.php\/wp-json\/wp\/v2\/media\/52335"}],"wp:attachment":[{"href":"https:\/\/soydeaqui.ddns.net\/pachuca\/index.php\/wp-json\/wp\/v2\/media?parent=52336"}],"wp:term":[{"taxonomy":"product_brand","embeddable":true,"href":"https:\/\/soydeaqui.ddns.net\/pachuca\/index.php\/wp-json\/wp\/v2\/product_brand?post=52336"},{"taxonomy":"product_cat","embeddable":true,"href":"https:\/\/soydeaqui.ddns.net\/pachuca\/index.php\/wp-json\/wp\/v2\/product_cat?post=52336"},{"taxonomy":"product_tag","embeddable":true,"href":"https:\/\/soydeaqui.ddns.net\/pachuca\/index.php\/wp-json\/wp\/v2\/product_tag?post=52336"}],"curies":[{"name":"wp","href":"https:\/\/api.w.org\/{rel}","templated":true}]}}