{"id":52332,"date":"2026-03-18T23:33:26","date_gmt":"2026-03-18T23:33:26","guid":{"rendered":"https:\/\/soydeaqui.ddns.net\/pachuca\/index.php\/producto\/licencia-vitalicia-para-plataforma-tracksolidpro\/"},"modified":"2026-03-18T23:33:26","modified_gmt":"2026-03-18T23:33:26","slug":"licencia-vitalicia-para-plataforma-tracksolidpro","status":"publish","type":"product","link":"https:\/\/soydeaqui.ddns.net\/pachuca\/index.php\/producto\/licencia-vitalicia-para-plataforma-tracksolidpro\/","title":{"rendered":"Licencia vitalicia para plataforma TracksolidPro"},"content":{"rendered":"<div style='width: 100%; max-width: 1200px; margin: 0 auto; font-family: sans-serif; line-height: 1.6; color: inherit; background-color: transparent;'>\n<div style='display: flex; flex-direction: column; gap: 20px;'>\n<div style='flex: 1 1 300px; min-width: 280px;'>\n<p style='margin: 0 0 1.5em; font-size: 16px; color: inherit;'> <a href='https:\/\/www.syscom.mx\/singlepage\/tracksolid' style='color: #0070c0; text-decoration: none; font-weight: bold;'>Pagina de ayuda TracksolidPro (Dar clic aqui)<\/a> <\/p>\n<\/p><\/div>\n<div style='flex: 1 1 300px; min-width: 280px;'>\n<p style='margin: 0 0 1.5em; font-size: 16px; color: inherit;'> <a href='https:\/\/www.syscom.mx\/producto\/EXPERTGPS-SYSCOM-75217.html' style='color: #0070c0; text-decoration: none; font-weight: bold;'>\u00bfQuieres certificarte en dispositivos Concox? (Dar clic aqui)<\/a> <\/p>\n<\/p><\/div>\n<div style='flex: 1 1 300px; min-width: 280px;'>\n<p style='margin: 0 0 1.5em; font-size: 16px; color: inherit;'> <strong style='font-size: 1.25em;'>TracksolidPro<\/strong> es una soluci\u00f3n basada en la nube con un conjunto completo de servicios dise\u00f1ados para administraci\u00f3n remota&comma; seguimiento de flotas&comma; seguimiento de activos y un conjunto diverso de aplicaciones verticales. <\/p>\n<\/p><\/div>\n<div style='flex: 1 1 300px; min-width: 280px;'>\n<p style='margin: 0 0 1.5em; font-size: 16px; color: inherit;'> Como una soluci\u00f3n lista para usar&comma; TracksolidPro es una plataforma segura&comma; abierta y escalable que juega un papel esencial en la optimizaci\u00f3n de la utilizaci\u00f3n de recursos al permitir la visibilidad y simplificar la administraci\u00f3n. <\/p>\n<\/p><\/div>\n<div style='flex: 1 1 300px; min-width: 280px;'>\n<p style='margin: 0 0 1.5em; font-size: 16px; color: inherit;'> <strong style='font-size: 1em;'>Liga de acceso:<\/strong> <a href='https:\/\/www.tracksolidpro.com\/mainFrame' style='color: #0070c0; text-decoration: none;'>https:\/\/www.tracksolidpro.com\/mainFrame<\/a> <\/p>\n<\/p><\/div>\n<div style='flex: 1 1 300px; min-width: 280px;'>\n<p style='margin: 0 0 1.5em; font-size: 16px; color: inherit;'> <strong style='font-size: 1em;'>IP:<\/strong> 47.89.58.215 <\/p>\n<\/p><\/div>\n<div style='flex: 1 1 300px; min-width: 280px;'>\n<p style='margin: 0 0 1.5em; font-size: 16px; color: inherit;'> <strong style='font-size: 1em;'>Puerto para GT06E:<\/strong> 21100 <\/p>\n<\/p><\/div>\n<div style='flex: 1 1 300px; min-width: 280px;'>\n<p style='margin: 0 0 1.5em; font-size: 16px; color: inherit;'> <strong style='font-size: 1em;'>Puerto para AT6:<\/strong> 21102 <\/p>\n<\/p><\/div>\n<div style='flex: 1 1 300px; min-width: 280px;'>\n<p style='margin: 0 0 1.5em; font-size: 16px; color: inherit;'> <strong style='font-size: 1em; color: #343434;'>Nota:<\/strong> Esta licencia no es cancelable o transferible <\/p>\n<\/p><\/div>\n<div style='flex: 1 1 300px; min-width: 280px;'>\n<p style='margin: 0 0 1.5em; font-size: 16px; color: inherit;'> <strong style='font-size: 1em;'>Para la activaci\u00f3n de licencias<\/strong> favor de enviar correo a <a href='mailto:fernanda.rodriguez@syscom.mx' style='color: #0070c0; text-decoration: none;'>licencias@syscom.mx<\/a> incluyendo la factura e IMEI del equipo&comma; el tiempo de activaci\u00f3n despu\u00e9s de enviar el correo es de 24 a 48 horas dependiendo de disponibilidad. <\/p>\n<\/p><\/div>\n<div style='flex: 1 1 300px; min-width: 280px;'>\n<p style='margin: 0 0 1.5em; font-size: 16px; color: inherit;'> <strong style='font-size: 1em;'>Nota:<\/strong> Confirmar modelo e IMEI antes de enviar el correo&comma; no es posible hacer modificaciones una vez agregado el dispositivo. <\/p>\n<\/p><\/div>\n<div style='flex: 1 1 300px; min-width: 280px;'>\n<p style='margin: 0 0 1.5em; font-size: 16px; color: inherit;'> <strong style='font-size: 1em;'>Derecho de Propiedad Intelectual<\/strong><br \/> Esta plataforma de rastreo TracksolidPro (Web y aplicaci\u00f3n m\u00f3vil) que se provee por parte de SYSCOM&comma; est\u00e1 limitado a Leyes de Derechos de Marca y Autor por el grupo JIMI\/CONCOX&comma; por lo cual SYSCOM no se hace responsable de los cambios en los servicios que la parte propietaria realice o en su defecto dejara de realizar&comma; los mantenimientos y correcciones corren por parte de proveedor. <\/p>\n<\/p><\/div>\n<\/p><\/div>\n<\/p><\/div>\n","protected":false},"excerpt":{"rendered":"<p>Licencia vitalicia para plataforma TracksolidPro<\/p>\n","protected":false},"featured_media":52331,"comment_status":"open","ping_status":"closed","template":"","meta":[],"product_brand":[],"product_cat":[1346,1352],"product_tag":[1350,1349,1420,1353],"class_list":{"0":"post-52332","1":"product","2":"type-product","3":"status-publish","4":"has-post-thumbnail","6":"product_cat-iot","7":"product_cat-software","8":"product_tag-gps-y-telematica","9":"product_tag-iot","10":"product_tag-jimiiot","11":"product_tag-software","13":"first","14":"instock","15":"sale","16":"shipping-taxable","17":"purchasable","18":"product-type-simple"},"_links":{"self":[{"href":"https:\/\/soydeaqui.ddns.net\/pachuca\/index.php\/wp-json\/wp\/v2\/product\/52332","targetHints":{"allow":["GET"]}}],"collection":[{"href":"https:\/\/soydeaqui.ddns.net\/pachuca\/index.php\/wp-json\/wp\/v2\/product"}],"about":[{"href":"https:\/\/soydeaqui.ddns.net\/pachuca\/index.php\/wp-json\/wp\/v2\/types\/product"}],"replies":[{"embeddable":true,"href":"https:\/\/soydeaqui.ddns.net\/pachuca\/index.php\/wp-json\/wp\/v2\/comments?post=52332"}],"wp:featuredmedia":[{"embeddable":true,"href":"https:\/\/soydeaqui.ddns.net\/pachuca\/index.php\/wp-json\/wp\/v2\/media\/52331"}],"wp:attachment":[{"href":"https:\/\/soydeaqui.ddns.net\/pachuca\/index.php\/wp-json\/wp\/v2\/media?parent=52332"}],"wp:term":[{"taxonomy":"product_brand","embeddable":true,"href":"https:\/\/soydeaqui.ddns.net\/pachuca\/index.php\/wp-json\/wp\/v2\/product_brand?post=52332"},{"taxonomy":"product_cat","embeddable":true,"href":"https:\/\/soydeaqui.ddns.net\/pachuca\/index.php\/wp-json\/wp\/v2\/product_cat?post=52332"},{"taxonomy":"product_tag","embeddable":true,"href":"https:\/\/soydeaqui.ddns.net\/pachuca\/index.php\/wp-json\/wp\/v2\/product_tag?post=52332"}],"curies":[{"name":"wp","href":"https:\/\/api.w.org\/{rel}","templated":true}]}}