{"id":52327,"date":"2026-03-18T23:33:19","date_gmt":"2026-03-18T23:33:19","guid":{"rendered":"https:\/\/soydeaqui.ddns.net\/pachuca\/index.php\/producto\/kit-de-localizador-vehicular-que-incluye-un-gps-modelo-gt06e-licencia-vitalicia-de-plataforma-tracksolidpro\/"},"modified":"2026-03-18T23:33:20","modified_gmt":"2026-03-18T23:33:20","slug":"kit-de-localizador-vehicular-que-incluye-un-gps-modelo-gt06e-licencia-vitalicia-de-plataforma-tracksolidpro","status":"publish","type":"product","link":"https:\/\/soydeaqui.ddns.net\/pachuca\/index.php\/producto\/kit-de-localizador-vehicular-que-incluye-un-gps-modelo-gt06e-licencia-vitalicia-de-plataforma-tracksolidpro\/","title":{"rendered":"Kit de localizador vehicular que incluye un GPS modelo GT06E +  licencia vitalicia de plataforma TRACKSOLIDPRO"},"content":{"rendered":"<div style='width: 100%; max-width: 1200px; margin: 0 auto; font-family: sans-serif; line-height: 1.6; color: inherit; background-color: transparent;'> <!-- Links de ayuda --> <\/p>\n<div style='display: flex; flex-wrap: wrap; gap: 20px; margin-bottom: 30px;'>\n<div style='flex: 1 1 300px; min-width: 280px;'> <a href='https:\/\/www.syscom.mx\/singlepage\/concox' style='font-size: 16px; color: #0070c0; text-decoration: none; font-weight: bold;'> P\u00e1gina de ayuda Concox (Dar clic aqu\u00ed) <\/a> <\/div>\n<div style='flex: 1 1 300px; min-width: 280px;'> <a href='https:\/\/www.syscom.mx\/producto\/EXPERTGPS-SYSCOM-75217.html' style='font-size: 16px; color: #0070c0; text-decoration: none; font-weight: bold;'> \u00bfQuieres certificarte en dispositivos Concox? (Dar clic aqu\u00ed) <\/a> <\/div>\n<\/p><\/div>\n<p> <!-- Informaci\u00f3n principal --> <\/p>\n<div style='margin-bottom: 30px;'>\n<h3 style='font-size: 18px; border-bottom: 2px solid currentColor; padding-bottom: 5px; margin-top: 0; color: inherit; opacity: 0.8;'>Incluye<\/h3>\n<p style='margin: 0 0 15px; color: inherit; font-size: 15px;'> Este KIT incluye un dispositivo rastreador modelo GT06E + una licencia vitalicia para TracksolidPro <\/p>\n<\/p><\/div>\n<p> <!-- Caracter\u00edsticas principales --> <\/p>\n<div style='margin-bottom: 30px;'>\n<h3 style='font-size: 18px; border-bottom: 2px solid currentColor; padding-bottom: 5px; margin-top: 0; color: inherit; opacity: 0.8;'>Caracter\u00edsticas principales<\/h3>\n<p style='margin: 0 0 15px; color: inherit; font-size: 15px;'> Concox GT06E es un rastreador inteligente con tecnolog\u00eda de red 3G&comma; antena satelital y antena GSM internas&comma; relevador&comma; bot\u00f3n de p\u00e1nico y micr\u00f3fono incluido&comma; muy completo&comma; lo hacen perfecto para la log\u00edstica&comma; la flota y la gesti\u00f3n de autom\u00f3viles de renta. <\/p>\n<ul style='padding-left: 20px; font-size: 15px; color: inherit; list-style-type: disc;'>\n<li style='margin-bottom: 8px;'>Alarmas m\u00faltiples<\/li>\n<li style='margin-bottom: 8px;'>Paro de motor v\u00eda remota<\/li>\n<li style='margin-bottom: 8px;'>Llamada de emergencia SOS<\/li>\n<li style='margin-bottom: 8px;'>Monitoreo de voz<\/li>\n<li style='margin-bottom: 8px;'>Funci\u00f3n Find<\/li>\n<\/ul><\/div>\n<p> <!-- Notas importantes --> <\/p>\n<div style='margin-bottom: 30px;'>\n<ul style='padding-left: 20px; font-size: 15px; color: inherit; list-style-type: disc;'>\n<li style='margin-bottom: 8px;'>Utiliza un SIM de datos tama\u00f1o est\u00e1ndar<\/li>\n<li style='margin-bottom: 8px;'>No incluye cable de programaci\u00f3n<\/li>\n<\/ul><\/div>\n<p> <!-- Funci\u00f3n FIND --> <\/p>\n<div style='margin-bottom: 30px;'>\n<h3 style='font-size: 18px; border-bottom: 2px solid currentColor; padding-bottom: 5px; margin-top: 0; color: inherit; opacity: 0.8;'>Funci\u00f3n FIND<\/h3>\n<p style='margin: 0 0 15px; color: inherit; font-size: 15px;'> La funci\u00f3n FIND te ayudar\u00e1 a encontrar tu veh\u00edculo en estacionamientos ya que por medio de conexiones encender\u00e1 luces y claxon del veh\u00edculo. <\/p>\n<\/p><\/div>\n<p> <!-- Tipos de alertas --> <\/p>\n<div style='margin-bottom: 30px;'>\n<h3 style='font-size: 18px; border-bottom: 2px solid currentColor; padding-bottom: 5px; margin-top: 0; color: inherit; opacity: 0.8;'>Tipos de alertas<\/h3>\n<p style='margin: 0 0 15px; color: inherit; font-size: 15px;'> Con GPS Concox GT06E usted puede programar diferentes tipos de alertas: <\/p>\n<ul style='padding-left: 20px; font-size: 15px; color: inherit; list-style-type: disc;'>\n<li style='margin-bottom: 8px;'>Alerta por vibraci\u00f3n<\/li>\n<li style='margin-bottom: 8px;'>Alerta por movimiento<\/li>\n<li style='margin-bottom: 8px;'>Alerta de p\u00e1nico<\/li>\n<li style='margin-bottom: 8px;'>Alerta por giro brusco<\/li>\n<li style='margin-bottom: 8px;'>Alerta por aceleraci\u00f3n brusca<\/li>\n<li style='margin-bottom: 8px;'>Alerta por apertura de puerta<\/li>\n<li style='margin-bottom: 8px;'>Alerta por exceso de velocidad<\/li>\n<li style='margin-bottom: 8px;'>Alerta por encendido de su veh\u00edculo<\/li>\n<li style='margin-bottom: 8px;'>Alerta por bater\u00eda baja<\/li>\n<li style='margin-bottom: 8px;'>Entre otras<\/li>\n<\/ul>\n<p style='margin: 15px 0; color: inherit; font-size: 15px;'> Estas alertas la recibir\u00e1 por medio de mensaje SMS&comma; notificaci\u00f3n en la aplicaci\u00f3n m\u00f3vil utilizando la plataforma de rastreo&comma; o bien por llamada&comma; seg\u00fan la programaci\u00f3n del dispositivo deseada. <\/p>\n<\/p><\/div>\n<p> <!-- Especificaciones t\u00e9cnicas --> <\/p>\n<div style='margin-bottom: 30px;'>\n<h3 style='font-size: 18px; border-bottom: 2px solid currentColor; padding-bottom: 5px; margin-top: 0; color: inherit; opacity: 0.8;'>Especificaciones t\u00e9cnicas<\/h3>\n<ul style='padding-left: 20px; font-size: 15px; color: inherit; list-style-type: disc;'>\n<li style='margin-bottom: 8px;'>1 Entrada Digital para sensar ignici\u00f3n<\/li>\n<li style='margin-bottom: 8px;'>1 Entrada Digital para Sensar Puerta<\/li>\n<li style='margin-bottom: 8px;'>1 Entrada An\u00e1loga<\/li>\n<li style='margin-bottom: 8px;'>1 Salida para Corte de Motor<\/li>\n<li style='margin-bottom: 8px;'>1 Salida para funci\u00f3n FIND<\/li>\n<li style='margin-bottom: 8px;'>Voltaje 9 a 36 Vcc<\/li>\n<li style='margin-bottom: 8px;'>300mA<\/li>\n<li style='margin-bottom: 8px;'>Dimensiones 98.5 x 52 x 15 mm<\/li>\n<li style='margin-bottom: 8px;'>Frecuencias 850\/ 900\/ 1800\/ 1900MHz<\/li>\n<li style='margin-bottom: 8px;'>Peso 80g<\/li>\n<li style='margin-bottom: 8px;'>Bater\u00eda de respaldo Interna de 450mAh<\/li>\n<\/ul><\/div>\n<p> <!-- Conexi\u00f3n a plataformas --> <\/p>\n<div style='margin-bottom: 30px;'>\n<h3 style='font-size: 18px; border-bottom: 2px solid currentColor; padding-bottom: 5px; margin-top: 0; color: inherit; opacity: 0.8;'>Conexi\u00f3n a plataformas<\/h3>\n<div style='display: flex; flex-wrap: wrap; gap: 30px;'>\n<div style='flex: 1 1 300px; min-width: 280px;'>\n<h4 style='font-size: 16px; margin-top: 0; color: inherit; opacity: 0.8;'>TRACKSOLIDPRO<\/h4>\n<ul style='padding-left: 20px; font-size: 15px; color: inherit; list-style-type: disc;'>\n<li style='margin-bottom: 8px;'>IP: 47.89.58.215<\/li>\n<li style='margin-bottom: 8px;'>Puerto para GT06E: 21100<\/li>\n<\/ul><\/div>\n<div style='flex: 1 1 300px; min-width: 280px;'>\n<h4 style='font-size: 16px; margin-top: 0; color: inherit; opacity: 0.8;'>EPCOMGPS<\/h4>\n<ul style='padding-left: 20px; font-size: 15px; color: inherit; list-style-type: disc;'>\n<li style='margin-bottom: 8px;'>IP: 193.193.165.165<\/li>\n<li style='margin-bottom: 8px;'>Puerto para GT06E: 21143<\/li>\n<\/ul><\/div>\n<\/p><\/div>\n<\/p><\/div>\n<p> <!-- Aviso de propiedad intelectual --> <\/p>\n<div style='margin-bottom: 30px;'>\n<h3 style='font-size: 18px; border-bottom: 2px solid currentColor; padding-bottom: 5px; margin-top: 0; color: inherit; opacity: 0.8;'>Derecho de Propiedad Intelectual<\/h3>\n<p style='margin: 0 0 15px; color: inherit; font-size: 15px;'> Esta plataforma de rastreo Tracksolid (Web y aplicaci\u00f3n m\u00f3vil) que se provee por parte de SYSCOM&comma; est\u00e1 limitado a Leyes de Derechos de Marca y Autor por el grupo JIMI\/CONCOX&comma; por lo cual SYSCOM no se hace responsable de los cambios en los servicios que la parte propietaria realice o en su defecto dejara de realizar&comma; los mantenimientos y correcciones corren por parte de proveedor. <\/p>\n<\/p><\/div>\n<p> <!-- Notas finales --> <\/p>\n<div style='margin-bottom: 30px;'>\n<p style='margin: 0 0 15px; color: inherit; font-size: 15px; font-weight: bold;'> Nota: La licencia de este KIT no es cancelable o transferible <\/p>\n<p style='margin: 0 0 15px; color: inherit; font-size: 15px; font-weight: bold;'> Para activaci\u00f3n de licencia env\u00eda correo a licencias@syscom.mx <\/p>\n<\/p><\/div>\n<p> <!-- Separador final --> <\/p>\n<hr style='border: 0; border-top: 1px solid rgba(150&comma; 150&comma; 150&comma; 0.3); margin: 30px 0;'> <\/div>\n","protected":false},"excerpt":{"rendered":"<p>Kit de localizador vehicular que incluye un GPS modelo GT06E +  licencia vitalicia de plataforma TRACKSOLIDPRO<\/p>\n","protected":false},"featured_media":52326,"comment_status":"open","ping_status":"closed","template":"","meta":[],"product_brand":[],"product_cat":[1346,1388],"product_tag":[1350,1349,1420,1389],"class_list":{"0":"post-52327","1":"product","2":"type-product","3":"status-publish","4":"has-post-thumbnail","6":"product_cat-iot","7":"product_cat-trackers-gps","8":"product_tag-gps-y-telematica","9":"product_tag-iot","10":"product_tag-jimiiot","11":"product_tag-trackers-gps","13":"first","14":"outofstock","15":"sale","16":"shipping-taxable","17":"purchasable","18":"product-type-simple"},"_links":{"self":[{"href":"https:\/\/soydeaqui.ddns.net\/pachuca\/index.php\/wp-json\/wp\/v2\/product\/52327","targetHints":{"allow":["GET"]}}],"collection":[{"href":"https:\/\/soydeaqui.ddns.net\/pachuca\/index.php\/wp-json\/wp\/v2\/product"}],"about":[{"href":"https:\/\/soydeaqui.ddns.net\/pachuca\/index.php\/wp-json\/wp\/v2\/types\/product"}],"replies":[{"embeddable":true,"href":"https:\/\/soydeaqui.ddns.net\/pachuca\/index.php\/wp-json\/wp\/v2\/comments?post=52327"}],"wp:featuredmedia":[{"embeddable":true,"href":"https:\/\/soydeaqui.ddns.net\/pachuca\/index.php\/wp-json\/wp\/v2\/media\/52326"}],"wp:attachment":[{"href":"https:\/\/soydeaqui.ddns.net\/pachuca\/index.php\/wp-json\/wp\/v2\/media?parent=52327"}],"wp:term":[{"taxonomy":"product_brand","embeddable":true,"href":"https:\/\/soydeaqui.ddns.net\/pachuca\/index.php\/wp-json\/wp\/v2\/product_brand?post=52327"},{"taxonomy":"product_cat","embeddable":true,"href":"https:\/\/soydeaqui.ddns.net\/pachuca\/index.php\/wp-json\/wp\/v2\/product_cat?post=52327"},{"taxonomy":"product_tag","embeddable":true,"href":"https:\/\/soydeaqui.ddns.net\/pachuca\/index.php\/wp-json\/wp\/v2\/product_tag?post=52327"}],"curies":[{"name":"wp","href":"https:\/\/api.w.org\/{rel}","templated":true}]}}