{"id":52295,"date":"2026-03-18T23:32:24","date_gmt":"2026-03-18T23:32:24","guid":{"rendered":"https:\/\/soydeaqui.ddns.net\/pachuca\/index.php\/producto\/modulo-de-luz-led-litestak-120vca-claro\/"},"modified":"2026-03-18T23:32:25","modified_gmt":"2026-03-18T23:32:25","slug":"modulo-de-luz-led-litestak-120vca-claro","status":"publish","type":"product","link":"https:\/\/soydeaqui.ddns.net\/pachuca\/index.php\/producto\/modulo-de-luz-led-litestak-120vca-claro\/","title":{"rendered":"M\u00f3dulo de luz LED litestak, 120Vca, claro"},"content":{"rendered":"<div style='width: 100%; max-width: 1200px; margin: 0 auto; font-family: sans-serif; line-height: 1.6; color: inherit; background-color: transparent;'>\n<div style='display: flex; flex-direction: column; gap: 30px;'> <!-- Secci\u00f3n de caracter\u00edsticas --> <\/p>\n<div style='display: flex; flex-direction: column; gap: 15px;'>\n<h3 style='font-size: 22px; border-bottom: 2px solid currentColor; padding-bottom: 5px; margin-top: 0; color: inherit; opacity: 0.8;'>Caracter\u00edsticas<\/h3>\n<div style='font-size: 15px; color: inherit;'>\n<p style='margin: 0 0 15px;'>El sistema de indicaci\u00f3n luminosa Litestak\u00ae Modelo LSLD de Federal Signal permite al usuario combinar hasta cinco unidades de l\u00e1mpara intercambiables con una unidad de alimentaci\u00f3n base. Los m\u00f3dulos se venden por separado para una verdadera personalizaci\u00f3n del indicador.<\/p>\n<p style='margin: 0 0 15px;'>La salida de luz LED se coordina con el sistema de lentes de policarbonato resistente al impacto del m\u00f3dulo. Los LED consumen menos energ\u00eda&comma; operan a menor temperatura y son notablemente resistentes a la vibraci\u00f3n&comma; lo que los hace ideales para aplicaciones de alta resistencia y alta vibraci\u00f3n.<\/p>\n<p style='margin: 0 0 15px;'>Un M\u00f3dulo de Sonido opcional (Modelo LSH en las p\u00e1ginas 46 y 47) puede a\u00f1adirse en la parte superior de la columna Litestak para crear una se\u00f1al de indicaci\u00f3n auditiva\/visual de doble prop\u00f3sito. En aplicaciones donde un solo tono fuerte es suficiente&comma; la sirena piezoel\u00e9ctrica LSH es una adici\u00f3n auditiva perfecta.<\/p>\n<p style='margin: 0 0 15px;'>Litestak es un sistema vers\u00e1til que permite al usuario seleccionar entre iluminaci\u00f3n continua o intermitente. Un parpadeador est\u00e1 incluido en la unidad LSB de 120VAC&comma; pero puede comprarse por separado para modelos de 24VDC. La unidad base Litestak puede montarse superficialmente o con tuber\u00eda NPT de 3\/4 de pulgada. Todos los modelos Litestak deben montarse con la base hacia abajo.<\/p>\n<\/p><\/div>\n<\/p><\/div>\n<p> <!-- Secci\u00f3n de especificaciones --> <\/p>\n<div>\n<h3 style='font-size: 22px; border-bottom: 2px solid currentColor; padding-bottom: 5px; margin-top: 0; color: inherit; opacity: 0.8;'>Especificaciones<\/h3>\n<div style='display: grid; grid-template-columns: repeat(auto-fill&comma; minmax(250px&comma; 1fr)); gap: 20px; margin-top: 20px;'>\n<div style='border: 1px solid rgba(150&comma; 150&comma; 150&comma; 0.4); border-radius: 8px; overflow: hidden; display: flex; flex-direction: column;'>\n<div style='padding: 15px; border-bottom: 1px solid rgba(150&comma; 150&comma; 150&comma; 0.2); font-weight: bold; font-size: 18px; color: inherit;'>Alimentaci\u00f3n<\/div>\n<div style='padding: 15px; color: inherit;'>\n<ul style='padding-left: 20px; margin: 0; font-size: 14px; list-style-type: disc;'>\n<li style='margin-bottom: 5px;'><strong>Voltaje:<\/strong> 24VCC<\/li>\n<li style='margin-bottom: 5px;'><strong>Voltaje:<\/strong> 120VCA 50\/60 Hz<\/li>\n<\/ul><\/div>\n<\/p><\/div>\n<div style='border: 1px solid rgba(150&comma; 150&comma; 150&comma; 0.4); border-radius: 8px; overflow: hidden; display: flex; flex-direction: column;'>\n<div style='padding: 15px; border-bottom: 1px solid rgba(150&comma; 150&comma; 150&comma; 0.2); font-weight: bold; font-size: 18px; color: inherit;'>Consumo<\/div>\n<div style='padding: 15px; color: inherit;'>\n<ul style='padding-left: 20px; margin: 0; font-size: 14px; list-style-type: disc;'>\n<li style='margin-bottom: 5px;'><strong>Corriente de operaci\u00f3n:<\/strong> 80 mA a 24VCC<\/li>\n<li style='margin-bottom: 5px;'><strong>Corriente de operaci\u00f3n:<\/strong> 45 mA a 120VCA 50\/60Hz<\/li>\n<\/ul><\/div>\n<\/p><\/div>\n<div style='border: 1px solid rgba(150&comma; 150&comma; 150&comma; 0.4); border-radius: 8px; overflow: hidden; display: flex; flex-direction: column;'>\n<div style='padding: 15px; border-bottom: 1px solid rgba(150&comma; 150&comma; 150&comma; 0.2); font-weight: bold; font-size: 18px; color: inherit;'>Luz<\/div>\n<div style='padding: 15px; color: inherit;'>\n<ul style='padding-left: 20px; margin: 0; font-size: 14px; list-style-type: disc;'>\n<li style='margin-bottom: 5px;'><strong>Fuente de luz:<\/strong> Array LED<\/li>\n<li style='margin-bottom: 5px;'><strong>Vida \u00fatil:<\/strong> 50&comma;000 Horas<\/li>\n<\/ul><\/div>\n<\/p><\/div>\n<div style='border: 1px solid rgba(150&comma; 150&comma; 150&comma; 0.4); border-radius: 8px; overflow: hidden; display: flex; flex-direction: column;'>\n<div style='padding: 15px; border-bottom: 1px solid rgba(150&comma; 150&comma; 150&comma; 0.2); font-weight: bold; font-size: 18px; color: inherit;'>Temperatura<\/div>\n<div style='padding: 15px; color: inherit;'>\n<ul style='padding-left: 20px; margin: 0; font-size: 14px; list-style-type: disc;'>\n<li style='margin-bottom: 5px;'><strong>M\u00ednima:<\/strong> 0 \u00b0F<\/li>\n<li style='margin-bottom: 5px;'><strong>M\u00e1xima:<\/strong> 120 \u00b0F<\/li>\n<\/ul><\/div>\n<\/p><\/div>\n<div style='border: 1px solid rgba(150&comma; 150&comma; 150&comma; 0.4); border-radius: 8px; overflow: hidden; display: flex; flex-direction: column;'>\n<div style='padding: 15px; border-bottom: 1px solid rgba(150&comma; 150&comma; 150&comma; 0.2); font-weight: bold; font-size: 18px; color: inherit;'>Caracter\u00edsticas f\u00edsicas<\/div>\n<div style='padding: 15px; color: inherit;'>\n<ul style='padding-left: 20px; margin: 0; font-size: 14px; list-style-type: disc;'>\n<li style='margin-bottom: 5px;'><strong>Grado de protecci\u00f3n:<\/strong> Tipo 1<\/li>\n<li style='margin-bottom: 5px;'><strong>Colores de c\u00fapula:<\/strong> \u00c1mbar&comma; Azul&comma; Claro&comma; Verde&comma; Rojo<\/li>\n<li style='margin-bottom: 5px;'><strong>Peso neto (LSLD):<\/strong> 0.45 lbs<\/li>\n<li style='margin-bottom: 5px;'><strong>Peso de env\u00edo (LSLD):<\/strong> 0.75 lbs<\/li>\n<li style='margin-bottom: 5px;'><strong>Altura (LSLD\/LSB):<\/strong> 3.25&#8242;<\/li>\n<li style='margin-bottom: 5px;'><strong>Di\u00e1metro (LSLD\/LSB):<\/strong> 3.93&#8242;<\/li>\n<\/ul><\/div>\n<\/p><\/div>\n<\/p><\/div>\n<\/p><\/div>\n<\/p><\/div>\n<\/p><\/div>\n","protected":false},"excerpt":{"rendered":"<p>M\u00f3dulo de luz LED litestak, 120Vca, claro<\/p>\n","protected":false},"featured_media":52294,"comment_status":"open","ping_status":"closed","template":"","meta":[],"product_brand":[],"product_cat":[1372],"product_tag":[552,1371,1373],"class_list":{"0":"post-52295","1":"product","2":"type-product","3":"status-publish","4":"has-post-thumbnail","6":"product_cat-rojo","7":"product_tag-federal-signal-industrial","8":"product_tag-luces-auxiliares-vehiculares","9":"product_tag-rojo","11":"first","12":"outofstock","13":"sale","14":"shipping-taxable","15":"purchasable","16":"product-type-simple"},"_links":{"self":[{"href":"https:\/\/soydeaqui.ddns.net\/pachuca\/index.php\/wp-json\/wp\/v2\/product\/52295","targetHints":{"allow":["GET"]}}],"collection":[{"href":"https:\/\/soydeaqui.ddns.net\/pachuca\/index.php\/wp-json\/wp\/v2\/product"}],"about":[{"href":"https:\/\/soydeaqui.ddns.net\/pachuca\/index.php\/wp-json\/wp\/v2\/types\/product"}],"replies":[{"embeddable":true,"href":"https:\/\/soydeaqui.ddns.net\/pachuca\/index.php\/wp-json\/wp\/v2\/comments?post=52295"}],"wp:featuredmedia":[{"embeddable":true,"href":"https:\/\/soydeaqui.ddns.net\/pachuca\/index.php\/wp-json\/wp\/v2\/media\/52294"}],"wp:attachment":[{"href":"https:\/\/soydeaqui.ddns.net\/pachuca\/index.php\/wp-json\/wp\/v2\/media?parent=52295"}],"wp:term":[{"taxonomy":"product_brand","embeddable":true,"href":"https:\/\/soydeaqui.ddns.net\/pachuca\/index.php\/wp-json\/wp\/v2\/product_brand?post=52295"},{"taxonomy":"product_cat","embeddable":true,"href":"https:\/\/soydeaqui.ddns.net\/pachuca\/index.php\/wp-json\/wp\/v2\/product_cat?post=52295"},{"taxonomy":"product_tag","embeddable":true,"href":"https:\/\/soydeaqui.ddns.net\/pachuca\/index.php\/wp-json\/wp\/v2\/product_tag?post=52295"}],"curies":[{"name":"wp","href":"https:\/\/api.w.org\/{rel}","templated":true}]}}