{"id":52282,"date":"2026-03-18T23:32:05","date_gmt":"2026-03-18T23:32:05","guid":{"rendered":"https:\/\/soydeaqui.ddns.net\/pachuca\/index.php\/producto\/altavoz-amplificado-300x-selectone-de-15-w-a-prueba-de-explosiones-24vca-cd-color-gris\/"},"modified":"2026-03-18T23:32:06","modified_gmt":"2026-03-18T23:32:06","slug":"altavoz-amplificado-300x-selectone-de-15-w-a-prueba-de-explosiones-24vca-cd-color-gris","status":"publish","type":"product","link":"https:\/\/soydeaqui.ddns.net\/pachuca\/index.php\/producto\/altavoz-amplificado-300x-selectone-de-15-w-a-prueba-de-explosiones-24vca-cd-color-gris\/","title":{"rendered":"Altavoz amplificado 300X SelecTone\u00ae de 15 W a prueba de explosiones, 24VCA\/CD, Color Gris"},"content":{"rendered":"<div style='width: 100%; max-width: 1200px; margin: 0 auto; font-family: sans-serif; line-height: 1.6; color: inherit; background-color: transparent;'> <!-- Secci\u00f3n de caracter\u00edsticas --> <\/p>\n<div style='display: flex; flex-wrap: wrap; gap: 30px; margin-bottom: 30px;'>\n<div style='flex: 1 1 300px; min-width: 280px;'>\n<h3 style='font-size: 22px; border-bottom: 2px solid currentColor; padding-bottom: 5px; margin-top: 0; color: inherit; opacity: 0.8;'>CARACTERISTICAS<\/h3>\n<div style='font-size: 15px; color: inherit;'>\n<p>El altavoz amplificado modelo 300X SelecTone\u00ae est\u00e1 dise\u00f1ado para cumplir con los requisitos de inteligibilidad de UL 1480 y produce tonos n\u00edtidos y claros&comma; mensajes de voz digitales y megafon\u00eda en vivo en entornos hostiles con altos niveles de ruido ambiental.<\/p>\n<p>Todas las superficies est\u00e1n selladas con pintura en polvo y ensambladas con herrajes de acero inoxidable. Las juntas a prueba de polvo y humedad brindan protecci\u00f3n contra los elementos. Esta carcasa incorpora un dise\u00f1o de cubierta trasera que no necesita herramientas&comma; lo que elimina la necesidad de hardware espec\u00edfico de torsi\u00f3n y resuelve el problema de los sujetadores faltantes o perdidos.<\/p>\n<p>Los altavoces amplificados SelecTone se utilizan individualmente o como parte de un sistema de notificaci\u00f3n de emergencia en toda la planta. El m\u00f3dulo de tono universal modelo UTM con 32 tonos&comma; o el m\u00f3dulo de tono personalizado modelo TM33-SD se conecta a un solo altavoz amplificado SelecTone para uso independiente o a una unidad de comando SelecTone para se\u00f1alizaci\u00f3n en toda la planta.<\/p>\n<p>Para la se\u00f1alizaci\u00f3n en toda la planta&comma; se requiere un juego de conectores para cada altavoz amplificado SelecTone y conectado a un controlador central. Las unidades de comando SelecTone y los centros de mensajes digitales CommCenter\u00ae transmiten tonos&comma; mensajes de voz&comma; melod\u00edas y megafon\u00eda en vivo a un n\u00famero ilimitado de altavoces amplificados SelecTone. Las aplicaciones para SelecTone incluyen advertencia de emergencia&comma; evacuaci\u00f3n de planta&comma; inicio y cierre&comma; megafon\u00eda y control de procesos.<\/p>\n<\/p><\/div>\n<\/p><\/div>\n<\/p><\/div>\n<p> <!-- Separador --> <\/p>\n<hr style='border: 0; border-top: 1px solid rgba(150&comma; 150&comma; 150&comma; 0.3); margin: 30px 0;'> <!-- Secci\u00f3n de especificaciones --> <\/p>\n<div style='display: flex; flex-wrap: wrap; gap: 20px; margin-bottom: 30px;'>\n<div style='flex: 1 1 250px; border: 1px solid rgba(150&comma; 150&comma; 150&comma; 0.4); border-radius: 8px; overflow: hidden; display: flex; flex-direction: column;'>\n<div style='padding: 15px; border-bottom: 1px solid rgba(150&comma; 150&comma; 150&comma; 0.2); font-weight: bold; font-size: 18px; color: inherit; background-color: rgba(242&comma; 242&comma; 242&comma; 0.5); text-align: center;'>ESPECIFICACIONES<\/div>\n<div style='padding: 15px; color: inherit;'>\n<ul style='padding-left: 20px; margin: 0; font-size: 14px; list-style-type: disc;'>\n<li style='margin-bottom: 5px;'><strong>Voltaje:<\/strong> 24Vcd<\/li>\n<li style='margin-bottom: 5px;'><strong>Montaje:<\/strong> Soporte giratorio<\/li>\n<li style='margin-bottom: 5px;'><strong>Corriente de funcionamiento:<\/strong> 0&comma;76 amperios a 24 VCC<\/li>\n<li style='margin-bottom: 5px;'><strong>Temperatura de funcionamiento m\u00ednima:<\/strong> -55 \u00b0C<\/li>\n<li style='margin-bottom: 5px;'><strong>Temperatura de funcionamiento m\u00e1xima:<\/strong> 66 \u00b0C<\/li>\n<li style='margin-bottom: 5px;'><strong>Salida de decibelios:<\/strong> 110 dB a 3 metros \/ 120 dB a 1 metro<\/li>\n<li style='margin-bottom: 5px;'><strong>Corriente de espera:<\/strong> 127 mA a 24 VCC<\/li>\n<li style='margin-bottom: 5px;'><strong>Dimensiones:<\/strong> 414.00 mm (Profundidad) x 432.00 mm (Altura) x 333.00 mm (Ancho)<\/li>\n<li style='margin-bottom: 5px;'><strong>Peso neto:<\/strong> 7.40 kg<\/li>\n<\/ul><\/div>\n<\/p><\/div>\n<\/p><\/div>\n<\/p><\/div>\n","protected":false},"excerpt":{"rendered":"<p>Altavoz amplificado 300X SelecTone\u00ae de 15 W a prueba de explosiones, 24VCA\/CD, Color Gris<\/p>\n","protected":false},"featured_media":52281,"comment_status":"open","ping_status":"closed","template":"","meta":[],"product_brand":[],"product_cat":[1413],"product_tag":[1415,552,1414],"class_list":{"0":"post-52282","1":"product","2":"type-product","3":"status-publish","4":"has-post-thumbnail","6":"product_cat-bocinas-de-alerta-y-notificacion-masiva","7":"product_tag-bocinas-de-alerta-y-notificacion-masiva","8":"product_tag-federal-signal-industrial","9":"product_tag-luces-bocinas-para-la-industria-y-edificios","11":"first","12":"outofstock","13":"sale","14":"shipping-taxable","15":"purchasable","16":"product-type-simple"},"_links":{"self":[{"href":"https:\/\/soydeaqui.ddns.net\/pachuca\/index.php\/wp-json\/wp\/v2\/product\/52282","targetHints":{"allow":["GET"]}}],"collection":[{"href":"https:\/\/soydeaqui.ddns.net\/pachuca\/index.php\/wp-json\/wp\/v2\/product"}],"about":[{"href":"https:\/\/soydeaqui.ddns.net\/pachuca\/index.php\/wp-json\/wp\/v2\/types\/product"}],"replies":[{"embeddable":true,"href":"https:\/\/soydeaqui.ddns.net\/pachuca\/index.php\/wp-json\/wp\/v2\/comments?post=52282"}],"wp:featuredmedia":[{"embeddable":true,"href":"https:\/\/soydeaqui.ddns.net\/pachuca\/index.php\/wp-json\/wp\/v2\/media\/52281"}],"wp:attachment":[{"href":"https:\/\/soydeaqui.ddns.net\/pachuca\/index.php\/wp-json\/wp\/v2\/media?parent=52282"}],"wp:term":[{"taxonomy":"product_brand","embeddable":true,"href":"https:\/\/soydeaqui.ddns.net\/pachuca\/index.php\/wp-json\/wp\/v2\/product_brand?post=52282"},{"taxonomy":"product_cat","embeddable":true,"href":"https:\/\/soydeaqui.ddns.net\/pachuca\/index.php\/wp-json\/wp\/v2\/product_cat?post=52282"},{"taxonomy":"product_tag","embeddable":true,"href":"https:\/\/soydeaqui.ddns.net\/pachuca\/index.php\/wp-json\/wp\/v2\/product_tag?post=52282"}],"curies":[{"name":"wp","href":"https:\/\/api.w.org\/{rel}","templated":true}]}}