{"id":52272,"date":"2026-03-18T23:31:46","date_gmt":"2026-03-18T23:31:46","guid":{"rendered":"https:\/\/soydeaqui.ddns.net\/pachuca\/index.php\/producto\/modulo-de-tono-universal-selectone-ul-y-cul\/"},"modified":"2026-03-18T23:31:48","modified_gmt":"2026-03-18T23:31:48","slug":"modulo-de-tono-universal-selectone-ul-y-cul","status":"publish","type":"product","link":"https:\/\/soydeaqui.ddns.net\/pachuca\/index.php\/producto\/modulo-de-tono-universal-selectone-ul-y-cul\/","title":{"rendered":"Modulo de tono universal selectone, UL y cUL"},"content":{"rendered":"<div style='width: 100%; max-width: 1200px; margin: 0 auto; font-family: sans-serif; line-height: 1.6; color: inherit; background-color: transparent;'>\n<div style='display: flex; flex-wrap: wrap; gap: 30px; margin-bottom: 30px;'>\n<div style='flex: 1 1 300px; min-width: 280px;'>\n<h3 style='font-size: 22px; border-bottom: 2px solid currentColor; padding-bottom: 5px; margin-top: 0; color: inherit; opacity: 0.8;'>Caracter\u00edsticas<\/h3>\n<ul style='padding-left: 20px; font-size: 15px; color: inherit;'>\n<li style='margin-bottom: 5px;'>32 tonos conmutables<\/li>\n<li style='margin-bottom: 5px;'>Compatible con todos los equipos SelecTone\u00ae<\/li>\n<li style='margin-bottom: 5px;'>Instalaci\u00f3n enchufable<\/li>\n<li style='margin-bottom: 5px;'>Blindaje contra RFI y EMI<\/li>\n<li style='margin-bottom: 5px;'>Aprobado por CSFM<\/li>\n<li style='margin-bottom: 5px;'>Listado UL y cUL<\/li>\n<\/ul><\/div>\n<\/p><\/div>\n<div style='display: flex; flex-wrap: wrap; gap: 30px; margin-bottom: 30px;'>\n<div style='flex: 1 1 300px; min-width: 280px;'>\n<h3 style='font-size: 22px; border-bottom: 2px solid currentColor; padding-bottom: 5px; margin-top: 0; color: inherit; opacity: 0.8;'>Descripci\u00f3n<\/h3>\n<p style='font-size: 15px; color: inherit; margin-top: 0;'>El modelo UTM es un generador de tonos basado en microcontrolador capaz de producir 32 tonos diferentes. Es el componente clave de un sistema SelecTone\u00ae o de un dispositivo SelecTone. La selecci\u00f3n de tonos se realiza mediante cinco interruptores DIP.<\/p>\n<p style='font-size: 15px; color: inherit; margin-top: 0;'>Alojado en una cubierta de pl\u00e1stico impregnada con fibras de acero inoxidable&comma; el circuito est\u00e1 blindado contra RFI (interferencias de radiofrecuencia) y EMI (interferencias electromagn\u00e9ticas). El conector de borde permite una instalaci\u00f3n r\u00e1pida y sencilla. Adem\u00e1s de ser compatible con toda la l\u00ednea de altavoces amplificados SelecTone\u00ae&comma; el modelo UTM es compatible con el m\u00f3dulo de extensi\u00f3n EM3&comma; la unidad de comando 300VSC-1&comma; la unidad de comando 300VSC-1044SB y la unidad de comando 300SCW-1. El modelo UTM proporciona se\u00f1ales digitales n\u00edtidas y claras que se distinguen f\u00e1cilmente del ruido ambiental en entornos comerciales&comma; institucionales e industriales.<\/p>\n<\/p><\/div>\n<\/p><\/div>\n<\/p><\/div>\n","protected":false},"excerpt":{"rendered":"<p>Modulo de tono universal selectone, UL y cUL<\/p>\n","protected":false},"featured_media":52271,"comment_status":"open","ping_status":"closed","template":"","meta":[],"product_brand":[],"product_cat":[1413],"product_tag":[1415,552,1414],"class_list":{"0":"post-52272","1":"product","2":"type-product","3":"status-publish","4":"has-post-thumbnail","6":"product_cat-bocinas-de-alerta-y-notificacion-masiva","7":"product_tag-bocinas-de-alerta-y-notificacion-masiva","8":"product_tag-federal-signal-industrial","9":"product_tag-luces-bocinas-para-la-industria-y-edificios","11":"first","12":"outofstock","13":"sale","14":"shipping-taxable","15":"purchasable","16":"product-type-simple"},"_links":{"self":[{"href":"https:\/\/soydeaqui.ddns.net\/pachuca\/index.php\/wp-json\/wp\/v2\/product\/52272","targetHints":{"allow":["GET"]}}],"collection":[{"href":"https:\/\/soydeaqui.ddns.net\/pachuca\/index.php\/wp-json\/wp\/v2\/product"}],"about":[{"href":"https:\/\/soydeaqui.ddns.net\/pachuca\/index.php\/wp-json\/wp\/v2\/types\/product"}],"replies":[{"embeddable":true,"href":"https:\/\/soydeaqui.ddns.net\/pachuca\/index.php\/wp-json\/wp\/v2\/comments?post=52272"}],"wp:featuredmedia":[{"embeddable":true,"href":"https:\/\/soydeaqui.ddns.net\/pachuca\/index.php\/wp-json\/wp\/v2\/media\/52271"}],"wp:attachment":[{"href":"https:\/\/soydeaqui.ddns.net\/pachuca\/index.php\/wp-json\/wp\/v2\/media?parent=52272"}],"wp:term":[{"taxonomy":"product_brand","embeddable":true,"href":"https:\/\/soydeaqui.ddns.net\/pachuca\/index.php\/wp-json\/wp\/v2\/product_brand?post=52272"},{"taxonomy":"product_cat","embeddable":true,"href":"https:\/\/soydeaqui.ddns.net\/pachuca\/index.php\/wp-json\/wp\/v2\/product_cat?post=52272"},{"taxonomy":"product_tag","embeddable":true,"href":"https:\/\/soydeaqui.ddns.net\/pachuca\/index.php\/wp-json\/wp\/v2\/product_tag?post=52272"}],"curies":[{"name":"wp","href":"https:\/\/api.w.org\/{rel}","templated":true}]}}