{"id":52266,"date":"2026-03-18T23:31:36","date_gmt":"2026-03-18T23:31:36","guid":{"rendered":"https:\/\/soydeaqui.ddns.net\/pachuca\/index.php\/producto\/bocina-resonante-120-vca-gris\/"},"modified":"2026-03-18T23:31:37","modified_gmt":"2026-03-18T23:31:37","slug":"bocina-resonante-120-vca-gris","status":"publish","type":"product","link":"https:\/\/soydeaqui.ddns.net\/pachuca\/index.php\/producto\/bocina-resonante-120-vca-gris\/","title":{"rendered":"Bocina resonante, 120 Vca, gris"},"content":{"rendered":"<div style='width: 100%; max-width: 1200px; margin: 0 auto; font-family: sans-serif; line-height: 1.6; color: inherit; background-color: transparent;'> <!-- Secci\u00f3n de caracter\u00edsticas --> <\/p>\n<div style='margin-bottom: 30px;'>\n<h3 style='font-size: 22px; border-bottom: 2px solid currentColor; padding-bottom: 5px; margin-top: 0; color: inherit; opacity: 0.8;'>CARACTERISTICAS<\/h3>\n<p style='font-size: 15px; color: inherit; margin: 15px 0; text-align: justify;'> Bocinas resonantes que producen sonido mediante un diafragma&comma; en el que hace resonar una columna de aire. Con mayor potencia que una bocina vibratoria&comma; la bocina resonante se puede utilizar dondequiera que se necesite una alerta m\u00e1s fuerte y potente. <\/p>\n<p style='font-size: 15px; color: inherit; margin: 15px 0; text-align: justify;'> Estos proyectores est\u00e1n dise\u00f1ados para igualar la frecuencia del diafragma vibratorio para producir un tono suave. Las carcasas est\u00e1n roscadas para conductos de 1\/2&#8242;. <\/p>\n<p style='font-size: 15px; color: inherit; margin: 15px 0; text-align: justify;'> Tiene suficiente potencia para atravesar altos niveles de ruido ambiental y tienen un ciclo de trabajo de cinco minutos encendidos y cinco minutos apagados. <\/p>\n<ul style='padding-left: 20px; font-size: 15px; color: inherit; margin: 15px 0;'>\n<li style='margin-bottom: 5px;'>Carcasa de aluminio fundido resistente a la corrosi\u00f3n y proyector de lat\u00f3n hilado<\/li>\n<li style='margin-bottom: 5px;'>Uso interior\/exterior<\/li>\n<li style='margin-bottom: 5px;'>Resistente a la intemperie&comma; al agua y al polvo<\/li>\n<li style='margin-bottom: 5px;'>Soporte giratorio incluido<\/li>\n<li style='margin-bottom: 5px;'>Gabinete tipo 3R<\/li>\n<li style='margin-bottom: 5px;'>Listado por UL y certificado por CSA<\/li>\n<\/ul><\/div>\n<p> <!-- Separador --> <\/p>\n<hr style='border: 0; border-top: 1px solid rgba(150&comma; 150&comma; 150&comma; 0.3); margin: 30px 0;'> <!-- Secci\u00f3n de especificaciones --> <\/p>\n<div style='margin-bottom: 30px;'>\n<h3 style='font-size: 22px; border-bottom: 2px solid currentColor; padding-bottom: 5px; margin-top: 0; margin-bottom: 20px; color: inherit; opacity: 0.8;'>ESPECIFICACIONES<\/h3>\n<p> <!-- Contenedor de especificaciones --> <\/p>\n<div style='display: flex; flex-wrap: wrap; gap: 20px;'> <!-- Card 1 --> <\/p>\n<div style='flex: 1 1 250px; border: 1px solid rgba(150&comma; 150&comma; 150&comma; 0.4); border-radius: 8px; overflow: hidden; display: flex; flex-direction: column;'>\n<div style='padding: 15px; border-bottom: 1px solid rgba(150&comma; 150&comma; 150&comma; 0.2); font-weight: bold; font-size: 18px; color: inherit;'>Especificaciones Generales<\/div>\n<div style='padding: 15px; color: inherit;'>\n<ul style='padding-left: 20px; margin: 0; font-size: 14px; list-style-type: disc;'>\n<li style='margin-bottom: 5px;'><strong>Temperatura de funcionamiento:<\/strong> -37\u00b0C a 66\u00b0C<\/li>\n<li style='margin-bottom: 5px;'><strong>Ciclo de trabajo:<\/strong> 5-minutos on\/off<\/li>\n<li style='margin-bottom: 5px;'><strong>Uso:<\/strong> Interior\/Exterior<\/li>\n<li style='margin-bottom: 5px;'><strong>Protecci\u00f3n:<\/strong> Resistente a la intemperie&comma; al agua y al polvo<\/li>\n<\/ul><\/div>\n<\/p><\/div>\n<p> <!-- Card 2 --> <\/p>\n<div style='flex: 1 1 250px; border: 1px solid rgba(150&comma; 150&comma; 150&comma; 0.4); border-radius: 8px; overflow: hidden; display: flex; flex-direction: column;'>\n<div style='padding: 15px; border-bottom: 1px solid rgba(150&comma; 150&comma; 150&comma; 0.2); font-weight: bold; font-size: 18px; color: inherit;'>Dimensiones y Peso<\/div>\n<div style='padding: 15px; color: inherit;'>\n<ul style='padding-left: 20px; margin: 0; font-size: 14px; list-style-type: disc;'>\n<li style='margin-bottom: 5px;'><strong>Alto:<\/strong> 203.2 mm<\/li>\n<li style='margin-bottom: 5px;'><strong>Ancho:<\/strong> 203.2 mm<\/li>\n<li style='margin-bottom: 5px;'><strong>Profundidad:<\/strong> 501.7 mm<\/li>\n<li style='margin-bottom: 5px;'><strong>Peso Neto:<\/strong> 2.3 Kg<\/li>\n<li style='margin-bottom: 5px;'><strong>Peso de env\u00edo:<\/strong> 2.8 Kg<\/li>\n<\/ul><\/div>\n<\/p><\/div>\n<p> <!-- Card 3 --> <\/p>\n<div style='flex: 1 1 250px; border: 1px solid rgba(150&comma; 150&comma; 150&comma; 0.4); border-radius: 8px; overflow: hidden; display: flex; flex-direction: column;'>\n<div style='padding: 15px; border-bottom: 1px solid rgba(150&comma; 150&comma; 150&comma; 0.2); font-weight: bold; font-size: 18px; color: inherit;'>Caracter\u00edsticas F\u00edsicas<\/div>\n<div style='padding: 15px; color: inherit;'>\n<ul style='padding-left: 20px; margin: 0; font-size: 14px; list-style-type: disc;'>\n<li style='margin-bottom: 5px;'>Carcasa de aluminio fundido resistente a la corrosi\u00f3n<\/li>\n<li style='margin-bottom: 5px;'>Proyector de lat\u00f3n hilado<\/li>\n<li style='margin-bottom: 5px;'>Soporte giratorio incluido<\/li>\n<li style='margin-bottom: 5px;'>Gabinete tipo 3R<\/li>\n<\/ul><\/div>\n<\/p><\/div>\n<\/p><\/div>\n<\/p><\/div>\n<p> <!-- Imagen del producto --> <\/p>\n<div style='margin: 30px 0; text-align: center;'> <img style='width: 100%; max-width: 650px; height: auto; border: 1px solid rgba(150&comma;150&comma;150&comma;0.3); border-radius: 8px;' src='http:\/\/ftp3.syscom.mx\/usuarios\/srodriguez\/FEDERAL%20SIGNAL%20INDUSTRIAL\/551201.png' alt='Bocina resonante 551201'> <\/div>\n<\/p><\/div>\n","protected":false},"excerpt":{"rendered":"<p>Bocina resonante, 120 Vca, gris<\/p>\n","protected":false},"featured_media":52265,"comment_status":"open","ping_status":"closed","template":"","meta":[],"product_brand":[],"product_cat":[1413],"product_tag":[1415,552,1414],"class_list":{"0":"post-52266","1":"product","2":"type-product","3":"status-publish","4":"has-post-thumbnail","6":"product_cat-bocinas-de-alerta-y-notificacion-masiva","7":"product_tag-bocinas-de-alerta-y-notificacion-masiva","8":"product_tag-federal-signal-industrial","9":"product_tag-luces-bocinas-para-la-industria-y-edificios","11":"first","12":"outofstock","13":"sale","14":"shipping-taxable","15":"purchasable","16":"product-type-simple"},"_links":{"self":[{"href":"https:\/\/soydeaqui.ddns.net\/pachuca\/index.php\/wp-json\/wp\/v2\/product\/52266","targetHints":{"allow":["GET"]}}],"collection":[{"href":"https:\/\/soydeaqui.ddns.net\/pachuca\/index.php\/wp-json\/wp\/v2\/product"}],"about":[{"href":"https:\/\/soydeaqui.ddns.net\/pachuca\/index.php\/wp-json\/wp\/v2\/types\/product"}],"replies":[{"embeddable":true,"href":"https:\/\/soydeaqui.ddns.net\/pachuca\/index.php\/wp-json\/wp\/v2\/comments?post=52266"}],"wp:featuredmedia":[{"embeddable":true,"href":"https:\/\/soydeaqui.ddns.net\/pachuca\/index.php\/wp-json\/wp\/v2\/media\/52265"}],"wp:attachment":[{"href":"https:\/\/soydeaqui.ddns.net\/pachuca\/index.php\/wp-json\/wp\/v2\/media?parent=52266"}],"wp:term":[{"taxonomy":"product_brand","embeddable":true,"href":"https:\/\/soydeaqui.ddns.net\/pachuca\/index.php\/wp-json\/wp\/v2\/product_brand?post=52266"},{"taxonomy":"product_cat","embeddable":true,"href":"https:\/\/soydeaqui.ddns.net\/pachuca\/index.php\/wp-json\/wp\/v2\/product_cat?post=52266"},{"taxonomy":"product_tag","embeddable":true,"href":"https:\/\/soydeaqui.ddns.net\/pachuca\/index.php\/wp-json\/wp\/v2\/product_tag?post=52266"}],"curies":[{"name":"wp","href":"https:\/\/api.w.org\/{rel}","templated":true}]}}