{"id":52264,"date":"2026-03-18T23:31:33","date_gmt":"2026-03-18T23:31:33","guid":{"rendered":"https:\/\/soydeaqui.ddns.net\/pachuca\/index.php\/producto\/luz-de-advertencia-giratoria-electraray-120-vac-color-rojo\/"},"modified":"2026-03-18T23:31:34","modified_gmt":"2026-03-18T23:31:34","slug":"luz-de-advertencia-giratoria-electraray-120-vac-color-rojo","status":"publish","type":"product","link":"https:\/\/soydeaqui.ddns.net\/pachuca\/index.php\/producto\/luz-de-advertencia-giratoria-electraray-120-vac-color-rojo\/","title":{"rendered":"Luz de advertencia giratoria Electraray\u00ae 120 VAC color Rojo"},"content":{"rendered":"<div style='width: 100%; max-width: 1200px; margin: 0 auto; font-family: sans-serif; line-height: 1.6; color: inherit; background-color: transparent;'>\n<div style='display: flex; flex-wrap: wrap; gap: 30px; margin-bottom: 30px;'>\n<div style='flex: 1 1 300px; min-width: 280px;'>\n<h3 style='font-size: 22px; border-bottom: 2px solid currentColor; padding-bottom: 5px; margin-top: 0; color: inherit; opacity: 0.8;'>Caracter\u00edsticas<\/h3>\n<ul style='padding-left: 20px; font-size: 15px; color: inherit;'>\n<li style='margin-bottom: 5px;'>Electraray\u00ae Modelo 225 es una luz de advertencia giratoria compacta dise\u00f1ada para usos industriales.<\/li>\n<li style='margin-bottom: 5px;'>El modelo 225 tiene una junta de neopreno de celda cerrada que lo hace resistente al agua. El reflector moldeado por inyecci\u00f3n gira alrededor de una l\u00e1mpara LED y produce 90 destellos por minuto. Est\u00e1 disponible listo para montar en un tubo NPT de 1\/2 pulgada. Hay disponibles soportes de montaje opcionales&comma; lo que simplifica la instalaci\u00f3n en paredes y esquinas.<\/li>\n<li style='margin-bottom: 5px;'>La luz giratoria Electraray de Federal Signal es ideal para llamar la atenci\u00f3n sobre situaciones de emergencia o cambios de estado de procesos.<\/li>\n<\/ul>\n<div style='display: flex; justify-content: center; margin: 20px 0;'> <img style='width: 100px; height: auto; border: none; border-radius: 8px;' src='https:\/\/files.plytix.com\/api\/v1.1\/file\/public_files\/pim\/assets\/f0\/e4\/79\/60\/6079e4f0302a91ac42e7f633\/images\/26\/f1\/54\/65\/6554f126c5ebfe508f2e258c\/FSS_C-UL-US-100-dpi.-CertLogo.png' alt='Certificaci\u00f3n UL'> <\/div>\n<ul style='padding-left: 20px; font-size: 15px; color: inherit;'>\n<li style='margin-bottom: 5px;'>Disponible en 120 VCA<\/li>\n<li style='margin-bottom: 5px;'>L\u00e1mpara LED<\/li>\n<li style='margin-bottom: 5px;'>Montaje de tubo NPT integrado de 1\/2 pulgada<\/li>\n<li style='margin-bottom: 5px;'>Uso interior\/exterior<\/li>\n<li style='margin-bottom: 5px;'>Tipo 4X&comma; carcasa IP66<\/li>\n<li style='margin-bottom: 5px;'>Cumple con IP69K<\/li>\n<li style='margin-bottom: 5px;'>Listado por UL y cUL<\/li>\n<\/ul><\/div>\n<\/p><\/div>\n<hr style='border: 0; border-top: 1px solid rgba(150&comma; 150&comma; 150&comma; 0.3); margin: 30px 0;'>\n<div style='display: flex; flex-wrap: wrap; gap: 20px; margin-bottom: 30px;'>\n<div style='flex: 1 1 250px; border: 1px solid rgba(150&comma; 150&comma; 150&comma; 0.4); border-radius: 8px; overflow: hidden; display: flex; flex-direction: column;'>\n<div style='padding: 15px; border-bottom: 1px solid rgba(150&comma; 150&comma; 150&comma; 0.2); font-weight: bold; font-size: 18px; color: inherit;'>Especificaciones<\/div>\n<div style='padding: 15px; color: inherit;'>\n<ul style='padding-left: 20px; margin: 0; font-size: 14px; list-style-type: disc;'>\n<li style='margin-bottom: 5px;'><strong>Grado de protecci\u00f3n:<\/strong> Tipo 4X&comma; IP66&comma; IP69K<\/li>\n<li style='margin-bottom: 5px;'><strong>Calificaci\u00f3n ambiental:<\/strong> Ubicaciones industriales<\/li>\n<li style='margin-bottom: 5px;'><strong>Horas de vida \u00fatil de la l\u00e1mpara:<\/strong> 1000<\/li>\n<li style='margin-bottom: 5px;'><strong>Fuente de luz:<\/strong> LED<\/li>\n<\/ul><\/div>\n<\/p><\/div>\n<\/p><\/div>\n<\/p><\/div>\n","protected":false},"excerpt":{"rendered":"<p>Luz de advertencia giratoria Electraray\u00ae 120 VAC color Rojo<\/p>\n","protected":false},"featured_media":52263,"comment_status":"open","ping_status":"closed","template":"","meta":[],"product_brand":[],"product_cat":[1416],"product_tag":[552,1414,1417],"class_list":{"0":"post-52264","1":"product","2":"type-product","3":"status-publish","4":"has-post-thumbnail","6":"product_cat-luces-para-la-industria-y-edificios","7":"product_tag-federal-signal-industrial","8":"product_tag-luces-bocinas-para-la-industria-y-edificios","9":"product_tag-luces-para-la-industria-y-edificios","11":"first","12":"outofstock","13":"sale","14":"shipping-taxable","15":"purchasable","16":"product-type-simple"},"_links":{"self":[{"href":"https:\/\/soydeaqui.ddns.net\/pachuca\/index.php\/wp-json\/wp\/v2\/product\/52264","targetHints":{"allow":["GET"]}}],"collection":[{"href":"https:\/\/soydeaqui.ddns.net\/pachuca\/index.php\/wp-json\/wp\/v2\/product"}],"about":[{"href":"https:\/\/soydeaqui.ddns.net\/pachuca\/index.php\/wp-json\/wp\/v2\/types\/product"}],"replies":[{"embeddable":true,"href":"https:\/\/soydeaqui.ddns.net\/pachuca\/index.php\/wp-json\/wp\/v2\/comments?post=52264"}],"wp:featuredmedia":[{"embeddable":true,"href":"https:\/\/soydeaqui.ddns.net\/pachuca\/index.php\/wp-json\/wp\/v2\/media\/52263"}],"wp:attachment":[{"href":"https:\/\/soydeaqui.ddns.net\/pachuca\/index.php\/wp-json\/wp\/v2\/media?parent=52264"}],"wp:term":[{"taxonomy":"product_brand","embeddable":true,"href":"https:\/\/soydeaqui.ddns.net\/pachuca\/index.php\/wp-json\/wp\/v2\/product_brand?post=52264"},{"taxonomy":"product_cat","embeddable":true,"href":"https:\/\/soydeaqui.ddns.net\/pachuca\/index.php\/wp-json\/wp\/v2\/product_cat?post=52264"},{"taxonomy":"product_tag","embeddable":true,"href":"https:\/\/soydeaqui.ddns.net\/pachuca\/index.php\/wp-json\/wp\/v2\/product_tag?post=52264"}],"curies":[{"name":"wp","href":"https:\/\/api.w.org\/{rel}","templated":true}]}}