{"id":52261,"date":"2026-03-18T23:31:29","date_gmt":"2026-03-18T23:31:29","guid":{"rendered":"https:\/\/soydeaqui.ddns.net\/pachuca\/index.php\/producto\/lampara-indicadora-de-estado-led-unistat-single-high-tri-color-ubicaciones-peligrosas-ul-y-cul-cid2-120vca\/"},"modified":"2026-03-18T23:31:31","modified_gmt":"2026-03-18T23:31:31","slug":"lampara-indicadora-de-estado-led-unistat-single-high-tri-color-ubicaciones-peligrosas-ul-y-cul-cid2-120vca","status":"publish","type":"product","link":"https:\/\/soydeaqui.ddns.net\/pachuca\/index.php\/producto\/lampara-indicadora-de-estado-led-unistat-single-high-tri-color-ubicaciones-peligrosas-ul-y-cul-cid2-120vca\/","title":{"rendered":"Lampara indicadora de estado LED UniStat, Single-High, Tri Color, Ubicaci\u00f3nes peligrosas, UL y cUL CID2, 120Vca"},"content":{"rendered":"<div style='width: 100%; max-width: 1200px; margin: 0 auto; font-family: sans-serif; line-height: 1.6; color: inherit; background-color: transparent;'>\n<div style='display: flex; flex-wrap: wrap; gap: 30px; margin-bottom: 30px;'>\n<div style='flex: 1 1 300px; min-width: 280px;'>\n<h3 style='font-size: 22px; border-bottom: 2px solid currentColor; padding-bottom: 5px; margin-top: 0; color: inherit; opacity: 0.8;'>Indicador LED de estado para ubicaciones peligrosas UniStat\u00ae<\/h3>\n<p style='font-size: 15px; color: inherit;'>El UniStat\u00ae es un indicador de estado LED multicolor de una sola luz.<\/p>\n<p style='font-size: 15px; color: inherit;'>Con la \u00faltima tecnolog\u00eda LED&comma; este indicador de estado puede producir tres colores (\u00e1mbar&comma; verde y rojo) o cuatro colores (\u00e1mbar&comma; azul&comma; verde y rojo) a partir de una sola fuente de luz.<\/p>\n<p style='font-size: 15px; color: inherit;'>El UniStat ofrece cuatro patrones de destello integrados: luz fija&comma; destello lento&comma; destello estrobosc\u00f3pico y SimuStrobe\u2122.<\/p>\n<p style='font-size: 15px; color: inherit;'>SimuStrobe simula la llamativa frecuencia de destello de una luz estrobosc\u00f3pica&comma; pero con una salida de color mucho m\u00e1s rica. El usuario puede elegir un total de 12 combinaciones de destello\/color en los modelos tricolor y 16 en los modelos cuatricolor.<\/p>\n<p style='font-size: 15px; color: inherit;'>El USIX est\u00e1 protegido por una carcasa de policarbonato resistente con aberturas precortadas de 11&comma;7 cm en la base de montaje en superficie. El globo exterior de vidrio est\u00e1 protegido por una c\u00fapula de policarbonato (incluida). Cada modelo se entrega preensamblado y listo para montaje en superficie.<\/p>\n<\/p><\/div>\n<\/p><\/div>\n<\/p><\/div>\n","protected":false},"excerpt":{"rendered":"<p>Lampara indicadora de estado LED UniStat, Single-High, Tri Color, Ubicaci\u00f3nes peligrosas, UL y cUL CID2, 120Vca<\/p>\n","protected":false},"featured_media":52260,"comment_status":"open","ping_status":"closed","template":"","meta":[],"product_brand":[],"product_cat":[1416],"product_tag":[552,1414,1417],"class_list":{"0":"post-52261","1":"product","2":"type-product","3":"status-publish","4":"has-post-thumbnail","6":"product_cat-luces-para-la-industria-y-edificios","7":"product_tag-federal-signal-industrial","8":"product_tag-luces-bocinas-para-la-industria-y-edificios","9":"product_tag-luces-para-la-industria-y-edificios","11":"first","12":"outofstock","13":"sale","14":"shipping-taxable","15":"purchasable","16":"product-type-simple"},"_links":{"self":[{"href":"https:\/\/soydeaqui.ddns.net\/pachuca\/index.php\/wp-json\/wp\/v2\/product\/52261","targetHints":{"allow":["GET"]}}],"collection":[{"href":"https:\/\/soydeaqui.ddns.net\/pachuca\/index.php\/wp-json\/wp\/v2\/product"}],"about":[{"href":"https:\/\/soydeaqui.ddns.net\/pachuca\/index.php\/wp-json\/wp\/v2\/types\/product"}],"replies":[{"embeddable":true,"href":"https:\/\/soydeaqui.ddns.net\/pachuca\/index.php\/wp-json\/wp\/v2\/comments?post=52261"}],"wp:featuredmedia":[{"embeddable":true,"href":"https:\/\/soydeaqui.ddns.net\/pachuca\/index.php\/wp-json\/wp\/v2\/media\/52260"}],"wp:attachment":[{"href":"https:\/\/soydeaqui.ddns.net\/pachuca\/index.php\/wp-json\/wp\/v2\/media?parent=52261"}],"wp:term":[{"taxonomy":"product_brand","embeddable":true,"href":"https:\/\/soydeaqui.ddns.net\/pachuca\/index.php\/wp-json\/wp\/v2\/product_brand?post=52261"},{"taxonomy":"product_cat","embeddable":true,"href":"https:\/\/soydeaqui.ddns.net\/pachuca\/index.php\/wp-json\/wp\/v2\/product_cat?post=52261"},{"taxonomy":"product_tag","embeddable":true,"href":"https:\/\/soydeaqui.ddns.net\/pachuca\/index.php\/wp-json\/wp\/v2\/product_tag?post=52261"}],"curies":[{"name":"wp","href":"https:\/\/api.w.org\/{rel}","templated":true}]}}