{"id":52259,"date":"2026-03-18T23:31:25","date_gmt":"2026-03-18T23:31:25","guid":{"rendered":"https:\/\/soydeaqui.ddns.net\/pachuca\/index.php\/producto\/centro-de-mensajes-digitales-commcenter-de-300-mb\/"},"modified":"2026-03-18T23:31:27","modified_gmt":"2026-03-18T23:31:27","slug":"centro-de-mensajes-digitales-commcenter-de-300-mb","status":"publish","type":"product","link":"https:\/\/soydeaqui.ddns.net\/pachuca\/index.php\/producto\/centro-de-mensajes-digitales-commcenter-de-300-mb\/","title":{"rendered":"Centro de mensajes digitales CommCenter\u00ae de 300 MB"},"content":{"rendered":"<div style='width: 100%; max-width: 1200px; margin: 0 auto; font-family: sans-serif; line-height: 1.6; color: inherit; background-color: transparent;'> <!-- Secci\u00f3n de caracter\u00edsticas --> <\/p>\n<div style='display: flex; flex-direction: column; gap: 20px; margin-bottom: 30px;'>\n<h3 style='font-size: 22px; border-bottom: 2px solid currentColor; padding-bottom: 5px; margin-top: 0; margin-bottom: 15px; color: inherit; opacity: 0.8; text-align: center;'>CARACTER\u00cdSTICAS<\/h3>\n<p style='margin: 0; font-size: 15px; color: inherit; text-align: justify;'>CommCenter\u00ae Modelo 300MB transmite mensajes de voz&comma; melod\u00edas&comma; tonos y se\u00f1ales pregrabados a trav\u00e9s de SelecTone\u00ae y sistemas de megafon\u00eda.<\/p>\n<p style='margin: 0; font-size: 15px; color: inherit; text-align: justify;'>El modelo 300MB reemplaza las obsoletas unidades de cinta en bucle con una reproducci\u00f3n de audio superior y de alta calidad.<\/p>\n<p style='margin: 0; font-size: 15px; color: inherit; text-align: justify;'>El modelo 300MB se activa de forma remota mediante cierres de contacto.<\/p>\n<p style='margin: 0; font-size: 15px; color: inherit; text-align: justify;'>Se encuentran disponibles melod\u00edas&comma; mensajes de voz&comma; tonos y se\u00f1ales&comma; incluida la biblioteca est\u00e1ndar CommCenter pregrabada y mensajes grabados personalizados opcionales.<\/p>\n<p style='margin: 0; font-size: 15px; color: inherit; text-align: justify;'>Las unidades se pueden interconectar para una mayor capacidad de mensajes.<\/p>\n<p style='margin: 0; font-size: 15px; color: inherit; text-align: justify;'>La capacidad de mensajer\u00eda digital de CommCenter es ideal para anuncios de evacuaci\u00f3n de emergencia.<\/p>\n<p style='margin: 0; font-size: 15px; color: inherit; text-align: justify;'>Se pueden transmitir instrucciones claras&comma; concisas y predeterminadas a trav\u00e9s de un SelecTone o un sistema de megafon\u00eda.<\/p>\n<p style='margin: 0; font-size: 15px; color: inherit; text-align: justify;'>Las melod\u00edas pregrabadas de CommCenter pueden transmitir el estado de un proceso o m\u00e1quina sin interrumpir el flujo de producci\u00f3n en las \u00e1reas circundantes.<\/p>\n<p style='margin: 0; font-size: 15px; color: inherit; text-align: justify;'>Los mensajes de voz en cualquier idioma pueden alertar a los operadores sobre situaciones de emergencia.<\/p>\n<p style='margin: 0; font-size: 15px; color: inherit; text-align: justify;'>CommCenter ofrece calidad y versatilidad a los sistemas de megafon\u00eda que transmiten mensajes repetitivos y pregrabados.<\/p>\n<\/p><\/div>\n<p> <!-- Separador --> <\/p>\n<hr style='border: 0; border-top: 1px solid rgba(150&comma; 150&comma; 150&comma; 0.3); margin: 30px 0;'> <!-- Secci\u00f3n de especificaciones --> <\/p>\n<div style='display: flex; flex-direction: column; gap: 20px;'>\n<h3 style='font-size: 22px; border-bottom: 2px solid currentColor; padding-bottom: 5px; margin-top: 0; margin-bottom: 15px; color: inherit; opacity: 0.8; text-align: center;'>ESPECIFICACIONES<\/h3>\n<p> <!-- Bloque de especificaciones --> <\/p>\n<div style='display: flex; flex-wrap: wrap; gap: 20px;'>\n<div style='flex: 1 1 250px; min-width: 200px; border: 1px solid rgba(150&comma; 150&comma; 150&comma; 0.4); border-radius: 8px; overflow: hidden; display: flex; flex-direction: column;'>\n<div style='padding: 15px; border-bottom: 1px solid rgba(150&comma; 150&comma; 150&comma; 0.2); font-weight: bold; font-size: 18px; color: inherit; background-color: rgba(150&comma; 150&comma; 150&comma; 0.1);'>Voltaje<\/div>\n<div style='padding: 15px; color: inherit;'>\n<ul style='padding-left: 20px; margin: 0; font-size: 14px; list-style-type: disc;'>\n<li style='margin-bottom: 5px;'>Dise\u00f1o Multivoltaje<\/li>\n<li style='margin-bottom: 5px;'>24 VCD<\/li>\n<li style='margin-bottom: 5px;'>120 VCA 50\/60 Hz<\/li>\n<li style='margin-bottom: 5px;'>240 VCA 50\/60 Hz<\/li>\n<\/ul><\/div>\n<\/p><\/div>\n<div style='flex: 1 1 250px; min-width: 200px; border: 1px solid rgba(150&comma; 150&comma; 150&comma; 0.4); border-radius: 8px; overflow: hidden; display: flex; flex-direction: column;'>\n<div style='padding: 15px; border-bottom: 1px solid rgba(150&comma; 150&comma; 150&comma; 0.2); font-weight: bold; font-size: 18px; color: inherit; background-color: rgba(150&comma; 150&comma; 150&comma; 0.1);'>Montar<\/div>\n<div style='padding: 15px; color: inherit;'>\n<ul style='padding-left: 20px; margin: 0; font-size: 14px; list-style-type: disc;'>\n<li style='margin-bottom: 5px;'>Superficie<\/li>\n<\/ul><\/div>\n<\/p><\/div>\n<div style='flex: 1 1 250px; min-width: 200px; border: 1px solid rgba(150&comma; 150&comma; 150&comma; 0.4); border-radius: 8px; overflow: hidden; display: flex; flex-direction: column;'>\n<div style='padding: 15px; border-bottom: 1px solid rgba(150&comma; 150&comma; 150&comma; 0.2); font-weight: bold; font-size: 18px; color: inherit; background-color: rgba(150&comma; 150&comma; 150&comma; 0.1);'>Corriente de funcionamiento<\/div>\n<div style='padding: 15px; color: inherit;'>\n<ul style='padding-left: 20px; margin: 0; font-size: 14px; list-style-type: disc;'>\n<li style='margin-bottom: 5px;'>0&comma;80 amperios a 24 VCC<\/li>\n<li style='margin-bottom: 5px;'>0&comma;20 amperios a 120 VCA<\/li>\n<li style='margin-bottom: 5px;'>0&comma;10 amperios a 240 VCA<\/li>\n<li style='margin-bottom: 5px;'>0&comma;09 amperios a 24 VCC<\/li>\n<li style='margin-bottom: 5px;'>0&comma;05 amperios a 120 VCA<\/li>\n<li style='margin-bottom: 5px;'>0&comma;02 amperios a 240 VCA<\/li>\n<\/ul><\/div>\n<\/p><\/div>\n<div style='flex: 1 1 250px; min-width: 200px; border: 1px solid rgba(150&comma; 150&comma; 150&comma; 0.4); border-radius: 8px; overflow: hidden; display: flex; flex-direction: column;'>\n<div style='padding: 15px; border-bottom: 1px solid rgba(150&comma; 150&comma; 150&comma; 0.2); font-weight: bold; font-size: 18px; color: inherit; background-color: rgba(150&comma; 150&comma; 150&comma; 0.1);'>Temperatura de funcionamiento<\/div>\n<div style='padding: 15px; color: inherit;'>\n<ul style='padding-left: 20px; margin: 0; font-size: 14px; list-style-type: disc;'>\n<li style='margin-bottom: 5px;'>M\u00ednima: 0 \u00b0C<\/li>\n<li style='margin-bottom: 5px;'>M\u00e1xima: 60 \u00b0C<\/li>\n<\/ul><\/div>\n<\/p><\/div>\n<div style='flex: 1 1 250px; min-width: 200px; border: 1px solid rgba(150&comma; 150&comma; 150&comma; 0.4); border-radius: 8px; overflow: hidden; display: flex; flex-direction: column;'>\n<div style='padding: 15px; border-bottom: 1px solid rgba(150&comma; 150&comma; 150&comma; 0.2); font-weight: bold; font-size: 18px; color: inherit; background-color: rgba(150&comma; 150&comma; 150&comma; 0.1);'>Salida de tono<\/div>\n<div style='padding: 15px; color: inherit;'>\n<ul style='padding-left: 20px; margin: 0; font-size: 14px; list-style-type: disc;'>\n<li style='margin-bottom: 5px;'>10 Vrms (25 ohmios m\u00e1ximo)<\/li>\n<li style='margin-bottom: 5px;'>25 Vrms (40 ohmios m\u00e1ximo\/15 vatios)<\/li>\n<\/ul><\/div>\n<\/p><\/div>\n<div style='flex: 1 1 250px; min-width: 200px; border: 1px solid rgba(150&comma; 150&comma; 150&comma; 0.4); border-radius: 8px; overflow: hidden; display: flex; flex-direction: column;'>\n<div style='padding: 15px; border-bottom: 1px solid rgba(150&comma; 150&comma; 150&comma; 0.2); font-weight: bold; font-size: 18px; color: inherit; background-color: rgba(150&comma; 150&comma; 150&comma; 0.1);'>Entrada de audio<\/div>\n<div style='padding: 15px; color: inherit;'>\n<ul style='padding-left: 20px; margin: 0; font-size: 14px; list-style-type: disc;'>\n<li style='margin-bottom: 5px;'><strong>Voltaje de entrada:<\/strong> 5K ohmios<\/li>\n<li style='margin-bottom: 5px;'><strong>Impedancia de entrada:<\/strong> 1V PP (M\u00e1x.)<\/li>\n<\/ul><\/div>\n<\/p><\/div>\n<div style='flex: 1 1 250px; min-width: 200px; border: 1px solid rgba(150&comma; 150&comma; 150&comma; 0.4); border-radius: 8px; overflow: hidden; display: flex; flex-direction: column;'>\n<div style='padding: 15px; border-bottom: 1px solid rgba(150&comma; 150&comma; 150&comma; 0.2); font-weight: bold; font-size: 18px; color: inherit; background-color: rgba(150&comma; 150&comma; 150&comma; 0.1);'>Caracter\u00edsticas el\u00e9ctricas<\/div>\n<div style='padding: 15px; color: inherit;'>\n<ul style='padding-left: 20px; margin: 0; font-size: 14px; list-style-type: disc;'>\n<li style='margin-bottom: 5px;'><strong>Relaci\u00f3n se\u00f1al-ruido:<\/strong> (<% 1&comma;5 THD) Entrada de chip 67 dBa<\/li>\n<li style='margin-bottom: 5px;'><strong>Respuesta de frecuencia de se\u00f1al:<\/strong> 250 Hz a 3&comma;4 kHz<\/li>\n<li style='margin-bottom: 5px;'><strong>Grado de protecci\u00f3n:<\/strong> Tipo 1<\/li>\n<\/ul><\/div>\n<\/p><\/div>\n<div style='flex: 1 1 250px; min-width: 200px; border: 1px solid rgba(150&comma; 150&comma; 150&comma; 0.4); border-radius: 8px; overflow: hidden; display: flex; flex-direction: column;'>\n<div style='padding: 15px; border-bottom: 1px solid rgba(150&comma; 150&comma; 150&comma; 0.2); font-weight: bold; font-size: 18px; color: inherit; background-color: rgba(150&comma; 150&comma; 150&comma; 0.1);'>Dimensiones<\/div>\n<div style='padding: 15px; color: inherit;'>\n<ul style='padding-left: 20px; margin: 0; font-size: 14px; list-style-type: disc;'>\n<li style='margin-bottom: 5px;'><strong>Altura:<\/strong> 294.00 mm<\/li>\n<li style='margin-bottom: 5px;'><strong>Ancho:<\/strong> 240.00 mm<\/li>\n<li style='margin-bottom: 5px;'><strong>Profundidad:<\/strong> 58.00 mm<\/li>\n<\/ul><\/div>\n<\/p><\/div>\n<div style='flex: 1 1 250px; min-width: 200px; border: 1px solid rgba(150&comma; 150&comma; 150&comma; 0.4); border-radius: 8px; overflow: hidden; display: flex; flex-direction: column;'>\n<div style='padding: 15px; border-bottom: 1px solid rgba(150&comma; 150&comma; 150&comma; 0.2); font-weight: bold; font-size: 18px; color: inherit; background-color: rgba(150&comma; 150&comma; 150&comma; 0.1);'>Peso<\/div>\n<div style='padding: 15px; color: inherit;'>\n<ul style='padding-left: 20px; margin: 0; font-size: 14px; list-style-type: disc;'>\n<li style='margin-bottom: 5px;'><strong>Peso Neto:<\/strong> 2.50 Kg<\/li>\n<li style='margin-bottom: 5px;'><strong>Peso de env\u00edo:<\/strong> 3.00 Kg<\/li>\n<\/ul><\/div>\n<\/p><\/div>\n<\/p><\/div>\n<\/p><\/div>\n<p> <!-- Separador final --> <\/p>\n<hr style='border: 0; border-top: 1px solid rgba(150&comma; 150&comma; 150&comma; 0.3); margin: 30px 0;'> <\/div>\n","protected":false},"excerpt":{"rendered":"<p>Centro de mensajes digitales CommCenter\u00ae de 300 MB<\/p>\n","protected":false},"featured_media":52258,"comment_status":"open","ping_status":"closed","template":"","meta":[],"product_brand":[],"product_cat":[1426],"product_tag":[93,552,1414],"class_list":{"0":"post-52259","1":"product","2":"type-product","3":"status-publish","4":"has-post-thumbnail","6":"product_cat-accesorios-luces-bocinas-para-la-industria-y-edificios","7":"product_tag-accesorios","8":"product_tag-federal-signal-industrial","9":"product_tag-luces-bocinas-para-la-industria-y-edificios","11":"first","12":"outofstock","13":"sale","14":"shipping-taxable","15":"purchasable","16":"product-type-simple"},"_links":{"self":[{"href":"https:\/\/soydeaqui.ddns.net\/pachuca\/index.php\/wp-json\/wp\/v2\/product\/52259","targetHints":{"allow":["GET"]}}],"collection":[{"href":"https:\/\/soydeaqui.ddns.net\/pachuca\/index.php\/wp-json\/wp\/v2\/product"}],"about":[{"href":"https:\/\/soydeaqui.ddns.net\/pachuca\/index.php\/wp-json\/wp\/v2\/types\/product"}],"replies":[{"embeddable":true,"href":"https:\/\/soydeaqui.ddns.net\/pachuca\/index.php\/wp-json\/wp\/v2\/comments?post=52259"}],"wp:featuredmedia":[{"embeddable":true,"href":"https:\/\/soydeaqui.ddns.net\/pachuca\/index.php\/wp-json\/wp\/v2\/media\/52258"}],"wp:attachment":[{"href":"https:\/\/soydeaqui.ddns.net\/pachuca\/index.php\/wp-json\/wp\/v2\/media?parent=52259"}],"wp:term":[{"taxonomy":"product_brand","embeddable":true,"href":"https:\/\/soydeaqui.ddns.net\/pachuca\/index.php\/wp-json\/wp\/v2\/product_brand?post=52259"},{"taxonomy":"product_cat","embeddable":true,"href":"https:\/\/soydeaqui.ddns.net\/pachuca\/index.php\/wp-json\/wp\/v2\/product_cat?post=52259"},{"taxonomy":"product_tag","embeddable":true,"href":"https:\/\/soydeaqui.ddns.net\/pachuca\/index.php\/wp-json\/wp\/v2\/product_tag?post=52259"}],"curies":[{"name":"wp","href":"https:\/\/api.w.org\/{rel}","templated":true}]}}