{"id":52254,"date":"2026-03-18T23:31:18","date_gmt":"2026-03-18T23:31:18","guid":{"rendered":"https:\/\/soydeaqui.ddns.net\/pachuca\/index.php\/producto\/estrobo-fireball-para-ubicaciones-peligrosas-ul-y-cul-120-vca-rojo\/"},"modified":"2026-03-18T23:31:19","modified_gmt":"2026-03-18T23:31:19","slug":"estrobo-fireball-para-ubicaciones-peligrosas-ul-y-cul-120-vca-rojo","status":"publish","type":"product","link":"https:\/\/soydeaqui.ddns.net\/pachuca\/index.php\/producto\/estrobo-fireball-para-ubicaciones-peligrosas-ul-y-cul-120-vca-rojo\/","title":{"rendered":"Estrobo fireball Para Ubicaciones Peligrosas, UL y cUL, 120 Vca, rojo"},"content":{"rendered":"<div style='width: 100%; max-width: 1200px; margin: 0 auto; font-family: sans-serif; line-height: 1.6; color: inherit; background-color: transparent;'>\n<div style='display: flex; flex-wrap: wrap; gap: 30px; margin-bottom: 30px;'>\n<div style='flex: 1 1 300px; min-width: 280px;'>\n<h3 style='font-size: 22px; border-bottom: 2px solid currentColor; padding-bottom: 5px; margin-top: 0; color: inherit; opacity: 0.8;'>CARACTER\u00cdSTICAS<\/h3>\n<div style='font-size: 15px; color: inherit; margin-bottom: 15px;'>La luz estrobosc\u00f3pica Fireball\u00ae de Federal Signal es una soluci\u00f3n para una amplia variedad de requisitos de advertencia estacionarios y vehiculares.<\/div>\n<div style='font-size: 15px; color: inherit; margin-bottom: 15px;'>El modelo FB2PST-I de 24 VCC cuenta con un dise\u00f1o de placa de circuito impreso limitador de corriente de entrada de voltaje que brinda una mayor compatibilidad con los sistemas de control de automatizaci\u00f3n de f\u00e1brica y menos interferencia el\u00e9ctrica con dispositivos sensibles a la corriente de entrada.<\/div>\n<div style='font-size: 15px; color: inherit; margin-bottom: 15px;'>El Fireball cuenta con una lente que se gira para reemplazar r\u00e1pidamente la lente y la l\u00e1mpara. La base cuenta con una base integrada de montaje en tuber\u00eda NPT de 1\/2 pulgada&comma; as\u00ed como los tres orificios necesarios para las configuraciones de montaje en superficie. El dise\u00f1o de la lente y la base Fireball proporciona una clasificaci\u00f3n Tipo 4X resistente al agua&comma; al polvo y resistente a la corrosi\u00f3n.<\/div>\n<div style='font-size: 15px; color: inherit; margin-bottom: 15px;'>El Fireball es especialmente efectivo en advertencias de peligros industriales&comma; control de procesos&comma; indicaci\u00f3n de estado y en \u00e1reas con altos niveles de ruido ambiental. Es ideal para aplicaciones industriales donde se requiere una luz resistente a las vibraciones.<\/div>\n<\/p><\/div>\n<\/p><\/div>\n<hr style='border: 0; border-top: 1px solid rgba(150&comma; 150&comma; 150&comma; 0.3); margin: 30px 0;'>\n<div style='display: flex; flex-wrap: wrap; gap: 20px; margin-bottom: 30px;'>\n<div style='flex: 1 1 250px; border: 1px solid rgba(150&comma; 150&comma; 150&comma; 0.4); border-radius: 8px; overflow: hidden; display: flex; flex-direction: column;'>\n<div style='padding: 15px; border-bottom: 1px solid rgba(150&comma; 150&comma; 150&comma; 0.2); font-weight: bold; font-size: 18px; color: inherit;'>especificaciones<\/div>\n<div style='padding: 15px; color: inherit;'>\n<ul style='padding-left: 20px; margin: 0; font-size: 14px; list-style-type: disc;'>\n<li style='margin-bottom: 5px;'><strong>Montaje:<\/strong> Tubo de 1\/2&#8242;<\/li>\n<li style='margin-bottom: 5px;'><strong>Montaje:<\/strong> Superficie<\/li>\n<li style='margin-bottom: 5px;'><strong>Voltaje:<\/strong> 12-24 VCC<\/li>\n<li style='margin-bottom: 5px;'><strong>Voltaje:<\/strong> 120 VCA<\/li>\n<li style='margin-bottom: 5px;'><strong>Voltaje:<\/strong> 240 VCA<\/li>\n<li style='margin-bottom: 5px;'><strong>Corriente de funcionamiento:<\/strong> 1&comma;70-0&comma;70 amperios de 12-24 VCC<\/li>\n<li style='margin-bottom: 5px;'><strong>Corriente de funcionamiento:<\/strong> 0&comma;25 amperios a 120 VCA<\/li>\n<li style='margin-bottom: 5px;'><strong>Corriente de funcionamiento:<\/strong> 0&comma;20 amperios a 240 VCA<\/li>\n<li style='margin-bottom: 5px;'><strong>Fuente de luz\/estilo de l\u00e1mpara:<\/strong> tubo estrobosc\u00f3pico<\/li>\n<li style='margin-bottom: 5px;'><strong>Vida \u00fatil de la l\u00e1mpara:<\/strong> 10.000 horas<\/li>\n<li style='margin-bottom: 5px;'><strong>Tasa de parpadeo\/minuto:<\/strong> 80<\/li>\n<li style='margin-bottom: 5px;'><strong>Pico Candela:<\/strong> 1&comma;000&comma;000<\/li>\n<li style='margin-bottom: 5px;'><strong>Candela efectiva:<\/strong> 300<\/li>\n<li style='margin-bottom: 5px;'><strong>Temperatura de funcionamiento m\u00ednima:<\/strong> -31 \u00b0F<\/li>\n<li style='margin-bottom: 5px;'><strong>M\u00e1ximo de temperatura de funcionamiento:<\/strong> 150 \u00b0F<\/li>\n<li style='margin-bottom: 5px;'><strong>Grado de protecci\u00f3n:<\/strong> Tipo 4X<\/li>\n<li style='margin-bottom: 5px;'><strong>Protecci\u00f3n de ingreso (IP):<\/strong> IP66&comma; IP69K<\/li>\n<li style='margin-bottom: 5px;'><strong>Colores de c\u00fapula:<\/strong> \u00c1mbar<\/li>\n<li style='margin-bottom: 5px;'><strong>Colores de c\u00fadula:<\/strong> Azul<\/li>\n<li style='margin-bottom: 5px;'><strong>Colores de c\u00fadula:<\/strong> Claro<\/li>\n<li style='margin-bottom: 5px;'><strong>Colores de c\u00fadula:<\/strong> Verde<\/li>\n<li style='margin-bottom: 5px;'><strong>Colores de c\u00fadula:<\/strong> Rojo<\/li>\n<li style='margin-bottom: 5px;'><strong>Colores de c\u00fadula:<\/strong> Magenta<\/li>\n<li style='margin-bottom: 5px;'><strong>Peso neto:<\/strong> 2 libras<\/li>\n<li style='margin-bottom: 5px;'><strong>Peso de env\u00edo:<\/strong> 2.12 libras<\/li>\n<li style='margin-bottom: 5px;'><strong>Altura:<\/strong> 5.250 pulgadas<\/li>\n<li style='margin-bottom: 5px;'><strong>Di\u00e1metro:<\/strong> 4.100 Pulgadas<\/li>\n<\/ul><\/div>\n<\/p><\/div>\n<\/p><\/div>\n<\/p><\/div>\n","protected":false},"excerpt":{"rendered":"<p>Estrobo fireball Para Ubicaciones Peligrosas, UL y cUL, 120 Vca, rojo<\/p>\n","protected":false},"featured_media":52253,"comment_status":"open","ping_status":"closed","template":"","meta":[],"product_brand":[],"product_cat":[1416],"product_tag":[552,1414,1417],"class_list":{"0":"post-52254","1":"product","2":"type-product","3":"status-publish","4":"has-post-thumbnail","6":"product_cat-luces-para-la-industria-y-edificios","7":"product_tag-federal-signal-industrial","8":"product_tag-luces-bocinas-para-la-industria-y-edificios","9":"product_tag-luces-para-la-industria-y-edificios","11":"first","12":"outofstock","13":"sale","14":"shipping-taxable","15":"purchasable","16":"product-type-simple"},"_links":{"self":[{"href":"https:\/\/soydeaqui.ddns.net\/pachuca\/index.php\/wp-json\/wp\/v2\/product\/52254","targetHints":{"allow":["GET"]}}],"collection":[{"href":"https:\/\/soydeaqui.ddns.net\/pachuca\/index.php\/wp-json\/wp\/v2\/product"}],"about":[{"href":"https:\/\/soydeaqui.ddns.net\/pachuca\/index.php\/wp-json\/wp\/v2\/types\/product"}],"replies":[{"embeddable":true,"href":"https:\/\/soydeaqui.ddns.net\/pachuca\/index.php\/wp-json\/wp\/v2\/comments?post=52254"}],"wp:featuredmedia":[{"embeddable":true,"href":"https:\/\/soydeaqui.ddns.net\/pachuca\/index.php\/wp-json\/wp\/v2\/media\/52253"}],"wp:attachment":[{"href":"https:\/\/soydeaqui.ddns.net\/pachuca\/index.php\/wp-json\/wp\/v2\/media?parent=52254"}],"wp:term":[{"taxonomy":"product_brand","embeddable":true,"href":"https:\/\/soydeaqui.ddns.net\/pachuca\/index.php\/wp-json\/wp\/v2\/product_brand?post=52254"},{"taxonomy":"product_cat","embeddable":true,"href":"https:\/\/soydeaqui.ddns.net\/pachuca\/index.php\/wp-json\/wp\/v2\/product_cat?post=52254"},{"taxonomy":"product_tag","embeddable":true,"href":"https:\/\/soydeaqui.ddns.net\/pachuca\/index.php\/wp-json\/wp\/v2\/product_tag?post=52254"}],"curies":[{"name":"wp","href":"https:\/\/api.w.org\/{rel}","templated":true}]}}