{"id":52252,"date":"2026-03-18T23:31:14","date_gmt":"2026-03-18T23:31:14","guid":{"rendered":"https:\/\/soydeaqui.ddns.net\/pachuca\/index.php\/producto\/altavoz-amplificado-300x-selectone-de-15-w-a-prueba-de-explosiones-120-vca-color-gris\/"},"modified":"2026-03-18T23:31:14","modified_gmt":"2026-03-18T23:31:14","slug":"altavoz-amplificado-300x-selectone-de-15-w-a-prueba-de-explosiones-120-vca-color-gris","status":"publish","type":"product","link":"https:\/\/soydeaqui.ddns.net\/pachuca\/index.php\/producto\/altavoz-amplificado-300x-selectone-de-15-w-a-prueba-de-explosiones-120-vca-color-gris\/","title":{"rendered":"Altavoz amplificado 300X SelecTone\u00ae de 15 W a prueba de explosiones. 120 VCA Color Gris"},"content":{"rendered":"<div style='width: 100%; max-width: 1200px; margin: 0 auto; font-family: sans-serif; line-height: 1.6; color: inherit; background-color: transparent;'> <!-- Secci\u00f3n de caracter\u00edsticas --> <\/p>\n<div style='margin-bottom: 30px;'>\n<h3 style='font-size: 22px; border-bottom: 2px solid currentColor; padding-bottom: 5px; margin-top: 0; color: inherit; opacity: 0.8; text-align: center; text-transform: uppercase;'>CARACTER\u00cdSTICAS<\/h3>\n<div style='margin-top: 15px; font-size: 15px; color: inherit;'>\n<p style='text-align: justify; margin-bottom: 15px;'>El altavoz amplificado modelo 300X SelecTone\u00ae est\u00e1 dise\u00f1ado para cumplir con los requisitos de inteligibilidad de UL 1480 y produce tonos n\u00edtidos y claros&comma; mensajes de voz digitales y megafon\u00eda en vivo en entornos hostiles con altos niveles de ruido ambiental.<\/p>\n<p style='text-align: justify; margin-bottom: 15px;'>Todas las superficies est\u00e1n selladas con pintura en polvo y ensambladas con herrajes de acero inoxidable. Las juntas a prueba de polvo y humedad brindan protecci\u00f3n contra los elementos. Esta carcasa incorpora un dise\u00f1o de cubierta trasera que no necesita herramientas&comma; lo que elimina la necesidad de hardware espec\u00edfico de torsi\u00f3n y resuelve el problema de los sujetadores faltantes o perdidos.<\/p>\n<p style='text-align: justify; margin-bottom: 15px;'>Los altavoces amplificados SelecTone se utilizan individualmente o como parte de un sistema de notificaci\u00f3n de emergencia en toda la planta. El m\u00f3dulo de tono universal modelo UTM con 32 tonos&comma; o el m\u00f3dulo de tono personalizado modelo TM33-SD se conecta a un solo altavoz amplificado SelecTone para uso independiente o a una unidad de comando SelecTone para se\u00f1alizaci\u00f3n en toda la planta.<\/p>\n<p style='text-align: justify; margin-bottom: 15px;'>Para la se\u00f1alizaci\u00f3n en toda la planta&comma; se requiere un juego de conectores para cada altavoz amplificado SelecTone y conectado a un controlador central. Las unidades de comando SelecTone y los centros de mensajes digitales CommCenter\u00ae transmiten tonos&comma; mensajes de voz&comma; melod\u00edas y megafon\u00eda en vivo a un n\u00famero ilimitado de altavoces amplificados SelecTone.<\/p>\n<p style='text-align: justify; margin-bottom: 0;'>Las aplicaciones para SelecTone incluyen advertencia de emergencia&comma; evacuaci\u00f3n de planta&comma; inicio y cierre&comma; megafon\u00eda y control de procesos.<\/p>\n<\/p><\/div>\n<\/p><\/div>\n<p> <!-- Separador --> <\/p>\n<hr style='border: 0; border-top: 1px solid rgba(150&comma; 150&comma; 150&comma; 0.3); margin: 30px 0;'> <!-- Secci\u00f3n de especificaciones --> <\/p>\n<div style='margin-bottom: 30px;'>\n<h3 style='font-size: 22px; border-bottom: 2px solid currentColor; padding-bottom: 5px; margin-top: 0; color: inherit; opacity: 0.8; text-align: center; text-transform: uppercase;'>ESPECIFICACIONES<\/h3>\n<div style='margin-top: 15px;'>\n<div style='display: flex; flex-wrap: wrap; gap: 20px;'>\n<div style='flex: 1 1 250px; border: 1px solid rgba(150&comma; 150&comma; 150&comma; 0.4); border-radius: 8px; overflow: hidden; display: flex; flex-direction: column;'>\n<div style='padding: 15px; border-bottom: 1px solid rgba(150&comma; 150&comma; 150&comma; 0.2); font-weight: bold; font-size: 18px; color: inherit; background-color: rgba(242&comma; 242&comma; 242&comma; 0.5);'>Voltaje<\/div>\n<div style='padding: 15px; color: inherit;'>\n<ul style='padding-left: 20px; margin: 0; font-size: 14px; list-style-type: disc;'>\n<li style='margin-bottom: 5px;'>120VAC 50\/60Hz<\/li>\n<li style='margin-bottom: 5px;'>240VAC 50\/60Hz<\/li>\n<\/ul><\/div>\n<\/p><\/div>\n<div style='flex: 1 1 250px; border: 1px solid rgba(150&comma; 150&comma; 150&comma; 0.4); border-radius: 8px; overflow: hidden; display: flex; flex-direction: column;'>\n<div style='padding: 15px; border-bottom: 1px solid rgba(150&comma; 150&comma; 150&comma; 0.2); font-weight: bold; font-size: 18px; color: inherit; background-color: rgba(242&comma; 242&comma; 242&comma; 0.5);'>Corriente de operaci\u00f3n<\/div>\n<div style='padding: 15px; color: inherit;'>\n<ul style='padding-left: 20px; margin: 0; font-size: 14px; list-style-type: disc;'>\n<li style='margin-bottom: 5px;'>0.22 Amps at 120VAC<\/li>\n<li style='margin-bottom: 5px;'>0.11 Amps at 240VAC<\/li>\n<\/ul><\/div>\n<\/p><\/div>\n<div style='flex: 1 1 250px; border: 1px solid rgba(150&comma; 150&comma; 150&comma; 0.4); border-radius: 8px; overflow: hidden; display: flex; flex-direction: column;'>\n<div style='padding: 15px; border-bottom: 1px solid rgba(150&comma; 150&comma; 150&comma; 0.2); font-weight: bold; font-size: 18px; color: inherit; background-color: rgba(242&comma; 242&comma; 242&comma; 0.5);'>Temperatura de funcionamiento<\/div>\n<div style='padding: 15px; color: inherit;'>\n<ul style='padding-left: 20px; margin: 0; font-size: 14px; list-style-type: disc;'>\n<li style='margin-bottom: 5px;'>M\u00ednima: -55 \u00b0C<\/li>\n<li style='margin-bottom: 5px;'>M\u00e1xima: 66 \u00b0C<\/li>\n<\/ul><\/div>\n<\/p><\/div>\n<div style='flex: 1 1 250px; border: 1px solid rgba(150&comma; 150&comma; 150&comma; 0.4); border-radius: 8px; overflow: hidden; display: flex; flex-direction: column;'>\n<div style='padding: 15px; border-bottom: 1px solid rgba(150&comma; 150&comma; 150&comma; 0.2); font-weight: bold; font-size: 18px; color: inherit; background-color: rgba(242&comma; 242&comma; 242&comma; 0.5);'>Salida de decibelios<\/div>\n<div style='padding: 15px; color: inherit;'>\n<ul style='padding-left: 20px; margin: 0; font-size: 14px; list-style-type: disc;'>\n<li style='margin-bottom: 5px;'>110 dB a 3 m<\/li>\n<li style='margin-bottom: 5px;'>120 dB a 1 m<\/li>\n<\/ul><\/div>\n<\/p><\/div>\n<div style='flex: 1 1 250px; border: 1px solid rgba(150&comma; 150&comma; 150&comma; 0.4); border-radius: 8px; overflow: hidden; display: flex; flex-direction: column;'>\n<div style='padding: 15px; border-bottom: 1px solid rgba(150&comma; 150&comma; 150&comma; 0.2); font-weight: bold; font-size: 18px; color: inherit; background-color: rgba(242&comma; 242&comma; 242&comma; 0.5);'>Corriente de espera<\/div>\n<div style='padding: 15px; color: inherit;'>\n<ul style='padding-left: 20px; margin: 0; font-size: 14px; list-style-type: disc;'>\n<li style='margin-bottom: 5px;'>80 mA at 120VAC<\/li>\n<li style='margin-bottom: 5px;'>40 mA at 240VAC<\/li>\n<\/ul><\/div>\n<\/p><\/div>\n<div style='flex: 1 1 250px; border: 1px solid rgba(150&comma; 150&comma; 150&comma; 0.4); border-radius: 8px; overflow: hidden; display: flex; flex-direction: column;'>\n<div style='padding: 15px; border-bottom: 1px solid rgba(150&comma; 150&comma; 150&comma; 0.2); font-weight: bold; font-size: 18px; color: inherit; background-color: rgba(242&comma; 242&comma; 242&comma; 0.5);'>Dimensiones<\/div>\n<div style='padding: 15px; color: inherit;'>\n<ul style='padding-left: 20px; margin: 0; font-size: 14px; list-style-type: disc;'>\n<li style='margin-bottom: 5px;'>Profundidad: 414.00 mm<\/li>\n<li style='margin-bottom: 5px;'>Altura: 432.00 mm<\/li>\n<li style='margin-bottom: 5px;'>Ancho: 333.00 mm<\/li>\n<\/ul><\/div>\n<\/p><\/div>\n<div style='flex: 1 1 250px; border: 1px solid rgba(150&comma; 150&comma; 150&comma; 0.4); border-radius: 8px; overflow: hidden; display: flex; flex-direction: column;'>\n<div style='padding: 15px; border-bottom: 1px solid rgba(150&comma; 150&comma; 150&comma; 0.2); font-weight: bold; font-size: 18px; color: inherit; background-color: rgba(242&comma; 242&comma; 242&comma; 0.5);'>Peso<\/div>\n<div style='padding: 15px; color: inherit;'>\n<ul style='padding-left: 20px; margin: 0; font-size: 14px; list-style-type: disc;'>\n<li style='margin-bottom: 5px;'>7.40 Kg<\/li>\n<\/ul><\/div>\n<\/p><\/div>\n<div style='flex: 1 1 250px; border: 1px solid rgba(150&comma; 150&comma; 150&comma; 0.4); border-radius: 8px; overflow: hidden; display: flex; flex-direction: column;'>\n<div style='padding: 15px; border-bottom: 1px solid rgba(150&comma; 150&comma; 150&comma; 0.2); font-weight: bold; font-size: 18px; color: inherit; background-color: rgba(242&comma; 242&comma; 242&comma; 0.5);'>Montaje<\/div>\n<div style='padding: 15px; color: inherit;'>\n<ul style='padding-left: 20px; margin: 0; font-size: 14px; list-style-type: disc;'>\n<li style='margin-bottom: 5px;'>Swivel Bracket<\/li>\n<\/ul><\/div>\n<\/p><\/div>\n<\/p><\/div>\n<\/p><\/div>\n<\/p><\/div>\n<\/p><\/div>\n","protected":false},"excerpt":{"rendered":"<p>Altavoz amplificado 300X SelecTone\u00ae de 15 W a prueba de explosiones. 120 VCA Color Gris<\/p>\n","protected":false},"featured_media":52251,"comment_status":"open","ping_status":"closed","template":"","meta":[],"product_brand":[],"product_cat":[1413],"product_tag":[1415,552,1414],"class_list":{"0":"post-52252","1":"product","2":"type-product","3":"status-publish","4":"has-post-thumbnail","6":"product_cat-bocinas-de-alerta-y-notificacion-masiva","7":"product_tag-bocinas-de-alerta-y-notificacion-masiva","8":"product_tag-federal-signal-industrial","9":"product_tag-luces-bocinas-para-la-industria-y-edificios","11":"first","12":"outofstock","13":"sale","14":"shipping-taxable","15":"purchasable","16":"product-type-simple"},"_links":{"self":[{"href":"https:\/\/soydeaqui.ddns.net\/pachuca\/index.php\/wp-json\/wp\/v2\/product\/52252","targetHints":{"allow":["GET"]}}],"collection":[{"href":"https:\/\/soydeaqui.ddns.net\/pachuca\/index.php\/wp-json\/wp\/v2\/product"}],"about":[{"href":"https:\/\/soydeaqui.ddns.net\/pachuca\/index.php\/wp-json\/wp\/v2\/types\/product"}],"replies":[{"embeddable":true,"href":"https:\/\/soydeaqui.ddns.net\/pachuca\/index.php\/wp-json\/wp\/v2\/comments?post=52252"}],"wp:featuredmedia":[{"embeddable":true,"href":"https:\/\/soydeaqui.ddns.net\/pachuca\/index.php\/wp-json\/wp\/v2\/media\/52251"}],"wp:attachment":[{"href":"https:\/\/soydeaqui.ddns.net\/pachuca\/index.php\/wp-json\/wp\/v2\/media?parent=52252"}],"wp:term":[{"taxonomy":"product_brand","embeddable":true,"href":"https:\/\/soydeaqui.ddns.net\/pachuca\/index.php\/wp-json\/wp\/v2\/product_brand?post=52252"},{"taxonomy":"product_cat","embeddable":true,"href":"https:\/\/soydeaqui.ddns.net\/pachuca\/index.php\/wp-json\/wp\/v2\/product_cat?post=52252"},{"taxonomy":"product_tag","embeddable":true,"href":"https:\/\/soydeaqui.ddns.net\/pachuca\/index.php\/wp-json\/wp\/v2\/product_tag?post=52252"}],"curies":[{"name":"wp","href":"https:\/\/api.w.org\/{rel}","templated":true}]}}